{"id":1115,"date":"2024-07-01T15:15:43","date_gmt":"2024-07-01T18:15:43","guid":{"rendered":"https:\/\/www.ufmg.br\/montesclaros\/?page_id=1115"},"modified":"2024-12-20T10:18:08","modified_gmt":"2024-12-20T13:18:08","slug":"trabalhos-de-conclusao-de-curso-2018","status":"publish","type":"page","link":"https:\/\/www.ufmg.br\/montesclaros\/trabalhos-de-conclusao-de-curso-2018\/","title":{"rendered":"Trabalhos de Conclus\u00e3o de Curso &#8211; 2018"},"content":{"rendered":"\n<p><strong>Trabalhos de Conclus\u00e3o de Curso<\/strong><\/p>\n\n\n\n<p><strong>Ano: 2018<\/strong><\/p>\n\n\n\n<p><strong>Curso: Administra\u00e7\u00e3o<\/strong><\/p>\n\n\n\n<figure class=\"wp-block-table\"><table><tbody><tr><td><strong>Discente<\/strong><\/td><td><strong>T\u00edtulo<\/strong><\/td><td><strong>Orientador<\/strong><\/td><\/tr><tr><td><a href=\"..\/tccs\/2018\/TCC-CarlaVieiraSilva.pdf\" target=\"_blank\" rel=\"noreferrer noopener\">Carla Vieira Silva<\/a><\/td><td>UMA APLICA\u00c7\u00c3O DO MODELO MONTE CARLO NA AVALIA\u00c7\u00c3O DA EMBRESA AMBEV COM CUSTO DE CAPITAL IMPRECISO<\/td><td>Alexandre Teixeira Norberto Batista<\/td><\/tr><tr><td><a href=\"..\/tccs\/2018\/TCC-FelipeMendesFerres.pdf\" target=\"_blank\" rel=\"noreferrer noopener\">Felipe Mendes Ferres<\/a><\/td><td>A IMPORT\u00c2NCIA DO PLANO DE NEG\u00d3CIO PARA UMA ORGANIZA\u00c7\u00c3O: ESTUDO DE CASO EM UMA EMPRESA \u201cX, MONTES CLAROS (MG) \u201c<\/td><td>Dalton Rocha Pereira<\/td><\/tr><tr><td><a href=\"..\/tccs\/2018\/TCC-HigorFonsecaAlbuquerque.pdf\" target=\"_blank\" rel=\"noreferrer noopener\">Higor Fonseca Albuquerque<\/a><\/td><td>EFICI\u00caNCIA DO LEAD TIME: UMA APLICA\u00c7\u00c3O NA GEST\u00c3O DE ESTOQUE DA IND\u00daSTRIA FARMAC\u00caUTICA EM MONTES CLAROS &#8211; MG<\/td><td>Vanessa Marzano Ara\u00fajo<\/td><\/tr><tr><td><a href=\"..\/tccs\/2018\/TCC-IgorAndradeDias.pdf\" target=\"_blank\" rel=\"noreferrer noopener\">Igor Andrade Dias<\/a><\/td><td>INTERNACIONALIZA\u00c7\u00c3O DO ENSINO SUPERIOR: UMA INVESTIGA\u00c7\u00c3O DA EVOLU\u00c7\u00c3O QUANTITATIVA DE ESTUDOS SOBRE O TEMA \u2013 2014 A 2017<\/td><td>Giovanni Campos Fonseca<\/td><\/tr><tr><td><a href=\"..\/tccs\/2018\/TCC-JoanatasAntunesVieiraBasilio.pdf\" target=\"_blank\" rel=\"noreferrer noopener\">Joanatas Antunes Vieira Basilio<\/a><\/td><td>ESTUDO DE CASO DA ASSIST\u00caNCIA ESTUDANTIL DA FUMP NA PERCEP\u00c7\u00c3O DOS ALUNOS DO CURSO DE ADMINISTRA\u00c7\u00c3O DO INSTITUTO DE CI\u00caNCIAS AGR\u00c1RIAS, UFMG \u2013 CAMPUS REGIONAL MONTES CLAROS<\/td><td>Dalton Rocha Pereira<\/td><\/tr><tr><td><a href=\"..\/tccs\/2018\/TCC-Jo\u00e3oVictordeOliveiraeSouza.pdf\" target=\"_blank\" rel=\"noreferrer noopener\">Jo\u00e3o Victor de Oliveira e Souza<\/a><\/td><td>ALAVANCAGEM FINANCEIRA: uma an\u00e1lise das teorias de Pecking Order e Trade-off no contexto de excessivo endividamento de empresas brasileiras<\/td><td>Alexandre Teixeira Norberto Batista<\/td><\/tr><tr><td><a href=\"..\/tccs\/2018\/TCC-JoelmadeAlmeidaSantos.pdf\" target=\"_blank\" rel=\"noreferrer noopener\">Joelma de Almeida Santos<\/a><\/td><td>E-COMMERCE, A ESTRAT\u00c9GIA DE MARKETING E VENDAS \u2013 UMA PESQUISA DE LEVANTAMENTO NUMA EMPRESA DE COM\u00c9TICOS EM MONTES CLAROS &#8211; MG<\/td><td>Luiz Paulo Fontes de Rezende<\/td><\/tr><tr><td><a href=\"..\/tccs\/2018\/TCC-LuanaStephanieOliveiraSilva.pdf\">Luana Stephanie Oliveira Silva<\/a><\/td><td>GEST\u00c3O INTERNACIONAL DE PESSOAS: UMA AN\u00c1LISE BIBLIOM\u00c9TRICA DA PRODU\u00c7\u00c3O CIENT\u00cdFICA EM PERI\u00d3DICOS BRASILEIROS, 2000-2017<\/td><td>Andr\u00e9 Luiz Mendes Athayde<\/td><\/tr><tr><td><a href=\"..\/tccs\/2018\/TCC-MarthaCeciliaCordeiroSoaresAlvesdoNascimento .pdf\" target=\"_blank\" rel=\"noreferrer noopener\">Martha Cec\u00edlia Cordeiro Soares Alves do Nascimento<\/a><\/td><td>IMPACTO DO VI\u00c9S DE AN\u00c1LISE NA AVALIA\u00c7\u00c3O DE EMPRESAS: UM CASO DE VALUATION DA EMPRESA AMBEV<\/td><td>Alexandre Teixeira Norberto Batista<\/td><\/tr><tr><td><a href=\"..\/tccs\/2018\/TCC-MateusPereiraSantos.pdf\">Mateus Pereira Santos<\/a><\/td><td>DIAGN\u00d3STICO DE CULTURA ORGANIZACIONAL NO TERCEIRO SETOR: UM ESTUDO DE CASO<\/td><td>Andr\u00e9 Luiz Mendes Athayde<\/td><\/tr><tr><td><a href=\"..\/tccs\/2018\/TCC-SarahAra\u00fajoMaia.pdf\" target=\"_blank\" rel=\"noreferrer noopener\">Sarah Ara\u00fajo Maia<\/a><\/td><td>AN\u00c1LISE DA PERCEP\u00c7\u00d5ES DO GESTOR QUANTO \u00c0 IMPLANTA\u00c7\u00c3O DE UM SISTEMA DE INFORMA\u00c7\u00c3O GERENCIAL: UM ESTUDO DE CASO NA EMPRESA SELETA EM SALINAS-MG<\/td><td>Andr\u00e9 Luiz Mendes Athayde<\/td><\/tr><\/tbody><\/table><\/figure>\n\n\n\n<p><strong>Curso: Agronomia<\/strong><\/p>\n\n\n\n<figure class=\"wp-block-table\"><table><tbody><tr><td><strong>Discente<\/strong><\/td><td><strong>T\u00edtulo<\/strong><\/td><td><strong>Orientador<\/strong><\/td><\/tr><tr><td><a href=\"..\/tccs\/2018\/TCC-AnaLuizaTaufferCaldas.pdf\" target=\"_blank\" rel=\"noreferrer noopener\">Ana Luiza Tauffer Caldas<\/a><\/td><td>O VALE DO JEQUITINHONHA EM N\u00daMEROS: uma an\u00e1lise da MRH de Capelinha a partir de quatro bancos de dados<\/td><td>Eduardo Magalh\u00e3es Ribeiro<\/td><\/tr><tr><td><a href=\"..\/tccs\/2018\/TCC-BrayonnMascarenhasAzevedo.pdf\" target=\"_blank\" rel=\"noreferrer noopener\">Brayonn Mascarenhas Azevedo<\/a><\/td><td>OLERICULTURA E PLANTAS MEDICINAIS NA FORMA\u00c7\u00c3O DE JOVENS EM CONFLITO COM A LEI: 13 ANOS DE ATIVIDADES<\/td><td>Ernane Ronie Martins<\/td><\/tr><tr><td><a href=\"..\/tccs\/2018\/TCC-BrunaLuizaAlonsoVilela.pdf\">Bruna Luiza Alonso Vilela<\/a><\/td><td>QUALIDADE F\u00cdSICA E FISIOL\u00d3GICA DE SEMENTES DE MAXIXE ORIUNDAS DE FRUTOS EM DIFERENTES EST\u00c1DIOS DE MATURA\u00c7\u00c3O<\/td><td>C\u00e2ndido Alves da Costa<\/td><\/tr><tr><td><a href=\"..\/tccs\/2018\/TCC-ErickJosedePaulaSimao.pdf\" target=\"_blank\" rel=\"noreferrer noopener\">\u00c9rick Jos\u00e9 de Paula Sim\u00e3o<\/a><\/td><td>\u00c1GUA, ALIMENTO E SECA: UM ESTUDO EM COMUNIDADES RURAIS DE TURMALINA, ALTO JEQUITINHONHA<\/td><td>Fl\u00e1via Maria Galizoni<\/td><\/tr><tr><td><a href=\"..\/tccs\/2018\/TCC-GuilhermeAugustodePaivaFerreira.pdf\" target=\"_blank\" rel=\"noreferrer noopener\">Guilherme Augusto de Paiva Ferreira<\/a><\/td><td>INFLU\u00caNCIA DA LUZ E DO GLYPHOSATE NA MORFOLOGIA, FISIOLOGIA E CONTROLE DE Euphorbia heterophylla<\/td><td>Leonardo David Tuffi Santos<\/td><\/tr><tr><td><a href=\"..\/tccs\/2018\/TCC-GuilhermeSoutoRibeiro.pdf\" target=\"_blank\" rel=\"noreferrer noopener\">Guilherme Souto Ribeiro<\/a><\/td><td>JARDINS ESCOLARES COMO INCENTIVO \u00c0 PESQUISA E A AUX\u00cdLIO PEDAG\u00d3GICO<\/td><td>Elka Fabiana Aparecida Almeida<\/td><\/tr><tr><td><a href=\"..\/tccs\/2018\/TCC-GustavoSousaPinto.pdf\" target=\"_blank\" rel=\"noreferrer noopener\">Gustavo Sousa Pinto<\/a><\/td><td>POTENCIAL DE CINCO ESP\u00c9CIES DE PLANTAS ORNAMENTAIS PARA JARDINS VERTICAIS \u00c0 PLENO SOL<\/td><td>Elka Fabiana Aparecida Almeida<\/td><\/tr><tr><td><a href=\"..\/tccs\/2018\/TCC-JoaoMarcosBatistaCordeiro.pdf\" target=\"_blank\" rel=\"noreferrer noopener\">Jo\u00e3o Marcos Batista Cordeiro<\/a><\/td><td>SELETIVIDADE DA MISTURA NICOSULFURON + ATRAZIINE EM DEZ ESP\u00c9CIES DE TRICHOGRAMMATIDAE (HYMENOPTERA)<\/td><td>Germano Le\u00e3o Demolin Leite<\/td><\/tr><tr><td><a href=\"..\/tccs\/2018\/TCC-JorgeHenriquedosSantosFonseca.pdf\" target=\"_blank\" rel=\"noreferrer noopener\">Jorge Henrique dos Santos Fonseca<\/a><\/td><td>PRODU\u00c7\u00c3O DE GR\u00c3O-DE-BICO EM RESPOSTA A ADUBA\u00c7\u00c3O COM ZINCO E DOSES DE F\u00d3SFORO<\/td><td>Rodinei Facco Pegoraro<\/td><\/tr><tr><td><a href=\"..\/tccs\/2018\/TCC-JosinaMariaRamosFreitas.pdf\" target=\"_blank\" rel=\"noreferrer noopener\">Josina Maria Ramos Freitas<\/a><\/td><td>DESEMPENHO AGRON\u00d4MICO DE CLONES DE ALHO LIVRE DE V\u00cdRUS<\/td><td>C\u00e2ndido Alves da Costa<\/td><\/tr><tr><td><a href=\"..\/tccs\/2018\/TCC-KatiaGracieleGoncalvesFerreira.pdf\" target=\"_blank\" rel=\"noreferrer noopener\">K\u00e1tia Graciele Gon\u00e7alves Ferreira<\/a><\/td><td>ALTURA DE MANEJO PARA CAPIM-SUD\u00c3O CV. BRS ESTRIBO<\/td><td>M\u00e1rio Henrique Fran\u00e7a Mourth\u00e9<\/td><\/tr><tr><td><a href=\"..\/tccs\/2018\/TCC-MarcosViniciusdeOliveiraDamasceno.pdf\" target=\"_blank\" rel=\"noreferrer noopener\">Marcos Vin\u00edcius&nbsp; de Oliveira Damasceno<\/a><\/td><td>MEIOS DE CULTURA NO ESTABELECIMENTO IN VITRO DE Encholirium sp<\/td><td>Claudin\u00e9ia Ferreira Nunes<\/td><\/tr><tr><td><a href=\"..\/tccs\/2018\/TCC-MariaGabrielaAlves.pdf\" target=\"_blank\" rel=\"noreferrer noopener\">Maria Gabriela Alves<\/a><\/td><td>TRIGO E TRITICALE EM MANEJO ORG\u00c2NICO NO SEMI\u00c1RIDO PARA FINS ORNAMENTAIS<\/td><td>Elka Fabiana Aparecida Almeida<\/td><\/tr><tr><td><a href=\"..\/tccs\/2018\/TCC-MarianaMaestracciMacedoCaldeira.pdf\" target=\"_blank\" rel=\"noreferrer noopener\">Mariana Maestracci Macedo Caldeira<\/a><\/td><td>CULTURA DE TECIDO E PLANTAS CARN\u00cdVORAS<\/td><td>Claudin\u00e9ia Ferreira Nunes<\/td><\/tr><tr><td><a href=\"..\/tccs\/2018\/TCC-MatheusAlmeidaAlves.pdf\" target=\"_blank\" rel=\"noreferrer noopener\">Matheus Almeida Alves<\/a><\/td><td>ADUBA\u00c7\u00c3O NITROGENADA EM CAPIM-MOMBA\u00c7A: PRODUTIVIDADE E CARACTER\u00cdSTICAS MORFOG\u00caNICAS<\/td><td>Thiago Gomes dos Santos Br\u00e1s<\/td><\/tr><tr><td><a href=\"..\/tccs\/2018\/TCC-MellyneEllenMaximoeOliveira.pdf\" target=\"_blank\" rel=\"noreferrer noopener\">Mellyne Ellen Maximo e Oliveira<\/a><\/td><td>Caracter\u00edsticas Morfog\u00eanicas do Capim Sud\u00e3o cv. BRS Estribo sob Diferentes Estrat\u00e9gias de Desfolha\u00e7\u00e3o no Per\u00edodo de Transi\u00e7\u00e3o \u00c1guas-secas<\/td><td>M\u00e1rio Henrique Fran\u00e7a Mourth\u00e9<\/td><\/tr><tr><td><a href=\"..\/tccs\/2018\/TCC-NaiaraFerreiraAmaral.pdf\" target=\"_blank\" rel=\"noreferrer noopener\">Naiara Ferreira Amaral<\/a><\/td><td>PRODU\u00c7\u00c3O ORG\u00c2NICA DE FLORES DE CORTE CONSORCIADA A ERVAS CONDIMENTARES<\/td><td>Elka Fabiana Aparecida Almeida<\/td><\/tr><tr><td><a href=\"..\/tccs\/2018\/TCC-ParthenisdosSantosBatista.pdf\" target=\"_blank\" rel=\"noreferrer noopener\">Parthenis dos Santos Batista<\/a><\/td><td>CULTIVO IN VITRO DE BEIJO-DE-FRADE: CRESCIMENTO INICIAL E MULTIPLICA\u00c7\u00c3O<\/td><td>Claudin\u00e9ia Ferreira Nunes<\/td><\/tr><tr><td><a href=\"..\/tccs\/2018\/TCC-RonieRodriguesMouraJ\u00fanior.pdf\" target=\"_blank\" rel=\"noreferrer noopener\">Ronie Rodrigues Moura J\u00fanior<\/a><\/td><td>COBERTURA MORTA NO MANEJO DE PLANTAS DANINHAS NA CULTURA DA ALFACE E DO ALMEIR\u00c3O<\/td><td>Leonardo David Tuffi Santos<\/td><\/tr><tr><td><a href=\"..\/tccs\/2018\/TCC-ThiagoRamosVieira.pdf\" target=\"_blank\" rel=\"noreferrer noopener\">Thiago Ramos Vieira<\/a><\/td><td>ALELOPATIA DE CULTIVARES DE Urochloa brizantha EM SEMENTES DE ESTILOSANTES CAMPO GRANDE<\/td><td>Thiago Gomes dos Santos Br\u00e1s<\/td><\/tr><tr><td><a href=\"..\/tccs\/2018\/TCC-ThulioFerreiraBarros.pdf\" target=\"_blank\" rel=\"noreferrer noopener\">Th\u00falio Ferreira Barros<\/a><\/td><td>CRESCIMENTO E TROCAS GASOSAS EM MUDAS DE Caryocar brasilense Camb. EM RESPOSTA A DISPONIBILIDADE H\u00cdDRICA<\/td><td>Paulo S\u00e9rgio Nascimento Lopes<\/td><\/tr><tr><td><a href=\"..\/tccs\/2018\/TCC-TiagoAlvesSantiago.pdf\" target=\"_blank\" rel=\"noreferrer noopener\">Tiago Alves Santiago<\/a><\/td><td>CIANAMIDA HIDROGENADA E M\u00c9TODOS DE FOR\u00c7AMENTO NA BROTA\u00c7\u00c3O E FORMA\u00c7\u00c3O DE MUDAS DE TANGERINA \u2018PONKAN\u2019<\/td><td>Paulo S\u00e9rgio Nascimento Lopes<\/td><\/tr><tr><td><a href=\"..\/tccs\/2018\/TCC-WalterIvanVelosoFilho.pdf\" target=\"_blank\" rel=\"noreferrer noopener\">Walter Ivan Veloso Filho<\/a><\/td><td>COMPONENTES DE PRODU\u00c7\u00c3O DE H\u00cdBRIDOS DE MILHO EM CULTIVO IRRIGADO NO NORTE DE MINAS GERAIS<\/td><td>Rodinei Facco Pegoraro<\/td><\/tr><tr><td><a href=\"..\/tccs\/2018\/TCC-WeslleyJos\u00e9Cardoso.pdf\" target=\"_blank\" rel=\"noreferrer noopener\">Weslley Jos\u00e9 Cardoso<\/a><\/td><td>MATURA\u00c7\u00c3O DE SEMENTESDE&nbsp; JIL\u00d3 E PONTO DE COLHEITA DE FRUTOS.<\/td><td>C\u00e2ndido Alves da Costa<\/td><\/tr><\/tbody><\/table><\/figure>\n\n\n\n<p><strong>Curso: Engenharia Agr\u00edcola e Ambiental<\/strong><\/p>\n\n\n\n<figure class=\"wp-block-table\"><table><tbody><tr><td><strong>Discente<\/strong><\/td><td><strong>T\u00edtulo<\/strong><\/td><td><strong>Orientador<\/strong><\/td><\/tr><tr><td><a href=\"..\/tccs\/2018\/TCC-AdrianeRodriguesdeSouza.pdf\" target=\"_blank\" rel=\"noreferrer noopener\">Adriane Rodrigues de Souza<\/a><\/td><td>ESTOQUE DE CARBONO E NITROG\u00caNIO EM SOLO ADUBADO COM LODO DE ESGOTO E FERTILIZANTES INORG\u00c2NICOS<\/td><td>Rodinei Facco Pegoraro<\/td><\/tr><tr><td><a href=\"..\/tccs\/2018\/TCC-AnaMariaMurtaLuz.pdf\" target=\"_blank\" rel=\"noreferrer noopener\">Ana Maria Murta Luz<\/a><\/td><td>DIMENSIONAMENTO DE SISTEMA DE PRODU\u00c7\u00c3O DE MOSTO PARA PRODU\u00c7\u00d5ES ARTESANAIS DE CERVEJA<\/td><td>Rodolpho C\u00e9sar dos Reis Tinini<\/td><\/tr><tr><td><a href=\"..\/tccs\/2018\/TCC-AnaPaulaRibeiro.pdf\" target=\"_blank\" rel=\"noreferrer noopener\">Ana Paula Ribeiro<\/a><\/td><td>AVALIA\u00c7\u00c3O DAS VARI\u00c1VEIS AMBRIENTAIS&nbsp; E FISIOL\u00d3GICAS DE POEDEIRAS HY-LINE BROWN COM E SEM ENRIQUECIMENTO AMBIENTAL<\/td><td>Irene Menegali<\/td><\/tr><tr><td><a href=\"..\/tccs\/2018\/TCC-BorgesMarfrannDiasMelo.pdf\" target=\"_blank\" rel=\"noreferrer noopener\">Borges Marfrann Dias Melo<\/a><\/td><td>ESTUDO DA VIABILIDADE DO NDVI PARA AN\u00c1LISE DA COBERTURA DA VEGETA\u00c7\u00c3O NA APA PANDEIROS<\/td><td>Carlos Alberto Ara\u00fajo J\u00fanior<\/td><\/tr><tr><td><a href=\"..\/tccs\/2018\/TCC-BrunaNogueiraRezende.pdf\" target=\"_blank\" rel=\"noreferrer noopener\">Bruna Nogueira Rezende<\/a><\/td><td>Vulnerabilidade Ambiental da \u00c1rea de Contribui\u00e7\u00e3o da Barragem do Bico da Pedra-Jana\u00faba-MG<\/td><td>Edson de Oliveira Vieira<\/td><\/tr><tr><td><a href=\"..\/tccs\/2018\/TCC-CamilaThuanedeBrito.pdf\" target=\"_blank\" rel=\"noreferrer noopener\">Camila Thuane de Brito<\/a><\/td><td>PERFIL DOS INC\u00caNDIOS OCORRIDOS NO PARQUE ESTADUAL DA LAPA GRANDE NO MUNICIPIO DE MONTES CLAROS-MG<\/td><td>J\u00falia Ferreira da Silva<\/td><\/tr><tr><td><a href=\"..\/tccs\/2018\/TCC-C\u00e1ssioAndr\u00e9RibeiroRamos.pdf\" target=\"_blank\" rel=\"noreferrer noopener\">C\u00e1ssio Andr\u00e9 Ribeiro Ramos<\/a><\/td><td>CUSTO OPERACIONAL DE CONJUNTOS TRATOR\/IMPLEMENTOS AGR\u00cdCOLAS PARA CONSTRU\u00c7\u00c3O DE TERRA\u00c7OS<\/td><td>Luiz Henrique de Souza<\/td><\/tr><tr><td><a href=\"..\/tccs\/2018\/TCC-GilmarRodriguesCardoso.pdf\" target=\"_blank\" rel=\"noreferrer noopener\">Gilmar Rodrigues Cardoso<\/a><\/td><td>DEPOSI\u00c7\u00c3O E LIBERA\u00c7\u00c3O DE NUTRIENTES DE RES\u00cdDUOS VEGETAIS DE SORGO MANEJADO EM CAMBISSOLO<\/td><td>Rodinei Facco Pegoraro<\/td><\/tr><tr><td><a href=\"..\/tccs\/2018\/TCC-GustavoMattosdeSouzaFernandes.pdf\" target=\"_blank\" rel=\"noreferrer noopener\">Gustavo Mattos de Souza Fernandes<\/a><\/td><td>TRATAMENTO DOS RES\u00cdDUOS DE AVES POEDEIRAS POR MEIO DA COMPOSTAGEM<\/td><td>J\u00falia Ferreira da Silva<\/td><\/tr><tr><td>Ma\u00edra Gleika Soares Dantas de Oliveira<\/td><td>MERCADO DA \u00c1GUA<\/td><td>Edson de Oliveira Vieira<\/td><\/tr><tr><td><a href=\"..\/tccs\/2018\/TCC-MiriamLuizaVieiraLorentz.pdf\" target=\"_blank\" rel=\"noreferrer noopener\">Miriam Luiza Vieira Lorentz<\/a><\/td><td>LEVANTAMENTO DE IMPACTOS AMBIENTAIS E PLANO DE GEST\u00c3O AMBIENTAL DA ESTA\u00c7\u00c3O DE TRATAMENTO DE \u00c1GUAS RESIDU\u00c1RIAS DE INFULENE, MAPUTO &#8211; MO\u00c7AMBIQUE<\/td><td>J\u00falia Ferreira da Silva<\/td><\/tr><tr><td><a href=\"..\/tccs\/2018\/TCC-RodrigoMartinsRocha.pdf\" target=\"_blank\" rel=\"noreferrer noopener\">Rodrigo Martins Rocha<\/a><\/td><td>AN\u00c1LISE QUANTITATIVA DE PERDA DE ALGOD\u00c3O ARMAZENADO EM PATIO<\/td><td>Rodolpho C\u00e9sar dos Reis Tinini<\/td><\/tr><tr><td><a href=\"..\/tccs\/2018\/TCC-WiltonTeixeiraBispo.pdf\" target=\"_blank\" rel=\"noreferrer noopener\">Wilton Teixeira Bispo<\/a><\/td><td>ESTUDO DE CASO: VIABILIDADE ECON\u00d4MICA DA UTILIZA\u00c7\u00c3O DE MOTORES EL\u00c9TRICO&nbsp; E DE COMBUST\u00c3O INTERNA, PARA IRRIGA\u00c7\u00c3O DE CANA DE A\u00c7\u00daCAR POR AUTOPROPELIDO<\/td><td>Fl\u00e1vio Gon\u00e7alves Oliveira<\/td><\/tr><\/tbody><\/table><\/figure>\n\n\n\n<p><strong>Curso: Engenharia de Alimentos<\/strong><\/p>\n\n\n\n<figure class=\"wp-block-table\"><table><tbody><tr><td><strong>Discente<\/strong><\/td><td><strong>T\u00edtulo<\/strong><\/td><td><strong>Orientador<\/strong><\/td><\/tr><tr><td><a href=\"..\/tccs\/2018\/TCC-BrunaRuasSantosAra\u00fajo.pdf\" target=\"_blank\" rel=\"noreferrer noopener\">Bruna Ruas Santos Ara\u00fajo<\/a><\/td><td>AVALIA\u00c7\u00c3O DA QUALIDADE F\u00cdSICO-QU\u00cdMICA E MICROBIOL\u00d3GICA DE M\u00c9IS DA REGI\u00c3O DO VALE JEQUITINHONHA-MG<\/td><td>Igor Viana Brandi<\/td><\/tr><tr><td><a href=\"..\/tccs\/2018\/TCC-CamilaCarolinadeSousaSilva.pdf\" target=\"_blank\" rel=\"noreferrer noopener\">Camila Carolina de Sousa Silva<\/a><\/td><td>EFEITO SANITIZANTE DE \u00d3LEOS ESSENCIAIS SOBRE SALMONELLA CHOLERAESUIS TRANSFERIDA DE CARNE DE FRANGO PARA A\u00c7O INOXID\u00c1VEL E POLIPROPILENO<\/td><td>Roberta Torres Careli<\/td><\/tr><tr><td><a href=\"..\/tccs\/2018\/TCC-KarinyBezerraIn\u00e1cio.pdf\" target=\"_blank\" rel=\"noreferrer noopener\">Kariny Bezerra In\u00e1cio<\/a><\/td><td>POTENCIAL ANTIOXIDANTE DE EXTRATO AQUOSO DE COUVE SUBMETIDO A DIFERENTES PROCESSAMENTOS<\/td><td>Alcinei M\u00edstico Azevedo<\/td><\/tr><tr><td><a href=\"..\/tccs\/2018\/TCC-KlingerVin\u00edciusdeAlmeida.pdf\" target=\"_blank\" rel=\"noreferrer noopener\">Klinger Vin\u00edcius de Almeida<\/a><\/td><td>FERVURA E HIPOCLORITO DE S\u00d3DIO PARA SANITIZA\u00c7\u00c3O DE ESPONJAS UTILIZADAS EM UNIDADES DE ALIMENTA\u00c7\u00c3O<\/td><td>Roberta Torres Careli<\/td><\/tr><tr><td><a href=\"..\/tccs\/2018\/TCC-LarissaLorraneRodriguesBorges.pdf\" target=\"_blank\" rel=\"noreferrer noopener\">Larissa Lorrane Rodrigues Borges<\/a><\/td><td>EFIC\u00c1CIA DE EXTRATO DE FOLHAS DE Caryocar brasiliense Camb. E Annona crassiflora Mart. NA REDU\u00c7\u00c3O DE Escherichia coli BIOTRANSFERIDA DE FOLHAS DE ALFACE PARA POLIPROPILENO<\/td><td>Roberta Torres Careli<\/td><\/tr><\/tbody><\/table><\/figure>\n\n\n\n<p><strong>Curso: Engenharia Florestal<\/strong><\/p>\n\n\n\n<figure class=\"wp-block-table\"><table><tbody><tr><td><strong>Discente<\/strong><\/td><td><strong>T\u00edtulo<\/strong><\/td><td><strong>Orientador<\/strong><\/td><\/tr><tr><td><a href=\"..\/tccs\/2018\/TCC-BeatrizMariaJardimTeixeira.pdf\" target=\"_blank\" rel=\"noreferrer noopener\">Beatriz Maria Jardim Teixeira<\/a><\/td><td>DESENVOLVIMENTO DE UM SISTEMA PARA SUPORTE A TOMADA DE DECIS\u00c3O NA COLHEITA FLORESTAL<\/td><td>Stanley Schettino<\/td><\/tr><tr><td><a href=\"..\/tccs\/2018\/TCC-DeivisonHenriqueTeixeiraFirmo.pdf\" target=\"_blank\" rel=\"noreferrer noopener\">Deivison Henrique Teixeira Firmo<\/a><\/td><td>AN\u00c1LISE DE PAR\u00c2METROS QUALITATIVOS E QUANTITATIVOS NA COMPOSI\u00c7\u00c3O ARB\u00d3REA DA AVENIDA MESTRA FININHA EM MONTES CLAROS &#8211; MG<\/td><td>Elka Fabiana Aparecida Almeida<\/td><\/tr><tr><td><a href=\"..\/tccs\/2018\/TCC-GabrielAugustoE\u00e7a.pdf\" target=\"_blank\" rel=\"noreferrer noopener\">Gabriel Augusto E\u00e7a<\/a><\/td><td>ESTIMATIVA DE DI\u00c2METRO E VOLUME DE Khaya ivorensis A. CHEV COM MODELO POLINOMIAIS N\u00c3O SEGMENTADOS<\/td><td>Christian Dias Cabacinha<\/td><\/tr><tr><td><a href=\"..\/tccs\/2018\/TCC-IsadoraMilenyCostadeBrito.pdf\" target=\"_blank\" rel=\"noreferrer noopener\">Isadora Mileny Costa de Brito<\/a><\/td><td>M\u00c9TODO DE EXTRA\u00c7\u00c3O DE RNA TOTAL EM PLANTAS JOVENS DE Mauritia flexuosa L.f: UM PROTOCOLO OTIMIZADO<\/td><td>Paulo S\u00e9rgio Nascimento Lopes<\/td><\/tr><tr><td><a href=\"..\/tccs\/2018\/TCC-JosianaJussaraNazar\u00e9Bas\u00edlio.pdf\" target=\"_blank\" rel=\"noreferrer noopener\">Josiana Jussara Nazar\u00e9 Bas\u00edlio<\/a><\/td><td>VARIA\u00c7\u00c3O DA DEPOSI\u00c7AO&nbsp; DE FOLHEDO DE CLONES DE Eucalyptus sp. EM TR\u00caS CONDI\u00c7\u00d5ES CLIM\u00c1TICAS<\/td><td>Leandro Silva de Oliveira<\/td><\/tr><tr><td><a href=\"..\/tccs\/2018\/TCC-JunimauraResendedaSIlva.pdf\" target=\"_blank\" rel=\"noreferrer noopener\">Junimaura Resende da Silva<\/a><\/td><td>CRESCIMENTO E PRODU\u00c7\u00c3O DE QUATRO CLONES DE EUCALIPTO NO NORTE DE MINAS GERAIS<\/td><td>Christian Dias Cabacinha<\/td><\/tr><tr><td><a href=\"..\/tccs\/2018\/TCC-LarissaCarolinedaMataTerra.pdf\" target=\"_blank\" rel=\"noreferrer noopener\">Larissa Caroline da Mata Terra<\/a><\/td><td>Estrat\u00e9gias reprodutivas de Heteropterys byrsonimifolia A. Juss. (MALPIGHIACEAE) em cerrado degradado<\/td><td>R\u00fabia Santos Fonseca<\/td><\/tr><tr><td><a href=\"..\/tccs\/2018\/TCC-L\u00edgiaAra\u00fajoLima.pdf\" target=\"_blank\" rel=\"noreferrer noopener\">L\u00edgia Ara\u00fajo Lima<\/a><\/td><td>LEVANTAMENTO PAISAG\u00cdSTICO DAS PRA\u00c7AS FRANCISCO ANTUNES E FRANCISCO DE PAULA ANTUNES EM BRAS\u00cdLIA DE MINAS-MG<\/td><td>Elka Fabiana Aparecida Almeida<\/td><\/tr><tr><td><a href=\"..\/tccs\/2018\/TCC-Nath\u00e1liaVasconcelosGuimar\u00e3es.pdf\" target=\"_blank\" rel=\"noreferrer noopener\">Nath\u00e1lia Vasconcelos Guimar\u00e3es<\/a><\/td><td>AN\u00c1LISE DA RELA\u00c7\u00c3O ENTRE A OCORR\u00caNCIA DE ACIDENTES E A BAIXA ESCOLARIDADE DOS TRABALHADORES NO SETOR FLORESTAL<\/td><td>Stanley Schettino<\/td><\/tr><tr><td><a href=\"..\/tccs\/2018\/TCC-PalomaCoutoNeivaCardoso.pdf\" target=\"_blank\" rel=\"noreferrer noopener\">Paloma Couto Neiva Cardoso<\/a><\/td><td>A CERTIFICA\u00c7\u00c3O COMO UMA FERRAMENTA NA CONSERVA\u00c7\u00c3O DE FLORESTAS NATURAIS<\/td><td>Stanley Schettino<\/td><\/tr><tr><td><a href=\"..\/tccs\/2018\/TCC-PauloHenriqueBatistaFerreira.pdf\" target=\"_blank\" rel=\"noreferrer noopener\">Paulo Henrique Batista Ferreira<\/a><\/td><td>Influ\u00eancia dos par\u00e2metros da metaheur\u00edstica simulated annealing em um problema de planejamento da produ\u00e7\u00e3o florestal<\/td><td>Carlos Alberto Ara\u00fajo J\u00fanior<\/td><\/tr><tr><td><a href=\"..\/tccs\/2018\/TCC-PhelipeTadeuOliveiraAzevedo.pdf\" target=\"_blank\" rel=\"noreferrer noopener\">Phelipe Tadeu Oliveira Azevedo<\/a><\/td><td>ESTUDO COMPARATIVO DOS \u00cdNDICES DE QUALIDADE DE VIDA NO TRABALHO FLORESTAL EM ATIVIDADES COM E SEM MECANIZA\u00c7\u00c3O<\/td><td>Stanley Schettino<\/td><\/tr><tr><td><a href=\"..\/tccs\/2018\/TCC-RodrigoApolin\u00e1rioSantos.pdf\" target=\"_blank\" rel=\"noreferrer noopener\">Rodrigo Apolin\u00e1rio Santos<\/a><\/td><td>USO DE COMPOSTO ORG\u00c2NICO NA PRODU\u00c7\u00c3O DE MUDAS DE ESP\u00c9CIES DO CERRADO<\/td><td>Nilza de Lima Pereira Sales<\/td><\/tr><tr><td><a href=\"..\/tccs\/2018\/TCC-ThiagoMagalh\u00e3esdoNascimento.pdf\" target=\"_blank\" rel=\"noreferrer noopener\">Thiago Magalh\u00e3es do Nascimento<\/a><\/td><td>Drying Influence on the Development of Cracks in Eucalyptus Logs<\/td><td>Edy Eime Pereira Bara\u00fana<\/td><\/tr><\/tbody><\/table><\/figure>\n\n\n\n<p><strong>Curso: Zootecnia<\/strong><\/p>\n\n\n\n<figure class=\"wp-block-table\"><table><tbody><tr><td><strong>Discente<\/strong><\/td><td><strong>T\u00edtulo<\/strong><\/td><td><strong>Orientador<\/strong><\/td><\/tr><tr><td><a href=\"..\/tccs\/2018\/TCC-BrendaKarolineAlc\u00e2ntaraFaria.pdf\" target=\"_blank\" rel=\"noreferrer noopener\">Brenda Karoline Alc\u00e2ntara Faria<\/a><\/td><td>DESEMPENHO DE TIL\u00c1PIAS-DO-NILO (Oreochromis niloticus) EM FASE INICIAL ALIMENTADAS COM RA\u00c7\u00c3O COMERCIAIS EM SISTEMA DE RECIRCULA\u00c7\u00c3O DE \u00c1GUA<\/td><td>Diego Vicente da Costa<\/td><\/tr><tr><td><a href=\"..\/tccs\/2018\/TCC-Fl\u00e1vioEmanuelGomesSilva.pdf\" target=\"_blank\" rel=\"noreferrer noopener\">Fl\u00e1vio Emanuel Gomes Silva<\/a><\/td><td>RELATO DE CASO: IMPLANTA\u00c7\u00c3O DE BOAS PR\u00c1TICAS EM FAZENDAS LEITEIRAS DO NORTE DE MINAS<\/td><td>Anna Christina de Almeida<\/td><\/tr><tr><td><a href=\"..\/tccs\/2018\/TCC-GustavoAraujoCamelo.pdf\">Gustavo Ara\u00fajo Camelo<\/a><\/td><td>QUALIDADE EXTERNA E INTERNA DE OVOS DE CODORNA<\/td><td>Fabiana Ferreira<\/td><\/tr><tr><td><a href=\"..\/tccs\/2018\/TCC-Lu\u00edsHenriqueAssun\u00e7\u00e3o.pdf\" target=\"_blank\" rel=\"noreferrer noopener\">Lu\u00eds Henrique Assun\u00e7\u00e3o<\/a><\/td><td>CONSUMO E DESEMPENHO DE OVINOS ALIMENTADOS COM FENOS DE FOLHA E PSEUDOCAULE DE BANANEIRA SUBMETIDOS A DIFERENTES M\u00c9TODOS DE SECAGEM<\/td><td>Luciana Castro Geraseev<\/td><\/tr><tr><td><a href=\"..\/tccs\/2018\/TCC-NayaraCarolineMartinsRocha.pdf\">Nayara Caroline Martins Rocha<\/a><\/td><td>REDU\u00c7\u00c3O DOS \u00cdNDICES DE CONTAGEM DE C\u00c9LULAS SOM\u00c1TICA EM REBANHO LEITEIRO COMERCIAL COM A IMPLANTA\u00c7\u00c3O DE BOAS PR\u00c1TICAS AGROPECU\u00c1RIAS<\/td><td>Anna Christina de Almeida<\/td><\/tr><tr><td><a href=\"..\/tccs\/2018\/TCC-Ta\u00edsFrancieleLisboa.pdf\" target=\"_blank\" rel=\"noreferrer noopener\">Ta\u00eds Franciele Lisboa<\/a><\/td><td>REVIS\u00c3O: COMPORTAMENTO DE GATOS DOM\u00c9STICOS<\/td><td>D\u00e9lcio C\u00e9sar Cordeiro Rocha<\/td><\/tr><\/tbody><\/table><\/figure>\n","protected":false},"excerpt":{"rendered":"<p>Trabalhos de Conclus\u00e3o de Curso Ano: 2018 Curso: Administra\u00e7\u00e3o Discente T\u00edtulo Orientador Carla Vieira Silva UMA APLICA\u00c7\u00c3O DO MODELO MONTE CARLO NA AVALIA\u00c7\u00c3O DA EMBRESA AMBEV COM CUSTO DE CAPITAL IMPRECISO Alexandre Teixeira Norberto Batista Felipe Mendes Ferres A IMPORT\u00c2NCIA DO PLANO DE NEG\u00d3CIO PARA UMA ORGANIZA\u00c7\u00c3O: ESTUDO DE CASO EM UMA EMPRESA \u201cX, MONTES [&hellip;]<\/p>\n","protected":false},"author":3,"featured_media":0,"parent":0,"menu_order":0,"comment_status":"closed","ping_status":"closed","template":"","meta":[],"acf":[],"_links":{"self":[{"href":"https:\/\/www.ufmg.br\/montesclaros\/wp-json\/wp\/v2\/pages\/1115"}],"collection":[{"href":"https:\/\/www.ufmg.br\/montesclaros\/wp-json\/wp\/v2\/pages"}],"about":[{"href":"https:\/\/www.ufmg.br\/montesclaros\/wp-json\/wp\/v2\/types\/page"}],"author":[{"embeddable":true,"href":"https:\/\/www.ufmg.br\/montesclaros\/wp-json\/wp\/v2\/users\/3"}],"replies":[{"embeddable":true,"href":"https:\/\/www.ufmg.br\/montesclaros\/wp-json\/wp\/v2\/comments?post=1115"}],"version-history":[{"count":2,"href":"https:\/\/www.ufmg.br\/montesclaros\/wp-json\/wp\/v2\/pages\/1115\/revisions"}],"predecessor-version":[{"id":2148,"href":"https:\/\/www.ufmg.br\/montesclaros\/wp-json\/wp\/v2\/pages\/1115\/revisions\/2148"}],"wp:attachment":[{"href":"https:\/\/www.ufmg.br\/montesclaros\/wp-json\/wp\/v2\/media?parent=1115"}],"curies":[{"name":"wp","href":"https:\/\/api.w.org\/{rel}","templated":true}]}}