{"id":1117,"date":"2024-07-01T15:16:31","date_gmt":"2024-07-01T18:16:31","guid":{"rendered":"https:\/\/www.ufmg.br\/montesclaros\/?page_id=1117"},"modified":"2024-12-20T10:23:14","modified_gmt":"2024-12-20T13:23:14","slug":"trabalhos-de-conclusao-de-curso-2019","status":"publish","type":"page","link":"https:\/\/www.ufmg.br\/montesclaros\/trabalhos-de-conclusao-de-curso-2019\/","title":{"rendered":"Trabalhos de Conclus\u00e3o de Curso &#8211; 2019"},"content":{"rendered":"\n<p><strong>Trabalhos de Conclus\u00e3o de Curso<\/strong><\/p>\n\n\n\n<p><strong>Ano: 2019<\/strong><\/p>\n\n\n\n<p><strong>Curso: Administra\u00e7\u00e3o<\/strong><\/p>\n\n\n\n<figure class=\"wp-block-table\"><table><tbody><tr><td><strong>Discente<\/strong><\/td><td><strong>T\u00edtulo<\/strong><\/td><td><strong>Orientador<\/strong><\/td><\/tr><tr><td><a href=\"..\/tccs\/2019\/TCC-AmandaImamuraRusso.pdf\" target=\"_blank\" rel=\"noreferrer noopener\">Amanda Imamura Russo<\/a><\/td><td>SISTEMAS GERENCIAIS NA LOJA DE PRODUTOS DA FAZENDA EXPERIMENTAL DA UFMG CAMPUS MONTES CLAROS: UM ESTUDO DE CASO<\/td><td>Giovanni Campos Fonseca<\/td><\/tr><tr><td><a href=\"..\/tccs\/2019\/TCC-AnaClaraSoaresdeSouza.pdf\" target=\"_blank\" rel=\"noreferrer noopener\">Ana Clara Soares de Souza<\/a><\/td><td>RELA\u00c7\u00d5ES ESTABELECIDAS ENTRE REDES SOCIAIS E GEST\u00c3O DO CONHECIMENTO EM ARTIGOS EM PORTUG\u00caS PUBLICADOS EM PERI\u00d3DICOS BRASILEIROS DE 2008 A 2017<\/td><td>Giovanni Campos Fonseca<\/td><\/tr><tr><td><a href=\"..\/tccs\/2019\/TCC-C\u00e9sarSaraivaLafet\u00e1J\u00fanior.pdf\">C\u00e9sar Saraiva Lafet\u00e1 J\u00fanior<\/a><\/td><td>CORES E VALORES: SOBRE ARTE E SUBVERS\u00c3O EM MONTES CLAROS<\/td><td>Vanessa Marzano Ara\u00fajo<\/td><\/tr><tr><td><a href=\"..\/tccs\/2019\/TCC-CristianeDiasSoares.pdf\" target=\"_blank\" rel=\"noreferrer noopener\">Cristiane Dias Soares<\/a><\/td><td>CRIA\u00c7\u00c3O E VALOR PARA O ACIONISTA NO CONTEXTO BRASILEIRO: UMA AN\u00c1LISE DA GERA\u00c7\u00c3O DE VALOR UTILIZANDO O EVA \u00ae EM EMPRESAS DE CAPITAL ABERTO<\/td><td>Cristiano Marchi Gimenes<\/td><\/tr><tr><td><a href=\"..\/tccs\/2019\/TCC-FernandaSousaPaixao.pdf\" target=\"_blank\" rel=\"noreferrer noopener\">Fernanda Sousa Paix\u00e3o<\/a><\/td><td>PROGRAMA MINHA CASA MINHA VIDA: ESTUDO DE CASO EM UMA IMOBILI\u00c1RIA DE PIRAPORA\/MG<\/td><td>Dalton Rocha Pereira<\/td><\/tr><tr><td><a href=\"..\/tccs\/2019\/TCC-FernandoJardimSantos.pdf\" target=\"_blank\" rel=\"noreferrer noopener\">Fernando Jardim Santos<\/a><\/td><td>CERVEJA ARTESANAL: UMA AN\u00c1LISE SOBRE POL\u00cdTICA, INCENTIVOS E PERFIL DE PRODUTORES CASEIROS EM BELO HORIZONTE E MONTES CLAROS \u2013 MG.<\/td><td>Dalton Rocha Pereira<\/td><\/tr><tr><td><a href=\"..\/tccs\/2019\/TCC-JacquesonAzevedodeSouza.pdf\" target=\"_blank\" rel=\"noreferrer noopener\">Jacqueson Azevedo de Souza<\/a><\/td><td>VIABILIDADE ECON\u00d4MICA DA INTEGRA\u00c7\u00c3O LAVOURA PECU\u00c1RIA NO NORTE DE MINAS GERAIS<\/td><td>Cristiano Marchi Gimenes<\/td><\/tr><tr><td><a href=\"..\/tccs\/2019\/TCC-JamillaMayaradeOliveiraBispoDias.pdf\" target=\"_blank\" rel=\"noreferrer noopener\">Jamilla Mayara de Oliveira Bispo Dias<\/a><\/td><td>ESTUDO DE VIABILIDADE DE HOTEL EM MONTES CLAROS<\/td><td>Marilda Teixeira Mendes<\/td><\/tr><tr><td><a href=\"..\/tccs\/2019\/TCC-JoaoGabrielOliveiraLima.pdf\" target=\"_blank\" rel=\"noreferrer noopener\">Jo\u00e3o Gabriel Oliveira Lima<\/a><\/td><td>AVALIA\u00c7\u00c3O DE SERVI\u00c7OS PRESTADOS POR EMPRESAS DE FORMATURA E EVENTOS EM MONTES CLAROS-MG<\/td><td>Dalton Rocha Pereira<\/td><\/tr><tr><td><a href=\"..\/tccs\/2019\/TCC-JulieTanaraRamosdeOliveiraCordeiro.pdf\" target=\"_blank\" rel=\"noreferrer noopener\">Julie Tanara Ramos de Oliveira Cordeiro<\/a><\/td><td>AN\u00c1LISE DO PERFIL FINANCEIRO DAS EMPRESAS DE CAPITAL ABERTO DE ACORDO COM O MODELO FLEURIET-2014 A 2017<\/td><td>Mariana Caldeira Teles<\/td><\/tr><tr><td><a href=\"..\/tccs\/2019\/TCC-LorenaRibeiroAlves.pdf\" target=\"_blank\" rel=\"noreferrer noopener\">Lorena Ribeiro Alves<\/a><\/td><td>ESTRAT\u00c9GIAS DE DIVERSIFICA\u00c7\u00c3O DE PRODUTOS E SERVI\u00c7OS NO SETOR DE PET: CASO DA VILA ANIMAL EM BOCAIVA (MG)<\/td><td>Fausto Makishi<\/td><\/tr><tr><td><a href=\"..\/tccs\/2019\/TCC-MateusMartinsdeMenezesRodrigues.pdf\" target=\"_blank\" rel=\"noreferrer noopener\">Mateus Martins de Menezes Rodrigues<\/a><\/td><td>NETWORK MARKETING COMO OPORTUNIDADE DE EMPREENDER<\/td><td>Thalita Lorena Nogueira Mon\u00e7\u00e3o Alves<\/td><\/tr><tr><td><a href=\"https:\/\/www.ica.ufmg.br\/tccs\/2019\/TCC-PricillaNogueiraCastro.pdf\" data-type=\"URL\" data-id=\"https:\/\/www.ica.ufmg.br\/tccs\/2019\/TCC-PricillaNogueiraCastro.pdf\">Pricilla Nogueira Castro<\/a><\/td><td>OBST\u00c1CULOS NA REALIZA\u00c7\u00c3O DO MODELO TRIPLA-H\u00c9LICE: UM ESTUDO DA PERCEP\u00c7\u00c3O DE DOCENTES UNIVERSIT\u00c1RIOS QUE ATUAM NO NORTE DE MINAS GERAIS<\/td><td>Theles de Oliveira Costa<\/td><\/tr><tr><td><a href=\"..\/tccs\/2019\/TCC-ReivisonSoaresSilva.pdf\" target=\"_blank\" rel=\"noreferrer noopener\">Reivison Soares Silva<\/a><\/td><td>INFLU\u00caNCIA DOS INDICADORES DE AN\u00c1LISE DE A\u00c7\u00d5ES SOBRE A DETERMINA\u00c7\u00c3O DE UMA CARTEIRA DE ATIVOS FUNDAMENTALISTA<\/td><td>Mariana Caldeira Teles<\/td><\/tr><tr><td><a href=\"..\/tccs\/2019\/TCC-RobertoLucasAra\u00fajoViana.pdf\" target=\"_blank\" rel=\"noreferrer noopener\">Roberto Lucas Ara\u00fajo Viana<\/a><\/td><td>PROJETO DE VIABILIDADE ECON\u00d4MICA DE SUPERMERCADO EM ALMENARA (MG) SOB PERSPECTIVA DA \u00c1RVORE DE DECIS\u00d5ES<\/td><td>Mariana Caldeira Teles<\/td><\/tr><tr><td><a href=\"..\/tccs\/2019\/TCC-RodrigoBarbosaCordeiro.pdf\" target=\"_blank\" rel=\"noreferrer noopener\">Rodrigo Barbosa Cordeiro<\/a><\/td><td>AN\u00c1LISE DA VARIA\u00c7\u00c3O DAS MEDIDAS DE DESEMPENHO DAS EMPRESAS DE CAPITAL ABERTO NOS PER\u00cdODOS DE INSTABILIDADE E QUEDA DA BOLSA DE VALORES NO BRASIL (2007 \u20132016)<\/td><td>Cristiano Marchi Gimenes<\/td><\/tr><tr><td><a href=\"..\/tccs\/2019\/TCC-UbiratanHenriqueSilvaXavier.pdf\" target=\"_blank\" rel=\"noreferrer noopener\">Ubiratan Henrique Silva Xavier<\/a><\/td><td>DESAFIOS ENFRENTADOS PELOS OPERADORES LOG\u00cdSTICO DE TRANSPORTE RODOVI\u00c1RIO EM MONTES CLAROS &#8211; MG<\/td><td>Fausto Makishi<\/td><\/tr><\/tbody><\/table><\/figure>\n\n\n\n<p><strong>Curso: Agronomia<\/strong><\/p>\n\n\n\n<figure class=\"wp-block-table\"><table><tbody><tr><td><strong>Discente<\/strong><\/td><td><strong>T\u00edtulo<\/strong><\/td><td><strong>Orientador<\/strong><\/td><\/tr><tr><td><a href=\"..\/tccs\/2019\/TCC-BeniNzamuIluku.pdf\" target=\"_blank\" rel=\"noreferrer noopener\">Beni Nzamu Iluku<\/a><\/td><td>PRODU\u00c7\u00c3O, PRODUTIVIDADE E QUALIDADE DE MILHO CRIOULO SUBMETIDO A DOSES DE BIOFERTILIZANTE DE RES\u00cdDUOS SU\u00cdNOS<\/td><td>Delacyr da Silva Brand\u00e3o J\u00fanior<\/td><\/tr><tr><td>Brenda Ferreira<\/td><td>CULTIVO IN VITRO DE Vellozia aloifolia Mart.<\/td><td>Claudin\u00e9ia Ferreira Nunes<\/td><\/tr><tr><td><a href=\"..\/tccs\/2019\/TCC-BrennerQueirozAlmeida.pdf\" target=\"_blank\" rel=\"noreferrer noopener\">Brenner Queiroz Almeida<\/a><\/td><td>N\u00cdVEIS DE REPOSI\u00c7\u00c3O DA EVAPOTRANSPIRA\u00c7\u00c3O PARA O CULTIVO DA AVEIA PRETA EM AMBIENTES SEMI\u00c1RIDO<\/td><td>Thiago Gomes dos Santos Braz<\/td><\/tr><tr><td><a href=\"..\/tccs\/2019\/TCC-BrunnoGabriellOliveiraSantos.pdf\" target=\"_blank\" rel=\"noreferrer noopener\">Brunno Gabriell Oliveira Santos<\/a><\/td><td>CONSTRU\u00c7\u00c3O E AVALIA\u00c7\u00c3O DE UM PULVERIZADOR DE BAIXO CUSTO PARA PEQUENAS PROPRIEDADES<\/td><td>Luiz Henrique de Souza<\/td><\/tr><tr><td><a href=\"..\/tccs\/2019\/TCC-Carm\u00e9liaMaiaSilva.pdf\" target=\"_blank\" rel=\"noreferrer noopener\">Carm\u00e9lia Maia Silva<\/a><\/td><td>POTENCIAL PAISAG\u00cdSTICO E ADUBA\u00c7\u00c3O DE ESP\u00c9CIES SUCULENTAS EM JARDIM VERTICAL<\/td><td>Elka Fabiana Aparecida Almeida<\/td><\/tr><tr><td><a href=\"..\/tccs\/2019\/TCC-CiceroReinaldodeLimaNeto.pdf\" target=\"_blank\" rel=\"noreferrer noopener\">Cicero Reinaldo de Lima Neto<\/a><\/td><td>APLICATIVO PARA DETERMINA\u00c7\u00c3O DE L\u00c2MINA EM SISTEMA DE IRRIGA\u00c7\u00c3O POR ASPERS\u00c3O CONVENCIONAL<\/td><td>Edson de Oliveira Vieira<\/td><\/tr><tr><td><a href=\"..\/tccs\/2019\/TCC-ErikaSatyKimoto.pdf\" target=\"_blank\" rel=\"noreferrer noopener\">Erika Saty Kimoto<\/a><\/td><td>PRODU\u00c7\u00c3O E QUALIDADE DE PSEUDOFRUTOS E SEMENTES DE MORANGUEIROS ORG\u00c2NICOS ADUBADOS COM DOSES DE RES\u00cdDUO DE TEN\u00c9BRIO<\/td><td>Delacyr da Silva Brand\u00e3o J\u00fanior<\/td><\/tr><tr><td><a href=\"..\/tccs\/2019\/TCC-GuilhermeHenriqueMendesRibeiro.pdf\" target=\"_blank\" rel=\"noreferrer noopener\">Guilherme Henrique Mendes Ribeiro<\/a><\/td><td>EFEITO DO MANEJO ALIMENTAR DE JUVEN\u00cdS DE TIL\u00c1PIA-DO-NILO (Oreochromis niloticus) SOBRE O DESEMPENHO E PRODU\u00c7\u00c3O DE ALFACE ITAPU\u00c3 (Lactuca sativa L.) CULTIVADAS EM SISTEMA AQUAP\u00d4NICO<\/td><td>Diego Vicente da Costa<\/td><\/tr><tr><td><a href=\"..\/tccs\/2019\/TCC-LeonardoM\u00e1ximoSilva.pdf\" target=\"_blank\" rel=\"noreferrer noopener\">Leonardo M\u00e1ximo Silva<\/a><\/td><td>AVALIA\u00c7\u00d5ES AGRON\u00d4MICAS E BROMATOLOGICAS DE GEN\u00d3TIPOS DE C\u00c1RTAMO (Carthamus tinctorius L.) CULTIVADOS EM AMBIENTE PROTEGIDO<\/td><td>Demerson Arruda Sanglard<\/td><\/tr><tr><td><a href=\"..\/tccs\/2019\/TCC-LorenaAzevedoBianco.pdf\" target=\"_blank\" rel=\"noreferrer noopener\">Lorena Azevedo Bianco<\/a><\/td><td>FORRAGEIRAS DE INVERNO ADUBADAS COM NITROG\u00caNIO NO NORTE DE MINAS GERAIS<\/td><td>Thiago Gomes dos Santos Braz<\/td><\/tr><tr><td><a href=\"..\/tccs\/2019\/TCC-LucasBarbosaMarques.pdf\" target=\"_blank\" rel=\"noreferrer noopener\">Lucas Barbosa Marques<\/a><\/td><td>ADEQUA\u00c7\u00d5ES NO SISTEMA DE RESFRIAMENTO DA \u00c1GUA DE BEBER PARA F\u00caMEAS SU\u00cdNAS EM LACTA\u00c7\u00c3O E GESTA\u00c7\u00c3O<\/td><td>Irene Menegali<\/td><\/tr><tr><td><a href=\"..\/tccs\/2019\/TCC-MarceloGon\u00e7alvesMachado.pdf\" target=\"_blank\" rel=\"noreferrer noopener\">Marcelo Gon\u00e7alves Machado<\/a><\/td><td>MAPEAMENTO DA INCID\u00caNCIA DA VIROSE COURO-DE-SAPO EM \u00c1REAS PRODUTORAS DE MANDIOCA NO MUNIC\u00cdPIO DE PIRAPORA-MG<\/td><td>Fernando da Silva Rocha<\/td><\/tr><tr><td><a href=\"..\/tccs\/2019\/TCC-MarcusLauardeMelo.pdf\" target=\"_blank\" rel=\"noreferrer noopener\">Marcus Lauar de Melo<\/a><\/td><td>ESTRAT\u00c9GIAS DE MANEJO DE FITONEMATOIDES NA PRODUTIVIDADE DA SOJA NA REGI\u00c3O SUL DO MARANH\u00c3O<\/td><td>Fernando da Silva Rocha<\/td><\/tr><tr><td><a href=\"..\/tccs\/2019\/TCC-MatheusSilvaRodrigues.pdf\" target=\"_blank\" rel=\"noreferrer noopener\">Matheus Silva Rodrigues<\/a><\/td><td>AGRICULTURA FAMILIAR E O PROGRAMA DE AQUISI\u00c7\u00c3O DE ALIMENTOS: UMA AVALIA\u00c7\u00c3O EM MONTES CLAROS NO PER\u00cdODO DE 2016 A 2019<\/td><td>Vanessa Marzano Ara\u00fajo<\/td><\/tr><tr><td><a href=\"..\/tccs\/2019\/TCC-MirellaChristieRodriguesdeAbreu.pdf\" target=\"_blank\" rel=\"noreferrer noopener\">Mirella Christie Rodrigues de Abreu<\/a><\/td><td>QUALIDADE F\u00cdSICAE FISIOL\u00d3GICA DE SEMENTES DE MILHO CRIOULO PRODUZIDAS SOB DIFERENTES DOSES DE BIOFERTILIZANTES SU\u00cdNOS<\/td><td>Delacyr da Silva Brand\u00e3o J\u00fanior<\/td><\/tr><tr><td><a href=\"..\/tccs\/2019\/TCC-RogerioMatheusDeSouzaAzevedo.pdf\" target=\"_blank\" rel=\"noreferrer noopener\">Rog\u00e9rio Matheus de Souza&nbsp; Azevedo<\/a><\/td><td>A PERCEP\u00c7\u00c3O DA IMPORT\u00c2NCIA DO PARQUE ESTADUAL DA LAPA GRANDE PELA POPULA\u00c7\u00c3O DE MONTES CLAROS<\/td><td>Marilda Teixeira Mendes<\/td><\/tr><tr><td><a href=\"..\/tccs\/2019\/TCC-ThyagoHenriqueSanguineteSouza.pdf\" target=\"_blank\" rel=\"noreferrer noopener\">Thyago Henrique Sanguinete Souza<\/a><\/td><td>PRODUTIVIDADE DE CULTIVARES DE SORGO (Sorghum bicolor L.) EM RESPOSTA AO MANEJO DA ADUBA\u00c7\u00c3O NITROGENADA<\/td><td>Carlos Juliano Brant Albuquerque<\/td><\/tr><tr><td><a href=\"..\/tccs\/2019\/TCC-YndhiraSarmentoVieiraLucas.pdf\" target=\"_blank\" rel=\"noreferrer noopener\">Yndhira Sarmento Vieira Lucas<\/a><\/td><td>GERMINA\u00c7\u00c3O, VIGOR E ARMAZENABILIDADE DE SEMENTES DE Cucumis melo L. VARIEDADE CANTALOUPENSIS EM DIFERENTES EST\u00c1DIOS DE MATURA\u00c7\u00c3O<\/td><td>C\u00e2ndido Alves da Costa<\/td><\/tr><\/tbody><\/table><\/figure>\n\n\n\n<p><strong>Curso: Engenharia Agr\u00edcola e Ambiental<\/strong><\/p>\n\n\n\n<figure class=\"wp-block-table\"><table><tbody><tr><td><strong>Discente<\/strong><\/td><td><strong>T\u00edtulo<\/strong><\/td><td><strong>Orientador<\/strong><\/td><\/tr><tr><td><a href=\"..\/tccs\/2019\/TCC-AkilOliveiraGomes.pdf\" target=\"_blank\" rel=\"noreferrer noopener\">Akil Oliveira Gomes<\/a><\/td><td>QUALIDADE QU\u00cdMICA DE \u00c1GUA PARA IRRIGA\u00c7\u00c3O DE PO\u00c7OS ARTESIANOS DO NORTE DE MINAS GERAIS E SUL DA BAHIA.<\/td><td>Fl\u00e1vio Gon\u00e7alves de Oliveira<\/td><\/tr><tr><td><a href=\"..\/tccs\/2019\/TCC-AlineFonsecaMartins.pdf\" target=\"_blank\" rel=\"noreferrer noopener\">Aline Fonseca Martins<\/a><\/td><td>DECOMPOSI\u00c7\u00c3O E LIBERA\u00c7\u00c3O DE NUTRIENTES DE RES\u00cdDUOS VEGETAIS DE ABACAXIZEIRO MANEJADO EM CAMBISSOLO<\/td><td>Rodinei Facco Pegoraro<\/td><\/tr><tr><td><a href=\"..\/tccs\/2019\/TCC-GbisonFerreiradeAlmeida.pdf\" target=\"_blank\" rel=\"noreferrer noopener\">Gbison Ferreira de Almeida<\/a><\/td><td>TAXA DE MINERALIZA\u00c7\u00c3O DE NUTRIENTES DE RES\u00cdDUOS DE GRAM\u00cdNEAS EM CONDI\u00c7\u00d5ES TROPICAIS<\/td><td>Rodinei Facco Pegoraro<\/td><\/tr><tr><td><a href=\"..\/tccs\/2019\/TCC-IsabellaAlkmimBarral.pdf\" target=\"_blank\" rel=\"noreferrer noopener\">Isabella Alkmim Barral<\/a><\/td><td>ALGORITMO PARA AUTOMA\u00c7\u00c3O DO INFILTR\u00d4METRO DE AN\u00c9IS<\/td><td>Sidney Pereira<\/td><\/tr><tr><td><a href=\"..\/tccs\/2019\/TCC-JaironBrenoSouzaSoares.pdf\" target=\"_blank\" rel=\"noreferrer noopener\">Jairon Breno de Souza Soares<\/a><\/td><td>EFEITO DA L\u00c2MINA DE IRRIGA\u00c7\u00c3O NA PRODU\u00c7\u00c3O DA ALFACE MIMOSA<\/td><td>Fl\u00e1vio Gon\u00e7alves de Oliveira<\/td><\/tr><tr><td><a href=\"..\/tccs\/2019\/TCC-JeanWalterSoaresLopes.pdf\" target=\"_blank\" rel=\"noreferrer noopener\">Jean Walter Soares Lopes<\/a><\/td><td>TRATAMENTO DE EFLUENTES DE LAVANDERIA RESIDENCIAL PARA FINS DE REUSO<\/td><td>Charles Martins Aguilar<\/td><\/tr><tr><td><a href=\"..\/tccs\/2019\/TCC-JelvisSantosMachado.pdf\" target=\"_blank\" rel=\"noreferrer noopener\">Jelvis Santos Machado<\/a><\/td><td>AVALIA\u00c7\u00c3O ERGON\u00d4MICA DE TRATORES AGR\u00cdCOLAS UTILIZADOS EM OPERA\u00c7\u00d5ES FLORESTAIS<\/td><td>Stanley Schettino<\/td><\/tr><tr><td><a href=\"..\/tccs\/2019\/TCC-Jo\u00e3oCarlosRibeiroSantos.pdf\" target=\"_blank\" rel=\"noreferrer noopener\">Jo\u00e3o Carlos Ribeiro Santos<\/a><\/td><td>GEOINFORMA\u00c7\u00c3O PARA O ORDENAMENTO E PLANEJAMENTO TERRITORIAL DO MUNIC\u00cdPIO DE MONTES CLAROS, ESTADO DE MINAS GERAIS<\/td><td>Fl\u00e1via Mazzer Rodrigues<\/td><\/tr><tr><td><a href=\"..\/tccs\/2019\/TCC-LuanaBarbosaDur\u00e3es.pdf\" target=\"_blank\" rel=\"noreferrer noopener\">Luana Barbosa Dur\u00e3es<\/a><\/td><td>DIAGN\u00d3STICO AMBIENTAL E PROPOSI\u00c7\u00c3O DE MEDIDAS MITIGADORAS DAS NASCENTES DA SUB-BACIA DO RIO PACU\u00cd EM MONTES CLAROS-MG<\/td><td>Fl\u00e1vio Pimenta de Figueiredo<\/td><\/tr><tr><td><a href=\"..\/tccs\/2019\/TCC-LucasGabrielMeiraSantana.pdf\" target=\"_blank\" rel=\"noreferrer noopener\">Lucas Gabriel Meira Santana<\/a><\/td><td>ESTUDO DO MANEJO DE \u00c1GUAS PLUVIAIS: UM COMPARATIVO ENTRE AS CAPITAIS DOS ESTADOS BRASILEIROS COM O MUN\u00cdCIPIO DE MONTES CLAROS-MG<\/td><td>J\u00falia Ferreira da Silva<\/td><\/tr><tr><td><a href=\"..\/tccs\/2019\/TCC-LucasTadeuAlvesCarneiro.pdf\" target=\"_blank\" rel=\"noreferrer noopener\">Lucas Tadeu Alves Carneiro<\/a><\/td><td>AN\u00c1LISE DE TEND\u00caNCIAS CLIM\u00c1TICAS NA BACIA HIDROGR\u00c1FICA DO RIO DAS VELHAS.<\/td><td>Edson de Oliveira Vieira<\/td><\/tr><tr><td><a href=\"..\/tccs\/2019\/TCC-M\u00e1rioHenriqueCardosoBarbosa.pdf\" target=\"_blank\" rel=\"noreferrer noopener\">M\u00e1rio Henrique Cardoso Barbosa<\/a><\/td><td>Caracteriza\u00e7\u00e3o qu\u00edmica de vermicomposto de lodo de esgoto com diferentes propor\u00e7\u00f5es de terra de diatom\u00e1cea<\/td><td>Regynaldo Arruda Sampaio<\/td><\/tr><tr><td><a href=\"..\/tccs\/2019\/TCC-M\u00f4nicaCostaAzevedo.pdf\" target=\"_blank\" rel=\"noreferrer noopener\">M\u00f4nica Costa Azevedo<\/a><\/td><td>AVALIA\u00c7\u00c3O DE IMPACTOS AMBIENTAIS NAS NASCENTES DA SUB-BACIA DO RIO PACU\u00cd EM MONTES CLAROS-MG<\/td><td>Fl\u00e1vio Pimenta de Figueiredo<\/td><\/tr><tr><td><a href=\"..\/tccs\/2019\/TCC-RamonGuimar\u00e3esLima.pdf\" target=\"_blank\" rel=\"noreferrer noopener\">Ramon Guimar\u00e3es Lima<\/a><\/td><td>N\u00cdVEIS DE RU\u00cdDOS EMITIDOS POR UMA RECOLHEDORA E TRILHADORA ESTACION\u00c1RIA DE FEIJ\u00c3O<\/td><td>Luiz Henrique de Souza<\/td><\/tr><tr><td><a href=\"..\/tccs\/2019\/TCC-SauloErnaneCorrea.pdf\" target=\"_blank\" rel=\"noreferrer noopener\">Saulo Ernane Corr\u00eaa<\/a><\/td><td>AVALIA\u00c7\u00c3O DE IMPACTOS AMBIENTAIS NA MICROBACIA DO RIO DO CEDRO<\/td><td>J\u00falia Ferreira da Silva<\/td><\/tr><tr><td><a href=\"..\/tccs\/2019\/TCC-SheilaBarbosaGomes.pdf\" target=\"_blank\" rel=\"noreferrer noopener\">Sheila Barbosa Gomes<\/a><\/td><td>EFICI\u00caNCIA DA A\u00c7\u00c3O COAGULANTE DO MANDACARU NA REMO\u00c7\u00c3O DA TURBIDEZ PARA MELHORIA DA QUALIDADE DA \u00c1GUA<\/td><td>J\u00falia Ferreira da Silva<\/td><\/tr><tr><td><a href=\"..\/tccs\/2019\/TCC-ThamiresdeFreitasOliveira.pdf\" target=\"_blank\" rel=\"noreferrer noopener\">Thamires de Freitas Oliveira<\/a><\/td><td>GEOTECNOLOGIAS NA AN\u00c1LISE TEMPORAL DE USO E OCUPA\u00c7\u00c3O DO SOLO E DOS CONFLITOS AMBIENTAIS DA BACIA HIDROGR\u00c1FICA DO RIO VIEIRA, MONTES CLAROS-MG<\/td><td>Fl\u00e1via Mazzer Rodrigues<\/td><\/tr><\/tbody><\/table><\/figure>\n\n\n\n<p><strong>Curso: Engenharia de Alimentos<\/strong><\/p>\n\n\n\n<figure class=\"wp-block-table\"><table><tbody><tr><td><strong>Discente<\/strong><\/td><td><strong>T\u00edtulo<\/strong><\/td><td><strong>Orientador<\/strong><\/td><\/tr><tr><td><a href=\"..\/tccs\/2019\/TCC-AnaCarolinaRocha.pdf\">Ana Carolina Santos Rocha<\/a><\/td><td>CARACTERIZA\u00c7\u00c3O F\u00cdSICO QU\u00cdMICA DE BEBIDA L\u00c1CTEA FERMENTADA ADICIONADA DE COQUINHO AZEDO (Butia capitata)<\/td><td>Igor Viana Brandi<\/td><\/tr><tr><td><a href=\"..\/tccs\/2019\/TCC-CarlaBeatrizSilva.pdf\" target=\"_blank\" rel=\"noreferrer noopener\">Carla Beatriz Silva<\/a><\/td><td>CARACTERIZA\u00c7\u00c3O DE BISCOITOS TIPO COOKIE ELABORADOS COM FARINHA DE BATATA DOCE<\/td><td>Cl\u00e1udia Regina Vieira<\/td><\/tr><tr><td><a href=\"..\/tccs\/2019\/TCC-ElaineErikaElizeudaSilva.pdf\" target=\"_blank\" rel=\"noreferrer noopener\">Elaine Erika Elizeu da Silva<\/a><\/td><td>UTILIZA\u00c7\u00c3O DA FARINHA DE BETERRABA E DE BATATA DOCE NA ELABORA\u00c7\u00c3O DE P\u00c3O TIPO BISNAGUINHA<\/td><td>Cl\u00e1udia Regina Vieira<\/td><\/tr><tr><td><a href=\"..\/tccs\/2019\/TCC-FabianoNunesdosSantos.pdf\" target=\"_blank\" rel=\"noreferrer noopener\">Fabiano Nunes dos Santos<\/a><\/td><td>DIVERSIDADE DE SUPLEMENTOS ALIMENTARES PARA NUTRI\u00c7\u00c3O INFANTIL DISPON\u00cdVEIS NO BRASIL<\/td><td>Igor Viana Brandi<\/td><\/tr><tr><td><a href=\"..\/tccs\/2019\/TCC-FabioRibeirodosSantos.pdf\" target=\"_blank\" rel=\"noreferrer noopener\">Fabio Ribeiro dos Santos<\/a><\/td><td>EFEITO DA SUPLEMENTA\u00c7\u00c3O COM GR\u00c3OS DE KEFIR NO METABOLISMO DE CAMUNDONGOS DESNUTRIDOS<\/td><td>S\u00e9rgio Henrique Souza Santos<\/td><\/tr><tr><td><a href=\"..\/tccs\/2019\/TCC-HandrayFernandesdeSouza.pdf\" target=\"_blank\" rel=\"noreferrer noopener\">Handray Fernandes de Souza<\/a><\/td><td>AVALIA\u00c7\u00c3O DE BEBIDA L\u00c1CTEA FERMENTADA ADICIONADA DE POLPA DE UMBU (Spondias tuberosa) NO TRATAMENTO DE DESNUTRI\u00c7\u00c3O INFANTIL<\/td><td>Igor Viana Brandi<\/td><\/tr><tr><td><a href=\"..\/tccs\/2019\/TCC-Jo\u00e3oPedroAntunesLopes.pdf\" target=\"_blank\" rel=\"noreferrer noopener\">Jo\u00e3o Pedro Antunes Lopes<\/a><\/td><td>AVALIA\u00c7\u00c3O DE BEBIDA L\u00c1CTEA FERMENTADA EM TRATAMENTO DE MODELO ANIMAL DE DESNUTRI\u00c7\u00c3O EM CAMUNDONGOS Swiss<\/td><td>Igor Viana Brandi<\/td><\/tr><tr><td><a href=\"..\/tccs\/2019\/TCC-Vin\u00edciusDeOliveiraVasconcelos.pdf\" target=\"_blank\" rel=\"noreferrer noopener\">Vin\u00edcius de Oliveira Vasconcelos<\/a><\/td><td>Fermenta\u00e7\u00e3o em estado s\u00f3lido com res\u00edduos agr\u00edcolas de frutos do cerrado para produ\u00e7\u00e3o da enzima fitase por Aspergillus awamori e Penicillium roqueforti<\/td><td>William James Nogueira Lima<\/td><\/tr><\/tbody><\/table><\/figure>\n\n\n\n<p><strong>Curso: Engenharia Florestal<\/strong><\/p>\n\n\n\n<figure class=\"wp-block-table\"><table><tbody><tr><td><strong>Discente<\/strong><\/td><td><strong>T\u00edtulo<\/strong><\/td><td><strong>Orientador<\/strong><\/td><\/tr><tr><td><a href=\"..\/tccs\/2019\/TCC-CiroLuizLacerdaSouza.pdf\" target=\"_blank\" rel=\"noreferrer noopener\">Ciro Luiz Lacerda de Souza<\/a><\/td><td>BALAN\u00c7O DE CARBONO DO PROCESSO DE PRODU\u00c7\u00c3O DE MADEIRA DE REFLORESTAMENTO NO CERRADO DO NORTE DE MINAS GERAIS<\/td><td>Stanley Schettino<\/td><\/tr><tr><td><a href=\"..\/tccs\/2019\/TCC-DavidLopesTeixeira.pdf\" target=\"_blank\" rel=\"noreferrer noopener\">David Lopes Teixeira<\/a><\/td><td>Desenvolvimento de Sapindus saponaria (Sapindaceae) com lodo de esgoto e \u00edndices ecol\u00f3gicos de artr\u00f3podes associados<\/td><td>Germano Le\u00e3o Demolin Leite<\/td><\/tr><tr><td><a href=\"..\/tccs\/2019\/TCC-LucasAlairDias.pdf\" target=\"_blank\" rel=\"noreferrer noopener\">Lucas Alair Dias<\/a><\/td><td>AN\u00c1LISE ECON\u00d4MICA DA ROTA\u00c7\u00c3O FLORESTAL VISANDO MAXIMIZAR O RETORNO DO INVESTIMENTO<\/td><td>Stanley Schettino<\/td><\/tr><tr><td><a href=\"..\/tccs\/2019\/TCC-WaldileneRodriguesFerreiraSantana.pdf\" target=\"_blank\" rel=\"noreferrer noopener\">Waldilene Rodrigues Ferreira Santana<\/a><\/td><td>CARACTERIZA\u00c7\u00c3O SILVICULTURAL DE UM POVOAMENTO DE MOGNO AFRICANO (Khaya spp.) NO CERRADO<\/td><td>Leandro Silva de Oliveira<\/td><\/tr><\/tbody><\/table><\/figure>\n\n\n\n<p><strong>Curso: Zootecnia<\/strong><\/p>\n\n\n\n<figure class=\"wp-block-table\"><table><tbody><tr><td><strong>Discente<\/strong><\/td><td><strong>T\u00edtulo<\/strong><\/td><td><strong>Orientador<\/strong><\/td><\/tr><tr><td><a href=\"..\/tccs\/2019\/TCC-AnaPaulaCamposAlmeida.pdf\" target=\"_blank\" rel=\"noreferrer noopener\">Ana Paula Campos Almeida<\/a><\/td><td>EFICI\u00caNCIA T\u00c9CNICO-ECON\u00d4MICA DE DIFERENTES DIETAS L\u00cdQUIDAS NA CRIA DE BEZERRASLEITEIRAS<\/td><td>M\u00e1rio Henrique Fran\u00e7a Mourth\u00e9<\/td><\/tr><tr><td><a href=\"..\/tccs\/2019\/TCC-Jo\u00e3oPauloPereiradeSouza.pdf\" target=\"_blank\" rel=\"noreferrer noopener\">Jo\u00e3o Paulo Pereira de Souza<\/a><\/td><td>INFLU\u00caNCIA DA ORDEM DE PARI\u00c7\u00c3O SOBRE OS \u00cdNDICES ZOOT\u00c9CNICOS EM MATRIZES SU\u00cdNAS HIPERPROLIFICAS DA LINHAGEM LANDRACE X LARGE WHITE.<\/td><td>Let\u00edcia Ferrari Crocomo<\/td><\/tr><tr><td><a href=\"..\/tccs\/2019\/TCC-LucasAparecidoGomesTrindade.pdf\" target=\"_blank\" rel=\"noreferrer noopener\">Lucas Aparecido Gomes Trindade<\/a><\/td><td>SILAGEM DA PLANTA DE MILHO SUBMETIDA A DIFERENTES ALTURAS DE CORTE<\/td><td>M\u00e1rio Henrique Fran\u00e7a Mourth\u00e9<\/td><\/tr><tr><td><a href=\"..\/tccs\/2019\/TCC-LucasGomesVieira.pdf\" target=\"_blank\" rel=\"noreferrer noopener\">Lucas Gomes Vieira<\/a><\/td><td>ESTUDO DE CASO: IMPACTO ECON\u00d4MICO DA MASTITE BOVINA<\/td><td>Anna Christina de Almeida<\/td><\/tr><tr><td><a href=\"..\/tccs\/2019\/TCC-NathaliaCristinadeOliveira.pdf\" target=\"_blank\" rel=\"noreferrer noopener\">Nath\u00e1lia Cristina de Oliveira<\/a><\/td><td>Efeito do sistema de alojamento e suplementa\u00e7\u00e3o de Hy-D\u00ae sobre o desempenho e n\u00edveis s\u00e9ricos de 25Hidr\u00f3xi-colecalciferol em f\u00eameas su\u00ednas durante a gesta\u00e7\u00e3o e lacta\u00e7\u00e3o<\/td><td>Bruno Alexander Nunes Silva<\/td><\/tr><tr><td><a href=\"..\/tccs\/2019\/TCC-NayaraTherezaPiresTeixeira.pdf\" target=\"_blank\" rel=\"noreferrer noopener\">Nayara Thereza Pires Teixeira<\/a><\/td><td>RELA\u00c7AO ENTRE HIPERQUERATOSE E MASTITE EM REBANHO LEITEIRO<\/td><td>Otaviano de Souza Pires Neto<\/td><\/tr><\/tbody><\/table><\/figure>\n","protected":false},"excerpt":{"rendered":"<p>Trabalhos de Conclus\u00e3o de Curso Ano: 2019 Curso: Administra\u00e7\u00e3o Discente T\u00edtulo Orientador Amanda Imamura Russo SISTEMAS GERENCIAIS NA LOJA DE PRODUTOS DA FAZENDA EXPERIMENTAL DA UFMG CAMPUS MONTES CLAROS: UM ESTUDO DE CASO Giovanni Campos Fonseca Ana Clara Soares de Souza RELA\u00c7\u00d5ES ESTABELECIDAS ENTRE REDES SOCIAIS E GEST\u00c3O DO CONHECIMENTO EM ARTIGOS EM PORTUG\u00caS PUBLICADOS [&hellip;]<\/p>\n","protected":false},"author":3,"featured_media":0,"parent":0,"menu_order":0,"comment_status":"closed","ping_status":"closed","template":"","meta":[],"acf":[],"_links":{"self":[{"href":"https:\/\/www.ufmg.br\/montesclaros\/wp-json\/wp\/v2\/pages\/1117"}],"collection":[{"href":"https:\/\/www.ufmg.br\/montesclaros\/wp-json\/wp\/v2\/pages"}],"about":[{"href":"https:\/\/www.ufmg.br\/montesclaros\/wp-json\/wp\/v2\/types\/page"}],"author":[{"embeddable":true,"href":"https:\/\/www.ufmg.br\/montesclaros\/wp-json\/wp\/v2\/users\/3"}],"replies":[{"embeddable":true,"href":"https:\/\/www.ufmg.br\/montesclaros\/wp-json\/wp\/v2\/comments?post=1117"}],"version-history":[{"count":4,"href":"https:\/\/www.ufmg.br\/montesclaros\/wp-json\/wp\/v2\/pages\/1117\/revisions"}],"predecessor-version":[{"id":2150,"href":"https:\/\/www.ufmg.br\/montesclaros\/wp-json\/wp\/v2\/pages\/1117\/revisions\/2150"}],"wp:attachment":[{"href":"https:\/\/www.ufmg.br\/montesclaros\/wp-json\/wp\/v2\/media?parent=1117"}],"curies":[{"name":"wp","href":"https:\/\/api.w.org\/{rel}","templated":true}]}}