{"id":1119,"date":"2024-07-01T15:17:15","date_gmt":"2024-07-01T18:17:15","guid":{"rendered":"https:\/\/www.ufmg.br\/montesclaros\/?page_id=1119"},"modified":"2024-12-20T10:56:56","modified_gmt":"2024-12-20T13:56:56","slug":"trabalhos-de-conclusao-de-curso-2020","status":"publish","type":"page","link":"https:\/\/www.ufmg.br\/montesclaros\/trabalhos-de-conclusao-de-curso-2020\/","title":{"rendered":"Trabalhos de Conclus\u00e3o de Curso &#8211; 2020"},"content":{"rendered":"\n<p><strong>Trabalhos de Conclus\u00e3o de Curso<\/strong><\/p>\n\n\n\n<p><strong>Ano: 2020<\/strong><\/p>\n\n\n\n<p><strong>Curso: Administra\u00e7\u00e3o<\/strong><\/p>\n\n\n\n<figure class=\"wp-block-table\"><table><tbody><tr><td><strong>Discente<\/strong><\/td><td><strong>T\u00edtulo<\/strong><\/td><td><strong>Orientador<\/strong><\/td><\/tr><tr><td><a href=\"..\/tccs\/2020\/TCC-AnnaClaraSilvaRodrigues.pdf\">Anna Clara Silva Rodrigues<\/a><\/td><td>BARREIRAS \u00c0 INTERNACIONALIZA\u00c7\u00c3O DE DOCENTES DO ENSINO SUPERIOR: Reflex\u00f5es para gest\u00e3o acad\u00eamica<\/td><td>Andr\u00e9 Luiz Mendes Athayde<\/td><\/tr><tr><td><a href=\"..\/tccs\/2020\/TCC-CarmemLuciaVelosoMaciel.pdf\" target=\"_blank\" rel=\"noreferrer noopener\">Carmem L\u00facia Veloso Maciel<\/a><\/td><td>AVALIA\u00c7\u00c3O DO PROCESSO DE FORMULA\u00c7\u00c3O DE ESTRAT\u00c9GIAS EM UMA EMPRESA FAMILIAR DE PEQUENO PORTE<\/td><td>Andr\u00e9 Luiz Mendes Athayde<\/td><\/tr><tr><td><a href=\"..\/tccs\/2020\/TCC-FernandaFerreiraMedeiros.pdf\">Fernanda Ferreira Medeiros<\/a><\/td><td>PANORAMA DOS INDICADORES ECON\u00d4MICOS DAS CADEIAS PRODUTIVAS T\u00caXTIL E DE CONFEC\u00c7\u00d5ES NO BRASIL, 2010 &#8211; 2017<\/td><td>Vanessa Marzano Ara\u00fajo<\/td><\/tr><tr><td><a href=\"..\/tccs\/2020\/TCC-FloripesCrispimSantana.pdf\" target=\"_blank\" rel=\"noreferrer noopener\">Floripes Crispim Santana<\/a><\/td><td>NEG\u00d3CIOS DE IMPACTO: O CASO DO GALP\u00c3O DE RECICLAGEM MONTESUL EM MONTES CLAROS-MG<\/td><td>Fausto Makishi<\/td><\/tr><tr><td><a href=\"..\/tccs\/2020\/TCC-GuilhermeAfonsodeFreitasRocha.pdf\" target=\"_blank\" rel=\"noreferrer noopener\">Guilherme Afonso de Freitas Rocha<\/a><\/td><td>AN\u00c1LISE DA CORRELA\u00c7\u00c3O ENTRE VARI\u00c1VEIS SOCIODEMOGR\u00c1FICAS E O COMPORTAMENTO FINANCEIRO PESSOAL: uma compara\u00e7\u00e3o transcultural entre o Brasil e os Estados Unidos da Am\u00e9rica<\/td><td>Andr\u00e9 Luiz Mendes Athayde<\/td><\/tr><tr><td><a href=\"..\/tccs\/2020\/TCC-HebertIvoSaraivaCoutinho.pdf\" target=\"_blank\" rel=\"noreferrer noopener\">Hebert Ivo Saraiva Coutinho<\/a><\/td><td>AN\u00c1LISE DA CORRELA\u00c7\u00c3O ENTRE VARI\u00c1VEIS SOCIODEMOGR\u00c1FICAS E CARACTER\u00cdSTICAS DE UMA PESSOA INOVADORA: uma compara\u00e7\u00e3o transcultural entre o Brasil e os Estados Unidos da Am\u00e9rica<\/td><td>Andr\u00e9 Luiz Mendes Athayde<\/td><\/tr><tr><td><a href=\"..\/tccs\/2020\/TCC-KarinePereiradaSilva.pdf\" target=\"_blank\" rel=\"noreferrer noopener\">Karine Pereira da Silva<\/a><\/td><td>OBST\u00c1CULOS \u00c0 INTERNACIONALIZA\u00c7\u00c3O DO ENSINO SUPERIOR NA PERSPECTIVA DE DOCENTES: Inputs para a Gest\u00e3o Acad\u00eamica<\/td><td>Andr\u00e9 Luiz Mendes Athayde<\/td><\/tr><tr><td><a href=\"..\/tccs\/2020\/TCC-MarcoAntonioPereiraMota.pdf\">Marco Ant\u00f4nio Pereira Mota<\/a><\/td><td>ESTUDO DE VARI\u00c1VEIS RELACIONADAS AO COMPORTAMENTO AMBIENTAL: Uma compara\u00e7\u00e3o transcultural entre o Brasil e os Estados Unidos da Am\u00e9rica<\/td><td>Andr\u00e9 Luiz Mendes Athayde<\/td><\/tr><tr><td><a href=\"..\/tccs\/2020\/TCC-PolianaLimaAzevedo.pdf\" target=\"_blank\" rel=\"noreferrer noopener\">Poliana Lima Azevedo<\/a><\/td><td>AS REFORMAS PREVIDENCI\u00c1RIAS AP\u00d3S A CONSTITUI\u00c7\u00c3O DE 1988: UMA AN\u00c1LISE DAS MUDAN\u00c7AS EFETIVAS NO REGIME GERAL<\/td><td>Dalton Rocha Pereira<\/td><\/tr><\/tbody><\/table><\/figure>\n\n\n\n<p><strong>Curso: Agronomia<\/strong><\/p>\n\n\n\n<figure class=\"wp-block-table\"><table><tbody><tr><td><strong>Discente<\/strong><\/td><td><strong>T\u00edtulo<\/strong><\/td><td><strong>Orientador<\/strong><\/td><\/tr><tr><td><a href=\"..\/tccs\/2020\/TCC-AlineMartinsFerreiraBarroso.pdf\" target=\"_blank\" rel=\"noreferrer noopener\">Aline Martins Ferreira Barroso<\/a><\/td><td>CARACTERIZA\u00c7\u00c3O MORFOL\u00d3GICA E GERMINA\u00c7\u00c3O DE SEMENTES DE BEAUCARNEA RECURVATA LEM.<\/td><td>Claudin\u00e9ia Ferreira Nunes<\/td><\/tr><tr><td><a href=\"..\/tccs\/2020\/TCC-AnaPauladeMeloRocha.pdf\" target=\"_blank\" rel=\"noreferrer noopener\">Ana Paula de Melo Rocha<\/a><\/td><td>CULTIVO DE HORTEL\u00c3 HIDROP\u00d4NICA UTILIZANDO BIOFERTILIZANTE COMO SOLU\u00c7\u00c3O NUTRITIVA<\/td><td>Ernane Ronie Martins<\/td><\/tr><tr><td><a href=\"..\/tccs\/2020\/TCC-AndressaLaisCaldeiradeSouza.pdf\" target=\"_blank\" rel=\"noreferrer noopener\">Andressa La\u00eds Caldeira de Souza<\/a><\/td><td>CRESCIMENTO DE ABACAXIZEIROS SUBMETIDOS A CONCENTRA\u00c7\u00d5ES DE ALUM\u00cdNIO<\/td><td>Rodinei Facco Pegoraro<\/td><\/tr><tr><td><a href=\"..\/tccs\/2020\/TCC-CarinySantosFran\u00e7a.pdf\" target=\"_blank\" rel=\"noreferrer noopener\">Cariny Santos Fran\u00e7a<\/a><\/td><td>FERTILIZANTES COMERCIAIS NO CULTIVO IN VITRO DE ORQU\u00cdDEAS<\/td><td>Claudin\u00e9ia Ferreira Nunes<\/td><\/tr><tr><td><a href=\"..\/tccs\/2020\/TCC-CarolinaMarquesDias.pdf\" target=\"_blank\" rel=\"noreferrer noopener\">Carolina Marques Dias<\/a><\/td><td>PH DO EXSUDATO NA AVALIA\u00c7\u00c3O DA VIABILIDADE E VIGOR DE SEMENTES DE FEIJ\u00c3O-FAVA<\/td><td>Delacyr da Silva Brand\u00e3o J\u00fanior<\/td><\/tr><tr><td><a href=\"..\/tccs\/2020\/TCC-Cl\u00f3visHenriqueOliveiraRodrigues.pdf\" target=\"_blank\" rel=\"noreferrer noopener\">Cl\u00f3vis Henrique Oliveira Rodrigues<\/a><\/td><td>SELE\u00c7\u00c3O DE CLONES DE BATATA-DOCE COM ALTO POTENCIAL PRODUTIVO PARA ALIMENTA\u00c7\u00c3O HUMANA E ANIMAL<\/td><td>Alcinei M\u00edstico Azevedo<\/td><\/tr><tr><td><a href=\"..\/tccs\/2020\/TCC-DaniloAparecidoRodriguesTrindade.pdf\" target=\"_blank\" rel=\"noreferrer noopener\">Danilo Aparecido Rodrigues Trindade<\/a><\/td><td>FERTILIZANTE DE LIBERA\u00c7\u00c3O CONTROLADA NA PRODU\u00c7\u00c3O DE PORTA-ENXERTO DE CITRUMELO \u2018SWINGLE\u2019<\/td><td>Paulo S\u00e9rgio Nascimento Lopes<\/td><\/tr><tr><td><a href=\"..\/tccs\/2020\/TCC-EllenBeatrizdosSantos.pdf\" target=\"_blank\" rel=\"noreferrer noopener\">Ellen Beatriz dos Santos<\/a><\/td><td>ADUBA\u00c7\u00c3O E CONS\u00d3RCIO COM PLANTAS MEDICINAIS NO CULTIVO AGROECOL\u00d3GICO DE FLORES TROPICAIS<\/td><td>Elka Fabiana Aparecida Almeida<\/td><\/tr><tr><td><a href=\"..\/tccs\/2020\/TCC-FelipeRamosVieira.pdf\" target=\"_blank\" rel=\"noreferrer noopener\">Felipe Ramos Vieira<\/a><\/td><td>Fruit development and ABA biosynthesis during Caryocar brasiliense (Caryocaraceae) seed maturation<\/td><td>Paulo S\u00e9rgio Nascimento Lopes<\/td><\/tr><tr><td><a href=\"..\/tccs\/2020\/TCC-FrancielleDur\u00e3esSilva.pdf\" target=\"_blank\" rel=\"noreferrer noopener\">Francielle Dur\u00e3es Silva<\/a><\/td><td>PRODU\u00c7\u00c3O DE ALFACE SOB DIFERENTES FONTES E DOSES DE ADUBOS<\/td><td>Fernando da Silva Rocha<\/td><\/tr><tr><td><a href=\"..\/tccs\/2020\/TCC-GabriellySoaresFerreira.pdf\" target=\"_blank\" rel=\"noreferrer noopener\">Gabrielly Soares Ferreira<\/a><\/td><td>ATIVIDADE ANTIOXIDANTE E COMPOSI\u00c7\u00c3O QU\u00cdMICA DO \u00d3LEO ESSENCIAL DE Alpinia zerumbet (Pers.) B. L. Burtt &amp; R. M. Sm. (ZINGIBERACEAE)<\/td><td>Ernane Ronie Martins<\/td><\/tr><tr><td><a href=\"..\/tccs\/2020\/TCC-JeisianedasDoresAugustaPereira.pdf\" target=\"_blank\" rel=\"noreferrer noopener\">Jeisiane das Dores Augusta Pereira<\/a><\/td><td>MODELOS DID\u00c1TICOS, CARTILHA E V\u00cdDEO DE ANIMA\u00c7\u00c3O COMO FACILITADORES NO ENSINO-APRENDIZAGEM DA MICROPROPAGA\u00c7\u00c3O DE BANANEIRA<\/td><td>Claudin\u00e9ia Ferreira Nunes<\/td><\/tr><tr><td><a href=\"..\/tccs\/2020\/TCC-LeilaRibeiroRodrigues.pdf\" target=\"_blank\" rel=\"noreferrer noopener\">Leila Ribeiro Rodrigues<\/a><\/td><td>A SUCESS\u00c3O NA AGRICULTURA FAMILIAR: PERCEP\u00c7\u00d5ES DOS JOVENS SOBRE A PERMAN\u00caNCIA NO RURAL<\/td><td>Frederico Antonio Mineiro Lopes<\/td><\/tr><tr><td><a href=\"..\/tccs\/2020\/TCC-LeonardoNascimentoLima.pdf\" target=\"_blank\" rel=\"noreferrer noopener\">Leonardo Nascimento Lima<\/a><\/td><td>SISTEMA IOT DE BAIXO CUSTO PARA AUTOMA\u00c7\u00c3O E GEST\u00c3O DE IRRIGA\u00c7\u00c3O<\/td><td>Edson de Oliveira Vieira<\/td><\/tr><tr><td><a href=\"..\/tccs\/2020\/TCC-Lu\u00edsaRochaFerreiraPereira.pdf\" target=\"_blank\" rel=\"noreferrer noopener\">Lu\u00edsa Rocha Ferreira Pereira<\/a><\/td><td>SILAGENS DE GR\u00c3OS REIDRADATADOS SUBMETIDAS A PER\u00cdODOS DE CONSERVA\u00c7\u00c3O<\/td><td>M\u00e1rio Henrique Fran\u00e7a Mourth\u00e9<\/td><\/tr><tr><td><a href=\"..\/tccs\/2020\/TCC-MateusMartinsDeSouza.pdf\" target=\"_blank\" rel=\"noreferrer noopener\">Mateus Martins de Souza<\/a><\/td><td>AGRICULTURA E DESENVOLVIMENTO: BASES PARA UMA ABORDAGEM SIST\u00caMICA NO MUNIC\u00cdPIO MONTES CLAROS &#8211; MG<\/td><td>Frederico Antonio Mineiro Lopes<\/td><\/tr><tr><td><a href=\"..\/tccs\/2020\/TCC-MatheusRodriguesTorres.pdf\" target=\"_blank\" rel=\"noreferrer noopener\">Matheus Rodrigues Torres<\/a><\/td><td>BIOCARV\u00c3O DE ESTERCO BOVINO COMO CONDICIONADOR DE SOLO PARA O CULTIVO DO FEIJOEIRO<\/td><td>Luiz Arnaldo Fernandes<\/td><\/tr><tr><td><a href=\"..\/tccs\/2020\/TCC-RafaelFerreiraDias.pdf\" target=\"_blank\" rel=\"noreferrer noopener\">Rafael Ferreira Dias<\/a><\/td><td>CARACTER\u00cdSTICAS AGRON\u00d4MICAS DE FEIJ\u00c3O GUANDU EM SISTEMAS DE INTEGRA\u00c7\u00c3O LAVOURA-PECU\u00c1RIA-FLORESTA<\/td><td>Evander Alves Ferreira<\/td><\/tr><tr><td><a href=\"..\/tccs\/2020\/TCC-SilviaCeciliaSantana.pdf\" target=\"_blank\" rel=\"noreferrer noopener\">Silvia Cecilia Santana<\/a><\/td><td>IMOBILIZA\u00c7\u00c3O E CARACTERIZA\u00c7\u00c3O DA \u03b1-AMILASE DE ASPERGILLUS ORYZAE EM NANOPART\u00cdCULAS MAGN\u00c9TICAS DE \u03b4\u2011FeOOH<\/td><td>Bruna Mara Aparecida de Carvalho<\/td><\/tr><tr><td><a href=\"..\/tccs\/2020\/TCC-WesleyVin\u00edciusdeMatosAquino.pdf\" target=\"_blank\" rel=\"noreferrer noopener\">Wesley Vin\u00edcius de Matos Aquino<\/a><\/td><td>ANORMALIDADES EM H\u00cdBRIDOS DE MILHO ASSOCIADAS A FATORES GEN\u00c9TICOS E AMBIENTAIS<\/td><td>Carlos J\u00faliano Brant Albuquerque<\/td><\/tr><\/tbody><\/table><\/figure>\n\n\n\n<p><strong>Curso: Engenharia Agr\u00edcola e Ambiental<\/strong><\/p>\n\n\n\n<figure class=\"wp-block-table\"><table><tbody><tr><td><strong>Discente<\/strong><\/td><td><strong>T\u00edtulo<\/strong><\/td><td><strong>Orientador<\/strong><\/td><\/tr><tr><td><a href=\"..\/tccs\/2020\/TCC-BrunaReginaSoaresGomes.pdf\" target=\"_blank\" rel=\"noreferrer noopener\">Bruna Regina Soares Gomes<\/a><\/td><td>CARACTERIZA\u00c7\u00c3O E AN\u00c1LISE CR\u00cdTICA DO PAISAGISMO DO INSTITUTO DE CI\u00caNCIAS AGR\u00c1RIAS DA UNIVERSIDADE FEDERAL DE MINAS GERAIS EM MONTES CLAROS, MG<\/td><td>J\u00falia Ferreira da Silva<\/td><\/tr><tr><td><a href=\"..\/tccs\/2020\/TCC-CrystyanCardosoRodrigues.pdf\" target=\"_blank\" rel=\"noreferrer noopener\">Crystyan Cardoso Rodrigues<\/a><\/td><td>AVALIA\u00c7\u00c3O HIDR\u00c1ULICA DE SISTEMA DE IRRIGA\u00c7\u00c3O POR ASPERSS\u00c3O CONVENCIONAL<\/td><td>Fl\u00e1vio Gon\u00e7alves Oliveira<\/td><\/tr><tr><td><a href=\"..\/tccs\/2020\/TCC-KarlaDanielleRodriguesPinheiro.pdf\" target=\"_blank\" rel=\"noreferrer noopener\">Karla Danielle Rodrigues Pinheiro<\/a><\/td><td>ESTUDO DA LIXIVIA\u00c7\u00c3O DE CRES\u00d3IS EM SOLO CONDICIONADO COM LODO DE ESGOTO: UM POTENCIAL CONTAMINANTE DE LEN\u00c7\u00d3IS FRE\u00c1TICOS<\/td><td>Edson de Oliveira Vieira<\/td><\/tr><tr><td><a href=\"..\/tccs\/2020\/TCC-KennioGoncalvesdaSilva.pdf\" target=\"_blank\" rel=\"noreferrer noopener\">K\u00eannio Gon\u00e7alves da Silva<\/a><\/td><td>AVALIA\u00c7\u00c3O HIDRA\u00daLICA DE UM SISTEMA DE IRRIGA\u00c7\u00c3O POR MICROASPERS\u00c3O<\/td><td>Fl\u00e1vio Gon\u00e7alves Oliveira<\/td><\/tr><tr><td><a href=\"..\/tccs\/2020\/TCC-MariaIsabelFerreiraMoura.pdf\" target=\"_blank\" rel=\"noreferrer noopener\">Maria Isabel Ferreira Moura<\/a><\/td><td>AVALIA\u00c7\u00c3O DA UNIFORMIDADE DE IRRIGA\u00c7\u00c3O EM UM SISTEMA DE ASPERS\u00c3O CONVENCIONAL<\/td><td>Fl\u00e1vio Gon\u00e7alves Oliveira<\/td><\/tr><tr><td><a href=\"..\/tccs\/2020\/TCC-OliviaVasconcelosAndrade.pdf\" target=\"_blank\" rel=\"noreferrer noopener\">Ol\u00edvia Vasconcelos Andrade<\/a><\/td><td>ADEQUA\u00c7\u00c3O ESTRUTURAL E AMBIENTAL DE SERVI\u00c7OS PARA HOTEL PET<\/td><td>D\u00e9lcio C\u00e9sar Cordeiro Rocha<\/td><\/tr><tr><td><a href=\"..\/tccs\/2020\/TCC-RafaelBatistaAntunes.pdf\" target=\"_blank\" rel=\"noreferrer noopener\">Rafael Batista Antunes<\/a><\/td><td>CUSTOS E RENDIMENTO OPERACIONAL DE UM CONJUNTO TRATOR\/IMPLEMENTOS AGR\u00cdCOLAS PARA A PRODU\u00c7\u00c3O DE PASTAGEM NO NORTE DE MINAS GERAIS (ESTUDO DE CASO)<\/td><td>Luiz Henrique Souza<\/td><\/tr><tr><td><a href=\"..\/tccs\/2020\/TCC-RenatoCarlosBritoGomesJ\u00fanior.pdf\" target=\"_blank\" rel=\"noreferrer noopener\">Renato Carlos Brito Gomes J\u00fanior<\/a><\/td><td>MONITORAMENTO DE LEN\u00c7OL FRE\u00c1TICO PARA FINS DE DRENAGEM AGR\u00cdCOLA EM UM LOTE NO PROJETO JA\u00cdBA<\/td><td>Fl\u00e1vio Gon\u00e7alves Oliveira<\/td><\/tr><tr><td><a href=\"..\/tccs\/2020\/TCC-SarahDanielleMachadoCanela.pdf\" target=\"_blank\" rel=\"noreferrer noopener\">Sarah Danielle Machado Canela<\/a><\/td><td>AGRICULTURA 4.0: UM ESTUDO SOBRE O MERCADO DE INFOPRODUTOS<\/td><td>Rodolpho C\u00e9sar dos Reis Tinini<\/td><\/tr><tr><td><a href=\"..\/tccs\/2020\/TCC-SergioLuizSaraivadosReis.pdf\" target=\"_blank\" rel=\"noreferrer noopener\">S\u00e9rgio Luiz Saraiva dos Reis<\/a><\/td><td>MODELAGEM DO N\u00cdVEL DE \u00c1GUA NO RESERVAT\u00d3RIO DA BARRAGEM DE JURAMENTO, MG<\/td><td>Edson de Oliveira Vieira<\/td><\/tr><\/tbody><\/table><\/figure>\n\n\n\n<p><strong>Curso: Engenharia de Alimentos<\/strong><\/p>\n\n\n\n<figure class=\"wp-block-table\"><table><tbody><tr><td><strong>Discente<\/strong><\/td><td><strong>T\u00edtulo<\/strong><\/td><td><strong>Orientador<\/strong><\/td><\/tr><tr><td><a href=\"..\/tccs\/2020\/TCC-AnaFlaviaCamposSantos.pdf\" target=\"_blank\" rel=\"noreferrer noopener\">Ana Flavia Campos Santos<\/a><\/td><td>ELABORA\u00c7\u00c3O DE BOLOS E MINIBOLOS RECHEADOS A PARTIR DA FARINHA DE BATATA DOCE<\/td><td>Cl\u00e1udia Regina Vieira<\/td><\/tr><tr><td><a href=\"..\/tccs\/2020\/TCC-BrunaSoaresAndradeGomes.pdf\" target=\"_blank\" rel=\"noreferrer noopener\">Bruna Soares Andrade Gomes<\/a><\/td><td>AVALIA\u00c7\u00c3O DOS R\u00d3TULOS DE POLPA E \u00d3LEO DE PEQUI COMERCIALIZADOS POR AGROIND\u00daSTRIAS DO NORTE DE MINAS GERAIS<\/td><td>\u00c9rika Endo Alves<\/td><\/tr><tr><td><a href=\"..\/tccs\/2020\/TCC-GabrielSthefanoLourencoPereira.pdf\" target=\"_blank\" rel=\"noreferrer noopener\">Gabriel Sthefano Louren\u00e7o Pereira<\/a><\/td><td>AVALIA\u00c7\u00c3O P\u00d3S-COLHEITA DE CAGAITA (Eugenia dysenterica DC.)<\/td><td>Juliana Pinto de Lima<\/td><\/tr><tr><td><a href=\"..\/tccs\/2020\/TCC-GicelleAparecidaSantos .pdf\" target=\"_blank\" rel=\"noreferrer noopener\">Gicelle Aparecida Santos<\/a><\/td><td>ELABORA\u00c7\u00c3O DE SOBREMESA TIPO GELATINA A PARTIR DE EXTRATOS VEGETAIS<\/td><td>Ernane Ronie Martins<\/td><\/tr><tr><td><a href=\"..\/tccs\/2020\/TCC-KarolinaSoaresdaSilva.pdf\" target=\"_blank\" rel=\"noreferrer noopener\">Karolina Soares da Silva<\/a><\/td><td>ELABORA\u00c7\u00c3O E CARACTERIZA\u00c7\u00c3O DE BISCOITOS DOCES A PARTIR DA FARINHA DE BETERRABA<\/td><td>Cl\u00e1udia Regina Vieira<\/td><\/tr><tr><td><a href=\"..\/tccs\/2020\/TCC-KelyTatianneCostaSantana.pdf\" target=\"_blank\" rel=\"noreferrer noopener\">Kely Tatianne Costa Santana<\/a><\/td><td>Par\u00e2metros de qualidade do leite para a produ\u00e7\u00e3o de l\u00e1cteos<\/td><td>Maximiliano Soares Pinto<\/td><\/tr><tr><td><a href=\"..\/tccs\/2020\/TCC-LauraFrancielleFerreiraBorges.pdf\" target=\"_blank\" rel=\"noreferrer noopener\">Laura Francielle Ferreira Borges<\/a><\/td><td>CARACTERIZA\u00c7\u00c3O GENOT\u00cdPICA DE Staphylococcus aureus RESISTENTES \u00c0 METICILINA ISOLADOS DE TETOS E LEITE BOVINO<\/td><td>Anna Christina de Almeida<\/td><\/tr><tr><td><a href=\"..\/tccs\/2020\/TCC-M\u00e1rciaFariasAndrade.pdf\" target=\"_blank\" rel=\"noreferrer noopener\">M\u00e1rcia Farias Andrade<\/a><\/td><td>EFEITO DE REVESTIMENTO COMEST\u00cdVEL INCORPORADO COM ECHINACEA PURPUREA SOBRE A VIDA \u00daTIL DE BANANA PRATA AN\u00c3<\/td><td>\u00c9rika Endo Alves<\/td><\/tr><tr><td><a href=\"..\/tccs\/2020\/TCC-MariaLuizaDuarteFonseca.pdf\" target=\"_blank\" rel=\"noreferrer noopener\">Maria Luiza Duarte Fonseca<\/a><\/td><td>ELABORA\u00c7\u00c3O DE PR\u00c9-MISTURA PARA BOLOS A PARTIR DE FARINHA DE ARROZ BRANCO, NEGRO E VERMELHO<\/td><td>Cl\u00e1udia Regina Vieira<\/td><\/tr><tr><td><a href=\"..\/tccs\/2020\/TCC-RenataNolascoBraga.pdf\" target=\"_blank\" rel=\"noreferrer noopener\">Renata Nolasco Braga<\/a><\/td><td>AVALI\u00c7\u00c3O DO USO DE FARINHA DA POLPA DE PEQUI EM EMPANADOS C\u00c1RNEOS<\/td><td>Juliana Pinto de Lima<\/td><\/tr><tr><td><a href=\"..\/tccs\/2020\/TCC-MariaHelenaFreitasLopes.pdf\" target=\"_blank\" rel=\"noreferrer noopener\">Maria Helena Freitas Lopes<\/a><\/td><td>ESTUDO DA CIN\u00c9TICA DE CRESCIMENTO DE Lactococcus lactis lactis EM BEBIDA L\u00c1CTEA<\/td><td>Gabriela da Rocha Lemos Mendes<\/td><\/tr><\/tbody><\/table><\/figure>\n\n\n\n<p><strong>Curso: Engenharia Florestal<\/strong><\/p>\n\n\n\n<figure class=\"wp-block-table\"><table><tbody><tr><td><strong>Discente<\/strong><\/td><td><strong>T\u00edtulo<\/strong><\/td><td><strong>Orientador<\/strong><\/td><\/tr><tr><td><a href=\"..\/tccs\/2020\/TCC-AmandaKarolineGon\u00e7alves.pdf\" target=\"_blank\" rel=\"noreferrer noopener\">Amanda Karoline Gon\u00e7alves<\/a><\/td><td>AN\u00c1LISE QUALI-QUANTITATIVA DA ARBORIZA\u00c7\u00c3O URBANA DE LONTRA, MINAS GERAIS: DIVERSIDADE E MANEJO<\/td><td>Elka Fabiana Aparecida Almeida<\/td><\/tr><tr><td><a href=\"..\/tccs\/2020\/TCC-J\u00f3C\u00e1ssioNascimentoCarvalho.pdf\" target=\"_blank\" rel=\"noreferrer noopener\">J\u00f3 C\u00e1ssio Nascimento Carvalho<\/a><\/td><td>Does fertilization with dehydrated sewage sludge affect Terminalia argentea (Combretaceae) and associated arthropods community in a degraded area?<\/td><td>Germano Le\u00e3o Demolin Leite<\/td><\/tr><tr><td><a href=\"..\/tccs\/2020\/TCC-KeyteLaianneAlmeidaSantos.pdf\" target=\"_blank\" rel=\"noreferrer noopener\">Keyte Laianne Almeida Santos<\/a><\/td><td>AN\u00c1LISE DA VIABILIDADE POL\u00cdNICA PARA POLINIZA\u00c7\u00c3O ARTIFICIAL DE Butia capitata (Mart.) Becc.<\/td><td>R\u00fabia Santos Fonseca<\/td><\/tr><tr><td><a href=\"..\/tccs\/2020\/TCC-LoicAymardMfoumbytMfoumbyt.pdf\" target=\"_blank\" rel=\"noreferrer noopener\">Loic Aymard Mfoumbyt Mfoumbyt<\/a><\/td><td>TAMANHO DA POPULA\u00c7\u00c3O NO TREINAMENTO DE RNA PARA ESTIMAR O VOLUME COMERCIAL DA CAATINGA ARB\u00d3REA COM O NEAT<\/td><td>Christian Dias Cabacinha<\/td><\/tr><tr><td><a href=\"..\/tccs\/2020\/TCC-LuisOtavioLopesAguiar.pdf\" target=\"_blank\" rel=\"noreferrer noopener\">Luis Ot\u00e1vio Lopes Aguiar<\/a><\/td><td>JARDIM VERTICAL SENSORIAL DA UFMG: MODELO PARA AUX\u00cdLIO NA EDUCA\u00c7\u00c3O<\/td><td>Elka Fabiana Aparecida Almeida<\/td><\/tr><tr><td><a href=\"..\/tccs\/2020\/TCC-MarcioVenicius BarbosaXavier.pdf\" target=\"_blank\" rel=\"noreferrer noopener\">M\u00e1rcio Ven\u00edcius Barbosa Xavier<\/a><\/td><td>FLORA NATIVA HERB\u00c1CEO-ARBUSTIVA EM CERRADO SENSU STRICTO ECOTONAL<\/td><td>R\u00fabia Santos Fonseca<\/td><\/tr><tr><td><a href=\"..\/tccs\/2020\/TCC-MariaFernandaLealLacerda.pdf\" target=\"_blank\" rel=\"noreferrer noopener\">Maria Fernanda Leal Lacerda<\/a><\/td><td>PLANTAS NATIVAS DE CAMPO RUPESTRE COMO MODELO DE PAISAGISMO ECOL\u00d3GICO PARA EDUCA\u00c7\u00c3O AMBIENTAL<\/td><td>Elka Fabiana Aparecida Almeida<\/td><\/tr><\/tbody><\/table><\/figure>\n\n\n\n<p><strong>Curso: Zootecnia<\/strong><\/p>\n\n\n\n<figure class=\"wp-block-table\"><table><tbody><tr><td><strong>Discente<\/strong><\/td><td><strong>T\u00edtulo<\/strong><\/td><td><strong>Orientador<\/strong><\/td><\/tr><tr><td><a href=\"..\/tccs\/2020\/TCC-EllenBatistaPereira.pdf\" target=\"_blank\" rel=\"noreferrer noopener\">Ellen Batista Pereira<\/a><\/td><td>ENSILAGEM DA RAMA DA BATATA-DOCE<\/td><td>M\u00e1rio Henrique Fran\u00e7a Mourth\u00e9<\/td><\/tr><tr><td><a href=\"..\/tccs\/2020\/TCC-GeovanaSamaraAndradeAguiar.pdf\" target=\"_blank\" rel=\"noreferrer noopener\">Geovana Samara Andrade Aguiar<\/a><\/td><td>ENDOPARASITOS EM BEZERROS LEITEIROS NO NORTE DE MINAS GERAIS<\/td><td>Eduardo Robson Duarte<\/td><\/tr><tr><td><a href=\"..\/tccs\/2020\/TCC-GleisonMarianoSilvaCosta.pdf\" target=\"_blank\" rel=\"noreferrer noopener\">Gleison Mariano Silva Costa<\/a><\/td><td>PALATABILIZANTES SOBRE O DESEMPENHO DE F\u00caMEAS SU\u00cdNAS LACTANTES EM CONDI\u00c7\u00d5ES DE CLIMA TROPICAL<\/td><td>Bruno Alexander Nunes Silva<\/td><\/tr><tr><td><a href=\"..\/tccs\/2020\/TCC-HemilleAntunesFerreiraMiranda.pdf\" target=\"_blank\" rel=\"noreferrer noopener\">Hemille Antunes Ferreira Miranda<\/a><\/td><td>REVIS\u00c3O DE LITERATURA: NUTRI\u00c7\u00c3O IN OVO<\/td><td>Fabiana Ferreira<\/td><\/tr><tr><td><a href=\"..\/tccs\/2020\/TCC-LorenaFernandesCosta.pdf\">Lorena Fernandes Costa<\/a><\/td><td>EFICI\u00caNCIA DE ORDENHA DE REBANHO LEITEIRO: ESTUDO DE CASO<\/td><td>M\u00e1rio Henrique Fran\u00e7a Mourth\u00e9<\/td><\/tr><tr><td><a href=\"..\/tccs\/2020\/TCC-MarceloDouradodeLima.pdf\" target=\"_blank\" rel=\"noreferrer noopener\">Marcelo Dourado de Lima<\/a><\/td><td>USO DE ADITIVOS EM DIETAS PARA LEIT\u00d5ES DESMAMADOS: REVIS\u00c3O DE LITERATURA<\/td><td>Anna Christina de Almeida<\/td><\/tr><tr><td><a href=\"..\/tccs\/2020\/TCC-MariaTeresadeAlmeidaPaula.pdf\" target=\"_blank\" rel=\"noreferrer noopener\">Maria Teresa de Almeida Paula<\/a><\/td><td>ESTUDO DE CASO: AN\u00c1LISE ECON\u00d4MICA DA PRODU\u00c7\u00c3O DE POEDEIRAS COMERCIAIS<\/td><td>Fabiana Ferreira<\/td><\/tr><tr><td><a href=\"..\/tccs\/2020\/TCC-ValdoSoaresMartinsJ\u00fanior.pdf\" target=\"_blank\" rel=\"noreferrer noopener\">Valdo Soares Martins J\u00fanior<\/a><\/td><td>DESEMPENHO DE CORDEIROS DESMAMADOS ALIMENTADOS COM DIETA CONTENDO CEPA AUT\u00d3CTONE DE LEVEDURA DO AMBIENTE RUMINAL<\/td><td>Eduardo Robson Duarte<\/td><\/tr><tr><td><a href=\"..\/tccs\/2020\/TCC-ValescaRibeiroLima.pdf\" target=\"_blank\" rel=\"noreferrer noopener\">Valesca Ribeiro Lima<\/a><\/td><td>AVALIA\u00c7\u00c3O DE UM SUPLEMENTO PROTEICO-ENERG\u00c9TICO ASSOCIADO A DIFERENTES RA\u00c7\u00d5ES PARA LEIT\u00d5ES DURANTE A FASE DE MATERNIDADE E CRECHE<\/td><td>Bruno Alexander Nunes Silva<\/td><\/tr><\/tbody><\/table><\/figure>\n","protected":false},"excerpt":{"rendered":"<p>Trabalhos de Conclus\u00e3o de Curso Ano: 2020 Curso: Administra\u00e7\u00e3o Discente T\u00edtulo Orientador Anna Clara Silva Rodrigues BARREIRAS \u00c0 INTERNACIONALIZA\u00c7\u00c3O DE DOCENTES DO ENSINO SUPERIOR: Reflex\u00f5es para gest\u00e3o acad\u00eamica Andr\u00e9 Luiz Mendes Athayde Carmem L\u00facia Veloso Maciel AVALIA\u00c7\u00c3O DO PROCESSO DE FORMULA\u00c7\u00c3O DE ESTRAT\u00c9GIAS EM UMA EMPRESA FAMILIAR DE PEQUENO PORTE Andr\u00e9 Luiz Mendes Athayde Fernanda [&hellip;]<\/p>\n","protected":false},"author":3,"featured_media":0,"parent":0,"menu_order":0,"comment_status":"closed","ping_status":"closed","template":"","meta":[],"acf":[],"_links":{"self":[{"href":"https:\/\/www.ufmg.br\/montesclaros\/wp-json\/wp\/v2\/pages\/1119"}],"collection":[{"href":"https:\/\/www.ufmg.br\/montesclaros\/wp-json\/wp\/v2\/pages"}],"about":[{"href":"https:\/\/www.ufmg.br\/montesclaros\/wp-json\/wp\/v2\/types\/page"}],"author":[{"embeddable":true,"href":"https:\/\/www.ufmg.br\/montesclaros\/wp-json\/wp\/v2\/users\/3"}],"replies":[{"embeddable":true,"href":"https:\/\/www.ufmg.br\/montesclaros\/wp-json\/wp\/v2\/comments?post=1119"}],"version-history":[{"count":3,"href":"https:\/\/www.ufmg.br\/montesclaros\/wp-json\/wp\/v2\/pages\/1119\/revisions"}],"predecessor-version":[{"id":2155,"href":"https:\/\/www.ufmg.br\/montesclaros\/wp-json\/wp\/v2\/pages\/1119\/revisions\/2155"}],"wp:attachment":[{"href":"https:\/\/www.ufmg.br\/montesclaros\/wp-json\/wp\/v2\/media?parent=1119"}],"curies":[{"name":"wp","href":"https:\/\/api.w.org\/{rel}","templated":true}]}}