{"id":1123,"date":"2024-07-01T15:18:23","date_gmt":"2024-07-01T18:18:23","guid":{"rendered":"https:\/\/www.ufmg.br\/montesclaros\/?page_id=1123"},"modified":"2024-12-20T11:11:47","modified_gmt":"2024-12-20T14:11:47","slug":"trabalhos-de-conclusao-de-curso-2022","status":"publish","type":"page","link":"https:\/\/www.ufmg.br\/montesclaros\/trabalhos-de-conclusao-de-curso-2022\/","title":{"rendered":"Trabalhos de Conclus\u00e3o de Curso &#8211; 2022"},"content":{"rendered":"\n<p><strong>Trabalhos de Conclus\u00e3o de Curso<\/strong><\/p>\n\n\n\n<p><strong>Ano: 2022<\/strong><\/p>\n\n\n\n<p><strong>Curso: Administra\u00e7\u00e3o<\/strong><\/p>\n\n\n\n<figure class=\"wp-block-table\"><table><tbody><tr><td><strong>Discente<\/strong><\/td><td><strong>T\u00edtulo<\/strong><\/td><td><strong>Orientador<\/strong><\/td><\/tr><tr><td><a href=\"..\/tccs\/2022\/TCC-AdsonAlvesPereira.pdf\" target=\"_blank\" rel=\"noreferrer noopener\">Adson Alves Pereira<\/a><\/td><td>CARACTER\u00cdSTICAS DE PESSOAS INOVADORAS: uma compara\u00e7\u00e3o transcultural entre brasileiros e chineses<\/td><td>Andr\u00e9 Luiz Mendes Athayde<\/td><\/tr><tr><td><a href=\"..\/tccs\/2022\/TCC-AlexaCarolineRibeiroLeal.pdf\" target=\"_blank\" rel=\"noreferrer noopener\">Alexa Caroline Ribeiro Leal<\/a><\/td><td>VALORES AMBIENTAIS: uma compara\u00e7\u00e3o transcultural entre o Brasil e os Estados Unidos<\/td><td>Andr\u00e9 Luiz Mendes Athayde<\/td><\/tr><tr><td><a href=\"..\/tccs\/2022\/TCC-AlineFonsecaReis.pdf\" target=\"_blank\" rel=\"noreferrer noopener\">Aline Fonseca Reis<\/a><\/td><td>AVALIA\u00c7\u00c3O DA IMPORT\u00c2NCIA DA DISCIPLINA DIN\u00c2MICA DE GRUPO: Um estudo de percep\u00e7\u00e3o dos estudantes do curso de Administra\u00e7\u00e3o<\/td><td>Maximiliano Soares Pinto<\/td><\/tr><tr><td><a href=\"..\/tccs\/2022\/TCC-FelipeCardosoAlencar.pdf\" target=\"_blank\" rel=\"noreferrer noopener\">Felipe Cardoso Alencar<\/a><\/td><td>AN\u00c1LISE DE GEST\u00c3O EM EMPRESA FAMILIAR: REFLEX\u00d5ES<\/td><td>Dalton Rocha Pereira<\/td><\/tr><tr><td><a href=\"..\/tccs\/2022\/TCC-GabrielPereiraCardoso.pdf\" target=\"_blank\" rel=\"noreferrer noopener\">Gabriel Pereira Cardoso<\/a><\/td><td>PLANEJAMENTO ESTRAT\u00c9GICO EM MARKETING APLICADO A UM EST\u00daDIO MUSICAL EM MONTES CLAROS &#8211; MG<\/td><td>Fausto Makishi<\/td><\/tr><tr><td><a href=\"..\/tccs\/2022\/TCC-IsabeldosAnjosLima.pdf\" target=\"_blank\" rel=\"noreferrer noopener\">Isabel dos Anjos Lima<\/a><\/td><td>AN\u00c1LISE DO PERFIL DE EGRESSOS DO MESTRADO ASSOCIADO UFMG-UNIMONTES EM SOCIEDADE, AMBIENTE EE TERRIT\u00d3RIO NO PER\u00cdODO DE 2017 a 2021<\/td><td>Helder dos Anjos Augusto<\/td><\/tr><tr><td><a href=\"..\/tccs\/2022\/TCC-J\u00e9ssicaSoaresFreitas.pdf\" target=\"_blank\" rel=\"noreferrer noopener\">J\u00e9ssica Soares Freitas<\/a><\/td><td>ESTUDO DAS CONSEQU\u00caNCIAS DA PANDEMIA DE COVID-19 PARA UMA EMPRESA DO SETOR DE COM\u00c9RCIO DE G\u00caNEROS ALIMENT\u00cdCIOS<\/td><td>Giovanni Campos Fonseca<\/td><\/tr><tr><td><a href=\"..\/tccs\/2022\/TCC-KelyAlvesLeal.pdf\" target=\"_blank\" rel=\"noreferrer noopener\">Kely Alves Leal<\/a><\/td><td>OUVIDORIA E GOVERNAN\u00c7A PARTICIPATIVA NA SA\u00daDE P\u00daBLICA: UM ESTUDO EM UM HOSPITAL FILANTR\u00d3PICO EM MONTES CLAROS-MG<\/td><td>Fausto Makishi<\/td><\/tr><tr><td><a href=\"..\/tccs\/2022\/TCC-MariaIzabelRodriguesOliveira.pdf\" target=\"_blank\" rel=\"noreferrer noopener\">Maria Izabel Rodrigues Oliveira<\/a><\/td><td>TRABALHO E G\u00caNERO: uma compara\u00e7\u00e3o transcultural entre Brasil e Estados Unidos<\/td><td>Andr\u00e9 Luiz Mendes Athayde<\/td><\/tr><tr><td><a href=\"..\/tccs\/2022\/TCC-SilvaniaRobertaRamosDosSantos.pdf\" target=\"_blank\" rel=\"noreferrer noopener\">Silvania Roberta Ramos Dos Santos<\/a><\/td><td>INDICADORES ECON\u00d4MICO-FINANCEIROS APLICADOS A EMPRESAS METAL\u00daRGICAS E SIDER\u00daRGICAS DE CAPITAL ABERTO: Uma an\u00e1lise para o per\u00edodo 2019 a 2021<\/td><td>Vanessa Marzano Ara\u00fajo<\/td><\/tr><tr><td><a href=\"..\/tccs\/2022\/TCC-WellyngtonRibamarSilvaPoli.pdf\" target=\"_blank\" rel=\"noreferrer noopener\">Wellyngton Ribamar Silva Poli<\/a><\/td><td>SA\u00daDE MENTAL DE TRABALHADORES REMANESCENTES DE PROCESSOS DE DEMISS\u00c3O EM MASSA: Identificando Impactos Atrav\u00e9s de uma An\u00e1lise de Discurso Cr\u00edtica<\/td><td>Cledinaldo Aparecido Dias<\/td><\/tr><tr><td><a href=\"..\/tccs\/2022\/TCC-YasmimMorenaGomesMelo.pdf\" target=\"_blank\" rel=\"noreferrer noopener\">Yasmim Morena Gomes Melo<\/a><\/td><td>EFEITOS DA PANDEMIA DE COVID-19 PARA O GERENCIAMENTO DE UMA EMPRESA DE CALL CENTER<\/td><td>Andr\u00e9 Luiz Mendes Athayde<\/td><\/tr><\/tbody><\/table><\/figure>\n\n\n\n<p><strong>Curso: Agronomia<\/strong><\/p>\n\n\n\n<figure class=\"wp-block-table\"><table><tbody><tr><td><strong>Discente<\/strong><\/td><td><strong>T\u00edtulo<\/strong><\/td><td><strong>Orientador<\/strong><\/td><\/tr><tr><td><a href=\"..\/tccs\/2022\/TCC-AiltonMosanieldeAlbuquerque.pdf\" target=\"_blank\" rel=\"noreferrer noopener\">Ailton Mosaniel de Albuquerque<\/a><\/td><td>REVIS\u00c3O: USO DE DIFERENTES SUBSTRATOS NA PRODU\u00c7\u00c3O DE MILHO HIDROP\u00d4NICO PARA FORRAGEM<\/td><td>C\u00e2ndido Alves da Costa<\/td><\/tr><tr><td><a href=\"..\/tccs\/2022\/TCC-DanielaVelosoGomes.pdf\" target=\"_blank\" rel=\"noreferrer noopener\">Daniela Veloso Gomes<\/a><\/td><td>POTENCIAL ORNAMENTAL DE PLANTAS NATIVAS DE CAMPO RUPESTRE PARA ARRANJOS DESIDRATADOS<\/td><td>Elka Fabiana Aparecida Almeida<\/td><\/tr><tr><td><a href=\"..\/tccs\/2022\/TCC-FelipeArrudaSposito.pdf\" target=\"_blank\" rel=\"noreferrer noopener\">Felipe Arruda Sposito<\/a><\/td><td>CARACTERIZA\u00c7\u00c3O MORFOL\u00d3GICA E GERMINA\u00c7\u00c3O DE AQU\u00caNIOS DE PECTIS BREVIPEDUNCULATA (Gardner) Sch. Bip. (ASTERECEAE)<\/td><td>Elka Fabiana Aparecida Almeida<\/td><\/tr><tr><td><a href=\"..\/tccs\/2022\/TCC-GleidsonRochadosReis.pdf\" target=\"_blank\" rel=\"noreferrer noopener\">Gleidson Rocha dos Reis<\/a><\/td><td>CONSTRU\u00c7\u00c3O E UTILIZA\u00c7\u00c3O DE COMPOSTEIRA COMO INSTRUMENTO PARA ATIVIDADES DE EDUCA\u00c7\u00c3O AMBIENTAL: UM ESTUDO DE CASO SOBRE A HORTA URBANA CIRO DOS ANJOS EM MONTES CLAROS &#8211; MG<\/td><td>J\u00falia Ferreira da Silva<\/td><\/tr><tr><td><a href=\"..\/tccs\/2022\/TCC-JoiceCarolineRochaVieira.pdf\" target=\"_blank\" rel=\"noreferrer noopener\">Joice Caroline Rocha Vieira<\/a><\/td><td>AGRICULTURA NO COMBATE A FOME OCULTA<\/td><td>Luiz Arnaldo Fernandes<\/td><\/tr><tr><td><a href=\"..\/tccs\/2022\/TCC-Leonardo\u00c1lefdeCastroAndrade.pdf\" target=\"_blank\" rel=\"noreferrer noopener\">Leonardo \u00c1lef de Castro Andrade<\/a><\/td><td>ASSOCIA\u00c7\u00c3O DE BACT\u00c9RIAS PROMOTORAS DE CRESCIMENTO E ADUBA\u00c7\u00c3O NITROGENADA NO DESEMPENHO AGRON\u00d4MICO DO MILHO<\/td><td>Carlos Juliano Brant Albuquerque<\/td><\/tr><tr><td><a href=\"..\/tccs\/2022\/TCC-LudMillaMel\u00facioGuedes.pdf\" target=\"_blank\" rel=\"noreferrer noopener\">Lud&#8217; Milla Mel\u00facio Guedes<\/a><\/td><td>PROT\u00d3TIPO DE UM AQUECEDOR DE \u00c1GUA ALTERNATIVO UTILIZANDO BIOG\u00c1S<\/td><td>Fl\u00e1vio Pimenta de Figueiredo<\/td><\/tr><tr><td><a href=\"..\/tccs\/2022\/TCC-MateusAlvesSantos.pdf\" target=\"_blank\" rel=\"noreferrer noopener\">Mateus Alves Santos<\/a><\/td><td>MORFOMETRIA DE FRUTOS E SEMENTES E DA GERMINA\u00c7\u00c3O DE Chamaecrista ramosa (Vogel.) H. S. Irwin e Barneby (FABACEAE)<\/td><td>Elka Fabiana Aparecida Almeida<\/td><\/tr><tr><td><a href=\"..\/tccs\/2022\/TCC-MatheusHenriqueCandidoLuciano.pdf\" target=\"_blank\" rel=\"noreferrer noopener\">Matheus Henrique Candido Luciano<\/a><\/td><td>DIAGN\u00d3STICO DOS TANQUES S\u00c9PTICOS INSTALADOS EM PROPRIEDADES RURAIS<\/td><td>J\u00falia Ferreira da Silva<\/td><\/tr><tr><td><a href=\"..\/tccs\/2022\/TCC-MatheusHenriqueTeixeira.pdf\" target=\"_blank\" rel=\"noreferrer noopener\">Matheus Henrique Teixeira<\/a><\/td><td>RESGATE E CARACTERIZA\u00c7\u00c3O MOLECULAR DE ACESSOS DE MILHO CRIOULO PROSPECTADOS NO SEMI\u00c1RIDO DO ESTADO DE MINAS GERAIS<\/td><td>Demerson Arruda Sanglard<\/td><\/tr><tr><td><a href=\"..\/tccs\/2022\/TCC-SauloPereiradeSouza.pdf\" target=\"_blank\" rel=\"noreferrer noopener\">Saulo Pereira de Souza<\/a><\/td><td>M\u00c9TODOS ALTERNATIVOS DE DETERMINA\u00c7\u00c3O DO GRAU DE UMIDADE DE SEMENTES DE MILHO<\/td><td>Delacyr da Silva Brand\u00e3o J\u00fanior<\/td><\/tr><tr><td><a href=\"..\/tccs\/2022\/TCC-S\u00e1vioSilvaRodrigues.pdf\">S\u00e1vio Silva Rodrigues<\/a><\/td><td>GEST\u00c3O H\u00cdDRICA USANDO A BIBLIOTECA GOOGLE CHARTS<\/td><td>Edson de Oliveira Vieira<\/td><\/tr><tr><td><a href=\"..\/tccs\/2022\/TCC-WilsonPereiraGomesFilho.pdf\" target=\"_blank\" rel=\"noreferrer noopener\">Wilson Pereira Gomes Filho<\/a><\/td><td>PRODU\u00c7\u00c3O DE GR\u00c3O-DE-BICO (Cicer arietinum L.) ADUBADO COM BIOCARV\u00c3O DE CANA-DE-A\u00c7\u00daCAR<\/td><td>Luiz Arnaldo Fernandes<\/td><\/tr><\/tbody><\/table><\/figure>\n\n\n\n<p><strong>Curso: Engenharia Agr\u00edcola e Ambiental<\/strong><\/p>\n\n\n\n<figure class=\"wp-block-table\"><table><tbody><tr><td><strong>Discente<\/strong><\/td><td><strong>T\u00edtulo<\/strong><\/td><td><strong>Orientador<\/strong><\/td><\/tr><tr><td><a href=\"..\/tccs\/2022\/TCC-AdelaneGoncalvesSouza.pdf\" target=\"_blank\" rel=\"noreferrer noopener\">Adelane Gon\u00e7alves Souza<\/a><\/td><td>AVALIA\u00c7\u00c3O DOS ATRIBUTOS DE SOLO SOL\u00d3DICO COM A APLICA\u00c7\u00c3O DE EXTRATO DE SEMENTES DE MORINGA OLE\u00cdFERA LAM.<\/td><td>Regynaldo Arruda Sampaio<\/td><\/tr><tr><td><a href=\"..\/tccs\/2022\/TCC-DanielFranckSantanaOliveiraGomes.pdf\" target=\"_blank\" rel=\"noreferrer noopener\">Daniel Franck Santana Oliveira Gomes<\/a><\/td><td>AS A\u00c7\u00d5ES UTILIZADAS PARA A RECUPERA\u00c7\u00c3O DE \u00c1REAS DEGRADADAS NA CAATINGA<\/td><td>J\u00falia Ferreira da Silva<\/td><\/tr><tr><td><a href=\"..\/tccs\/2022\/TCC-Du\u00edlioBarbosadeSouzaAntunes.pdf\" target=\"_blank\" rel=\"noreferrer noopener\">Du\u00edlio Barbosa de Souza Antunes<\/a><\/td><td>AN\u00c1LISE DE INCONSIST\u00caNCIA E SITUA\u00c7\u00c3O DA \u00c1REA DE PRESERVA\u00c7\u00c3O EM PROPRIEDADES AGROPECU\u00c1RIAS DE MONTES CLAROS \u2013 MG NO SISTEMA NACIONAL DE CADASTRO AMBIENTAL RURAL<\/td><td>Rodolpho C\u00e9sar dos Reis Tinini<\/td><\/tr><tr><td><a href=\"..\/tccs\/2022\/TCC-GabrielFerreiraSantos.pdf\" target=\"_blank\" rel=\"noreferrer noopener\">Gabriel Ferreira Santos<\/a><\/td><td>ESTUDO DE PROCESSOS ALTERNATIVOS PARA TRATAMENTO DE \u00c1GUA E ESGOTO<\/td><td>J\u00falia Ferreira da Silva<\/td><\/tr><tr><td><a href=\"..\/tccs\/2022\/TCC-GeilsonM\u00e1rcioAra\u00fajoMaia.pdf\" target=\"_blank\" rel=\"noreferrer noopener\">Geilson M\u00e1rcio Ara\u00fajo Maia<\/a><\/td><td>AN\u00c1LISE DOS IMPACTOS AMBIENTAIS NO C\u00d3RREGO BARROCA DO SAI\u00c3O, EM MONTES CLAROS, MG<\/td><td>J\u00falia Ferreira da Silva<\/td><\/tr><tr><td><a href=\"..\/tccs\/2022\/TCC-GeorgeLucasPereiraMenezes.pdf\" target=\"_blank\" rel=\"noreferrer noopener\">George Lucas Pereira Menezes<\/a><\/td><td>RES\u00cdDUOS S\u00d3LIDOS URBANOS: UM ESTUDO DE CASO DO MUNIC\u00cdPIO DE UBA\u00cd, MG<\/td><td>J\u00falia Ferreira da Silva<\/td><\/tr><tr><td><a href=\"..\/tccs\/2022\/TCC-GleisonLuisOliveiraSilva.pdf\" target=\"_blank\" rel=\"noreferrer noopener\">Gleison Luis Oliveira Silva<\/a><\/td><td>OTIMIZA\u00c7\u00c3O E VALIDA\u00c7\u00c3O DA ESL-PBT MINIATURIZADA PARA DETERMINA\u00c7\u00c3O DE FLUOPYRAM EM DIFERENTES TIPOS DE SOLOS<\/td><td>Flaviano Oliveira Silv\u00e9rio<\/td><\/tr><tr><td><a href=\"..\/tccs\/2022\/TCC-HelderSamueldeOliveiraCorreia.pdf\" target=\"_blank\" rel=\"noreferrer noopener\">Helder Samuel de Oliveira Correia<\/a><\/td><td>ESTIMATIVA DE EVAPOTRANSPIRA\u00c7\u00c3O REAL POR SENSORIAMENTO REMOTO PARA A BACIA DO RIO VIEIRA NO MUNIC\u00cdPIO DE MONTES CLAROS (MG)<\/td><td>Sidnei Tavares dos Reis<\/td><\/tr><tr><td><a href=\"..\/tccs\/2022\/TCC-LindeneiadeJesusMatias.pdf\" target=\"_blank\" rel=\"noreferrer noopener\">Lindeneia de Jesus Matias<\/a><\/td><td>INFLU\u00caNCIA DO SOLO EM DIFERENTES FITOFISIONOMIAS EM UMA MESMA TRIANGULA\u00c7\u00c3O GEOGR\u00c1FICA<\/td><td>Sidney Pereira<\/td><\/tr><tr><td><a href=\"..\/tccs\/2022\/TCC-LucasdosSantosMartins.pdf\" target=\"_blank\" rel=\"noreferrer noopener\">Lucas dos Santos Martins<\/a><\/td><td>USO DE LODO DE ESGOTO COMPOSTADO E BACT\u00c9RIAS SOLUBILIZADORAS DE F\u00d3SFORO NO CULTIVO DE Cicer arietinum<\/td><td>Rodinei Facco Pegoraro<\/td><\/tr><tr><td><a href=\"..\/tccs\/2022\/TCC-PedroHenriqueDeFariaPires.pdf\" target=\"_blank\" rel=\"noreferrer noopener\">Pedro Henrique de Faria Pires<\/a><\/td><td>AVALIA\u00c7\u00c3O DA UNIFORMIDADE DE IRRIGA\u00c7\u00c3O EM PIV\u00d4 CENTRAL<\/td><td>Fl\u00e1vio Gon\u00e7alves Oliveira<\/td><\/tr><\/tbody><\/table><\/figure>\n\n\n\n<p><strong>Curso: Engenharia de Alimentos<\/strong><\/p>\n\n\n\n<figure class=\"wp-block-table\"><table><tbody><tr><td><strong>Discente<\/strong><\/td><td><strong>T\u00edtulo<\/strong><\/td><td><strong>Orientador<\/strong><\/td><\/tr><tr><td><a href=\"..\/tccs\/2022\/TCC-DanielaC\u00e1ciadosSantos.pdf\" target=\"_blank\" rel=\"noreferrer noopener\">Daniela C\u00e1cia dos Santos<\/a><\/td><td>AN\u00c1LISE DA COMBINA\u00c7\u00c3O DE TRATAMENTO T\u00c9RMICO E \u00c1CIDO L\u00c1TICO SOBRE OS PAR\u00c2METROS F\u00cdSICO-QU\u00cdMICOS EM FARINHA DE BANANA VERDE<\/td><td>William James Nogueira Lima<\/td><\/tr><tr><td><a href=\"..\/tccs\/2022\/TCC-DaniellyAraujoNobre.pdf\" target=\"_blank\" rel=\"noreferrer noopener\">Danielly Araujo Nobre<\/a><\/td><td>AVALIA\u00c7\u00c3O DA GEST\u00c3O DA QUALIDADE EM IND\u00daSTRIAS DE ALIMENTOS<\/td><td>Caroline Liboreiro Paiva<\/td><\/tr><\/tbody><\/table><\/figure>\n\n\n\n<p><strong>Curso: Engenharia Florestal<\/strong><\/p>\n\n\n\n<figure class=\"wp-block-table\"><table><tbody><tr><td><strong>Discente<\/strong><\/td><td><strong>T\u00edtulo<\/strong><\/td><td><strong>Orientador<\/strong><\/td><\/tr><tr><td><a href=\"..\/tccs\/2022\/TCC-AnaFl\u00e1viaRochaSantos.pdf\" target=\"_blank\" rel=\"noreferrer noopener\">Ana Fl\u00e1via Rocha Santos<\/a><\/td><td>ABASTECIMENTO DE \u00c1GUA E ESCASSEZ H\u00cdDRICA: um estudo no Vale do Jequitinhonha mineiro<\/td><td>Frederico Ant\u00f4nio Mineiro Lopes<\/td><\/tr><tr><td><a href=\"..\/tccs\/2022\/TCC-\u00c1vilaLet\u00edciaDias.pdf\" target=\"_blank\" rel=\"noreferrer noopener\">\u00c1vila Let\u00edcia Dias<\/a><\/td><td>A CERTIFICA\u00c7\u00c3O FSC COMO UMA FERRAMENTA PARA MELHORIA DA QUALIDADE DE VIDA NO TRABALHO FLORESTAL<\/td><td>Stanley Schettino<\/td><\/tr><tr><td><a href=\"..\/tccs\/2022\/TCC-BeatrizAfonsoAguiar.pdf\" target=\"_blank\" rel=\"noreferrer noopener\">Beatriz Afonso Aguiar<\/a><\/td><td>AN\u00c1LISE DESCRITIVA DE ESTAT\u00cdSTICAS E INDICADORES DE ACIDENTES DE TRABALHO NO SETOR FLORESTAL BRASILEIRO<\/td><td>Stanley Schettino<\/td><\/tr><tr><td><a href=\"..\/tccs\/2022\/TCC-CamilaN\u00e1jlaAguiareSilva.pdf\" target=\"_blank\" rel=\"noreferrer noopener\">Camila N\u00e1jla Aguiar e Silva<\/a><\/td><td>PLANTAS RUDERAIS COM POTENCIAL ORNAMENTAL E MEDICINAL<\/td><td>Elka Fabiana Aparecida Almeida<\/td><\/tr><tr><td><a href=\"..\/tccs\/2022\/TCC-CarlosEm\u00edliodeSantAnaPinterPastorello.pdf\" target=\"_blank\" rel=\"noreferrer noopener\">Carlos Em\u00edlio de Sant&#8217;Ana Pinter Pastorello<\/a><\/td><td>TRA\u00c7OS FUNCIONAIS E ESTRATOS VERTICAIS NA ARBORIZA\u00c7\u00c3O DE UMA PRA\u00c7A DE MONTES CLAROS, MINAS GERAIS<\/td><td>Maria Auxiliadora Pereira Figueiredo<\/td><\/tr><tr><td><a href=\"..\/tccs\/2022\/TCC-GuilhermeBrazdeMenezes.pdf\" target=\"_blank\" rel=\"noreferrer noopener\">Guilherme Braz de Menezes<\/a><\/td><td>GUIA DE IDENTIFICA\u00c7\u00c3O DENDROL\u00d3GICA DE MUDAS PARA ARBORIZA\u00c7\u00c3O URBANA<\/td><td>R\u00fabia Santos Fonseca<\/td><\/tr><tr><td><a href=\"..\/tccs\/2022\/TCC-\u00cdvinaDami\u00e3oRosa.pdf\" target=\"_blank\" rel=\"noreferrer noopener\">\u00cdvina Dami\u00e3o Rosa<\/a><\/td><td>DIAGN\u00d3STICO PAISAG\u00cdSTICO DE PRA\u00c7AS DA REGI\u00c3O CENTRAL DE MONTES CLAROS, MINAS GERAIS<\/td><td>Elka Fabiana Aparecida Almeida<\/td><\/tr><tr><td><a href=\"..\/tccs\/2022\/TCC-MariaEduardaRodrigues.pdf\" target=\"_blank\" rel=\"noreferrer noopener\">Maria Eduarda Rodrigues<\/a><\/td><td>RESPONSABILIDADE SOCIAL NA COLHEITA FLORESTAL &#8211; ESTUDO DE CASO NO PROCESSAMENTO DE MADEIRA EM ESTRADAS VICINAIS<\/td><td>Stanley Schettino<\/td><\/tr><tr><td><a href=\"..\/tccs\/2022\/TCC-MariaFernandaVieiraFonseca.pdf\" target=\"_blank\" rel=\"noreferrer noopener\">Maria Fernanda Vieira Fonseca<\/a><\/td><td>VIABILIDADE ECON\u00d4MICA DE SIMULA\u00c7\u00d5ES DE DESBASTES EM UM POVOAMENTO DE Khaya spp.<\/td><td>Christian Dias Cabacinha<\/td><\/tr><tr><td><a href=\"..\/tccs\/2022\/TCC-RejanedeAssisPradoNunes.pdf\" target=\"_blank\" rel=\"noreferrer noopener\">Rejane de Assis Prado Nunes<\/a><\/td><td>LEVANTAMENTO PAISAG\u00cdSTICO DAS PRA\u00c7AS DE MONTALV\u00c2NIA- MG<\/td><td>Elka Fabiana Aparecida Almeida<\/td><\/tr><tr><td><a href=\"..\/tccs\/2022\/TCC-ThainarRodriguesdaSilva.pdf\" target=\"_blank\" rel=\"noreferrer noopener\">Thainar Rodrigues da Silva<\/a><\/td><td>ESTUDO DAS VARI\u00c1VEIS DE INFLU\u00caNCIA NO CUSTO DO FRETE DA MADEIRA<\/td><td>Stanley Schettino<\/td><\/tr><\/tbody><\/table><\/figure>\n\n\n\n<p><strong>Curso: Zootecnia<\/strong><\/p>\n\n\n\n<figure class=\"wp-block-table\"><table><tbody><tr><td><strong>Discente<\/strong><\/td><td><strong>T\u00edtulo<\/strong><\/td><td><strong>Orientador<\/strong><\/td><\/tr><tr><td><a href=\"..\/tccs\/2022\/TCC-AntonioBritoNeto.pdf\" target=\"_blank\" rel=\"noreferrer noopener\">Antonio Brito Neto<\/a><\/td><td>EFEITO DE GEN\u00d3TIPO E ESTA\u00c7\u00c3O DO ANO SOBRE DESCRITORES MORFOLOGICOS ALTERNATIVOS PARA CAPIM \u2013 BUFFEL<\/td><td>Thiago Gomes dos Santos Braz<\/td><\/tr><tr><td><a href=\"..\/tccs\/2022\/TCC-B\u00e1rbaraCristinaAndradeMaia.pdf\" target=\"_blank\" rel=\"noreferrer noopener\">B\u00e1rbara Cristina Andrade Maia<\/a><\/td><td>Complexo enzim\u00e1tico em dietas com redu\u00e7\u00e3o de energia e lisina para leit\u00f5es em fase de creche<\/td><td>Bruno Alexander Nunes Silva<\/td><\/tr><tr><td><a href=\"..\/tccs\/2022\/TCC-IgorDiasSoares.pdf\" target=\"_blank\" rel=\"noreferrer noopener\">Igor Dias Soares<\/a><\/td><td>AN\u00c1LISE ECON\u00d4MICA EM DUAS PROPRIEDADES LEITEIRAS ATENDIDAS NO PROJETO MAIS LEITE SAUD\u00c1VEL<\/td><td>Fl\u00e1vio Gon\u00e7alves Oliveira<\/td><\/tr><tr><td><a href=\"..\/tccs\/2022\/TCC-JennineN\u00e1diaRodriguesCardosodeLima.pdf\" target=\"_blank\" rel=\"noreferrer noopener\">Jennine N\u00e1dia Rodrigues Cardoso de Lima<\/a><\/td><td>USO DA MOSCA-SOLDADO-NEGRA NA BIOCONVERS\u00c3O DE RES\u00cdDUOS ORG\u00c2NICOS E ALIMENTA\u00c7\u00c3O ANIMAL<\/td><td>Diego Vicente da Costa<\/td><\/tr><tr><td><a href=\"..\/tccs\/2022\/TCC-KellenAmandaSilvaBorges.pdf\" target=\"_blank\" rel=\"noreferrer noopener\">Kellen Amanda Silva Borges<\/a><\/td><td>REVIS\u00c3O: REPRODU\u00c7\u00c3O ARTIFICIAL EM PEIXES REOF\u00cdLICOS<\/td><td>Diego Vicente da Costa<\/td><\/tr><tr><td><a href=\"..\/tccs\/2022\/TCC-MatheusOliveiradosAnjos.pdf\" target=\"_blank\" rel=\"noreferrer noopener\">Matheus Oliveira dos Anjos<\/a><\/td><td>ESTUDO DE CASO: VIABILIDADE FINANCEIRA DA CRIA\u00c7\u00c3O DE EQUINOS MANGALARGA MARCHADOR EM HARAS DO NORTE DE MINAS GERAIS<\/td><td>Fl\u00e1vio Gon\u00e7alves Oliveira<\/td><\/tr><tr><td><a href=\"..\/tccs\/2022\/TCC-ThainaraSawiaBarbosaPereira.pdf\" target=\"_blank\" rel=\"noreferrer noopener\">Thainara Sawia Barbosa Pereira<\/a><\/td><td>IMPRINTING SENSORIAL E COMPORTAMENTO ALIMENTAR P\u00d3S-DESMAME DE LEIT\u00d5ES<\/td><td>Bruno Alexander Nunes Silva<\/td><\/tr><\/tbody><\/table><\/figure>\n","protected":false},"excerpt":{"rendered":"<p>Trabalhos de Conclus\u00e3o de Curso Ano: 2022 Curso: Administra\u00e7\u00e3o Discente T\u00edtulo Orientador Adson Alves Pereira CARACTER\u00cdSTICAS DE PESSOAS INOVADORAS: uma compara\u00e7\u00e3o transcultural entre brasileiros e chineses Andr\u00e9 Luiz Mendes Athayde Alexa Caroline Ribeiro Leal VALORES AMBIENTAIS: uma compara\u00e7\u00e3o transcultural entre o Brasil e os Estados Unidos Andr\u00e9 Luiz Mendes Athayde Aline Fonseca Reis AVALIA\u00c7\u00c3O DA [&hellip;]<\/p>\n","protected":false},"author":3,"featured_media":0,"parent":0,"menu_order":0,"comment_status":"closed","ping_status":"closed","template":"","meta":[],"acf":[],"_links":{"self":[{"href":"https:\/\/www.ufmg.br\/montesclaros\/wp-json\/wp\/v2\/pages\/1123"}],"collection":[{"href":"https:\/\/www.ufmg.br\/montesclaros\/wp-json\/wp\/v2\/pages"}],"about":[{"href":"https:\/\/www.ufmg.br\/montesclaros\/wp-json\/wp\/v2\/types\/page"}],"author":[{"embeddable":true,"href":"https:\/\/www.ufmg.br\/montesclaros\/wp-json\/wp\/v2\/users\/3"}],"replies":[{"embeddable":true,"href":"https:\/\/www.ufmg.br\/montesclaros\/wp-json\/wp\/v2\/comments?post=1123"}],"version-history":[{"count":2,"href":"https:\/\/www.ufmg.br\/montesclaros\/wp-json\/wp\/v2\/pages\/1123\/revisions"}],"predecessor-version":[{"id":2160,"href":"https:\/\/www.ufmg.br\/montesclaros\/wp-json\/wp\/v2\/pages\/1123\/revisions\/2160"}],"wp:attachment":[{"href":"https:\/\/www.ufmg.br\/montesclaros\/wp-json\/wp\/v2\/media?parent=1123"}],"curies":[{"name":"wp","href":"https:\/\/api.w.org\/{rel}","templated":true}]}}