{"id":1203,"date":"2024-07-10T11:01:27","date_gmt":"2024-07-10T14:01:27","guid":{"rendered":"https:\/\/www.ufmg.br\/montesclaros\/?page_id=1203"},"modified":"2024-07-10T11:01:27","modified_gmt":"2024-07-10T14:01:27","slug":"exame-de-comprovacao-de-conhecimento","status":"publish","type":"page","link":"https:\/\/www.ufmg.br\/montesclaros\/exame-de-comprovacao-de-conhecimento\/","title":{"rendered":"Exame de Comprova\u00e7\u00e3o de Conhecimento"},"content":{"rendered":"\n<p>\u00c9 facultado ao(\u00e0) estudante de gradua\u00e7\u00e3o da UFMG prestar exame de comprova\u00e7\u00e3o de conhecimentos para avaliar o dom\u00ednio dos conhecimentos, das habilidades e das atitudes que uma dada atividade acad\u00eamica curricular visa formar e, em caso de aprova\u00e7\u00e3o no exame, integralizar a referida atividade, em substitui\u00e7\u00e3o \u00e0 matr\u00edcula regular na disciplina.<\/p>\n\n\n\n<p>O exame de comprova\u00e7\u00e3o de conhecimentos somente ser\u00e1 aplicado em se tratando de disciplinas obrigat\u00f3rias e optativas do curso de gradua\u00e7\u00e3o ao qual se vincula o(a) estudante. N\u00e3o se aplica \u00e0s atividades acad\u00eamicas curriculares enquadradas no n\u00facleo geral (disciplinas de Forma\u00e7\u00e3o Livre \u2013 Eletiva), no n\u00facleo avan\u00e7ado (disciplinas da P\u00f3s-Gradua\u00e7\u00e3o) e no n\u00facleo complementar (disciplinas de Forma\u00e7\u00e3o Transversal), nem \u00e0s atividades acad\u00eamicas curriculares de conte\u00fado vari\u00e1vel (T\u00f3picos Especiais).<br>O Regulamento de cada curso ou estrutura formativa de tronco comum poder\u00e1 estabelecer restri\u00e7\u00f5es \u00e0 aplica\u00e7\u00e3o do exame de comprova\u00e7\u00e3o de conhecimentos quando se tratar de disciplinas cujas caracter\u00edsticas metodol\u00f3gicas de ensino-aprendizagem, atividades pr\u00e1ticas ou estrat\u00e9gias avaliativas as tornem incompat\u00edveis com tal expediente.<\/p>\n\n\n\n<p>S\u00e3o requisitos para a realiza\u00e7\u00e3o de exame de comprova\u00e7\u00e3o de conhecimentos, conforme a <a href=\"https:\/\/www.ufmg.br\/montesclaros\/wp-content\/uploads\/2022\/08\/Resolucao-No-04-2019-DE-14-DE-MAIO-DE-2019-Exame-de-comprovacao-de-conhecimento.pdf\" data-type=\"URL\" data-id=\"https:\/\/www.ufmg.br\/montesclaros\/wp-content\/uploads\/2022\/08\/Resolucao-No-04-2019-DE-14-DE-MAIO-DE-2019-Exame-de-comprovacao-de-conhecimento.pdf\" target=\"_blank\" rel=\"noreferrer noopener\"><u>Resolu\u00e7\u00e3o CEPE\/UFMG n\u00ba 04\/2019<\/u><\/a>:<\/p>\n\n\n\n<p>I &#8211; Obedecer ao prazo estabelecido pelo calend\u00e1rio acad\u00eamico para protocolizar o requerimento via SIGA;<\/p>\n\n\n\n<p>II &#8211; N\u00e3o ter sido matriculado(a), em qualquer tempo, na atividade acad\u00eamica curricular objeto da comprova\u00e7\u00e3o de conhecimentos;<\/p>\n\n\n\n<p>III &#8211; N\u00e3o ter sido reprovado(a) anteriormente em exame de comprova\u00e7\u00e3o de conhecimentos aplicado para a mesma atividade acad\u00eamica curricular;<\/p>\n\n\n\n<p>IV &#8211; N\u00e3o haver registro de trancamento total de matr\u00edcula no per\u00edodo letivo em que requer o exame de comprova\u00e7\u00e3o de conhecimentos.<\/p>\n\n\n\n<p><strong>Requerimento de exame de comprova\u00e7\u00e3o de conhecimentos&nbsp;<\/strong><\/p>\n\n\n\n<p><a href=\"https:\/\/www.ufmg.br\/montesclaros\/wp-content\/uploads\/2022\/08\/Roteiro-para-Requerimento-de-Exame-de-Comprovaco-de-Conhecimento.pdf\" data-type=\"URL\" data-id=\"https:\/\/www.ufmg.br\/montesclaros\/wp-content\/uploads\/2022\/08\/Roteiro-para-Requerimento-de-Exame-de-Comprovaco-de-Conhecimento.pdf\" target=\"_blank\" rel=\"noreferrer noopener\"><u>Roteiro para Requerimento de Exame de Comprova\u00e7\u00e3o de Conhecimento<\/u><\/a><\/p>\n\n\n\n<p>O estudante dever\u00e1 acessar o sistema acad\u00eamico via MinhaUFMG &#8211; Clicar em Meus Requerimentos de Ocorr\u00eancias &#8211; Criar novo requerimento &#8211; Selecionar tipo de requerimento Exame de Comprova\u00e7\u00e3o de Conhecimento.<\/p>\n\n\n\n<p><strong>Prazo para solicita\u00e7\u00e3o de exame de comprova\u00e7\u00e3o de conhecimentos: <\/strong>Conforme previsto no Calend\u00e1rio Acad\u00eamico.<\/p>\n","protected":false},"excerpt":{"rendered":"<p>\u00c9 facultado ao(\u00e0) estudante de gradua\u00e7\u00e3o da UFMG prestar exame de comprova\u00e7\u00e3o de conhecimentos para avaliar o dom\u00ednio dos conhecimentos, das habilidades e das atitudes que uma dada atividade acad\u00eamica curricular visa formar e, em caso de aprova\u00e7\u00e3o no exame, integralizar a referida atividade, em substitui\u00e7\u00e3o \u00e0 matr\u00edcula regular na disciplina. O exame de comprova\u00e7\u00e3o [&hellip;]<\/p>\n","protected":false},"author":3,"featured_media":0,"parent":0,"menu_order":0,"comment_status":"closed","ping_status":"closed","template":"","meta":[],"acf":[],"_links":{"self":[{"href":"https:\/\/www.ufmg.br\/montesclaros\/wp-json\/wp\/v2\/pages\/1203"}],"collection":[{"href":"https:\/\/www.ufmg.br\/montesclaros\/wp-json\/wp\/v2\/pages"}],"about":[{"href":"https:\/\/www.ufmg.br\/montesclaros\/wp-json\/wp\/v2\/types\/page"}],"author":[{"embeddable":true,"href":"https:\/\/www.ufmg.br\/montesclaros\/wp-json\/wp\/v2\/users\/3"}],"replies":[{"embeddable":true,"href":"https:\/\/www.ufmg.br\/montesclaros\/wp-json\/wp\/v2\/comments?post=1203"}],"version-history":[{"count":1,"href":"https:\/\/www.ufmg.br\/montesclaros\/wp-json\/wp\/v2\/pages\/1203\/revisions"}],"predecessor-version":[{"id":1204,"href":"https:\/\/www.ufmg.br\/montesclaros\/wp-json\/wp\/v2\/pages\/1203\/revisions\/1204"}],"wp:attachment":[{"href":"https:\/\/www.ufmg.br\/montesclaros\/wp-json\/wp\/v2\/media?parent=1203"}],"curies":[{"name":"wp","href":"https:\/\/api.w.org\/{rel}","templated":true}]}}