{"id":1207,"date":"2024-07-10T11:08:33","date_gmt":"2024-07-10T14:08:33","guid":{"rendered":"https:\/\/www.ufmg.br\/montesclaros\/?page_id=1207"},"modified":"2024-07-10T11:08:33","modified_gmt":"2024-07-10T14:08:33","slug":"planos-de-ensino-programa-analitico","status":"publish","type":"page","link":"https:\/\/www.ufmg.br\/montesclaros\/planos-de-ensino-programa-analitico\/","title":{"rendered":"Planos de Ensino (Programa Anal\u00edtico)"},"content":{"rendered":"\n<p>A solicita\u00e7\u00e3o de Planos de Ensino ou Programa Anal\u00edtico dever\u00e1 ser feita por e-mail, para o <a href=\"https:\/\/www.ufmg.br\/montesclaros\/secretaria-administrativa-dos-colegiados-de-graduacao\/\" data-type=\"URL\" data-id=\"https:\/\/www.ufmg.br\/montesclaros\/secretaria-administrativa-dos-colegiados-de-graduacao\/\"><u>curso de gradua\u00e7\u00e3o de v\u00ednculo<\/u><\/a> , informando os seguintes dados:<\/p>\n\n\n\n<p><strong>Nome:<\/strong> xxxxxx<\/p>\n\n\n\n<p><strong>N\u00famero de matr\u00edcula:<\/strong> xxxxx<\/p>\n\n\n\n<p><strong>Curso:<\/strong> xxxxx<\/p>\n\n\n\n<p><strong>Documento solicitado:<\/strong> xxxxx (Ex: Solicito todos os planos de ensino das disciplinas cursas com aprova\u00e7\u00e3o no curso de gradua\u00e7\u00e3o em xxxxxxx ou solicito o plano de ensino das seguintes disciplinas: ICAXX; ICAXX; ICAXX).<\/p>\n\n\n\n<p><strong>Finalidade do documento:<\/strong> xxxxx<\/p>\n\n\n\n<p><strong>Observa\u00e7\u00f5es:<\/strong><\/p>\n\n\n\n<ul>\n<li>N\u00e3o haver\u00e1 cobran\u00e7a para envio dos planos de ensino no formato digital com assinatura via SEI\/UFMG;<\/li>\n<\/ul>\n\n\n\n<ul>\n<li>Para entrega dos documentos impresso, o requerente dever\u00e1 enviar para o e-mail do Colegiado o comprovante de pagamento da GRU, conforme as instru\u00e7\u00f5es abaixo:<\/li>\n<\/ul>\n\n\n\n<p><strong>Procedimentos:&nbsp;<\/strong><\/p>\n\n\n\n<ul>\n<li>Gerar&nbsp;a&nbsp;<strong>Guia de Recolhimento da Uni\u00e3o (GRU) <\/strong>em <a href=\"https:\/\/sistemas.ufmg.br\/sisarc\/emissaogru\/gerir\/geriremissaogru.seam?codigo=BBUSuYwyG\">https:\/\/sistemas.ufmg.br\/sisarc\/emissaogru\/gerir\/geriremissaogru.seam?codigo=BBUSuYwyG<\/a><\/li>\n<\/ul>\n\n\n\n<ul>\n<li>Preencher o formul\u00e1rio informando apenas os campos marcados com asterisco (*), conforme abaixo:<\/li>\n<\/ul>\n\n\n\n<figure class=\"wp-block-table\"><table><tbody><tr><td><strong>CPF\/CNPJ:&nbsp;&nbsp;&nbsp;&nbsp;&nbsp;&nbsp;&nbsp;&nbsp;&nbsp;&nbsp;&nbsp;&nbsp;&nbsp;&nbsp;<\/strong><\/td><td>Digitar o n\u00famero do CPF do solicitante<\/td><\/tr><tr><td><strong>Nome do Contribuinte:<\/strong><\/td><td>Nome do solicitante<\/td><\/tr><tr><td><strong>Compet\u00eancia:&nbsp;&nbsp;&nbsp;&nbsp;&nbsp;&nbsp;&nbsp;&nbsp;&nbsp;&nbsp;&nbsp;<\/strong><\/td><td>M\u00eas da solicita\u00e7\u00e3o \/ Ano da solicita\u00e7\u00e3o<\/td><\/tr><tr><td><strong>Data do Vencimento:<\/strong><\/td><td>Data para efetuar o pagamento<\/td><\/tr><tr><td><strong>Valor Principal:&nbsp;&nbsp;&nbsp;&nbsp;&nbsp;&nbsp;&nbsp;&nbsp; &nbsp;&nbsp;&nbsp;&nbsp;&nbsp;&nbsp;&nbsp;&nbsp;&nbsp;&nbsp;&nbsp;<\/strong><\/td><td>R$ xxxx (ser\u00e1 cobrado para documentos impressos R$ 0,50 (cinquenta centavos) por disciplina cursada com aprova\u00e7\u00e3o, conforme Hist\u00f3rico escolar*)<strong><u>Sem cobran\u00e7a para documento digital<\/u><\/strong><\/td><\/tr><tr><td><strong>Valor Total:&nbsp;&nbsp;&nbsp;&nbsp;&nbsp;&nbsp;&nbsp;&nbsp;&nbsp;&nbsp;&nbsp;&nbsp;&nbsp;&nbsp;&nbsp;<\/strong><\/td><td>Repetir o valor da taxa de emiss\u00e3o acima<\/td><\/tr><tr><td colspan=\"2\">3) Clicar em&nbsp;<strong>GERAR&nbsp;GRU<\/strong><\/td><\/tr><tr><td colspan=\"2\">4) Imprimir ou salvar a guia e realizar o pagamento exclusivamente no Banco do Brasil<\/td><\/tr><tr><td colspan=\"2\">5) Enviar os dois arquivos (GRU e comprovante de pagamento) para o e-mail do Colegiado do curso de gradua\u00e7\u00e3o de v\u00ednculo.<\/td><\/tr><\/tbody><\/table><\/figure>\n\n\n\n<p>Os documentos ser\u00e3o expedidos e assinados por meio do SEI\/UFMG e enviados para o e-mail do requerente em at\u00e9 10 (dez) dias \u00fateis ap\u00f3s o recebimento da demanda e\/ou do comprovante de pagamento.<\/p>\n\n\n\n<p><strong>Instru\u00e7\u00f5es para acesso ao hist\u00f3rico escolar:<\/strong><\/p>\n\n\n\n<p><em>*Para verificar quantas disciplinas foram cursadas com aprova\u00e7\u00e3o e calcular o valor da GRU, o hist\u00f3rico da gradua\u00e7\u00e3o poder\u00e1 ser emitido pelo aluno ativo, graduado ou desistente, que tenha ingressado na UFMG a partir do ano 2000, atrav\u00e9s do link <a href=\"https:\/\/sistemas.ufmg.br\/aluno-grad\/?bkmk=\">https:\/\/sistemas.ufmg.br\/aluno-grad\/?bkmk=<\/a> ou em SIGA UFMG: Acesso para alunos de gradua\u00e7\u00e3o &gt; Meus documentos autentic\u00e1veis, limitado a 3 por semestre, podendo ser autenticado at\u00e9 6 meses ap\u00f3s a emiss\u00e3o. Caso n\u00e3o se lembre do login ou senha para acesso ao sistema, entre em contato com a Diretoria de Tecnologia da Informa\u00e7\u00e3o atrav\u00e9s do e-mail suporte@dti.ufmg.br e informe que precisa recuperar o acesso ao SIGA para emiss\u00e3o de hist\u00f3rico, escreva seu nome completo e anexe uma foto do seu documento de identidade frente e verso. Essa fun\u00e7\u00e3o n\u00e3o est\u00e1 dispon\u00edvel para estudantes que possuem v\u00ednculo ativo em curso de p\u00f3s-gradua\u00e7\u00e3o da UFMG. Nesse caso, devem ser seguidas as mesmas instru\u00e7\u00f5es do requerimento de declara\u00e7\u00e3o.<\/em><\/p>\n","protected":false},"excerpt":{"rendered":"<p>A solicita\u00e7\u00e3o de Planos de Ensino ou Programa Anal\u00edtico dever\u00e1 ser feita por e-mail, para o curso de gradua\u00e7\u00e3o de v\u00ednculo , informando os seguintes dados: Nome: xxxxxx N\u00famero de matr\u00edcula: xxxxx Curso: xxxxx Documento solicitado: xxxxx (Ex: Solicito todos os planos de ensino das disciplinas cursas com aprova\u00e7\u00e3o no curso de gradua\u00e7\u00e3o em xxxxxxx [&hellip;]<\/p>\n","protected":false},"author":3,"featured_media":0,"parent":0,"menu_order":0,"comment_status":"closed","ping_status":"closed","template":"","meta":[],"acf":[],"_links":{"self":[{"href":"https:\/\/www.ufmg.br\/montesclaros\/wp-json\/wp\/v2\/pages\/1207"}],"collection":[{"href":"https:\/\/www.ufmg.br\/montesclaros\/wp-json\/wp\/v2\/pages"}],"about":[{"href":"https:\/\/www.ufmg.br\/montesclaros\/wp-json\/wp\/v2\/types\/page"}],"author":[{"embeddable":true,"href":"https:\/\/www.ufmg.br\/montesclaros\/wp-json\/wp\/v2\/users\/3"}],"replies":[{"embeddable":true,"href":"https:\/\/www.ufmg.br\/montesclaros\/wp-json\/wp\/v2\/comments?post=1207"}],"version-history":[{"count":1,"href":"https:\/\/www.ufmg.br\/montesclaros\/wp-json\/wp\/v2\/pages\/1207\/revisions"}],"predecessor-version":[{"id":1208,"href":"https:\/\/www.ufmg.br\/montesclaros\/wp-json\/wp\/v2\/pages\/1207\/revisions\/1208"}],"wp:attachment":[{"href":"https:\/\/www.ufmg.br\/montesclaros\/wp-json\/wp\/v2\/media?parent=1207"}],"curies":[{"name":"wp","href":"https:\/\/api.w.org\/{rel}","templated":true}]}}