{"id":1209,"date":"2024-07-10T11:10:09","date_gmt":"2024-07-10T14:10:09","guid":{"rendered":"https:\/\/www.ufmg.br\/montesclaros\/?page_id=1209"},"modified":"2024-07-10T11:10:09","modified_gmt":"2024-07-10T14:10:09","slug":"recurso-contra-decisao-academica","status":"publish","type":"page","link":"https:\/\/www.ufmg.br\/montesclaros\/recurso-contra-decisao-academica\/","title":{"rendered":"Recurso contra decis\u00e3o acad\u00eamica"},"content":{"rendered":"\n<p>Os pedidos de revis\u00e3o e\/ou reconsidera\u00e7\u00e3o contra decis\u00e3o acad\u00eamica ou administrativa dever\u00e3o ser enviados para o e-mail do Colegiado do curso de gradua\u00e7\u00e3o de v\u00ednculo em at\u00e9 10 (dez) dias corridos ap\u00f3s a ci\u00eancia da decis\u00e3o, conforme a <a href=\"https:\/\/www.ufmg.br\/montesclaros\/wp-content\/uploads\/2022\/08\/Resolucao-CONSU-UFMG-n-13-2010.pdf\" data-type=\"URL\" data-id=\"https:\/\/www.ufmg.br\/montesclaros\/wp-content\/uploads\/2022\/08\/Resolucao-CONSU-UFMG-n-13-2010.pdf\" target=\"_blank\" rel=\"noreferrer noopener\">Resolu\u00e7\u00e3o CONSU\/UFMG n\u00ba 13\/2010<\/a>.<\/p>\n\n\n\n<p>O estudante dever\u00e1 preencher e assinar o <a href=\"https:\/\/www.ufmg.br\/montesclaros\/wp-content\/uploads\/2022\/08\/Requerimentos-Secretaria-dos-Coelgiados-de-Graduacao.pdf\" data-type=\"URL\" data-id=\"https:\/\/www.ufmg.br\/montesclaros\/wp-content\/uploads\/2022\/08\/Requerimentos-Secretaria-dos-Coelgiados-de-Graduacao.pdf\" target=\"_blank\" rel=\"noreferrer noopener\">Requerimentos da Secretaria dos Colegiados dos cursos de Gradua\u00e7\u00e3<\/a>o, anexar os documentos que embasam a solicita\u00e7\u00e3o e enviar para o e-mail do Colegiado do curso de v\u00ednculo.<\/p>\n","protected":false},"excerpt":{"rendered":"<p>Os pedidos de revis\u00e3o e\/ou reconsidera\u00e7\u00e3o contra decis\u00e3o acad\u00eamica ou administrativa dever\u00e3o ser enviados para o e-mail do Colegiado do curso de gradua\u00e7\u00e3o de v\u00ednculo em at\u00e9 10 (dez) dias corridos ap\u00f3s a ci\u00eancia da decis\u00e3o, conforme a Resolu\u00e7\u00e3o CONSU\/UFMG n\u00ba 13\/2010. O estudante dever\u00e1 preencher e assinar o Requerimentos da Secretaria dos Colegiados dos [&hellip;]<\/p>\n","protected":false},"author":3,"featured_media":0,"parent":0,"menu_order":0,"comment_status":"closed","ping_status":"closed","template":"","meta":[],"acf":[],"_links":{"self":[{"href":"https:\/\/www.ufmg.br\/montesclaros\/wp-json\/wp\/v2\/pages\/1209"}],"collection":[{"href":"https:\/\/www.ufmg.br\/montesclaros\/wp-json\/wp\/v2\/pages"}],"about":[{"href":"https:\/\/www.ufmg.br\/montesclaros\/wp-json\/wp\/v2\/types\/page"}],"author":[{"embeddable":true,"href":"https:\/\/www.ufmg.br\/montesclaros\/wp-json\/wp\/v2\/users\/3"}],"replies":[{"embeddable":true,"href":"https:\/\/www.ufmg.br\/montesclaros\/wp-json\/wp\/v2\/comments?post=1209"}],"version-history":[{"count":1,"href":"https:\/\/www.ufmg.br\/montesclaros\/wp-json\/wp\/v2\/pages\/1209\/revisions"}],"predecessor-version":[{"id":1210,"href":"https:\/\/www.ufmg.br\/montesclaros\/wp-json\/wp\/v2\/pages\/1209\/revisions\/1210"}],"wp:attachment":[{"href":"https:\/\/www.ufmg.br\/montesclaros\/wp-json\/wp\/v2\/media?parent=1209"}],"curies":[{"name":"wp","href":"https:\/\/api.w.org\/{rel}","templated":true}]}}