{"id":1211,"date":"2024-07-10T11:13:05","date_gmt":"2024-07-10T14:13:05","guid":{"rendered":"https:\/\/www.ufmg.br\/montesclaros\/?page_id=1211"},"modified":"2024-07-10T11:13:05","modified_gmt":"2024-07-10T14:13:05","slug":"reformulacao-do-plano-de-estudos","status":"publish","type":"page","link":"https:\/\/www.ufmg.br\/montesclaros\/reformulacao-do-plano-de-estudos\/","title":{"rendered":"Reformula\u00e7\u00e3o do Plano de Estudos"},"content":{"rendered":"\n<p>O Plano de Estudos \u00e9&nbsp;um&nbsp;sistema&nbsp;online, que visa a apoiar o planejamento e o acompanhamento da trajet\u00f3ria acad\u00eamica do aluno na UFMG.<\/p>\n\n\n\n<p>O plano de estudos reflete a vers\u00e3o e o percurso curricular de vincula\u00e7\u00e3o do aluno e \u00e9 organizado em semestres cursados, em curso e a cursar. Nos semestres&nbsp;\u201ca cursar\u201d o aluno poder\u00e1 planejar as atividades que deseja cursar; nos semestres \u201ccursados\u201d o aluno poder\u00e1 visualizar os resultados obtidos anteriormente e no semestre \u201cem curso\u201d \u00e9 poss\u00edvel visualizar as matr\u00edculas atuais.<\/p>\n\n\n\n<p>A universidade usar\u00e1 as informa\u00e7\u00f5es dos Planos de Estudos para prever melhor a demanda de vagas para as turmas das atividades acad\u00eamicas e evitar imprevistos e transtornos no per\u00edodo de matr\u00edcula.<\/p>\n\n\n\n<p>A reformula\u00e7\u00e3o do Plano de Estudos ocorrer\u00e1 a cada semestre, conforme os prazos do Calend\u00e1rio Acad\u00eamico da UFMG e as instru\u00e7\u00f5es do <a href=\"https:\/\/www.ufmg.br\/montesclaros\/wp-content\/uploads\/2022\/08\/Manual-do-Plano-de-Estudos.pdf\" target=\"_blank\" rel=\"noreferrer noopener\">Manual para reformula\u00e7\u00e3o do Plano de Estudos<\/a>.<\/p>\n","protected":false},"excerpt":{"rendered":"<p>O Plano de Estudos \u00e9&nbsp;um&nbsp;sistema&nbsp;online, que visa a apoiar o planejamento e o acompanhamento da trajet\u00f3ria acad\u00eamica do aluno na UFMG. O plano de estudos reflete a vers\u00e3o e o percurso curricular de vincula\u00e7\u00e3o do aluno e \u00e9 organizado em semestres cursados, em curso e a cursar. Nos semestres&nbsp;\u201ca cursar\u201d o aluno poder\u00e1 planejar as [&hellip;]<\/p>\n","protected":false},"author":3,"featured_media":0,"parent":0,"menu_order":0,"comment_status":"closed","ping_status":"closed","template":"","meta":[],"acf":[],"_links":{"self":[{"href":"https:\/\/www.ufmg.br\/montesclaros\/wp-json\/wp\/v2\/pages\/1211"}],"collection":[{"href":"https:\/\/www.ufmg.br\/montesclaros\/wp-json\/wp\/v2\/pages"}],"about":[{"href":"https:\/\/www.ufmg.br\/montesclaros\/wp-json\/wp\/v2\/types\/page"}],"author":[{"embeddable":true,"href":"https:\/\/www.ufmg.br\/montesclaros\/wp-json\/wp\/v2\/users\/3"}],"replies":[{"embeddable":true,"href":"https:\/\/www.ufmg.br\/montesclaros\/wp-json\/wp\/v2\/comments?post=1211"}],"version-history":[{"count":1,"href":"https:\/\/www.ufmg.br\/montesclaros\/wp-json\/wp\/v2\/pages\/1211\/revisions"}],"predecessor-version":[{"id":1212,"href":"https:\/\/www.ufmg.br\/montesclaros\/wp-json\/wp\/v2\/pages\/1211\/revisions\/1212"}],"wp:attachment":[{"href":"https:\/\/www.ufmg.br\/montesclaros\/wp-json\/wp\/v2\/media?parent=1211"}],"curies":[{"name":"wp","href":"https:\/\/api.w.org\/{rel}","templated":true}]}}