{"id":1213,"date":"2024-07-10T11:14:14","date_gmt":"2024-07-10T14:14:14","guid":{"rendered":"https:\/\/www.ufmg.br\/montesclaros\/?page_id=1213"},"modified":"2024-07-10T11:14:14","modified_gmt":"2024-07-10T14:14:14","slug":"regime-especial","status":"publish","type":"page","link":"https:\/\/www.ufmg.br\/montesclaros\/regime-especial\/","title":{"rendered":"Regime Especial"},"content":{"rendered":"\n<p>Entende-se por regime especial a substitui\u00e7\u00e3o das aulas n\u00e3o frequentadas pelo estudante, que esteja temporariamente impossibilitado de comparecer \u00e0 atividade acad\u00eamica curricular do tipo disciplina, por tarefas realizadas fora do ambiente universit\u00e1rio, que sejam compat\u00edveis com o seu estado de sa\u00fade e com as possibilidades operacionais e pedag\u00f3gicas da Universidade, conforme previsto no par\u00e1grafo \u00fanico do art. 16 da <a href=\"https:\/\/www.ufmg.br\/montesclaros\/wp-content\/uploads\/2022\/08\/Resolucao-Complementar-n-01-2018-NORMAS-GERAIS-DE-GRADUACAO.pdf\" data-type=\"URL\" data-id=\"https:\/\/www.ufmg.br\/montesclaros\/wp-content\/uploads\/2022\/08\/Resolucao-Complementar-n-01-2018-NORMAS-GERAIS-DE-GRADUACAO.pdf\" target=\"_blank\" rel=\"noreferrer noopener\"><u>Resolu\u00e7\u00e3o Complementar n\u00ba 01\/2018 do CEPE<\/u><\/a>, que aprova as Normas Gerais de Gradua\u00e7\u00e3o.<\/p>\n\n\n\n<p>Conforme Art. 2\u00ba, poder\u00e3o requerer o regime especial:<\/p>\n\n\n\n<p>I &#8211; Estudantes portadores de afec\u00e7\u00f5es cong\u00eanitas ou adquiridas, infec\u00e7\u00f5es, traumatismo ou outras condi\u00e7\u00f5es m\u00f3rbidas incompat\u00edveis com a frequ\u00eancia \u00e0s aulas, determinando dist\u00farbios agudos ou agudizados;<\/p>\n\n\n\n<p>II &#8211; Estudantes gestantes, a partir do oitavo m\u00eas de gesta\u00e7\u00e3o, pelo per\u00edodo de 03 (tr\u00eas) meses.<\/p>\n\n\n\n<p>Para mais informa\u00e7\u00f5es, acesse a <a href=\"https:\/\/www.ufmg.br\/montesclaros\/wp-content\/uploads\/2022\/08\/Resolucao-CEPE-UFMG-n-14-2019-Regime-Especial.pdf\" target=\"_blank\" rel=\"noreferrer noopener\"><u>Resolu\u00e7\u00e3o CEPE\/UFMG n\u00ba 14\/2019<\/u><\/a>, que regulamenta o regime especial para estudantes de gradua\u00e7\u00e3o da UFMG.<\/p>\n\n\n\n<p><strong>Requerimento de regime especial<\/strong><\/p>\n\n\n\n<p>O estudante dever\u00e1 enviar para o e-mail do Colegiado do respectivo curso o <a href=\"https:\/\/www.ufmg.br\/montesclaros\/wp-content\/uploads\/2022\/08\/Requerimento-de-Regime-Especial-1.pdf\" target=\"_blank\" rel=\"noreferrer noopener\"><u>Requerimento de regime especial<\/u><\/a> preenchido e assinado, anexando o atestado m\u00e9dico.<\/p>\n\n\n\n<p><strong>Prazo para solicita\u00e7\u00e3o de regime especial:<\/strong><\/p>\n\n\n\n<p>Para estudantes gestantes: a partir do oitavo m\u00eas de gesta\u00e7\u00e3o, pelo per\u00edodo de 03 (tr\u00eas) meses.<\/p>\n","protected":false},"excerpt":{"rendered":"<p>Entende-se por regime especial a substitui\u00e7\u00e3o das aulas n\u00e3o frequentadas pelo estudante, que esteja temporariamente impossibilitado de comparecer \u00e0 atividade acad\u00eamica curricular do tipo disciplina, por tarefas realizadas fora do ambiente universit\u00e1rio, que sejam compat\u00edveis com o seu estado de sa\u00fade e com as possibilidades operacionais e pedag\u00f3gicas da Universidade, conforme previsto no par\u00e1grafo \u00fanico [&hellip;]<\/p>\n","protected":false},"author":3,"featured_media":0,"parent":0,"menu_order":0,"comment_status":"closed","ping_status":"closed","template":"","meta":[],"acf":[],"_links":{"self":[{"href":"https:\/\/www.ufmg.br\/montesclaros\/wp-json\/wp\/v2\/pages\/1213"}],"collection":[{"href":"https:\/\/www.ufmg.br\/montesclaros\/wp-json\/wp\/v2\/pages"}],"about":[{"href":"https:\/\/www.ufmg.br\/montesclaros\/wp-json\/wp\/v2\/types\/page"}],"author":[{"embeddable":true,"href":"https:\/\/www.ufmg.br\/montesclaros\/wp-json\/wp\/v2\/users\/3"}],"replies":[{"embeddable":true,"href":"https:\/\/www.ufmg.br\/montesclaros\/wp-json\/wp\/v2\/comments?post=1213"}],"version-history":[{"count":1,"href":"https:\/\/www.ufmg.br\/montesclaros\/wp-json\/wp\/v2\/pages\/1213\/revisions"}],"predecessor-version":[{"id":1214,"href":"https:\/\/www.ufmg.br\/montesclaros\/wp-json\/wp\/v2\/pages\/1213\/revisions\/1214"}],"wp:attachment":[{"href":"https:\/\/www.ufmg.br\/montesclaros\/wp-json\/wp\/v2\/media?parent=1213"}],"curies":[{"name":"wp","href":"https:\/\/api.w.org\/{rel}","templated":true}]}}