{"id":1216,"date":"2024-07-10T11:16:40","date_gmt":"2024-07-10T14:16:40","guid":{"rendered":"https:\/\/www.ufmg.br\/montesclaros\/?page_id=1216"},"modified":"2025-07-10T13:54:51","modified_gmt":"2025-07-10T16:54:51","slug":"renovacao-de-matricula","status":"publish","type":"page","link":"https:\/\/www.ufmg.br\/montesclaros\/renovacao-de-matricula\/","title":{"rendered":"Renova\u00e7\u00e3o de Matr\u00edcula"},"content":{"rendered":"\n<p><a href=\"https:\/\/www.ufmg.br\/montesclaros\/wp-content\/uploads\/2022\/08\/Manual-do-aluno-_Matricula.pdf\" data-type=\"URL\" data-id=\"https:\/\/www.ufmg.br\/montesclaros\/wp-content\/uploads\/2022\/08\/Manual-do-aluno-_Matricula.pdf\">Manual do Aluno _Matr\u00edcula<\/a><\/p>\n\n\n\n<p>A matr\u00edcula \u00e9 o v\u00ednculo de um registro discente a uma turma ofertada para determinada atividade acad\u00eamica curricular, durante um per\u00edodo letivo.<\/p>\n\n\n\n<p>A matr\u00edcula na UFMG \u00e9&nbsp;realizada <em>online<\/em>,&nbsp;por meio do&nbsp;Sistema Acad\u00eamico da Gradua\u00e7\u00e3o (Siga), sendo de inteira responsabilidade do(a) aluno(a). Deve ser feita, a cada per\u00edodo letivo, nos prazos definidos no Calend\u00e1rio Acad\u00eamico da UFMG.<\/p>\n\n\n\n<p>O acesso ao Siga se d\u00e1 por meio do Portal MinhaUFMG (Sistemas \u2192 Aplica\u00e7\u00f5es Acad\u00eamicas \u2192 Siga UFMG: acesso para alunos da Gradua\u00e7\u00e3o\u2192 \u00edcone<em>&nbsp;Meu requerimento de matr\u00edcula<\/em>). Recomendamos utilizar somente o navegador Mozilla Firefox. A utiliza\u00e7\u00e3o de outros navegadores poder\u00e1 acarretar mau funcionamento do Sistema.<\/p>\n\n\n\n<p>Lembramos que o(a) estudante dever\u00e1 primeiramente preencher o question\u00e1rio de avalia\u00e7\u00e3o do desempenho did\u00e1tico dos(as) docentes das atividades acad\u00eamicas curriculares cursadas no per\u00edodo letivo anterior. Somente ap\u00f3s a conclus\u00e3o desse procedimento, o(a) estudante ter\u00e1 acesso ao Requerimento de Matr\u00edcula. Ao preench\u00ea-lo, o(a) aluno(a) deve estar atento \u00e0 exig\u00eancia de pr\u00e9-requisitos, \u00e0 sequ\u00eancia de atividades previstas no seu curr\u00edculo, bem como aos limites m\u00ednimo e m\u00e1ximo de cr\u00e9ditos exigidos por seu curso, de acordo com a&nbsp;<a href=\"https:\/\/www.ufmg.br\/montesclaros\/wp-content\/uploads\/2022\/08\/Resolucao_01_2018_CEPE_regulamenta_processo_matricula.pdf\" data-type=\"URL\" data-id=\"https:\/\/www.ufmg.br\/montesclaros\/wp-content\/uploads\/2022\/08\/Resolucao_01_2018_CEPE_regulamenta_processo_matricula.pdf\">Resolu\u00e7\u00e3o CEPE\/UFMG n\u00ba 01\/2018<\/a>, de 20 de fevereiro de 2018.<\/p>\n\n\n\n<p>A matr\u00edcula, para os(as) alunos(as) veteranos(as) de Gradua\u00e7\u00e3o (a partir do segundo per\u00edodo), poder\u00e1 ser realizada em at\u00e9 quatro fases:<\/p>\n\n\n\n<p><strong>1\u00aa Fase da Matr\u00edcula<\/strong>:etapa obrigat\u00f3ria para todos(as) os(as) alunos(as) de Gradua\u00e7\u00e3o, com exce\u00e7\u00e3o dos(as) calouros(as). Nessa fase, o(a) estudante poder\u00e1 requerer matr\u00edcula para as atividades do n\u00facleo espec\u00edfico do curso, de natureza obrigat\u00f3ria e optativa, como tamb\u00e9m as atividades de Forma\u00e7\u00e3o Complementar Aberta (n\u00facleo complementar). Nessa fase, somente ser\u00e1 poss\u00edvel requerer matr\u00edcula nas atividades de Forma\u00e7\u00e3o Complementar Aberta:<\/p>\n\n\n\n<ul>\n<li>se a atividade estiver prevista no Plano de Estudos do(a) estudante;<\/li>\n\n\n\n<li>se houver turma ofertada para a atividade.<\/li>\n<\/ul>\n\n\n\n<p><strong>2\u00aa Fase da Matr\u00edcula (opcional)<\/strong>: o(a) estudante poder\u00e1 requerer a inclus\u00e3o de novas atividades (n\u00facleo espec\u00edfico), obrigat\u00f3rias e optativas, em turmas com vagas n\u00e3o preenchidas.<\/p>\n\n\n\n<p><strong>3\u00aa Fase da Matr\u00edcula (opcional)<\/strong>: o(a) estudante poder\u00e1 requerer matr\u00edcula para atividades de Forma\u00e7\u00e3o Livre (n\u00facleo geral) e Forma\u00e7\u00e3o Transversal (n\u00facleo complementar).<\/p>\n\n\n\n<p>*Informa\u00e7\u00f5es sobre as atividades de Forma\u00e7\u00e3o Transversal encontram-se no endere\u00e7o: <a href=\"https:\/\/www2.ufmg.br\/prograd\/prograd\/Pro-Reitoria-de-Graduacao\/Estudante\/Formacao-Transversal\">https:\/\/www2.ufmg.br\/prograd\/prograd\/Pro-Reitoria-de-Graduacao\/Estudante\/Formacao-Transversal<\/a><\/p>\n\n\n\n<p><strong>4\u00aa Fase da Matr\u00edcula (opcional)<\/strong>: o(a) estudante poder\u00e1 requerer matr\u00edcula em atividades de P\u00f3s-Gradua\u00e7\u00e3o (n\u00facleo avan\u00e7ado) nos Colegiados de Cursos de P\u00f3s-Gradua\u00e7\u00e3o.<\/p>\n\n\n\n<p>Acesse abaixo os Mapas de Oferta dos cursos de gradua\u00e7\u00e3o do ICA\/UFMG:<\/p>\n\n\n\n<p>Instru\u00e7\u00f5es para acesso aos mapas de oferta por curso de gradua\u00e7\u00e3o:<\/p>\n\n\n\n<p>1\u00ba) PASSO: Acesse: Siga UFMG: Acesso para alunos da Gradua\u00e7\u00e3o<br>2\u00ba) PASSO: Acesse a aba OFERTA DE ATIVIDADES<br>3\u00ba) PASSO: Selecione o semestre letivo que deseja<br>4\u00ba) PASSO: Selecione o tipo de relat\u00f3rio (MAPA DE OFERTA POR CURSOS)<br>5\u00ba) PASSO: Selecione o Curso<br>6\u00ba) PASSO: Selecione emitir relat\u00f3rio<\/p>\n\n\n\n<p>Em caso de d\u00favidas, consulte, via e-mail, o Colegiado do seu Curso de gradua\u00e7\u00e3o.<\/p>\n\n\n\n<p><strong>Prazo para solicita\u00e7\u00e3o de renova\u00e7\u00e3o de matr\u00edcula: <\/strong>Conforme divulgado na <a href=\"https:\/\/www2.ufmg.br\/drca\/drca\/Home\/Graduacao\/Matricula-da-Graduacao\">p\u00e1gina do DRCA<\/a>.<\/p>\n","protected":false},"excerpt":{"rendered":"<p>Manual do Aluno _Matr\u00edcula A matr\u00edcula \u00e9 o v\u00ednculo de um registro discente a uma turma ofertada para determinada atividade acad\u00eamica curricular, durante um per\u00edodo letivo. A matr\u00edcula na UFMG \u00e9&nbsp;realizada online,&nbsp;por meio do&nbsp;Sistema Acad\u00eamico da Gradua\u00e7\u00e3o (Siga), sendo de inteira responsabilidade do(a) aluno(a). Deve ser feita, a cada per\u00edodo letivo, nos prazos definidos no [&hellip;]<\/p>\n","protected":false},"author":3,"featured_media":0,"parent":0,"menu_order":0,"comment_status":"closed","ping_status":"closed","template":"","meta":[],"acf":[],"_links":{"self":[{"href":"https:\/\/www.ufmg.br\/montesclaros\/wp-json\/wp\/v2\/pages\/1216"}],"collection":[{"href":"https:\/\/www.ufmg.br\/montesclaros\/wp-json\/wp\/v2\/pages"}],"about":[{"href":"https:\/\/www.ufmg.br\/montesclaros\/wp-json\/wp\/v2\/types\/page"}],"author":[{"embeddable":true,"href":"https:\/\/www.ufmg.br\/montesclaros\/wp-json\/wp\/v2\/users\/3"}],"replies":[{"embeddable":true,"href":"https:\/\/www.ufmg.br\/montesclaros\/wp-json\/wp\/v2\/comments?post=1216"}],"version-history":[{"count":2,"href":"https:\/\/www.ufmg.br\/montesclaros\/wp-json\/wp\/v2\/pages\/1216\/revisions"}],"predecessor-version":[{"id":3832,"href":"https:\/\/www.ufmg.br\/montesclaros\/wp-json\/wp\/v2\/pages\/1216\/revisions\/3832"}],"wp:attachment":[{"href":"https:\/\/www.ufmg.br\/montesclaros\/wp-json\/wp\/v2\/media?parent=1216"}],"curies":[{"name":"wp","href":"https:\/\/api.w.org\/{rel}","templated":true}]}}