{"id":1218,"date":"2024-07-10T11:20:30","date_gmt":"2024-07-10T14:20:30","guid":{"rendered":"https:\/\/www.ufmg.br\/montesclaros\/?page_id=1218"},"modified":"2024-07-10T11:20:30","modified_gmt":"2024-07-10T14:20:30","slug":"requerimento-de-integralizacao-de-carga-horaria-de-atividade-academica-complementar-agronomia","status":"publish","type":"page","link":"https:\/\/www.ufmg.br\/montesclaros\/requerimento-de-integralizacao-de-carga-horaria-de-atividade-academica-complementar-agronomia\/","title":{"rendered":"Requerimento de integraliza\u00e7\u00e3o de carga hor\u00e1ria de atividade acad\u00eamica complementar (Agronomia)"},"content":{"rendered":"\n<p><strong>Curso de Agronomia<\/strong><\/p>\n\n\n\n<p>O Projeto Pedag\u00f3gico do Curso de Agronomia prev\u00ea que parte da carga hor\u00e1ria did\u00e1tica total possa ser desenvolvida atrav\u00e9s de atividades complementares. Atualmente, as atividades acad\u00eamicas complementares do curso de Agronomia s\u00e3o: Inicia\u00e7\u00e3o \u00e0 pesquisa; Inicia\u00e7\u00e3o \u00e0 doc\u00eancia; Inicia\u00e7\u00e3o \u00e0 extens\u00e3o; Participa\u00e7\u00e3o em Eventos e Atividades acad\u00eamicas \u00e0 dist\u00e2ncia. Os requisitos para a integraliza\u00e7\u00e3o de carga hor\u00e1ria em cada atividade s\u00e3o:<\/p>\n\n\n\n<p><strong>Inicia\u00e7\u00e3o \u00e0 pesquisa, \u00e0 doc\u00eancia e \u00e0 extens\u00e3o<\/strong><\/p>\n\n\n\n<p>Ser\u00e3o atribu\u00eddos no m\u00e1ximo 06 (seis) cr\u00e9ditos, que poder\u00e3o ser assim distribu\u00eddos:<\/p>\n\n\n\n<p><strong>Inicia\u00e7\u00e3o \u00e0 Pesquisa:<\/strong> participa\u00e7\u00e3o em projeto de Inicia\u00e7\u00e3o Cient\u00edfica (com ou sem bolsa); 01 (um) ano de atividades em um mesmo projeto, com dedica\u00e7\u00e3o semanal de 12 (doze) horas para o aluno e com apresenta\u00e7\u00e3o de resultados parciais e\/ou finais em evento cient\u00edfico, equivalendo a 03 (tr\u00eas) cr\u00e9ditos;<\/p>\n\n\n\n<p><strong>Inicia\u00e7\u00e3o \u00e0 doc\u00eancia:<\/strong> participa\u00e7\u00e3o em projeto de monitoria (com ou sem bolsa); 01 (um) semestre de exerc\u00edcio de monitoria em disciplinas vinculadas ao Curso de Agronomia, com dedica\u00e7\u00e3o semanal de 12 (doze) horas, equivalendo a 03 (tr\u00eas) cr\u00e9ditos;<\/p>\n\n\n\n<p><strong>Inicia\u00e7\u00e3o \u00e0 extens\u00e3o (com ou sem bolsa):<\/strong> independe da dura\u00e7\u00e3o e da dedica\u00e7\u00e3o semanal do aluno. O professor orientador do projeto poder\u00e1atribuir de 01 (um) a 03 (tr\u00eas) cr\u00e9ditos, mediante aprova\u00e7\u00e3o de relat\u00f3rio.<\/p>\n\n\n\n<p><strong>Como requisitos para obten\u00e7\u00e3o de cr\u00e9ditos em atividades de Inicia\u00e7\u00e3o \u00e0 pesquisa, \u00e0 doc\u00eancia e \u00e0 extens\u00e3o ser\u00e3o exigidos, adicionalmente<\/strong>: Apresenta\u00e7\u00e3o pr\u00e9via para aprova\u00e7\u00e3o do Colegiado de plano de trabalho detalhado, incluindo cronograma de atividades; apresenta\u00e7\u00e3o de relat\u00f3rio final avaliado e aprovado pelo orientador com indica\u00e7\u00e3o da nota obtida pelo(a) aluno(a); preenchimento de formul\u00e1rio espec\u00edfico pelo(a) aluno(a).<\/p>\n\n\n\n<p><strong>Participa\u00e7\u00e3o em eventos<\/strong><\/p>\n\n\n\n<p>Ser\u00e3o atribu\u00eddos no m\u00e1ximo 3 (tr\u00eas) cr\u00e9ditos para participa\u00e7\u00e3o em eventos diretamente relacionados \u00e0s atividades acad\u00eamicas e profissionais da \u00e1rea da Agronomia. A participa\u00e7\u00e3o do aluno como ouvinte integraliza 1 (um) cr\u00e9dito e com apresenta\u00e7\u00e3o de trabalho 2 (dois) cr\u00e9ditos, independente da dura\u00e7\u00e3o do evento, cumprido os seguintes requisitos:<\/p>\n\n\n\n<p><strong>Requisitos:<\/strong> Apresenta\u00e7\u00e3o ao Colegiado de proposta de participa\u00e7\u00e3o no evento com anteced\u00eancia de at\u00e9 15 (quinze) dias, com c\u00f3pia do trabalho a ser apresentado, quando for o caso; apresenta\u00e7\u00e3o posterior do certificado de participa\u00e7\u00e3o no evento; preenchimento de formul\u00e1rio espec\u00edfico pelo(a) aluno(a).<\/p>\n\n\n\n<p><strong>Atividades acad\u00eamicas \u00e0 dist\u00e2ncia<\/strong><\/p>\n\n\n\n<p>Ser\u00e3o atribu\u00eddos no m\u00e1ximo 3 (tr\u00eas) cr\u00e9ditos, independente da dura\u00e7\u00e3o da atividade, sob os seguintes requisitos: apresenta\u00e7\u00e3o pr\u00e9via junto ao Colegiado da proposta de ensino \u00e0 dist\u00e2ncia contendo: tema, justificativa, cronograma, institui\u00e7\u00e3o respons\u00e1vel e forma de avalia\u00e7\u00e3o; indica\u00e7\u00e3o pelo Colegiado do n\u00famero de cr\u00e9ditos da atividade aprovada e de professor-tutor respons\u00e1vel pelo acompanhamento e avalia\u00e7\u00e3o final do aluno.<\/p>\n\n\n\n<p><strong><u>Instru\u00e7\u00f5es complementares<\/u><\/strong><\/p>\n\n\n\n<p>&#8211; O formul\u00e1rio de requerimento e demais documentos dever\u00e3o ser encaminhados para o email: <a href=\"mailto:colgradagro@ica.ufmg.br\">colgradagro@ica.ufmg.br<\/a><\/p>\n\n\n\n<p>&#8211; Os anexos dever\u00e3o ser enviados no formato PDF.<\/p>\n\n\n\n<p>&#8211;\u00a0 <a href=\"https:\/\/www.ufmg.br\/montesclaros\/wp-content\/uploads\/2023\/09\/Anexo-01-Requerimento-Atividade-Complementar.xlsx\">Baixe aqui o formul\u00e1rio para requerimento<\/a><\/p>\n","protected":false},"excerpt":{"rendered":"<p>Curso de Agronomia O Projeto Pedag\u00f3gico do Curso de Agronomia prev\u00ea que parte da carga hor\u00e1ria did\u00e1tica total possa ser desenvolvida atrav\u00e9s de atividades complementares. Atualmente, as atividades acad\u00eamicas complementares do curso de Agronomia s\u00e3o: Inicia\u00e7\u00e3o \u00e0 pesquisa; Inicia\u00e7\u00e3o \u00e0 doc\u00eancia; Inicia\u00e7\u00e3o \u00e0 extens\u00e3o; Participa\u00e7\u00e3o em Eventos e Atividades acad\u00eamicas \u00e0 dist\u00e2ncia. Os requisitos para [&hellip;]<\/p>\n","protected":false},"author":3,"featured_media":0,"parent":0,"menu_order":0,"comment_status":"closed","ping_status":"closed","template":"","meta":[],"acf":[],"_links":{"self":[{"href":"https:\/\/www.ufmg.br\/montesclaros\/wp-json\/wp\/v2\/pages\/1218"}],"collection":[{"href":"https:\/\/www.ufmg.br\/montesclaros\/wp-json\/wp\/v2\/pages"}],"about":[{"href":"https:\/\/www.ufmg.br\/montesclaros\/wp-json\/wp\/v2\/types\/page"}],"author":[{"embeddable":true,"href":"https:\/\/www.ufmg.br\/montesclaros\/wp-json\/wp\/v2\/users\/3"}],"replies":[{"embeddable":true,"href":"https:\/\/www.ufmg.br\/montesclaros\/wp-json\/wp\/v2\/comments?post=1218"}],"version-history":[{"count":1,"href":"https:\/\/www.ufmg.br\/montesclaros\/wp-json\/wp\/v2\/pages\/1218\/revisions"}],"predecessor-version":[{"id":1219,"href":"https:\/\/www.ufmg.br\/montesclaros\/wp-json\/wp\/v2\/pages\/1218\/revisions\/1219"}],"wp:attachment":[{"href":"https:\/\/www.ufmg.br\/montesclaros\/wp-json\/wp\/v2\/media?parent=1218"}],"curies":[{"name":"wp","href":"https:\/\/api.w.org\/{rel}","templated":true}]}}