{"id":1222,"date":"2024-07-10T11:24:27","date_gmt":"2024-07-10T14:24:27","guid":{"rendered":"https:\/\/www.ufmg.br\/montesclaros\/?page_id=1222"},"modified":"2024-07-10T11:24:27","modified_gmt":"2024-07-10T14:24:27","slug":"revisao-de-desligamento-da-ufmg","status":"publish","type":"page","link":"https:\/\/www.ufmg.br\/montesclaros\/revisao-de-desligamento-da-ufmg\/","title":{"rendered":"Revis\u00e3o de Desligamento da UFMG"},"content":{"rendered":"\n<p>O estudante que tenha sido desligado poder\u00e1 solicitar revis\u00e3o de desligamento e transforma\u00e7\u00e3o de matr\u00edculas regulares em matr\u00edculas isoladas. Os requerimentos dever\u00e3o ser realizados por meio do Sistema Acad\u00eamico de Gradua\u00e7\u00e3o (Siga), em substitui\u00e7\u00e3o aos formul\u00e1rios impressos e procedimentos presenciais at\u00e9 ent\u00e3o adotados. Para mais informa\u00e7\u00f5es, acesse o <a href=\"https:\/\/www.ufmg.br\/montesclaros\/wp-content\/uploads\/2022\/08\/Oficio-Circular-n-01-2020-PROGRAD-UFMG.pdf\" data-type=\"URL\" data-id=\"https:\/\/www.ufmg.br\/montesclaros\/wp-content\/uploads\/2022\/08\/Oficio-Circular-n-01-2020-PROGRAD-UFMG.pdf\" target=\"_blank\" rel=\"noreferrer noopener\"><u>Of\u00edcio Circular n\u00ba 01-2020-PROGRAD-GAB-UFMG<\/u><\/a>.<\/p>\n\n\n\n<p><strong>Requerimento de revis\u00e3o de desligamento&nbsp;<\/strong><\/p>\n\n\n\n<p><a href=\"https:\/\/www.ufmg.br\/montesclaros\/wp-content\/uploads\/2022\/08\/Roteiro-para-Requerimento-de-Revisao-de-Desligamento.pdf\" target=\"_blank\" rel=\"noreferrer noopener\"><u>Roteiro para Revis\u00e3o de Desligamento<\/u><\/a><\/p>\n\n\n\n<p>O estudante dever\u00e1 acessar o Siga, por meio do endere\u00e7o eletr\u00f4nico <a href=\"https:\/\/sistemas.ufmg.br\/configuracao-curricular\">https:\/\/sistemas.ufmg.br\/configuracao-curricular<\/a> &#8211; Clicar em Meus Requerimentos de Ocorr\u00eancias &#8211; Criar novo requerimento &#8211; Selecionar tipo de requerimento Revis\u00e3o de Desligamento.<\/p>\n\n\n\n<p>Informamos que o <a href=\"https:\/\/www.ufmg.br\/montesclaros\/wp-content\/uploads\/2022\/08\/Requerimento-de-Revisao-de-Desligamento.doc\" target=\"_blank\" rel=\"noreferrer noopener\"><u>Requerimento de Revis\u00e3o de Desligamento<\/u><\/a> exige apresenta\u00e7\u00e3o de justificativa fundamentada, acompanhada por documentos comprobat\u00f3rios (quando pertinente) dos motivos que embasam a justificativa. Al\u00e9m disso, o(a) estudante dever\u00e1 apresentar um plano de integraliza\u00e7\u00e3o* atualizado, detalhando como ele(a) planeja integralizar as atividades restantes de seu curso, conforme extrato de integraliza\u00e7\u00e3o. Caber\u00e1 ao Colegiado avaliar a exequibilidade do plano de estudos proposto.<\/p>\n\n\n\n<p>* Elaborar uma <a href=\"https:\/\/www.ufmg.br\/montesclaros\/wp-content\/uploads\/2022\/08\/Proposta-de-Plano-de-Integralizacao-para-fim-de-revisao-de-desligamento.doc\">proposta de plano de integraliza\u00e7\u00e3o para fins de revis\u00e3o de desligamento<\/a>, conforme modelo, que descreva como voc\u00ea pretende dar continuidade aos estudos no seu curso de gradua\u00e7\u00e3o na UFMG, caso seu requerimento seja deferido. Inserir, por per\u00edodo letivo, as atividades acad\u00eamicas curriculares que voc\u00ea pretende cursar para integralizar seu curso. Para elabora\u00e7\u00e3o desse plano, \u00e9 importante considerar:<\/p>\n\n\n\n<p>&#8211; periodicidade de oferta das atividades (anuais ou semestrais);<\/p>\n\n\n\n<p>&#8211; rela\u00e7\u00e3o de pr\u00e9-requisito e correquisito;<\/p>\n\n\n\n<p>&#8211; compatibilidade de hor\u00e1rios das turmas ofertadas;<\/p>\n\n\n\n<p>&#8211; n\u00famero m\u00e1ximo de cr\u00e9ditos permitidos na matr\u00edcula;<\/p>\n\n\n\n<p>&#8211; saldo de integraliza\u00e7\u00e3o (SI) dispon\u00edvel;<\/p>\n\n\n\n<p>&#8211; necessidade de concess\u00e3o de semestre; e<\/p>\n\n\n\n<p>&#8211; trajet\u00f3ria do(a) estudante com rela\u00e7\u00e3o ao n\u00famero m\u00e9dio de cr\u00e9ditos integralizados por per\u00edodo letivo.<\/p>\n\n\n\n<p>Al\u00e9m disso, solicitamos aos estudantes que observem as seguintes diretrizes:<\/p>\n\n\n\n<p>1) Somente os estudantes desligados por n\u00e3o atingirem os marcos intermedi\u00e1rios de integraliza\u00e7\u00e3o, RSG\/NSG insuficiente ou Infrequ\u00eancia, que tenham o seu requerimento da 1\u00aa fase de matr\u00edcula deferidos pelo Coordenador do curso, est\u00e3o habilitados a solicitar a transforma\u00e7\u00e3o de matr\u00edcula regular em matr\u00edcula isolada;<\/p>\n\n\n\n<p>2) Os requerimentos da transforma\u00e7\u00e3o de matr\u00edcula regular em atividades isoladas somente ser\u00e3o deferidos caso o estudante j\u00e1 tenha enviado o requerimento online de revis\u00e3o de desligamento;<\/p>\n\n\n\n<p>3) Todas as matr\u00edculas dos estudantes que solicitarem transforma\u00e7\u00e3o de matr\u00edcula regular em matr\u00edculas isoladas ser\u00e3o convertidas para esta situa\u00e7\u00e3o, n\u00e3o podendo o estudante realizar qualquer tipo de op\u00e7\u00e3o como, por exemplo, troca de turma e inclus\u00e3o de novas atividades acad\u00eamicas curriculares;<\/p>\n\n\n\n<p>4) A data-limite para envio dos requerimentos online de revis\u00e3o de desligamento para os estudantes desligados por RSG\/NSG insuficiente, Infrequ\u00eancia e Tempo m\u00e1ximo de integraliza\u00e7\u00e3o atribu\u00eddo (TMIR) \u00e9 de 10 dias corridos ap\u00f3s o in\u00edcio do semestre letivo;<\/p>\n\n\n\n<p>5) A data-limite para envio dos requerimentos online de revis\u00e3o de desligamentos para os estudantes desligados por n\u00e3o matr\u00edcula \u00e9 de 10 dias corridos ap\u00f3s o envio por e-mail do referido comunicado de desligamento;<\/p>\n\n\n\n<p>6) Casos que n\u00e3o atendam aos quesitos 4 ou 5 ser\u00e3o considerados pedidos extempor\u00e2neos e devem ser encaminhados por e-mail ao Colegiado do curso de gradua\u00e7\u00e3o de v\u00ednculo, com os seguintes documentos em arquivo \u00fanico e no formato PDF:<\/p>\n\n\n\n<p>a) <a href=\"https:\/\/www.ufmg.br\/montesclaros\/wp-content\/uploads\/2022\/08\/Requerimento-de-Revisao-de-Desligamento.doc\" target=\"_blank\" rel=\"noreferrer noopener\"><u>Requerimento de Revis\u00e3o de Desligamento<\/u><\/a> que exige apresenta\u00e7\u00e3o de justificativa fundamentada, acompanhada por documentos comprobat\u00f3rios (quando pertinente) dos motivos que embasam a justificativa;<\/p>\n\n\n\n<p>b) Al\u00e9m disso, o(a) estudante dever\u00e1 apresentar um plano de integraliza\u00e7\u00e3o* atualizado, detalhando como ele(a) planeja integralizar as atividades restantes de seu curso, conforme extrato de integraliza\u00e7\u00e3o.<\/p>\n\n\n\n<p>Nos casos de indeferimento do requerimento de revis\u00e3o de desligamento, o(a) estudante poder\u00e1 solicitar em 10 (dez) dias corridos, ap\u00f3s a ci\u00eancia da decis\u00e3o, a revis\u00e3o por meio de reconsidera\u00e7\u00e3o ou recurso. Em ambos os casos, ele(a) deve encaminhar seu requerimento por e-mail ao Colegiado de v\u00ednculo. Ou seja, n\u00e3o ser\u00e1 poss\u00edvel solicitar reconsidera\u00e7\u00e3o ou recurso usando o requerimento online do Siga, devendo ser adotados os habituais procedimentos administrativos.<\/p>\n\n\n\n<p><strong>Requerimento para transforma\u00e7\u00e3o de matr\u00edcula regular em matr\u00edcula isolada&nbsp;<\/strong><\/p>\n\n\n\n<p><a href=\"https:\/\/www.ufmg.br\/montesclaros\/wp-content\/uploads\/2022\/08\/Roteiro-para-Requerimento-transformacao-de-matricula-regular-em-matricula-isolada.pdf\" target=\"_blank\" rel=\"noreferrer noopener\"><u>Roteiro para transforma\u00e7\u00e3o de matr\u00edcula regular em matr\u00edcula isolada<\/u><\/a><\/p>\n\n\n\n<p>Ap\u00f3s o envio do requerimento de revis\u00e3o de desligamento, o estudante dever\u00e1 solicitar a transforma\u00e7\u00e3o de matr\u00edcula regular em matr\u00edcula isolada para estudantes em processo de desligamento.<\/p>\n\n\n\n<p>Ser\u00e1 necess\u00e1rio acessar o Siga, por meio do endere\u00e7o eletr\u00f4nico <a href=\"https:\/\/sistemas.ufmg.br\/configuracao-curricular\">https:\/\/sistemas.ufmg.br\/configuracao-curricular<\/a> &#8211; Clicar em Meus Requerimentos de Ocorr\u00eancias &#8211; Criar novo requerimento &#8211; Selecionar tipo de requerimento &#8211; Transforma\u00e7\u00e3o de Matr\u00edcula Regular em Matr\u00edcula Isolada.<\/p>\n\n\n\n<p>Para mais esclarecimentos, favor entrar em contato pelo e-mail do respectivo Colegiado de curso.<\/p>\n\n\n\n<p>Mais informa\u00e7\u00f5es sobre as Normas Gerais de Gradua\u00e7\u00e3o, acesse: <a href=\"https:\/\/ufmg.br\/vida-academica\/regras-academicas\">https:\/\/ufmg.br\/vida-academica\/regras-academicas<\/a><\/p>\n\n\n\n<p><strong>Prazo para solicita\u00e7\u00e3o de revis\u00e3o de desligamento e transforma\u00e7\u00e3o de matr\u00edculas regulares em matr\u00edculas isoladas:<\/strong><\/p>\n\n\n\n<p>&#8211; Para desligamento por RSG\/NSG insuficiente, Infrequ\u00eancia e Tempo m\u00e1ximo de integraliza\u00e7\u00e3o atribu\u00eddo (TMIR): 10 dias corridos ap\u00f3s o in\u00edcio do semestre letivo;<\/p>\n\n\n\n<p>&#8211; Para desligamento por n\u00e3o matr\u00edcula: 10 dias corridos ap\u00f3s o envio, por e-mail, do comunicado de desligamento.<\/p>\n\n\n\n<p>&#8211; Reconsidera\u00e7\u00e3o ou recurso: 10 (dez) dias corridos ap\u00f3s a ci\u00eancia da decis\u00e3o.<\/p>\n","protected":false},"excerpt":{"rendered":"<p>O estudante que tenha sido desligado poder\u00e1 solicitar revis\u00e3o de desligamento e transforma\u00e7\u00e3o de matr\u00edculas regulares em matr\u00edculas isoladas. Os requerimentos dever\u00e3o ser realizados por meio do Sistema Acad\u00eamico de Gradua\u00e7\u00e3o (Siga), em substitui\u00e7\u00e3o aos formul\u00e1rios impressos e procedimentos presenciais at\u00e9 ent\u00e3o adotados. Para mais informa\u00e7\u00f5es, acesse o Of\u00edcio Circular n\u00ba 01-2020-PROGRAD-GAB-UFMG. Requerimento de revis\u00e3o [&hellip;]<\/p>\n","protected":false},"author":3,"featured_media":0,"parent":0,"menu_order":0,"comment_status":"closed","ping_status":"closed","template":"","meta":[],"acf":[],"_links":{"self":[{"href":"https:\/\/www.ufmg.br\/montesclaros\/wp-json\/wp\/v2\/pages\/1222"}],"collection":[{"href":"https:\/\/www.ufmg.br\/montesclaros\/wp-json\/wp\/v2\/pages"}],"about":[{"href":"https:\/\/www.ufmg.br\/montesclaros\/wp-json\/wp\/v2\/types\/page"}],"author":[{"embeddable":true,"href":"https:\/\/www.ufmg.br\/montesclaros\/wp-json\/wp\/v2\/users\/3"}],"replies":[{"embeddable":true,"href":"https:\/\/www.ufmg.br\/montesclaros\/wp-json\/wp\/v2\/comments?post=1222"}],"version-history":[{"count":1,"href":"https:\/\/www.ufmg.br\/montesclaros\/wp-json\/wp\/v2\/pages\/1222\/revisions"}],"predecessor-version":[{"id":1223,"href":"https:\/\/www.ufmg.br\/montesclaros\/wp-json\/wp\/v2\/pages\/1222\/revisions\/1223"}],"wp:attachment":[{"href":"https:\/\/www.ufmg.br\/montesclaros\/wp-json\/wp\/v2\/media?parent=1222"}],"curies":[{"name":"wp","href":"https:\/\/api.w.org\/{rel}","templated":true}]}}