{"id":1224,"date":"2024-07-10T11:26:40","date_gmt":"2024-07-10T14:26:40","guid":{"rendered":"https:\/\/www.ufmg.br\/montesclaros\/?page_id=1224"},"modified":"2024-07-10T11:28:47","modified_gmt":"2024-07-10T14:28:47","slug":"segunda-chamada-de-prova","status":"publish","type":"page","link":"https:\/\/www.ufmg.br\/montesclaros\/segunda-chamada-de-prova\/","title":{"rendered":"Segunda Chamada de Prova"},"content":{"rendered":"\n<p>O estudante que tenha perdido uma avalia\u00e7\u00e3o dever\u00e1 procurar diretamente o docente respons\u00e1vel a fim de solicitar a reaplica\u00e7\u00e3o, mediante apresenta\u00e7\u00e3o de justificativa. Nos casos em que n\u00e3o houver acordo entre estudante e professor, a solicita\u00e7\u00e3o poder\u00e1 ser encaminhada para o e-mail do Colegiado do curso de v\u00ednculo em at\u00e9 10 (dez) dias ap\u00f3s a realiza\u00e7\u00e3o da avalia\u00e7\u00e3o, observando o disposto na <a href=\"https:\/\/www.ufmg.br\/montesclaros\/wp-content\/uploads\/2022\/08\/Resolucao-No-09-2008-Segunda-chamada-de-prova.pdf\" target=\"_blank\" rel=\"noreferrer noopener\"><u>Resolu\u00e7\u00e3o CEPE\/UFMG N\u00ba 09\/2008<\/u><\/a>.<\/p>\n\n\n\n<p>Caso o requerimento seja deferido, o docente respons\u00e1vel pela Atividade Acad\u00eamica Curricular (AAC) dever\u00e1 ofertar uma avalia\u00e7\u00e3o suplementar<strong>,<\/strong> envolvendo conte\u00fado, compet\u00eancias e habilidades compat\u00edveis com a avalia\u00e7\u00e3o original, a ser aplicada no mesmo hor\u00e1rio previsto na oferta da AAC ou em hor\u00e1rio alternativo, se houver comum acordo entre as partes, conforme <a href=\"https:\/\/www.ufmg.br\/montesclaros\/wp-content\/uploads\/2022\/08\/Oficio-Circular-PROGRAD-UFMG-n-032022.pdf\" target=\"_blank\" rel=\"noreferrer noopener\">Of\u00edcio Circular PROGRAD-UFMG n\u00ba 03\/2022<\/a>.\u00a0<\/p>\n\n\n\n<p><strong>Requerimento de segunda chamada de prova em caso de negativa do docente&nbsp;<\/strong><\/p>\n\n\n\n<p>O estudante dever\u00e1 enviar para o e-mail do Colegiado do respectivo curso os seguintes dados:<\/p>\n\n\n\n<p><strong>Assunto do email:&nbsp;<\/strong>Requerimento de segunda de prova na disciplina (c\u00f3digo\/nome)<br><strong>Nome completo:<br>N\u00famero de matr\u00edcula:<br>Curso:<br>Contato:<br>Professor (a) respons\u00e1vel pela disciplina:<\/strong><br><strong>Justificativa:<\/strong><br><strong>Data da prova:<br>Anexos, quando houver.<\/strong>&nbsp;<\/p>\n\n\n\n<p><strong>Prazo para solicita\u00e7\u00e3o de segunda chamada de prova em caso de negativa do docente: <\/strong>10 (dez) dias ap\u00f3s a realiza\u00e7\u00e3o da avalia\u00e7\u00e3o.<\/p>\n","protected":false},"excerpt":{"rendered":"<p>O estudante que tenha perdido uma avalia\u00e7\u00e3o dever\u00e1 procurar diretamente o docente respons\u00e1vel a fim de solicitar a reaplica\u00e7\u00e3o, mediante apresenta\u00e7\u00e3o de justificativa. Nos casos em que n\u00e3o houver acordo entre estudante e professor, a solicita\u00e7\u00e3o poder\u00e1 ser encaminhada para o e-mail do Colegiado do curso de v\u00ednculo em at\u00e9 10 (dez) dias ap\u00f3s a [&hellip;]<\/p>\n","protected":false},"author":3,"featured_media":0,"parent":0,"menu_order":0,"comment_status":"closed","ping_status":"closed","template":"","meta":[],"acf":[],"_links":{"self":[{"href":"https:\/\/www.ufmg.br\/montesclaros\/wp-json\/wp\/v2\/pages\/1224"}],"collection":[{"href":"https:\/\/www.ufmg.br\/montesclaros\/wp-json\/wp\/v2\/pages"}],"about":[{"href":"https:\/\/www.ufmg.br\/montesclaros\/wp-json\/wp\/v2\/types\/page"}],"author":[{"embeddable":true,"href":"https:\/\/www.ufmg.br\/montesclaros\/wp-json\/wp\/v2\/users\/3"}],"replies":[{"embeddable":true,"href":"https:\/\/www.ufmg.br\/montesclaros\/wp-json\/wp\/v2\/comments?post=1224"}],"version-history":[{"count":1,"href":"https:\/\/www.ufmg.br\/montesclaros\/wp-json\/wp\/v2\/pages\/1224\/revisions"}],"predecessor-version":[{"id":1225,"href":"https:\/\/www.ufmg.br\/montesclaros\/wp-json\/wp\/v2\/pages\/1224\/revisions\/1225"}],"wp:attachment":[{"href":"https:\/\/www.ufmg.br\/montesclaros\/wp-json\/wp\/v2\/media?parent=1224"}],"curies":[{"name":"wp","href":"https:\/\/api.w.org\/{rel}","templated":true}]}}