{"id":1226,"date":"2024-07-10T11:36:54","date_gmt":"2024-07-10T14:36:54","guid":{"rendered":"https:\/\/www.ufmg.br\/montesclaros\/?page_id=1226"},"modified":"2024-07-10T11:36:54","modified_gmt":"2024-07-10T14:36:54","slug":"trancamento-parcial-de-matricula","status":"publish","type":"page","link":"https:\/\/www.ufmg.br\/montesclaros\/trancamento-parcial-de-matricula\/","title":{"rendered":"Trancamento parcial de Matr\u00edcula"},"content":{"rendered":"\n<p>O trancamento parcial de matr\u00edcula \u00e9 uma ocorr\u00eancia acad\u00eamica na qual um(a) estudante solicita a suspens\u00e3o da matr\u00edcula em uma dada atividade acad\u00eamica curricular. Tal ocorr\u00eancia \u00e9 registrada no Hist\u00f3rico do(a) estudante.<\/p>\n\n\n\n<p>Os artigos 95, 96 e 97 da <a href=\"https:\/\/www.ufmg.br\/montesclaros\/wp-content\/uploads\/2022\/08\/Resolucao-Complementar-n-01-2018-NORMAS-GERAIS-DE-GRADUACAO.pdf\" data-type=\"URL\" data-id=\"https:\/\/www.ufmg.br\/montesclaros\/wp-content\/uploads\/2022\/08\/Resolucao-Complementar-n-01-2018-NORMAS-GERAIS-DE-GRADUACAO.pdf\" target=\"_blank\" rel=\"noreferrer noopener\"><u>Resolu\u00e7\u00e3o Complementar CEPE\/UFMG n\u00ba 01\/2018<\/u><\/a> das novas Normas Gerais de Gradua\u00e7\u00e3o (NGG) estabelecem que, independentemente do ano de ingresso na UFMG, cada estudante ter\u00e1 direito a um n\u00famero m\u00e1ximo de trancamentos parciais sem justificativa durante toda a sua trajet\u00f3ria na UFMG. Para cursos de dura\u00e7\u00e3o padr\u00e3o de 8 per\u00edodos, esse n\u00famero \u00e9 de 4 (quatro) trancamentos parciais. Para cursos de dura\u00e7\u00e3o padr\u00e3o de 9 ou 10 per\u00edodos, esse n\u00famero \u00e9 de 5 (cinco) trancamentos parciais. Para cursos de dura\u00e7\u00e3o padr\u00e3o de 11 ou 12 per\u00edodos, esse n\u00famero \u00e9 de 6 (seis) trancamentos parciais. Finalmente, para cursos de dura\u00e7\u00e3o padr\u00e3o de 13 per\u00edodos, esse n\u00famero \u00e9 de 7 (sete) trancamentos parciais.<\/p>\n\n\n\n<p>N\u00e3o h\u00e1 limite para trancamentos parciais com justificativa. Nesse caso, as solicita\u00e7\u00f5es ser\u00e3o analisadas pelos Colegiados, de acordo com par\u00e2metros definidos no Regulamento do curso.<\/p>\n\n\n\n<p>Pelas novas NGG, n\u00e3o \u00e9 proibido o trancamento parcial de uma mesma atividade acad\u00eamica curricular em dois ou mais per\u00edodos letivos distintos, desde que o n\u00famero m\u00e1ximo seja respeitado. Ou seja, um(a) estudante de um curso de dura\u00e7\u00e3o padr\u00e3o de 10 semestres poderia utilizar 2 trancamentos parciais sem justificativa dos 5 a que tem direito, por exemplo, para uma mesma atividade acad\u00eamica curricular na qual se matriculou em per\u00edodos letivos distintos. Vale ressaltar que, nesse caso, as regras de matr\u00edcula s\u00e3o igualmente aplicadas no per\u00edodo letivo seguinte, conforme previsto na <a href=\"https:\/\/www.ufmg.br\/montesclaros\/wp-content\/uploads\/2022\/08\/Resolucao_01_2018_CEPE_regulamenta_processo_matricula.pdf\" target=\"_blank\" rel=\"noreferrer noopener\"><u>Resolu\u00e7\u00e3o CEPE\/UFMG n\u00ba 01\/2018<\/u><\/a>, de 20 de fevereiro de 2018.<\/p>\n\n\n\n<p>Um(a) estudante tamb\u00e9m pode realizar mais de um trancamento parcial por per\u00edodo letivo, desde que seja respeitado o n\u00famero m\u00e1ximo de trancamentos parciais sem justificativa a que tem direito durante sua trajet\u00f3ria na UFMG. A ju\u00edzo do Colegiado, tamb\u00e9m poder\u00e1 ser observado nessa an\u00e1lise o n\u00famero m\u00ednimo de cr\u00e9ditos por per\u00edodo curricular previsto para o percurso curricular do(a) estudante.<\/p>\n\n\n\n<p><strong>Requerimento de trancamento parcial de matr\u00edcula&nbsp;<\/strong><\/p>\n\n\n\n<p><a href=\"https:\/\/www.ufmg.br\/montesclaros\/wp-content\/uploads\/2022\/08\/Roteiro-para-Requerimento-de-Trancamento-Parcial-de-Matricula.pdf\" target=\"_blank\" rel=\"noreferrer noopener\"><u>Roteiro para requerimento de Trancamento Parcial de Matr\u00edcula<\/u><\/a><\/p>\n\n\n\n<p>Observando-se os prazos previstos no Calend\u00e1rio Acad\u00eamico e as disposi\u00e7\u00f5es regulamentadas nos artigos 95 a 98 das NGG, o(a) estudante dever\u00e1 acessar o sistema acad\u00eamico via MinhaUFMG &#8211; Clicar em Meus Requerimentos de Ocorr\u00eancias &#8211; Criar novo requerimento &#8211; Selecionar tipo de requerimento Trancamento Parcial de matr\u00edcula. Caber\u00e1 \u00e0 Coordena\u00e7\u00e3o do curso julgar o pedido.<\/p>\n\n\n\n<p><strong>Prazo para solicita\u00e7\u00e3o de trancamento parcial de matr\u00edcula: <\/strong>Conforme previsto no Calend\u00e1rio Acad\u00eamico.<\/p>\n","protected":false},"excerpt":{"rendered":"<p>O trancamento parcial de matr\u00edcula \u00e9 uma ocorr\u00eancia acad\u00eamica na qual um(a) estudante solicita a suspens\u00e3o da matr\u00edcula em uma dada atividade acad\u00eamica curricular. Tal ocorr\u00eancia \u00e9 registrada no Hist\u00f3rico do(a) estudante. Os artigos 95, 96 e 97 da Resolu\u00e7\u00e3o Complementar CEPE\/UFMG n\u00ba 01\/2018 das novas Normas Gerais de Gradua\u00e7\u00e3o (NGG) estabelecem que, independentemente do [&hellip;]<\/p>\n","protected":false},"author":3,"featured_media":0,"parent":0,"menu_order":0,"comment_status":"closed","ping_status":"closed","template":"","meta":[],"acf":[],"_links":{"self":[{"href":"https:\/\/www.ufmg.br\/montesclaros\/wp-json\/wp\/v2\/pages\/1226"}],"collection":[{"href":"https:\/\/www.ufmg.br\/montesclaros\/wp-json\/wp\/v2\/pages"}],"about":[{"href":"https:\/\/www.ufmg.br\/montesclaros\/wp-json\/wp\/v2\/types\/page"}],"author":[{"embeddable":true,"href":"https:\/\/www.ufmg.br\/montesclaros\/wp-json\/wp\/v2\/users\/3"}],"replies":[{"embeddable":true,"href":"https:\/\/www.ufmg.br\/montesclaros\/wp-json\/wp\/v2\/comments?post=1226"}],"version-history":[{"count":1,"href":"https:\/\/www.ufmg.br\/montesclaros\/wp-json\/wp\/v2\/pages\/1226\/revisions"}],"predecessor-version":[{"id":1227,"href":"https:\/\/www.ufmg.br\/montesclaros\/wp-json\/wp\/v2\/pages\/1226\/revisions\/1227"}],"wp:attachment":[{"href":"https:\/\/www.ufmg.br\/montesclaros\/wp-json\/wp\/v2\/media?parent=1226"}],"curies":[{"name":"wp","href":"https:\/\/api.w.org\/{rel}","templated":true}]}}