{"id":1228,"date":"2024-07-10T11:38:47","date_gmt":"2024-07-10T14:38:47","guid":{"rendered":"https:\/\/www.ufmg.br\/montesclaros\/?page_id=1228"},"modified":"2024-07-10T11:38:47","modified_gmt":"2024-07-10T14:38:47","slug":"trancamento-total-de-matricula","status":"publish","type":"page","link":"https:\/\/www.ufmg.br\/montesclaros\/trancamento-total-de-matricula\/","title":{"rendered":"Trancamento total de Matr\u00edcula"},"content":{"rendered":"\n<p>Cada estudante tem direito a um \u00fanico trancamento total de matr\u00edcula sem justificativa durante todo o curso. Embora n\u00e3o haja limite para n\u00famero de trancamentos totais com justificativa, \u00e9 importante esclarecer que, com ou sem justificativa, os per\u00edodos letivos trancados a partir de 2019\/1 ser\u00e3o debitados do tempo m\u00e1ximo de integraliza\u00e7\u00e3o (TMIR) atribu\u00eddo ao(\u00e0) estudante.<\/p>\n\n\n\n<p>N\u00e3o \u00e9 permitida a concess\u00e3o de trancamento total de matr\u00edcula sem justificativa no primeiro per\u00edodo letivo do estudante na UFMG, independentemente da forma de ingresso desse(a) estudante.<\/p>\n\n\n\n<p>Caso se trate de requerimento com justificativa, \u00e9 importante anexar documentos comprobat\u00f3rios, al\u00e9m da justificativa fundamentada. Os prazos para trancamento s\u00e3o definidos no Calend\u00e1rio de acordo com art. 96 da <a href=\"https:\/\/www.ufmg.br\/montesclaros\/wp-content\/uploads\/2022\/08\/Resolucao-Complementar-n-01-2018-NORMAS-GERAIS-DE-GRADUACAO.pdf\" data-type=\"URL\" data-id=\"https:\/\/www.ufmg.br\/montesclaros\/wp-content\/uploads\/2022\/08\/Resolucao-Complementar-n-01-2018-NORMAS-GERAIS-DE-GRADUACAO.pdf\" target=\"_blank\" rel=\"noreferrer noopener\"><u>Resolu\u00e7\u00e3o Complementar CEPE\/UFMG n\u00ba 01\/2018<\/u><\/a> das <a href=\"https:\/\/www.ufmg.br\/montesclaros\/wp-content\/uploads\/2022\/08\/Resolucao-Complementar-n-01-2018-NORMAS-GERAIS-DE-GRADUACAO.pdf\" target=\"_blank\" rel=\"noreferrer noopener\"><u>novas Normas Gerais de Gradua\u00e7\u00e3o<\/u><\/a> (NGG).<\/p>\n\n\n\n<p>De acordo com art. 54 das NGG, os Regulamentos dos cursos poder\u00e3o prever par\u00e2metros para an\u00e1lise dos pedidos de trancamento com justificativa.<\/p>\n\n\n\n<p>Um requerimento de trancamento total com justificativa poder\u00e1 ser transformado em requerimento sem justificativa em caso de indeferimento, a pedido do(a) estudante. Para tal, o(a) estudante dever\u00e1 assinalar essa op\u00e7\u00e3o ao fazer seu requerimento de trancamento total com justificativa. Assim, n\u00e3o sendo aceita a justificativa pelo Colegiado, o requerimento \u00e9 avaliado com base nos crit\u00e9rios para trancamento total sem justificativa, desde que as seguintes condi\u00e7\u00f5es sejam satisfeitas:<\/p>\n\n\n\n<p>&#8211; o(a) estudante ainda n\u00e3o tenha realizado um trancamento total sem justificativa;<\/p>\n\n\n\n<p>&#8211; o requerimento de trancamento total tenha sido feito no prazo de at\u00e9 30 (trinta) dias corridos ap\u00f3s o in\u00edcio do per\u00edodo letivo.<\/p>\n\n\n\n<p><strong>Requerimento de trancamento total de matr\u00edcula&nbsp;<\/strong><\/p>\n\n\n\n<p><a href=\"https:\/\/www.ufmg.br\/montesclaros\/wp-content\/uploads\/2022\/08\/Instruces-para-Requerimento-de-Trancamento-Total-de-Matricula.pdf\" target=\"_blank\" rel=\"noreferrer noopener\"><u>Roteiro para requerimento de Trancamento Total de Matr\u00edcula<\/u><\/a><\/p>\n\n\n\n<p>Obedecendo os prazos previstos no Calend\u00e1rio Acad\u00eamico da UFMG, o(a) estudante interessado(a) dever\u00e1 acessar o sistema acad\u00eamico via MinhaUFMG &#8211; Clicar em Meus Requerimentos de Ocorr\u00eancias &#8211; Criar novo requerimento &#8211; Selecionar tipo de requerimento Trancamento Total de matr\u00edcula.<\/p>\n\n\n\n<p><strong>Prazo para solicita\u00e7\u00e3o de trancamento total de matr\u00edcula: <\/strong>Conforme previsto no Calend\u00e1rio Acad\u00eamico.<\/p>\n","protected":false},"excerpt":{"rendered":"<p>Cada estudante tem direito a um \u00fanico trancamento total de matr\u00edcula sem justificativa durante todo o curso. Embora n\u00e3o haja limite para n\u00famero de trancamentos totais com justificativa, \u00e9 importante esclarecer que, com ou sem justificativa, os per\u00edodos letivos trancados a partir de 2019\/1 ser\u00e3o debitados do tempo m\u00e1ximo de integraliza\u00e7\u00e3o (TMIR) atribu\u00eddo ao(\u00e0) estudante. [&hellip;]<\/p>\n","protected":false},"author":3,"featured_media":0,"parent":0,"menu_order":0,"comment_status":"closed","ping_status":"closed","template":"","meta":[],"acf":[],"_links":{"self":[{"href":"https:\/\/www.ufmg.br\/montesclaros\/wp-json\/wp\/v2\/pages\/1228"}],"collection":[{"href":"https:\/\/www.ufmg.br\/montesclaros\/wp-json\/wp\/v2\/pages"}],"about":[{"href":"https:\/\/www.ufmg.br\/montesclaros\/wp-json\/wp\/v2\/types\/page"}],"author":[{"embeddable":true,"href":"https:\/\/www.ufmg.br\/montesclaros\/wp-json\/wp\/v2\/users\/3"}],"replies":[{"embeddable":true,"href":"https:\/\/www.ufmg.br\/montesclaros\/wp-json\/wp\/v2\/comments?post=1228"}],"version-history":[{"count":1,"href":"https:\/\/www.ufmg.br\/montesclaros\/wp-json\/wp\/v2\/pages\/1228\/revisions"}],"predecessor-version":[{"id":1229,"href":"https:\/\/www.ufmg.br\/montesclaros\/wp-json\/wp\/v2\/pages\/1228\/revisions\/1229"}],"wp:attachment":[{"href":"https:\/\/www.ufmg.br\/montesclaros\/wp-json\/wp\/v2\/media?parent=1228"}],"curies":[{"name":"wp","href":"https:\/\/api.w.org\/{rel}","templated":true}]}}