{"id":1230,"date":"2024-07-10T13:13:29","date_gmt":"2024-07-10T16:13:29","guid":{"rendered":"https:\/\/www.ufmg.br\/montesclaros\/?page_id=1230"},"modified":"2024-07-10T13:13:29","modified_gmt":"2024-07-10T16:13:29","slug":"carteira-de-identificacao-estudantil","status":"publish","type":"page","link":"https:\/\/www.ufmg.br\/montesclaros\/carteira-de-identificacao-estudantil\/","title":{"rendered":"Carteira de Identifica\u00e7\u00e3o Estudantil"},"content":{"rendered":"\n<p>A UFMG emite aos estudantes a Carteira de Identifica\u00e7\u00e3o Estudantil (CIE), por meio da qual os usu\u00e1rios poder\u00e3o ter acesso a diversos servi\u00e7os na Universidade, como entrada nos pr\u00e9dios, bibliotecas, restaurantes universit\u00e1rios e Centro Esportivo Universit\u00e1rio (CEU).<\/p>\n\n\n\n<p>A carteira tem como finalidade o uso interno, n\u00e3o substituindo o documento oficial das entidades estudantis nacionais que, de acordo com a Lei 12.933\/2013, garantem a meia-entrada a estudantes.<\/p>\n\n\n\n<p><strong>Emiss\u00e3o de 1\u00aa via da Carteira de Identifica\u00e7\u00e3o Estudantil<\/strong><\/p>\n\n\n\n<p>O interessado dever\u00e1 redigir um e-mail com o assunto: &#8220;[SEU NOME COMPLETO] \u2013 1\u00aa. VIA CARTEIRINHA&#8221;, preencher as informa\u00e7\u00f5es, anexar os documentos abaixo e enviar para <a href=\"mailto:cracha.ica@gmail.com\">cracha.ica@gmail.com<\/a>.<\/p>\n\n\n\n<p>&#8211; Nome completo, CPF, n\u00famero de registro UFMG;<\/p>\n\n\n\n<p>&#8211; Pr\u00e9dio\/Unidade\/Curso;<\/p>\n\n\n\n<p>&#8211; Foto 3&#215;4 em formato *.jpg ou *. png (foto com fundo claro, sem bon\u00e9 ou quaisquer acess\u00f3rios que cubram parte do rosto);<\/p>\n\n\n\n<p>&#8211; C\u00f3pia do documento de identifica\u00e7\u00e3o;<\/p>\n\n\n\n<p>&#8211; Selfie portando o documento de identifica\u00e7\u00e3o.<\/p>\n\n\n\n<p>Para n\u00e3o haver atraso na confec\u00e7\u00e3o do documento, \u00e9 muito importante enviar todos os dados acima corretamente.<\/p>\n\n\n\n<p>O documento poder\u00e1 ser retirado no Colegiado do curso de gradua\u00e7\u00e3o de v\u00ednculo, ap\u00f3s o recebimento do e-mail confirmando sua emiss\u00e3o.<\/p>\n\n\n\n<p><strong>Emiss\u00e3o de 2\u00aa via da Carteira de Identifica\u00e7\u00e3o Estudantil<\/strong><\/p>\n\n\n\n<p>A emiss\u00e3o da segunda via, para aqueles que j\u00e1 solicitaram e retiraram o documento anteriormente, dever\u00e1 ser solicitada nos casos de extravio (perda, roubo*, furto etc.), desgaste das imagens impressas ou quaisquer danos que impossibilitem a identifica\u00e7\u00e3o ou a leitura, inclusive pelos equipamentos de controle de acesso da UFMG (RU ou Biblioteca, por exemplo).<\/p>\n\n\n\n<p>Para solicitar a 2\u00aa via \u00e9 necess\u00e1rio entrar no Portal MinhaUFMG, seguir as orienta\u00e7\u00f5es abaixo e enviar a solicita\u00e7\u00e3o para o e-mail <a href=\"mailto:cracha.ica@gmail.com\">cracha.ica@gmail.com<\/a> com o assunto: &#8220;[SEU NOME COMPLETO] \u2013 2\u00aa. VIA CARTEIRINHA&#8221; e anexar a GRU e comprovante de pagamento.<\/p>\n\n\n\n<p>Caso o solicitante queira alterar a foto da carteirinha \u00e9 necess\u00e1rio enviar a foto em formato 3&#215;4 anexada ao e-mail.<\/p>\n\n\n\n<p>Ap\u00f3s login no MinhaUFMG, acesse &#8220;Sistema de Controle de Acesso a Espa\u00e7os F\u00edsicos&#8221;;<\/p>\n\n\n\n<p>Na pr\u00f3xima tela, selecione &#8220;Clique aqui para acessar meu crach\u00e1&#8221;;<\/p>\n\n\n\n<p>Na pr\u00f3xima tela, selecione &#8220;2\u00aa via&#8221; e siga as instru\u00e7\u00f5es;<\/p>\n\n\n\n<p>Emitir a Guia de Recolhimento da Uni\u00e3o &#8211; GRU para pagamento da taxa de reemiss\u00e3o.<\/p>\n\n\n\n<p>*Em caso de roubo, enviar o boletim de ocorr\u00eancia para o e-mail: acesso@pra.ufmg.br e n\u00e3o ser\u00e1 necess\u00e1rio efetuar o pagamento da taxa.<\/p>\n\n\n\n<p>Importante: Ao solicitar uma segunda via da carteirinha, automaticamente a primeira via deixar\u00e1 de ser utiliz\u00e1vel. Esse processo n\u00e3o poder\u00e1 ser revertido.<\/p>\n\n\n\n<p><strong>Desbloqueio<\/strong><\/p>\n\n\n\n<p>Para liberar a carteira para utiliza\u00e7\u00e3o via c\u00f3digo de barras, inclusive no restaurante setorial, o integrante da comunidade acad\u00eamica deve seguir os seguintes passos:<\/p>\n\n\n\n<p>1- No sistema MinhaUFMG, clique no link ao lado esquerdo \u201cSistemas de controle e acesso aos espa\u00e7os f\u00edsicos\u201d;<\/p>\n\n\n\n<p>2- Clique no link \u201cClique aqui para acessar seu crach\u00e1\u201d;<\/p>\n\n\n\n<p>3 &#8211; Clique em \u201cdesbloquear seu crach\u00e1\u201d e preencha os n\u00fameros dele no campo dispon\u00edvel.<\/p>\n\n\n\n<p>4 -Seu crach\u00e1 estar\u00e1 apto para uso em 24 horas ap\u00f3s o desbloqueio feito no sistema.<\/p>\n\n\n\n<p>Para mais informa\u00e7\u00f5es, acesse as <a href=\"https:\/\/www.ica.ufmg.br\/wp-content\/uploads\/2022\/08\/Sistema-de-Controle-de-Acesso-UFMG.pdf\" target=\"_blank\" rel=\"noreferrer noopener\">Normas Gerais do Sistema de Controle de Acesso na UFMG<\/a><\/p>\n","protected":false},"excerpt":{"rendered":"<p>A UFMG emite aos estudantes a Carteira de Identifica\u00e7\u00e3o Estudantil (CIE), por meio da qual os usu\u00e1rios poder\u00e3o ter acesso a diversos servi\u00e7os na Universidade, como entrada nos pr\u00e9dios, bibliotecas, restaurantes universit\u00e1rios e Centro Esportivo Universit\u00e1rio (CEU). A carteira tem como finalidade o uso interno, n\u00e3o substituindo o documento oficial das entidades estudantis nacionais que, [&hellip;]<\/p>\n","protected":false},"author":3,"featured_media":0,"parent":0,"menu_order":0,"comment_status":"closed","ping_status":"closed","template":"","meta":[],"acf":[],"_links":{"self":[{"href":"https:\/\/www.ufmg.br\/montesclaros\/wp-json\/wp\/v2\/pages\/1230"}],"collection":[{"href":"https:\/\/www.ufmg.br\/montesclaros\/wp-json\/wp\/v2\/pages"}],"about":[{"href":"https:\/\/www.ufmg.br\/montesclaros\/wp-json\/wp\/v2\/types\/page"}],"author":[{"embeddable":true,"href":"https:\/\/www.ufmg.br\/montesclaros\/wp-json\/wp\/v2\/users\/3"}],"replies":[{"embeddable":true,"href":"https:\/\/www.ufmg.br\/montesclaros\/wp-json\/wp\/v2\/comments?post=1230"}],"version-history":[{"count":1,"href":"https:\/\/www.ufmg.br\/montesclaros\/wp-json\/wp\/v2\/pages\/1230\/revisions"}],"predecessor-version":[{"id":1231,"href":"https:\/\/www.ufmg.br\/montesclaros\/wp-json\/wp\/v2\/pages\/1230\/revisions\/1231"}],"wp:attachment":[{"href":"https:\/\/www.ufmg.br\/montesclaros\/wp-json\/wp\/v2\/media?parent=1230"}],"curies":[{"name":"wp","href":"https:\/\/api.w.org\/{rel}","templated":true}]}}