{"id":1234,"date":"2024-07-10T13:20:38","date_gmt":"2024-07-10T16:20:38","guid":{"rendered":"https:\/\/www.ufmg.br\/montesclaros\/?page_id=1234"},"modified":"2024-07-10T13:20:38","modified_gmt":"2024-07-10T16:20:38","slug":"historico-escolar","status":"publish","type":"page","link":"https:\/\/www.ufmg.br\/montesclaros\/historico-escolar\/","title":{"rendered":"Hist\u00f3rico Escolar"},"content":{"rendered":"\n<p>O aluno ativo, graduado ou desistente, que tenha ingressado na UFMG a partir do ano 2000, poder\u00e1 gerar o documento atrav\u00e9s do link&nbsp;<a href=\"https:\/\/sistemas.ufmg.br\/aluno-grad\/?bkmk=\">https:\/\/sistemas.ufmg.br\/aluno-grad\/?bkmk=<\/a> (para alunos inativos, somente esse link d\u00e1 acesso ao documento) ou em SIGA UFMG: Acesso para alunos de gradua\u00e7\u00e3o &#8211; Meus documentos autentic\u00e1veis, limitado a 3 por semestre, podendo ter sua validade autenticada at\u00e9 6 meses ap\u00f3s a emiss\u00e3o. Caso n\u00e3o se lembre do login ou senha para acesso ao sistema, entre em contato com a Diretoria de Tecnologia da Informa\u00e7\u00e3o atrav\u00e9s do e-mail&nbsp;&lt;suporte@dti.ufmg.br&gt;&nbsp;e informe que precisa recuperar o acesso ao SIGA para emiss\u00e3o de hist\u00f3rico, escreva seu nome completo e anexe uma foto do seu documento de identidade frente e verso. Essa fun\u00e7\u00e3o n\u00e3o est\u00e1 dispon\u00edvel para estudantes que possuem v\u00ednculo ativo em curso de p\u00f3s-gradua\u00e7\u00e3o da UFMG. Nesse caso, devem ser seguidas as mesmas instru\u00e7\u00f5es do requerimento de declara\u00e7\u00e3o.<\/p>\n\n\n\n<p>Para d\u00favidas e outras orienta\u00e7\u00f5es, entre em contato com a\u00a0<a href=\"https:\/\/www.ufmg.br\/montesclaros\/secao-de-registro-escolar\/\" data-type=\"URL\" data-id=\"https:\/\/www.ufmg.br\/montesclaros\/secao-de-registro-escolar\/\"><u>Se\u00e7\u00e3o de Ensino<\/u><\/a><\/p>\n","protected":false},"excerpt":{"rendered":"<p>O aluno ativo, graduado ou desistente, que tenha ingressado na UFMG a partir do ano 2000, poder\u00e1 gerar o documento atrav\u00e9s do link&nbsp;https:\/\/sistemas.ufmg.br\/aluno-grad\/?bkmk= (para alunos inativos, somente esse link d\u00e1 acesso ao documento) ou em SIGA UFMG: Acesso para alunos de gradua\u00e7\u00e3o &#8211; Meus documentos autentic\u00e1veis, limitado a 3 por semestre, podendo ter sua validade [&hellip;]<\/p>\n","protected":false},"author":3,"featured_media":0,"parent":0,"menu_order":0,"comment_status":"closed","ping_status":"closed","template":"","meta":[],"acf":[],"_links":{"self":[{"href":"https:\/\/www.ufmg.br\/montesclaros\/wp-json\/wp\/v2\/pages\/1234"}],"collection":[{"href":"https:\/\/www.ufmg.br\/montesclaros\/wp-json\/wp\/v2\/pages"}],"about":[{"href":"https:\/\/www.ufmg.br\/montesclaros\/wp-json\/wp\/v2\/types\/page"}],"author":[{"embeddable":true,"href":"https:\/\/www.ufmg.br\/montesclaros\/wp-json\/wp\/v2\/users\/3"}],"replies":[{"embeddable":true,"href":"https:\/\/www.ufmg.br\/montesclaros\/wp-json\/wp\/v2\/comments?post=1234"}],"version-history":[{"count":1,"href":"https:\/\/www.ufmg.br\/montesclaros\/wp-json\/wp\/v2\/pages\/1234\/revisions"}],"predecessor-version":[{"id":1235,"href":"https:\/\/www.ufmg.br\/montesclaros\/wp-json\/wp\/v2\/pages\/1234\/revisions\/1235"}],"wp:attachment":[{"href":"https:\/\/www.ufmg.br\/montesclaros\/wp-json\/wp\/v2\/media?parent=1234"}],"curies":[{"name":"wp","href":"https:\/\/api.w.org\/{rel}","templated":true}]}}