{"id":1615,"date":"2024-09-12T07:32:59","date_gmt":"2024-09-12T10:32:59","guid":{"rendered":"https:\/\/www.ufmg.br\/montesclaros\/?page_id=1615"},"modified":"2024-09-12T07:59:00","modified_gmt":"2024-09-12T10:59:00","slug":"iprdaa","status":"publish","type":"page","link":"https:\/\/www.ufmg.br\/montesclaros\/iprdaa\/","title":{"rendered":"Instru\u00e7\u00f5es para processos de revis\u00e3o de decis\u00e3o acad\u00eamica ou administrava"},"content":{"rendered":"\n<p><a href=\"https:\/\/www.ufmg.br\/montesclaros\/wp-content\/uploads\/2024\/09\/1.-Resolucao-13-2010-RECURSO-e-REVISAO.pdf\">Resolu\u00e7\u00e3o N\u00ba 13\/2010- recurso e revis\u00e3o<\/a><\/p>\n\n\n\n<p><a href=\"https:\/\/www.ufmg.br\/montesclaros\/wp-content\/uploads\/2024\/09\/2.-Fluxo-reconsideracao-e-recurso.pdf\">Fluxo &#8211; reconsidera\u00e7\u00e3o e recurso<\/a><\/p>\n\n\n\n<p><a href=\"https:\/\/www.ufmg.br\/montesclaros\/wp-content\/uploads\/2024\/09\/2.1-PEDIDO-DE-RECONSIDERACAO.docx\">Modelo &#8211; PEDIDO DE RECONSIDERA\u00c7\u00c3O<\/a><\/p>\n\n\n\n<p><a href=\"https:\/\/www.ufmg.br\/montesclaros\/wp-content\/uploads\/2024\/09\/2.2-PEDIDO-DE-RECONSIDERACAO-E-INTERPOSICAO-DE-RECURSO-SIMULTANEAMENTE.docx\">Modelo &#8211; PEDIDO DE RECONSIDERA\u00c7\u00c3O E INTERPOSI\u00c7\u00c3O DE RECURSO SIMULTANEAMENTE<\/a><\/p>\n\n\n\n<p><a href=\"https:\/\/www.ufmg.br\/montesclaros\/wp-content\/uploads\/2024\/09\/3.1-INTERPOSICAO-DE-RECURSO-apos-indeferimento-de-reconsideracao.docx\">Modelo &#8211; INTERPOSI\u00c7\u00c3O DE RECURSO (ap\u00f3s indeferimento de reconsidera\u00e7\u00e3o)<\/a><\/p>\n\n\n\n<p><a href=\"https:\/\/www.ufmg.br\/montesclaros\/wp-content\/uploads\/2024\/09\/3.2-INTERPOSICAO-DE-RECURSO-direto-sem-pedido-reconsideracao.docx\">Modelo &#8211; INTERPOSI\u00c7\u00c3O DE RECURSO (direto &#8211; sem pedido reconsidera\u00e7\u00e3o)<\/a><\/p>\n","protected":false},"excerpt":{"rendered":"<p>Resolu\u00e7\u00e3o N\u00ba 13\/2010- recurso e revis\u00e3o Fluxo &#8211; reconsidera\u00e7\u00e3o e recurso Modelo &#8211; PEDIDO DE RECONSIDERA\u00c7\u00c3O Modelo &#8211; PEDIDO DE RECONSIDERA\u00c7\u00c3O E INTERPOSI\u00c7\u00c3O DE RECURSO SIMULTANEAMENTE Modelo &#8211; INTERPOSI\u00c7\u00c3O DE RECURSO (ap\u00f3s indeferimento de reconsidera\u00e7\u00e3o) Modelo &#8211; INTERPOSI\u00c7\u00c3O DE RECURSO (direto &#8211; sem pedido reconsidera\u00e7\u00e3o)<\/p>\n","protected":false},"author":6,"featured_media":0,"parent":0,"menu_order":0,"comment_status":"closed","ping_status":"closed","template":"","meta":[],"acf":[],"_links":{"self":[{"href":"https:\/\/www.ufmg.br\/montesclaros\/wp-json\/wp\/v2\/pages\/1615"}],"collection":[{"href":"https:\/\/www.ufmg.br\/montesclaros\/wp-json\/wp\/v2\/pages"}],"about":[{"href":"https:\/\/www.ufmg.br\/montesclaros\/wp-json\/wp\/v2\/types\/page"}],"author":[{"embeddable":true,"href":"https:\/\/www.ufmg.br\/montesclaros\/wp-json\/wp\/v2\/users\/6"}],"replies":[{"embeddable":true,"href":"https:\/\/www.ufmg.br\/montesclaros\/wp-json\/wp\/v2\/comments?post=1615"}],"version-history":[{"count":4,"href":"https:\/\/www.ufmg.br\/montesclaros\/wp-json\/wp\/v2\/pages\/1615\/revisions"}],"predecessor-version":[{"id":1627,"href":"https:\/\/www.ufmg.br\/montesclaros\/wp-json\/wp\/v2\/pages\/1615\/revisions\/1627"}],"wp:attachment":[{"href":"https:\/\/www.ufmg.br\/montesclaros\/wp-json\/wp\/v2\/media?parent=1615"}],"curies":[{"name":"wp","href":"https:\/\/api.w.org\/{rel}","templated":true}]}}