{"id":224,"date":"2024-03-21T08:57:10","date_gmt":"2024-03-21T11:57:10","guid":{"rendered":"http:\/\/sites-hml.dti.ufmg.br\/ica\/ica-novo\/?page_id=224"},"modified":"2024-07-02T13:37:38","modified_gmt":"2024-07-02T16:37:38","slug":"diretoria","status":"publish","type":"page","link":"https:\/\/www.ufmg.br\/montesclaros\/diretoria\/","title":{"rendered":"Diretoria"},"content":{"rendered":"\n<p><\/p>\n\n\n<div ><style>#sp-ea-225 .spcollapsing { height: 0; overflow: hidden; transition-property: height;transition-duration: 300ms;}#sp-ea-225.sp-easy-accordion>.sp-ea-single {border: 1px solid #e2e2e2; }#sp-ea-225.sp-easy-accordion>.sp-ea-single>.ea-header a {color: #444;}#sp-ea-225.sp-easy-accordion>.sp-ea-single>.sp-collapse>.ea-body {background: #fff; color: #444;}#sp-ea-225.sp-easy-accordion>.sp-ea-single {background: #eee;}#sp-ea-225.sp-easy-accordion>.sp-ea-single>.ea-header a .ea-expand-icon.fa { float: left; color: #444;font-size: 16px;}<\/style><div id=\"sp_easy_accordion-1711022019\"><div id=\"sp-ea-225\" class=\"sp-ea-one sp-easy-accordion\" data-ex-icon=\"fa-minus\" data-col-icon=\"fa-plus\"  data-ea-active=\"ea-click\"  data-ea-mode=\"vertical\" data-preloader=\"\" data-scroll-active-item=\"\" data-offset-to-scroll=\"0\"><div class=\"ea-card ea-expand sp-ea-single\"><h3 class=\"ea-header\"><a class=\"collapsed\" data-sptoggle=\"spcollapse\" data-sptarget=#collapse2250 href=\"javascript:void(0)\"  aria-expanded=\"true\"><i class=\"ea-expand-icon fa fa-minus\"><\/i> Apresenta\u00e7\u00e3o<\/a><\/h3><div class=\"sp-collapse spcollapse collapsed show\" id=\"collapse2250\" data-parent=#sp-ea-225><div class=\"ea-body\"><p>A Diretoria \u00e9 \u00f3rg\u00e3o ao qual compete supervisionar os programas de ensino, pesquisa e extens\u00e3o e a execu\u00e7\u00e3o das atividades administrativas do Instituto de Ci\u00eancias Agr\u00e1rias (ICA), dentro dos limites estatut\u00e1rios e regimentais. \u00c9 exercida pelo Diretor e Vice-Diretor, que foram nomeados pelo Reitor, escolhidos a partir de lista tr\u00edplice de docentes, organizada pela Congrega\u00e7\u00e3o da Unidade.<\/p>\n<p><strong>Diretor<\/strong><\/p>\n<p>Helder dos Anjos Augusto<\/p>\n<p>Professor Associado, graduado em Administra\u00e7\u00e3o Rural, mestre em Administra\u00e7\u00e3o pela Universidade Federal de Lavras e doutor em Demografia pela Universidade Federal de Minas Gerais.<\/p>\n<p><a href=\"..\/wp-content\/uploads\/2022\/11\/Portaria-D.O.U-Diretoria-Helder_8935_2022.pdf\" target=\"_blank\" rel=\"noopener\">Portaria de Nomea\u00e7\u00e3o<\/a><\/p>\n<p><a href=\"http:\/\/lattes.cnpq.br\/2924032437850069\" target=\"_blank\" rel=\"noopener\">Acesse o Lattes<\/a><\/p>\n<p><strong>Vice-Diretor<\/strong><\/p>\n<p>Alcinei M\u00edstico Azevedo<\/p>\n<p>Professor Adjunto, graduado em Agronomia pela Universidade Federal dos Vales do Jequitinhonha e Mucuri, mestre em Produ\u00e7\u00e3o Vegetal pela Universidade Federal dos Vales do Jequitinhonha e Mucuri e Universidade Federal de Lavras e doutor em Fitotecnia na Universidade Federal de Vi\u00e7osa.<\/p>\n<p><a href=\"..\/wp-content\/uploads\/2022\/11\/Portaria-D.O.U-Vice-Diretoria-Alcinei_9008_2022.pdf\" target=\"_blank\" rel=\"noopener\">Portaria de Nomea\u00e7\u00e3o<\/a><\/p>\n<p><a href=\"http:\/\/lattes.cnpq.br\/9415018624563178\" target=\"_blank\" rel=\"noopener\">Acesse o Lattes<\/a><\/p>\n<div><\/div>\n<div><strong>Telefone:\u00a0<\/strong>(38) 2101-7711<\/div>\n<div><strong>E-mail:\u00a0<\/strong>dir@ica.ufmg.br<\/div>\n<div><strong>Localiza\u00e7\u00e3o:\u00a0<\/strong>Pr\u00e9dio do CAAD<\/div>\n<div><strong>Hor\u00e1rio de atendimento:\u00a0<\/strong>8h \u00e0s 12h, 14h \u00e0s 17h \u2013 mediante agendamento<\/div>\n<\/div><\/div><\/div><div class=\"ea-card  sp-ea-single\"><h3 class=\"ea-header\"><a class=\"collapsed\" data-sptoggle=\"spcollapse\" data-sptarget=#collapse2251 href=\"javascript:void(0)\"  aria-expanded=\"false\"><i class=\"ea-expand-icon fa fa-plus\"><\/i> Relat\u00f3rio<\/a><\/h3><div class=\"sp-collapse spcollapse \" id=\"collapse2251\" data-parent=#sp-ea-225><div class=\"ea-body\"><p><a href=\"..\/wp-content\/uploads\/2019\/06\/RELATORIO-DE-GESTAO-2014-a-2018.pdf\" target=\"_blank\" rel=\"noopener\">RELAT\u00d3RIO DE GEST\u00c3O \u2013 2014 a 2018<\/a><\/p>\n<\/div><\/div><\/div><\/div><\/div><\/div>","protected":false},"excerpt":{"rendered":"","protected":false},"author":3,"featured_media":0,"parent":0,"menu_order":0,"comment_status":"closed","ping_status":"closed","template":"","meta":[],"acf":[],"_links":{"self":[{"href":"https:\/\/www.ufmg.br\/montesclaros\/wp-json\/wp\/v2\/pages\/224"}],"collection":[{"href":"https:\/\/www.ufmg.br\/montesclaros\/wp-json\/wp\/v2\/pages"}],"about":[{"href":"https:\/\/www.ufmg.br\/montesclaros\/wp-json\/wp\/v2\/types\/page"}],"author":[{"embeddable":true,"href":"https:\/\/www.ufmg.br\/montesclaros\/wp-json\/wp\/v2\/users\/3"}],"replies":[{"embeddable":true,"href":"https:\/\/www.ufmg.br\/montesclaros\/wp-json\/wp\/v2\/comments?post=224"}],"version-history":[{"count":2,"href":"https:\/\/www.ufmg.br\/montesclaros\/wp-json\/wp\/v2\/pages\/224\/revisions"}],"predecessor-version":[{"id":1147,"href":"https:\/\/www.ufmg.br\/montesclaros\/wp-json\/wp\/v2\/pages\/224\/revisions\/1147"}],"wp:attachment":[{"href":"https:\/\/www.ufmg.br\/montesclaros\/wp-json\/wp\/v2\/media?parent=224"}],"curies":[{"name":"wp","href":"https:\/\/api.w.org\/{rel}","templated":true}]}}