{"id":230,"date":"2024-03-21T09:14:27","date_gmt":"2024-03-21T12:14:27","guid":{"rendered":"http:\/\/sites-hml.dti.ufmg.br\/ica\/ica-novo\/?page_id=230"},"modified":"2024-03-21T09:14:27","modified_gmt":"2024-03-21T12:14:27","slug":"historico","status":"publish","type":"page","link":"https:\/\/www.ufmg.br\/montesclaros\/historico\/","title":{"rendered":"Hist\u00f3rico"},"content":{"rendered":"<div ><style>#sp-ea-229 .spcollapsing { height: 0; overflow: hidden; transition-property: height;transition-duration: 300ms;}#sp-ea-229.sp-easy-accordion>.sp-ea-single {border: 1px solid #e2e2e2; }#sp-ea-229.sp-easy-accordion>.sp-ea-single>.ea-header a {color: #444;}#sp-ea-229.sp-easy-accordion>.sp-ea-single>.sp-collapse>.ea-body {background: #fff; color: #444;}#sp-ea-229.sp-easy-accordion>.sp-ea-single {background: #eee;}#sp-ea-229.sp-easy-accordion>.sp-ea-single>.ea-header a .ea-expand-icon.fa { float: left; color: #444;font-size: 16px;}<\/style><div id=\"sp_easy_accordion-1711022472\"><div id=\"sp-ea-229\" class=\"sp-ea-one sp-easy-accordion\" data-ex-icon=\"fa-minus\" data-col-icon=\"fa-plus\"  data-ea-active=\"ea-click\"  data-ea-mode=\"vertical\" data-preloader=\"\" data-scroll-active-item=\"\" data-offset-to-scroll=\"0\"><div class=\"ea-card ea-expand sp-ea-single\"><h3 class=\"ea-header\"><a class=\"collapsed\" data-sptoggle=\"spcollapse\" data-sptarget=#collapse2290 href=\"javascript:void(0)\"  aria-expanded=\"true\"><i class=\"ea-expand-icon fa fa-minus\"><\/i> O ICA<\/a><\/h3><div class=\"sp-collapse spcollapse collapsed show\" id=\"collapse2290\" data-parent=#sp-ea-229><div class=\"ea-body\"><p>O Instituto de Ci\u00eancias Agr\u00e1rias (ICA\/UFMG), ent\u00e3o Col\u00e9gio Agr\u00edcola \u201cAnt\u00f4nio Versiani Athayde\u201d, foi criado pelo Minist\u00e9rio da Agricultura em 1964 e incorporado \u00e0 Universidade Federal de Minas Gerais (UFMG) em 11 de outubro de 1968, por meio do Decreto n\u00ba63.416, com o objetivo de formar t\u00e9cnicos em Agropecu\u00e1ria. Em 1975, foi institu\u00eddo o N\u00facleo de Tecnologia em Ci\u00eancias Agr\u00e1rias, visando a implanta\u00e7\u00e3o de cursos superiores de curta dura\u00e7\u00e3o em Bovinocultura e Administra\u00e7\u00e3o Rural (1975 a 1981).<\/p>\n<p>O\u00a0<em>Campus<\/em>\u00a0Regional Montes Claros foi institu\u00eddo pelo Conselho Universit\u00e1rio da UFMG, por meio da Resolu\u00e7\u00e3o n\u00ba 03\/76, em 15 de outubro de 1976. Em 02 de abril de 1987, o N\u00facleo de Tecnologia em Ci\u00eancias Agr\u00e1rias passou a se denominar N\u00facleo de Ci\u00eancias Agr\u00e1rias (NCA) e foi inclu\u00eddo no Estatuto da UFMG como Unidade Especial vinculada \u00e0 Reitoria, com\u00a0a Resolu\u00e7\u00e3o n\u00ba 21-A, de 17 de dezembro de 1987, publicada no Di\u00e1rio Oficial da Uni\u00e3o de 06 de junho de 1989.<\/p>\n<p>Em 2008, com o nome de Instituto de Ci\u00eancias Agr\u00e1rias, deixou de ser uma Unidade Especial da UFMG, vinculada \u00e0 Reitoria, e passou ao\u00a0<em>status<\/em>\u00a0de Unidade Acad\u00eamica. O foco nas peculiaridades, voca\u00e7\u00f5es e necessidades do semi\u00e1rido norte-mineiro \u00e9 o principal direcionamento de todo o trabalho de ensino, pesquisa e extens\u00e3o desenvolvido no ICA.<\/p>\n<p>Na unidade funcionam os cursos de Gradua\u00e7\u00e3o em Administra\u00e7\u00e3o, Agronomia, Engenharia de Alimentos, Engenharia Agr\u00edcola e Ambiental, Engenharia Florestal e Zootecnia \u2013 juntos, eles ofertam um total de 240 vagas anuais. O ICA tamb\u00e9m oferece Mestrado em Produ\u00e7\u00e3o Animal, Produ\u00e7\u00e3o Vegetal e Mestrado em Sociedade, Ambiente e Territ\u00f3rio, al\u00e9m de Especializa\u00e7\u00e3o em Recursos H\u00eddricos e Ambientais, bem como Doutorado em Produ\u00e7\u00e3o Vegetal. Al\u00e9m das atividades de ensino e pesquisa, o Instituto destaca-se pelo trabalho de extens\u00e3o universit\u00e1ria, em grande parte, respons\u00e1vel pela integra\u00e7\u00e3o entre a UFMG e o Norte de Minas Gerais.<\/p>\n<p><a href=\"https:\/\/www.ufmg.br\/montesclaros\/arquivos-historicos-do-ica\/\" target=\"_blank\" rel=\"noopener\">Veja aqui arquivos que fazem parte da hist\u00f3ria do ICA.<\/a><\/p>\n<p><strong>Localiza\u00e7\u00e3o:<\/strong><\/p>\n<p>Instituto de Ci\u00eancias Agr\u00e1rias (ICA)<br \/>\n<em>Campus<\/em>\u00a0Regional Montes Claros<br \/>\nAvenida Universit\u00e1ria, 1.000 \u2013 Bairro Universit\u00e1rio<br \/>\nMontes Claros \u2013 MG \u2013 39.404-547<\/p>\n<p><iframe loading=\"lazy\" src=\"https:\/\/www.google.com\/maps\/embed?pb=!1m18!1m12!1m3!1d3821.825058291489!2d-43.849057884564935!3d-16.685635488502587!2m3!1f0!2f0!3f0!3m2!1i1024!2i768!4f13.1!3m3!1m2!1s0x754aba52410468b%3A0xab30d8b2850a4112!2sInstituto+de+Ci%C3%AAncias+Agr%C3%A1rias+da+UFMG!5e0!3m2!1spt-BR!2sbr!4v1489006261589\" width=\"317\" height=\"254\" frameborder=\"0\" allowfullscreen=\"allowfullscreen\"><\/iframe><\/p>\n<\/div><\/div><\/div><\/div><\/div><\/div>","protected":false},"excerpt":{"rendered":"","protected":false},"author":3,"featured_media":0,"parent":0,"menu_order":0,"comment_status":"closed","ping_status":"closed","template":"","meta":[],"acf":[],"_links":{"self":[{"href":"https:\/\/www.ufmg.br\/montesclaros\/wp-json\/wp\/v2\/pages\/230"}],"collection":[{"href":"https:\/\/www.ufmg.br\/montesclaros\/wp-json\/wp\/v2\/pages"}],"about":[{"href":"https:\/\/www.ufmg.br\/montesclaros\/wp-json\/wp\/v2\/types\/page"}],"author":[{"embeddable":true,"href":"https:\/\/www.ufmg.br\/montesclaros\/wp-json\/wp\/v2\/users\/3"}],"replies":[{"embeddable":true,"href":"https:\/\/www.ufmg.br\/montesclaros\/wp-json\/wp\/v2\/comments?post=230"}],"version-history":[{"count":2,"href":"https:\/\/www.ufmg.br\/montesclaros\/wp-json\/wp\/v2\/pages\/230\/revisions"}],"predecessor-version":[{"id":249,"href":"https:\/\/www.ufmg.br\/montesclaros\/wp-json\/wp\/v2\/pages\/230\/revisions\/249"}],"wp:attachment":[{"href":"https:\/\/www.ufmg.br\/montesclaros\/wp-json\/wp\/v2\/media?parent=230"}],"curies":[{"name":"wp","href":"https:\/\/api.w.org\/{rel}","templated":true}]}}