{"id":246,"date":"2024-03-21T09:57:21","date_gmt":"2024-03-21T12:57:21","guid":{"rendered":"http:\/\/sites-hml.dti.ufmg.br\/ica\/ica-novo\/?page_id=246"},"modified":"2024-03-21T09:57:21","modified_gmt":"2024-03-21T12:57:21","slug":"congregacao","status":"publish","type":"page","link":"https:\/\/www.ufmg.br\/montesclaros\/congregacao\/","title":{"rendered":"Congrega\u00e7\u00e3o"},"content":{"rendered":"<div ><style>#sp-ea-245 .spcollapsing { height: 0; overflow: hidden; transition-property: height;transition-duration: 300ms;}#sp-ea-245.sp-easy-accordion>.sp-ea-single {border: 1px solid #e2e2e2; }#sp-ea-245.sp-easy-accordion>.sp-ea-single>.ea-header a {color: #444;}#sp-ea-245.sp-easy-accordion>.sp-ea-single>.sp-collapse>.ea-body {background: #fff; color: #444;}#sp-ea-245.sp-easy-accordion>.sp-ea-single {background: #eee;}#sp-ea-245.sp-easy-accordion>.sp-ea-single>.ea-header a .ea-expand-icon.fa { float: left; color: #444;font-size: 16px;}<\/style><div id=\"sp_easy_accordion-1711025518\"><div id=\"sp-ea-245\" class=\"sp-ea-one sp-easy-accordion\" data-ex-icon=\"fa-minus\" data-col-icon=\"fa-plus\"  data-ea-active=\"ea-click\"  data-ea-mode=\"vertical\" data-preloader=\"\" data-scroll-active-item=\"\" data-offset-to-scroll=\"0\"><div class=\"ea-card ea-expand sp-ea-single\"><h3 class=\"ea-header\"><a class=\"collapsed\" data-sptoggle=\"spcollapse\" data-sptarget=#collapse2450 href=\"javascript:void(0)\"  aria-expanded=\"true\"><i class=\"ea-expand-icon fa fa-minus\"><\/i> Apresenta\u00e7\u00e3o<\/a><\/h3><div class=\"sp-collapse spcollapse collapsed show\" id=\"collapse2450\" data-parent=#sp-ea-245><div class=\"ea-body\"><p>A Congrega\u00e7\u00e3o \u00e9 o \u00f3rg\u00e3o de delibera\u00e7\u00e3o superior do Instituto de Ci\u00eancias Agr\u00e1rias (ICA), encarregado de\u00a0supervisionar a pol\u00edtica de ensino, pesquisa e extens\u00e3o no \u00e2mbito deste. \u00c9 respons\u00e1vel, ainda, pela administra\u00e7\u00e3o da Unidade juntamente com a Diretoria. \u00c9 integrada pelo Diretor e Vice-Diretor, por representantes docentes, t\u00e9cnico-administrativos em educa\u00e7\u00e3o e discentes.<\/p>\n<div><strong>Presidente:<\/strong>\u00a0Prof. Helder dos Anjos Augusto<\/div>\n<div><strong>Secret\u00e1ria:<\/strong>\u00a0Priscila Gomes de Freitas Veloso<\/div>\n<div><strong>Telefone:<\/strong>\u00a0(38) 2101-7730<\/div>\n<div><strong>Email:<\/strong>\u00a0secrgeral@ica.ufmg.br<\/div>\n<\/div><\/div><\/div><div class=\"ea-card  sp-ea-single\"><h3 class=\"ea-header\"><a class=\"collapsed\" data-sptoggle=\"spcollapse\" data-sptarget=#collapse2451 href=\"javascript:void(0)\"  aria-expanded=\"false\"><i class=\"ea-expand-icon fa fa-plus\"><\/i> Atas<\/a><\/h3><div class=\"sp-collapse spcollapse \" id=\"collapse2451\" data-parent=#sp-ea-245><div class=\"ea-body\"><p><a class=\"row-title\" href=\"https:\/\/www.ufmg.br\/montesclaros\/atas-das-reunioes-ordinarias-e-extraordinarias-da-congregacao-2025\/\" aria-label=\"\u201cAtas das Reuni\u00f5es Ordin\u00e1rias e Extraordin\u00e1rias da Congrega\u00e7\u00e3o\/2024\u201d (Editar)\">Atas das Reuni\u00f5es Ordin\u00e1rias e Extraordin\u00e1rias da Congrega\u00e7\u00e3o\/2025<\/a><\/p>\n<p><a href=\"https:\/\/www.ufmg.br\/montesclaros\/atas-das-reunioes-ordinarias-e-extraordinarias-da-congregacao-2024\/\">Atas das Reuni\u00f5es Ordin\u00e1rias e Extraordin\u00e1rias da Congrega\u00e7\u00e3o\/2024<\/a><\/p>\n<p><a href=\"https:\/\/www.ufmg.br\/montesclaros\/atas-das-reunioes-ordinarias-e-extraordinarias-da-congregacao-2023\/\">Atas das Reuni\u00f5es Ordin\u00e1rias e Extraordin\u00e1rias da Congrega\u00e7\u00e3o\/2023<\/a><\/p>\n<p><a href=\"https:\/\/www.ufmg.br\/montesclaros\/atas-das-reunioes-ordinarias-e-extraordinarias-da-congregacao-2022\/\">Atas das Reuni\u00f5es Ordin\u00e1rias e Extraordin\u00e1rias da Congrega\u00e7\u00e3o\/2022<\/a><\/p>\n<p><a href=\"https:\/\/www.ufmg.br\/montesclaros\/atas-das-reunioes-ordinarias-e-extraordinarias-da-congregacao-2021\/\">Atas das Reuni\u00f5es Ordin\u00e1rias e Extraordin\u00e1rias da Congrega\u00e7\u00e3o\/2021<\/a><\/p>\n<p><a href=\"https:\/\/www.ufmg.br\/montesclaros\/atas-das-reunioes-ordinarias-e-extraordinarias-da-congregacao-2020\/\">Atas das Reuni\u00f5es Ordin\u00e1rias e Extraordin\u00e1rias da Congrega\u00e7\u00e3o\/2020<\/a><\/p>\n<p><a href=\"https:\/\/www.ufmg.br\/montesclaros\/atas-das-reunioes-ordinarias-e-extraordinarias-da-congregacao-2019\/\">Atas das Reuni\u00f5es Ordin\u00e1rias e Extraordin\u00e1rias da Congrega\u00e7\u00e3o\/2019<\/a><\/p>\n<p><a href=\"https:\/\/www.ufmg.br\/montesclaros\/atas-das-reunioes-ordinarias-e-extraordinarias-da-congregacao-2018\/\">Atas das Reuni\u00f5es Ordin\u00e1rias e Extraordin\u00e1rias da Congrega\u00e7\u00e3o\/2018<\/a><\/p>\n<p><a href=\"https:\/\/www.ufmg.br\/montesclaros\/atas-das-reunioes-ordinarias-e-extraordinarias-da-congregacao-2017\/\">Atas das Reuni\u00f5es Ordin\u00e1rias e Extraordin\u00e1rias da Congrega\u00e7\u00e3o\/2017<\/a><\/p>\n<p><a href=\"https:\/\/www.ufmg.br\/montesclaros\/atas-das-reunioes-da-congregacao-2016\/\">Atas das Reuni\u00f5es Ordin\u00e1rias e Extraordin\u00e1rias da Congrega\u00e7\u00e3o\/2016<\/a><\/p>\n<\/div><\/div><\/div><div class=\"ea-card  sp-ea-single\"><h3 class=\"ea-header\"><a class=\"collapsed\" data-sptoggle=\"spcollapse\" data-sptarget=#collapse2452 href=\"javascript:void(0)\"  aria-expanded=\"false\"><i class=\"ea-expand-icon fa fa-plus\"><\/i> Membros<\/a><\/h3><div class=\"sp-collapse spcollapse \" id=\"collapse2452\" data-parent=#sp-ea-245><div class=\"ea-body\"><table width=\"784\">\n<tbody>\n<tr>\n<td width=\"51\"><\/td>\n<td width=\"229\"><strong>Representa\u00e7\u00e3o<\/strong><\/td>\n<td width=\"328\"><strong>Nome<\/strong><\/td>\n<td width=\"170\"><strong>Vig\u00eancia do Mandato<\/strong><\/td>\n<\/tr>\n<tr>\n<td>01<\/td>\n<td>Diretor<\/td>\n<td>Professor H\u00e9lder dos Anjos Augusto<\/td>\n<td>04\/11\/2022 a 04\/11\/2026<\/td>\n<\/tr>\n<tr>\n<td>02<\/td>\n<td>Vice-Diretor<\/td>\n<td>Professor\u00a0Professor Alcinei M\u00edstico Azevedo<\/td>\n<td>04\/11\/2022 a 04\/11\/2026<\/td>\n<\/tr>\n<tr>\n<td>03<\/td>\n<td>Coordena\u00e7\u00e3o do Colegiado do Curso de Gradua\u00e7\u00e3o em Administra\u00e7\u00e3o<\/td>\n<td>Professor Maximiliano Soares Pinto \u2013 Coordenador<br \/>\nProfessor Handerson Leonidas Sales &#8211; Subcoordenador<\/td>\n<td>22\/07\/2025 a 22\/07\/2027<\/td>\n<\/tr>\n<tr>\n<td>04<\/td>\n<td>Coordena\u00e7\u00e3o do Colegiado do Curso de Gradua\u00e7\u00e3o em Agronomia<\/td>\n<td>Professora Claudineia Ferreira Nunes \u2013 Coordenadora<br \/>\nProfessor Ernane Ronie Martins \u2013 Subcoordenador<\/td>\n<td>06\/05\/2024 a 06\/05\/2026<\/td>\n<\/tr>\n<tr>\n<td>05<\/td>\n<td>Coordena\u00e7\u00e3o do Colegiado do Curso de Gradua\u00e7\u00e3o em Zootecnia<\/td>\n<td>Professora L\u00edvia Vieira de Barros -Coordenadora<br \/>\nProfessor Thiago Gomes dos Santos Braz &#8211; Subcoordenador<\/td>\n<td>14\/10\/2025 a 14\/10\/2027<\/td>\n<\/tr>\n<tr>\n<td>06<\/td>\n<td>Coordena\u00e7\u00e3o do Colegiado do Curso de Gradua\u00e7\u00e3o em Engenharia Agr\u00edcola e Ambiental<\/td>\n<td>Professor \u2013 Rodolpho C\u00e9sar dos Reis Tinini- Coordenador<br \/>\nProfessor Luiz Henrique de Souza \u2013 Subcoordenador<\/td>\n<td>06\/05\/2024 a 06\/05\/2026<\/td>\n<\/tr>\n<tr>\n<td>07<\/td>\n<td>Coordena\u00e7\u00e3o do Colegiado do Curso de Gradua\u00e7\u00e3o em Engenharia de Alimentos<\/td>\n<td>Professora Juliana Pinto de Lima \u2013 Coordenadora<br \/>\nProfessor Junio Cota Silva \u2013 Subcoordenador<\/td>\n<td>13\/10\/2025 a 13\/10\/2027<\/td>\n<\/tr>\n<tr>\n<td>08<\/td>\n<td>Coordena\u00e7\u00e3o do Colegiado do Curso de Gradua\u00e7\u00e3o em Engenharia Florestal<\/td>\n<td>\nProf. Stanley Schettino &#8211; Coordenador<\/td>\n<td><em>Pro tempore<\/em><\/td>\n<\/tr>\n<tr>\n<td>09<\/td>\n<td>Coordena\u00e7\u00e3o dos Colegiados dos Cursos de Licenciatura em Ci\u00eancias da Natureza e Licenciatura Matem\u00e1tica<\/td>\n<td>Professor Charles Martins Aguilar \u2013 Coordenador<br \/>\nProfessora Cl\u00edvia Carolina Fiorilo Possobom \u2013 Subcoordenadora<\/td>\n<td>21\/07\/2025 a 21\/07\/2027<\/td>\n<\/tr>\n<tr>\n<td>10<\/td>\n<td>Coordena\u00e7\u00e3o do Colegiado de P\u00f3s-Gradua\u00e7\u00e3o em Produ\u00e7\u00e3o Animal<\/td>\n<td>Professora Luciana Castro Geraseev- Coordenadora<br \/>\nProfessor M\u00e1rio Henrique Fran\u00e7a Mourth\u00e9- Subcoordenador<\/td>\n<td>\n15\/07\/2025 a 15\/07\/2027<\/td>\n<\/tr>\n<tr>\n<td>11<\/td>\n<td>Coordena\u00e7\u00e3o do Colegiado\u00a0do Programa de P\u00f3s-Gradua\u00e7\u00e3o em Produ\u00e7\u00e3o Vegetal<\/td>\n<td>Professor Leonardo David Tuffi Santos \u2013 Coordenador<br \/>\nProfessor Rodinei Facco Pegoraro\u2013 Subcoordenador<\/td>\n<td>08\/09\/2025 a\u00a008\/09\/2027<\/td>\n<\/tr>\n<tr>\n<td>12<\/td>\n<td>Coordena\u00e7\u00e3o do Colegiado de P\u00f3s-Gradua\u00e7\u00e3o em Sociedade, Ambiente e Territ\u00f3rio<\/td>\n<td>Professora\u00a0Fl\u00e1via Maria Galizoni<\/td>\n<td>\n15\/07\/2025 a 15\/07\/2027<\/td>\n<\/tr>\n<tr>\n<td>13<\/td>\n<td>Coordena\u00e7\u00e3o do Colegiado de P\u00f3s-Gradua\u00e7\u00e3o em Ci\u00eancias Florestais<\/td>\n<td>Professor Edy Eime Pereira Bara\u00fana<br \/>\nProfessor Leandro Silva de Oliveira<\/td>\n<td>\u00a0<em>Pro tempore<\/em><\/td>\n<\/tr>\n<tr>\n<td>14<\/td>\n<td>Coordena\u00e7\u00e3o do Colegiado de P\u00f3s-Gradua\u00e7\u00e3o em Alimentos e Sa\u00fade<\/td>\n<td>Professor Igor Viana Brandi \u2013 Coordenador<br \/>\nProfessor Ivan Pires de Oliveira\u2013 Subcoordenador<\/td>\n<td>19\/07\/2024 a 19\/07\/2026<\/td>\n<\/tr>\n<tr>\n<td>15<\/td>\n<td>Coordena\u00e7\u00e3o do Colegiado do Curso de Mestrado Profissional em Adm. P\u00fablica em Rede Nacional PROFIAP<\/td>\n<td>Professor Fausto Makishi \u2013 Coordenador<br \/>\nProfessor Cledinaldo Aparecido Dias\u2013 Subcoordenador<\/td>\n<td>\u00a0<em>Pro tempore<\/em><\/td>\n<\/tr>\n<tr>\n<td>16<\/td>\n<td>Representante Docente<\/td>\n<td>Professora Fabiana Ferreira- Titular<br \/>\nProfessor Ulisses Alves Pereira- Suplente<\/td>\n<td>01\/09\/2025 a 01\/09\/2027<\/td>\n<\/tr>\n<tr>\n<td>17<\/td>\n<td>Representante Docente<\/td>\n<td>Professora Roberta Torres Careli \u2013 Titular<br \/>\nProfessor Leandro Silva de Oliveira\u00a0\u2013\u00a0Suplente<\/td>\n<td>01\/09\/2025 a 01\/09\/2027<\/td>\n<\/tr>\n<tr>\n<td>18<\/td>\n<td>Representante Docente<\/td>\n<td>Professor Sidney Pereira \u2013 Titular<br \/>\nProfessor Gustavo Leal\u00a0Teixeira \u2013 Suplente<\/td>\n<td>01\/09\/2025 a 01\/09\/2027<\/td>\n<\/tr>\n<tr>\n<td>19<\/td>\n<td>Representante Docente<\/td>\n<td>Professor Junio Cota Silva\u00a0&#8211; Titular<br \/>\nProfessora Juliana Pinto de Lima\u00a0\u2013 Suplente<\/td>\n<td>01\/09\/2025 a 01\/09\/2027<\/td>\n<\/tr>\n<tr>\n<td>20<\/td>\n<td>Representante do Corpo T\u00e9cnico e Administrativo<\/td>\n<td>Edinalva Rodrigues Gon\u00e7alves\u2013 Titular<br \/>\nFrancine Souza Alves da Fonseca- Suplente<\/td>\n<td>01\/09\/2025 a 01\/09\/2027<\/td>\n<\/tr>\n<tr>\n<td>21<\/td>\n<td>Representante do Corpo T\u00e9cnico e Administrativo<\/td>\n<td>Josiel Machado Santos \u2013 Titular<br \/>\nEurivaldo Nunes Rodrigues -Suplente<\/td>\n<td>01\/04\/2024 a 01\/04\/2026<\/td>\n<\/tr>\n<tr>\n<td>22<\/td>\n<td>Representante do Corpo T\u00e9cnico e Administrativo<\/td>\n<td>Manoel Patroc\u00ednio Maria &#8211; Titular<br \/>\nHelder de Castro Bernardes Barbosa &#8211; Suplente<\/td>\n<td>02\/09\/2024 a 02\/09\/2026<\/td>\n<\/tr>\n<tr>\n<td>23<\/td>\n<td>Representante discente<\/td>\n<td>Lu\u00eds Eduardo Marcelino Duarte Almeida\u00a0&#8211; Titular<br \/>\nPietra Ramos Scozzafave- Suplente<br \/>\n(19) 99761-8542<\/td>\n<td>01\/11\/2024 a\u00a001\/11\/2025<\/td>\n<\/tr>\n<tr>\n<td>24<\/td>\n<td>Representante discente<\/td>\n<td>Leonardo Gustavo Guimar\u00e3es &#8211; Titular<br \/>\n38 99892-2585<br \/>\nJo\u00e3o Robert dos Santos Lima- Suplente<br \/>\n(38) 99244-8201<\/td>\n<td>01\/11\/2024 a\u00a001\/11\/2025<\/td>\n<\/tr>\n<tr>\n<td>25<\/td>\n<td>Representante discente<\/td>\n<td>Vac\u00e2ncia<\/td>\n<td><\/td>\n<\/tr>\n<tr>\n<td>26<\/td>\n<td>Representante discente<\/td>\n<td>Vac\u00e2ncia<\/td>\n<td><\/td>\n<\/tr>\n<\/tbody>\n<\/table>\n<p>&nbsp;<\/p>\n<\/div><\/div><\/div><div class=\"ea-card  sp-ea-single\"><h3 class=\"ea-header\"><a class=\"collapsed\" data-sptoggle=\"spcollapse\" data-sptarget=#collapse2453 href=\"javascript:void(0)\"  aria-expanded=\"false\"><i class=\"ea-expand-icon fa fa-plus\"><\/i> Regulamenta\u00e7\u00e3o<\/a><\/h3><div class=\"sp-collapse spcollapse \" id=\"collapse2453\" data-parent=#sp-ea-245><div class=\"ea-body\"><p>&nbsp;<\/p>\n<p><a href=\"https:\/\/www.ufmg.br\/montesclaros\/wp-content\/uploads\/2025\/06\/SEI_UFMG-3981653-Decisao-promocao-titular.pdf\" target=\"_blank\" rel=\"noopener\">Decis\u00e3o n\u00ba 52\/2025\/ICA-DIR-CH-UFMG &#8211; Instru\u00e7\u00e3o referente \u00e0 avalia\u00e7\u00e3o de desempenho de Promo\u00e7\u00e3o Docente \u00e0 Classe Titular<\/a><\/p>\n<p><a href=\"https:\/\/www.ufmg.br\/montesclaros\/wp-content\/uploads\/2020\/06\/Termo-de-permiss%C3%A3o-de-uso-ICA-Assinado.pdf\" target=\"_blank\" rel=\"noopener\">Termo de permiss\u00e3o de uso<\/a><\/p>\n<p><a href=\"https:\/\/www.ufmg.br\/montesclaros\/wp-content\/uploads\/2023\/03\/Compilado-normas-Orgaos-Colegiados.pdf\" target=\"_blank\" rel=\"noopener\">Compilado Normas \u00d3rg\u00e3os Colegiados<\/a><\/p>\n<p><a href=\"https:\/\/www.ufmg.br\/montesclaros\/wp-content\/uploads\/2023\/03\/Compilado-normas-Congregacao.pdf\" target=\"_blank\" rel=\"noopener\">Compilado Normas Congrega\u00e7\u00e3o<\/a><\/p>\n<p><a href=\"https:\/\/www.ufmg.br\/montesclaros\/wp-content\/uploads\/2024\/03\/SEI_UFMG-3170880-Decisao-reconsideracao-ReDoc.pdf\">Decis\u00e3o n\u00ba 63\/2024\/ICA-DIR-CH-UFMG &#8211; Pedidos de reconsidera\u00e7\u00e3o pertinentes a ReDocs reprovados<\/a><\/p>\n<p>Resolu\u00e7\u00f5es 2025<\/p>\n<div><a href=\"https:\/\/www.ufmg.br\/montesclaros\/wp-content\/uploads\/2024\/03\/SEI_3982835_Resolucao_2.pdf\">Resolu\u00e7\u00e3o 2\/2025 &#8211;\u00a0Quesitos Concurso Docente &#8220;Sistemas de produ\u00e7\u00e3o e\u00a0melhoramento de grandes culturas&#8221;.<\/a><\/div>\n<p><a href=\"https:\/\/www.ufmg.br\/montesclaros\/wp-content\/uploads\/2024\/03\/SEI_4106060_Resolucao_3.pdf\">Resolu\u00e7\u00e3o 3\/2025 &#8211;\u00a0Quesitos Concurso Docente &#8220;Gest\u00e3o de Pessoas&#8221;.<\/a><\/p>\n<div>\n<div><a href=\"https:\/\/www.ufmg.br\/montesclaros\/wp-content\/uploads\/2024\/03\/SEI_4121915_Resolucao_4.pdf\">Resolu\u00e7\u00e3o 4\/2025 &#8211; Quesitos Concurso Docente &#8220;Patologia Florestal&#8221;.<\/a><\/div>\n<div>\n<p><a href=\"https:\/\/www.ufmg.br\/montesclaros\/wp-content\/uploads\/2024\/03\/SEI_4129305_Resolucao_5.pdf\">Resolu\u00e7\u00e3o 5\/2025 &#8211;\u00a0\u00a0Aprova o Termo de Permiss\u00e3o de Uso dos Espa\u00e7os do ICA\/UFMG<\/a><\/p>\n<p><a href=\"https:\/\/www.ufmg.br\/montesclaros\/wp-content\/uploads\/2025\/09\/Resolucao-07-2025-Regimneto-FEHAN.pdf\">Resolu\u00e7\u00e3o 7\/2025 &#8211; Aprova Regimento FEHAN<\/a><\/p>\n<div><a href=\"https:\/\/www.ufmg.br\/montesclaros\/wp-content\/uploads\/2024\/03\/SEI_4666391_Resolucao_8_Colacao-de-grau.pdf\">22\/10\/2025 &#8211; Resolu\u00e7\u00e3o n\u00ba 08\/2025 &#8211; Cola\u00e7\u00e3o de grau<\/a><\/div>\n<div><\/div>\n<div>Resolu\u00e7\u00f5es 2024<\/div>\n<div><\/div>\n<div><a href=\"https:\/\/www.ufmg.br\/montesclaros\/wp-content\/uploads\/2024\/03\/Resolucao-no-09_2024.pdf\">23\/12\/2024- Resolu\u00e7\u00e3o n\u00ba 9\/2024 &#8211; Par\u00e2metros e indicadores para avalia\u00e7\u00e3o docente<\/a><\/div>\n<\/div>\n<\/div>\n<p><a href=\"https:\/\/www.ufmg.br\/montesclaros\/wp-content\/uploads\/2024\/06\/Resolucao-5-2024-Regulamento-do-CenEx-ICA.pdf\">10\/06\/2024 &#8211; Resolu\u00e7\u00e3o 05-2024 &#8211; Aprova o Regulamento do Centro de Extens\u00e3o do Instituto de Ci\u00eancias Agr\u00e1rias da UFMG<\/a><\/p>\n<p><a href=\"https:\/\/www.ufmg.br\/montesclaros\/wp-content\/uploads\/2024\/03\/Resolucao-4_2024_Acoes-Ensino.pdf\">10\/05\/2024 &#8211; Resolu\u00e7\u00e3o n\u00ba 4\/2024- Diretrizes de a\u00e7\u00f5es de ensino<\/a><\/p>\n<p><a href=\"https:\/\/www.ufmg.br\/montesclaros\/wp-content\/uploads\/2024\/03\/Resolucao-No-3-2024-Regulamenta-atividades-recursos-externos-ICA.pdf\">25\/03\/2024 &#8211; Resolu\u00e7\u00e3o N\u00ba 3\/2024 &#8211; Regulamenta atividades recursos externos ICA<\/a><\/p>\n<p>Resolu\u00e7\u00f5es 2023<\/p>\n<p><a href=\"https:\/\/www.ufmg.br\/montesclaros\/wp-content\/uploads\/2016\/01\/SEI_UFMG-2534379-Resolucao-05_2023_-Normalizacao-trabalhos-e-oferta-disicplina-TCC.pdf\">10\/08\/2023 \u2013 Resolu\u00e7\u00e3o 05\/2023 \u2013 Diretrizes normaliza\u00e7\u00e3o trabalhos acad\u00eamicos gradua\u00e7\u00e3o e oferecimento disciplinas TCC<\/a><\/p>\n<p><a href=\"https:\/\/www.ufmg.br\/montesclaros\/wp-content\/uploads\/2023\/06\/Resolucao-02_2023-Regulamenta-atividades-recursos-externos-ICA.pdf\" target=\"_blank\" rel=\"noopener\">01\/06\/2023 \u2013 Resolu\u00e7\u00e3o 02\/2023 \u2013 Regulamenta atividades recursos externos ICA\u00a0<\/a><\/p>\n<p><a href=\"https:\/\/www.ufmg.br\/montesclaros\/wp-content\/uploads\/2023\/05\/SEI_UFMG-2341427-Resolucao-N-3-de-29-de-maio-2023.pdf\" target=\"_blank\" rel=\"noopener\">29\/05\/2023 \u2013 Resolu\u00e7\u00e3o 03\/2023 \u2013 Aprova o Regimento Interno do Herb\u00e1rio Norte Mineiro\u00a0<\/a><\/p>\n<p><a href=\"https:\/\/www.ufmg.br\/montesclaros\/wp-content\/uploads\/2023\/04\/Resolucao-01_2023_-Regimento-CPCA.pdf\" target=\"_blank\" rel=\"noopener\">27\/04\/2023 \u2013 Resolu\u00e7\u00e3o 01\/2023- Aprova o Regimento Interno do CPCA I<\/a><\/p>\n<p>Resolu\u00e7\u00f5es de 2022<\/p>\n<p><a href=\"https:\/\/www.ufmg.br\/montesclaros\/wp-content\/uploads\/2022\/01\/SEI_UFMG-1222403-Resolucao-01_2022_Coordenadoria-Extensao.pdf\" target=\"_blank\" rel=\"noopener\">Resolu\u00e7\u00e3o 01-2022 \u2013 Aprova o Regulamento da Coordenadoria de Extens\u00e3o do Instituto de Ci\u00eancias Agr\u00e1rias \u2013 ICA\/UFMG<\/a><\/p>\n<p>Resolu\u00e7\u00f5es de 2021<\/p>\n<p><a href=\"https:\/\/www.ufmg.br\/montesclaros\/wp-content\/uploads\/2022\/01\/SEI_UFMG-1166343-Resolucao.pdf\" target=\"_blank\" rel=\"noopener\">Resolu\u00e7\u00e3o 07-2021- Aprova o Regulamento Interno da Biblioteca Universit\u00e1ria \u201cJos\u00e9 Carlos Valle de Lima\u201d, do ICA\/UFMG \u2013 Campus Regional Montes Claros<\/a><\/p>\n<p><a href=\"https:\/\/www.ufmg.br\/montesclaros\/wp-content\/uploads\/2021\/12\/Resolucao-06-2021-CENEX.pdf\" target=\"_blank\" rel=\"noopener\">Resolu\u00e7\u00e3o 06-2021 \u2013 Aprova o Regulamento Interno do Centro de Extens\u00e3o do Instituto de Ci\u00eancias Agr\u00e1rias da UFMG<\/a><\/p>\n<p><a href=\"https:\/\/www.ufmg.br\/montesclaros\/wp-content\/uploads\/2016\/01\/resolucao_0942619.html\">Resolu\u00e7\u00e3o 05\/2021 \u2013 Aprova o Regimento Interno do Laborat\u00f3rio de Qu\u00edmica Instrumental<\/a><\/p>\n<p><a href=\"https:\/\/www.ufmg.br\/montesclaros\/wp-content\/uploads\/2021\/08\/Resolucao-03-2021-criterios-de-progressao-promocao-e-avaliacao-docente.pdf\" target=\"_blank\" rel=\"noopener\">Resolu\u00e7\u00e3o 03-2021 \u2013 crit\u00e9rios de progress\u00e3o, promo\u00e7\u00e3o e avalia\u00e7\u00e3o docente<\/a><\/p>\n<p><a href=\"https:\/\/www.ufmg.br\/montesclaros\/wp-content\/uploads\/2021\/03\/SEI_UFMG-0592339-Resolucao-01_2021_-Representacao-Docente-CENEX.pdf\" target=\"_blank\" rel=\"noopener\">Resolu\u00e7\u00e3o n\u00ba 1, de 01\/03\/2021- Regulamenta a Representa\u00e7\u00e3o Docente do Centro de Extens\u00e3o- CENEX<\/a><\/p>\n<p>Resolu\u00e7\u00f5es de 2020<\/p>\n<p><a href=\"https:\/\/www.ufmg.br\/montesclaros\/wp-content\/uploads\/2020\/08\/Resolucao-ICA-001-2020-De-26-junho-2020.pdf\" target=\"_blank\" rel=\"noopener\">Resolu\u00e7\u00e3o ICA-001 2020 \u2013 De 26 junho 2020<\/a><\/p>\n<p><a href=\"https:\/\/www.ufmg.br\/montesclaros\/wp-content\/uploads\/2020\/08\/REGIMENTO-EPEA.pdf\" target=\"_blank\" rel=\"noopener\">Regimento EPEA<\/a><\/p>\n<p>Resolu\u00e7\u00f5es de 2017<\/p>\n<p><a href=\"https:\/\/www.ufmg.br\/montesclaros\/wp-content\/uploads\/2021\/04\/Resolucao02_2017_RegulamentaGruposdeEstudos.pdf\" target=\"_blank\" rel=\"noopener\">Resolu\u00e7\u00e3o 02\/2017_Regulamenta-Grupos-de-Estudos<\/a><\/p>\n<p><a href=\"https:\/\/www.ufmg.br\/montesclaros\/wp-content\/uploads\/2017\/10\/Resolucao-07-2017-Coordenadoria-Recursos-Humanos.pdf\">Resolu\u00e7\u00e3o-07-2017-Coordenadoria-Recursos-Humanos<\/a><\/p>\n<p><a href=\"https:\/\/www.ufmg.br\/montesclaros\/wp-content\/uploads\/2017\/10\/Resolucao-06-2017-Coordenadoria-Planejamento-Infraestrutura.pdf\">Resolu\u00e7\u00e3o-06-2017-Coordenadoria-Planejamento-Infraestrutura<\/a><\/p>\n<p><a href=\"https:\/\/www.ufmg.br\/montesclaros\/wp-content\/uploads\/2017\/10\/Resolucao-05-2017-Coordenadoria-Extensao.pdf\">Resolu\u00e7\u00e3o-05-2017-Coordenadoria-Extensao<\/a><\/p>\n<p><a href=\"https:\/\/www.ufmg.br\/montesclaros\/wp-content\/uploads\/2017\/10\/Resolucao-04-2017-Coordenadoria-Ensino-Pesquisa.pdf\">Resolu\u00e7\u00e3o-04-2017-Coordenadoria-Ensino-Pesquisa<\/a><\/p>\n<p><a href=\"https:\/\/www.ufmg.br\/montesclaros\/wp-content\/uploads\/2017\/10\/Organogramas-Coordenadorias-ICA.pptx\">Organogramas-Coordenadorias-ICA<\/a><\/p>\n<p><a href=\"https:\/\/www.ufmg.br\/montesclaros\/wp-content\/uploads\/2017\/10\/Organograma-ICA.pdf\">Organograma-ICA<\/a><\/p>\n<p><a href=\"https:\/\/www.ufmg.br\/montesclaros\/wp-content\/uploads\/2017\/06\/Resolu%C3%A7%C3%A3o-01-2017-de-20-01-2017.pdf\" rel=\"\">Resolu\u00e7\u00e3o 01\/2017 \u2013 20\/01\/2017 \u2013 Estabelece par\u00e2metros para processos de promo\u00e7\u00e3o e progress\u00e3o<\/a><\/p>\n<p>Resolu\u00e7\u00f5es de 2016<\/p>\n<p><a href=\"https:\/\/www.ufmg.br\/montesclaros\/wp-content\/uploads\/2016\/01\/Resolu%C3%A7%C3%A3o-ICA-001-2016-Composi%C3%A7%C3%A3o-da-Congrega%C3%A7%C3%A3o.pdf\" target=\"_blank\" rel=\"noopener\">Resolu\u00e7\u00e3o ICA \u2013 001\/2016 \u2013 Composi\u00e7\u00e3o da Congrega\u00e7\u00e3o<\/a><\/p>\n<p><a href=\"https:\/\/www.ufmg.br\/montesclaros\/wp-content\/uploads\/2016\/01\/Resolu%C3%A7%C3%A3o-ICA-002-2016-Regulamenta-Disciplina-TCC.pdf\" target=\"_blank\" rel=\"noopener\">Resolu\u00e7\u00e3o ICA \u2013 002\/2016 \u2013 Regulamenta a Disciplina de TCC<\/a><\/p>\n<p><a href=\"https:\/\/www.ufmg.br\/montesclaros\/wp-content\/uploads\/2016\/01\/Resolu%C3%A7%C3%A3o-ICA-003-2016-Regulamento-Caderno-C.-Agr%C3%A1rias-1.pdf\" target=\"_blank\" rel=\"noopener\">Resolu\u00e7\u00e3o ICA \u2013 003\/2016 \u2013 Regulamento o Caderno de Ci\u00eancias Agr\u00e1rias<\/a><\/p>\n<\/div><\/div><\/div><\/div><\/div><\/div>","protected":false},"excerpt":{"rendered":"","protected":false},"author":3,"featured_media":0,"parent":0,"menu_order":0,"comment_status":"closed","ping_status":"closed","template":"","meta":[],"acf":[],"_links":{"self":[{"href":"https:\/\/www.ufmg.br\/montesclaros\/wp-json\/wp\/v2\/pages\/246"}],"collection":[{"href":"https:\/\/www.ufmg.br\/montesclaros\/wp-json\/wp\/v2\/pages"}],"about":[{"href":"https:\/\/www.ufmg.br\/montesclaros\/wp-json\/wp\/v2\/types\/page"}],"author":[{"embeddable":true,"href":"https:\/\/www.ufmg.br\/montesclaros\/wp-json\/wp\/v2\/users\/3"}],"replies":[{"embeddable":true,"href":"https:\/\/www.ufmg.br\/montesclaros\/wp-json\/wp\/v2\/comments?post=246"}],"version-history":[{"count":1,"href":"https:\/\/www.ufmg.br\/montesclaros\/wp-json\/wp\/v2\/pages\/246\/revisions"}],"predecessor-version":[{"id":247,"href":"https:\/\/www.ufmg.br\/montesclaros\/wp-json\/wp\/v2\/pages\/246\/revisions\/247"}],"wp:attachment":[{"href":"https:\/\/www.ufmg.br\/montesclaros\/wp-json\/wp\/v2\/media?parent=246"}],"curies":[{"name":"wp","href":"https:\/\/api.w.org\/{rel}","templated":true}]}}