{"id":273,"date":"2024-03-22T09:12:48","date_gmt":"2024-03-22T12:12:48","guid":{"rendered":"http:\/\/sites-hml.dti.ufmg.br\/ica\/ica-novo\/?page_id=273"},"modified":"2024-03-22T09:12:48","modified_gmt":"2024-03-22T12:12:48","slug":"coordenadorias","status":"publish","type":"page","link":"https:\/\/www.ufmg.br\/montesclaros\/coordenadorias\/","title":{"rendered":"Coordenadorias"},"content":{"rendered":"<div ><style>#sp-ea-272 .spcollapsing { height: 0; overflow: hidden; transition-property: height;transition-duration: 300ms;}#sp-ea-272.sp-easy-accordion>.sp-ea-single {border: 1px solid #e2e2e2; }#sp-ea-272.sp-easy-accordion>.sp-ea-single>.ea-header a {color: #444;}#sp-ea-272.sp-easy-accordion>.sp-ea-single>.sp-collapse>.ea-body {background: #fff; color: #444;}#sp-ea-272.sp-easy-accordion>.sp-ea-single {background: #eee;}#sp-ea-272.sp-easy-accordion>.sp-ea-single>.ea-header a .ea-expand-icon.fa { float: left; color: #444;font-size: 16px;}<\/style><div id=\"sp_easy_accordion-1711108024\"><div id=\"sp-ea-272\" class=\"sp-ea-one sp-easy-accordion\" data-ex-icon=\"fa-minus\" data-col-icon=\"fa-plus\"  data-ea-active=\"ea-click\"  data-ea-mode=\"vertical\" data-preloader=\"\" data-scroll-active-item=\"\" data-offset-to-scroll=\"0\"><div class=\"ea-card ea-expand sp-ea-single\"><h3 class=\"ea-header\"><a class=\"collapsed\" data-sptoggle=\"spcollapse\" data-sptarget=#collapse2720 href=\"javascript:void(0)\"  aria-expanded=\"true\"><i class=\"ea-expand-icon fa fa-minus\"><\/i> Apresenta\u00e7\u00e3o<\/a><\/h3><div class=\"sp-collapse spcollapse collapsed show\" id=\"collapse2720\" data-parent=#sp-ea-272><div class=\"ea-body\"><p>Os setores administrativos do Instituto de Ci\u00eancias Agr\u00e1rias (ICA) est\u00e3o organizados em quatro Coordenadorias, diretamente subordinadas ao Diretor, das quais finalidade, composi\u00e7\u00e3o, funcionamento e atribui\u00e7\u00f5es foram definidas por Resolu\u00e7\u00f5es da Congrega\u00e7\u00e3o do ICA em 2017.<br \/>\nConforme estabelecido no Regimento do Instituto de Ci\u00eancias Agr\u00e1rias (aprovado em Resolu\u00e7\u00e3o n\u00ba05\/2008), s\u00e3o as quatro Coordenadorias:<\/p>\n<p>Coordenadoria de Ensino e Pesquisa;<br \/>\nCoordenadoria de Recursos Humanos;<br \/>\nCoordenadoria de Extens\u00e3o;<br \/>\nCoordenadoria de Planejamento e Infraestrutura.<\/p>\n<\/div><\/div><\/div><div class=\"ea-card  sp-ea-single\"><h3 class=\"ea-header\"><a class=\"collapsed\" data-sptoggle=\"spcollapse\" data-sptarget=#collapse2721 href=\"javascript:void(0)\"  aria-expanded=\"false\"><i class=\"ea-expand-icon fa fa-plus\"><\/i> Coordenadoria de Ensino e Pesquisa<\/a><\/h3><div class=\"sp-collapse spcollapse \" id=\"collapse2721\" data-parent=#sp-ea-272><div class=\"ea-body\"><p>A Coordenadoria de Ensino e Pesquisa foi regulamentada pela Resolu\u00e7\u00e3o n\u00ba04\/2017 e \u00e9 respons\u00e1vel por coordenar, acompanhar e controlar a execu\u00e7\u00e3o da Pol\u00edtica de Pesquisa do ICA\/UFMG.<\/p>\n<p>S\u00e3o \u00f3rg\u00e3os executivos da Coordenadoria o\u00a0<a href=\"https:\/\/www.ufmg.br\/montesclaros\/?page_id=67\" target=\"_blank\" rel=\"noopener\">N\u00facleo de Assessoramento \u00e0 Pesquisa (NAPq)<\/a>, a\u00a0<a href=\"https:\/\/www.ufmg.br\/montesclaros\/?setores=assessoria-de-gestao-academica\" target=\"_blank\" rel=\"noopener\">Assessoria de Gest\u00e3o Acad\u00eamica<\/a>\u00a0e a Se\u00e7\u00e3o de Est\u00e1gio.<\/p>\n<p>Entre as atribui\u00e7\u00f5es est\u00e3o: promover a\u00e7\u00f5es visando a articula\u00e7\u00e3o entre o Ensino, a Pesquisa e a Extens\u00e3o; coordenar a execu\u00e7\u00e3o de programas e projetos relativos ao Ensino e Pesquisa no campus; propor medidas para implanta\u00e7\u00e3o de cursos de gradua\u00e7\u00e3o e p\u00f3s-gradua\u00e7\u00e3o; avaliar \u00edndices de desempenho dos estudantes com os Coordenadores do curso e definir estrat\u00e9gias para aprimorar o processo educativo, entre outras.<\/p>\n<p><strong>Coordenador:<\/strong> Professor Alcinei M\u00edstico Azevedo, Vice-Diretor do ICA<\/p>\n<p><strong>Telefone:\u00a0<\/strong>(38) 2101-7711<\/p>\n<p><strong>Subcoordenador:<\/strong> Professor Ivan Pires de Oliveira, coordenador do N\u00facleo de Assessoramento \u00e0 Pesquisa (NaPq)<\/p>\n<p><strong>Telefone:<\/strong>\u00a0(38) 2101-7769<\/p>\n<p>&nbsp;<\/p>\n<p>Acesse a composi\u00e7\u00e3o, as demais atribui\u00e7\u00f5es e o funcionamento da Coordenadoria de Ensino e Pesquisa na\u00a0<a href=\"https:\/\/www.ufmg.br\/montesclaros\/wp-content\/uploads\/2017\/10\/Resolucao-04-2017-Coordenadoria-Ensino-Pesquisa.pdf\">Resolu\u00e7\u00e3o n\u00ba04\/2017<\/a>.<\/p>\n<p><a href=\"https:\/\/www.ufmg.br\/montesclaros\/wp-content\/uploads\/2018\/07\/org_coord_ensino_pesq.png\"><img decoding=\"async\" loading=\"lazy\" class=\"size-full wp-image-3600 aligncenter\" src=\"https:\/\/www.ufmg.br\/montesclaros\/wp-content\/uploads\/2018\/07\/org_coord_ensino_pesq.png\" alt=\"\" width=\"541\" height=\"406\" \/><\/a><\/p>\n<p>&nbsp;<\/p>\n<\/div><\/div><\/div><div class=\"ea-card  sp-ea-single\"><h3 class=\"ea-header\"><a class=\"collapsed\" data-sptoggle=\"spcollapse\" data-sptarget=#collapse2722 href=\"javascript:void(0)\"  aria-expanded=\"false\"><i class=\"ea-expand-icon fa fa-plus\"><\/i> Coordenadoria de Recursos Humanos<\/a><\/h3><div class=\"sp-collapse spcollapse \" id=\"collapse2722\" data-parent=#sp-ea-272><div class=\"ea-body\"><p>A Coordenadoria de Recursos Humanos foi regulamentada pela Resolu\u00e7\u00e3o n\u00ba07\/2017 e \u00e9 respons\u00e1vel por coordenar, acompanhar, controlar o processo e propor a\u00e7\u00f5es de Recursos Humanos do Instituto de Ci\u00eancias Agr\u00e1rias.<\/p>\n<p>Comp\u00f5em a Coordenadoria o coordenador de Recursos Humanos da unidade acad\u00eamica, o subcoordenador de Recursos Humanos e quatro representantes de servidores, sendo dois docentes e dois t\u00e9cnicos administrativos.<\/p>\n<p>Entre as atribui\u00e7\u00f5es est\u00e3o: coordenar, orientar, acompanhar e supervisionar os procedimentos nas delibera\u00e7\u00f5es que tratam da carreira dos servidores, assim como o processo avaliativo dos servidores na unidade; e subsidiar a Diretoria em planos de a\u00e7\u00e3o para o desenvolvimento t\u00e9cnico e profissional dos servidores.<\/p>\n<p>Coordenador:<\/p>\n<p>Professor Dalton Rocha Pereira, coordenador de Recursos Humanos do ICA<\/p>\n<p><strong>Telefone<\/strong>:\u00a0(38)2101-7727<\/p>\n<p>&nbsp;<\/p>\n<p><a href=\"https:\/\/www.ufmg.br\/montesclaros\/wp-content\/uploads\/2023\/11\/Tutorial-Envio-de-Plano-de-Trabalho-Docente-via-SEI-ICA-UFMG-edit.pdf\">Tutorial \u2013 Envio de Plano de Trabalho Docente via SEI<\/a><br \/>\n<a href=\"https:\/\/www.ufmg.br\/montesclaros\/wp-content\/uploads\/2023\/11\/SEI_MANUAL-OFICIAL-COMPLETA_UFMG.pdf\">SEI Manual Completo UFMG<\/a><br \/>\n<a href=\"https:\/\/www.ufmg.br\/montesclaros\/wp-content\/uploads\/2023\/11\/SEI_MANUAL%20REUMIDO.pdf\">SEI Manual Resumido UFMG<\/a><\/p>\n<p>&nbsp;<\/p>\n<p>Acesse a composi\u00e7\u00e3o, as demais atribui\u00e7\u00f5es e o funcionamento da Coordenadoria de Recursos Humanos na\u00a0<a href=\"https:\/\/www.ufmg.br\/montesclaros\/wp-content\/uploads\/2017\/10\/Resolucao-07-2017-Coordenadoria-Recursos-Humanos.pdf\" target=\"_blank\" rel=\"noopener\">Resolu\u00e7\u00e3o n\u00ba07\/2017<\/a>.<\/p>\n<p><img decoding=\"async\" loading=\"lazy\" class=\"wp-image-13529 aligncenter\" src=\"https:\/\/www.ufmg.br\/montesclaros\/wp-content\/uploads\/2023\/09\/org_coord_RH.png\" alt=\"\" width=\"769\" height=\"433\" \/><\/p>\n<p><a href=\"https:\/\/www.ufmg.br\/montesclaros\/saude\">Mais informa\u00e7\u00f5es da Se\u00e7\u00e3o de Sa\u00fade do Trabalhador\u00a0e Seguran\u00e7a do Trabalho<\/a><\/p>\n<p>&nbsp;<\/p>\n<p><strong>Editais<\/strong><\/p>\n<p><b>Edital 1075\/2023\u00a0<\/b><b>\u2013\u00a0<\/b><b>Processo Seletivo de licen\u00e7a para capacita\u00e7\u00e3o dos Servidores T\u00e9cnico- Administrativos em Educa\u00e7\u00e3o do Instituto de Ci\u00eancias Agr\u00e1rias da Universidade Federal de Minas Gerais<\/b><\/p>\n<p><a href=\"https:\/\/www.ufmg.br\/montesclaros\/wp-content\/uploads\/2018\/07\/Edital-1075_2023_Licenca-capacitacao-TAEs.pdf\">Edital 1075\/2023_Licen\u00e7a capacita\u00e7\u00e3o TAEs<\/a><br \/>\n<a href=\"https:\/\/www.ufmg.br\/montesclaros\/wp-content\/uploads\/2018\/07\/Anexo-I-Formulario.pdf\">Anexo I- Formul\u00e1rio<\/a><br \/>\n<a href=\"https:\/\/www.ufmg.br\/montesclaros\/wp-content\/uploads\/2018\/07\/Anexo-II-Cronograma.pdf\">Anexo II- Cronograma<\/a><\/p>\n<\/div><\/div><\/div><div class=\"ea-card  sp-ea-single\"><h3 class=\"ea-header\"><a class=\"collapsed\" data-sptoggle=\"spcollapse\" data-sptarget=#collapse2723 href=\"javascript:void(0)\"  aria-expanded=\"false\"><i class=\"ea-expand-icon fa fa-plus\"><\/i> Coordenadoria de Extens\u00e3o<\/a><\/h3><div class=\"sp-collapse spcollapse \" id=\"collapse2723\" data-parent=#sp-ea-272><div class=\"ea-body\"><p>A Coordenadoria de Extens\u00e3o foi regulamentada pela Resolu\u00e7\u00e3o n\u00ba 01\/2022, da Congrega\u00e7\u00e3o do ICA, e \u00e9 respons\u00e1vel pela promo\u00e7\u00e3o, apoio, planejamento, assessoramento e divulga\u00e7\u00e3o das atividades de extens\u00e3o do ICA, prestando aux\u00edlio para viabiliza\u00e7\u00e3o das pol\u00edticas de Divulga\u00e7\u00e3o Cient\u00edfica e de Extens\u00e3o da UFMG na Unidade Acad\u00eamica.<\/p>\n<p>A extens\u00e3o, atividade acad\u00eamica identificada com os fins da Universidade, \u00e9 o processo educativo, cultural e cient\u00edfico, articulado e indissoci\u00e1vel do Ensino e da Pesquisa, que amplia a rela\u00e7\u00e3o entre a Universidade e a sociedade de forma dial\u00f3gica.<\/p>\n<p>Constituem a Coordenadoria da Extens\u00e3o do ICA: o Coordenador da Coordenadoria de Extens\u00e3o e o respectivo Subcoordenador, nomeados pela diretoria da Unidade Acad\u00eamica.<\/p>\n<p>Entre as atribui\u00e7\u00f5es est\u00e3o: colaborar com o CENEX na execu\u00e7\u00e3o da Pol\u00edtica de Divulga\u00e7\u00e3o Cient\u00edfica e de Extens\u00e3o da UFMG na Unidade, em conformidade com a resolu\u00e7\u00e3o pr\u00f3pria do Conselho Universit\u00e1rio, observados os princ\u00edpios determinados no Regimento Geral da UFMG, no Regimento do ICA e no Regulamento do CENEX.<\/p>\n<p>Coordenadora: Professora Maria Fernanda Lousada Antunes<\/p>\n<p>Telefone: (38) 2101\u20137702 \/ 7765<br \/>\nE-mail:\u00a0<a href=\"mailto:mafe@ica.ufmg.br\">mafe@ica.ufmg.br<\/a><\/p>\n<p>Subcoordenador: Professor Maximiliano Soares Pinto<br \/>\nTelefone: (38) 2101-7702 \/ 7707<br \/>\nE-mail:\u00a0<a href=\"mailto:maxonze@ufmg.br\">maxonze@ufmg.br<\/a><\/p>\n<p><a href=\"https:\/\/www.ufmg.br\/montesclaros\/wp-content\/uploads\/2022\/03\/Resolucao-01_2022_ICA_Coordenadoria-Extensao.pdf\" target=\"_blank\" rel=\"noopener noreferrer\">Acesse a resolu\u00e7\u00e3o que regulamenta a Coordenadoria de Extens\u00e3o<\/a><\/p>\n<p>&nbsp;<\/p>\n<p><a href=\"https:\/\/www.ufmg.br\/montesclaros\/wp-content\/uploads\/2018\/07\/org_coord_ext.png\"><img decoding=\"async\" loading=\"lazy\" class=\"size-full wp-image-3603 aligncenter\" src=\"https:\/\/www.ufmg.br\/montesclaros\/wp-content\/uploads\/2018\/07\/org_coord_ext.png\" alt=\"\" width=\"571\" height=\"429\" \/><\/a><\/p>\n<\/div><\/div><\/div><div class=\"ea-card  sp-ea-single\"><h3 class=\"ea-header\"><a class=\"collapsed\" data-sptoggle=\"spcollapse\" data-sptarget=#collapse2724 href=\"javascript:void(0)\"  aria-expanded=\"false\"><i class=\"ea-expand-icon fa fa-plus\"><\/i> Coordenadoria de Planejamento e Infraestrutura<\/a><\/h3><div class=\"sp-collapse spcollapse \" id=\"collapse2724\" data-parent=#sp-ea-272><div class=\"ea-body\"><p>A Coordenadoria de Planejamento e Infraestrutura foi regulamentada pela Resolu\u00e7\u00e3o n\u00ba06\/2017 e \u00e9 respons\u00e1vel por coordenar, planejar, superintender e acompanhar todas as atividades relacionadas ao planejamento, gest\u00e3o or\u00e7ament\u00e1ria, financeira, cont\u00e1bil, patrimonial, da aquisi\u00e7\u00e3o de bens e servi\u00e7os, almoxarifado, manuten\u00e7\u00e3o predial, elabora\u00e7\u00e3o de projetos e a execu\u00e7\u00e3o de reformas na unidade acad\u00eamica.<\/p>\n<p>Comp\u00f5em a Coordenadoria o Coordenador de Planejamento e Infraestrutura, o Subcoordenador de Planejamento e Infraestrutura e um Assessor T\u00e9cnico.<\/p>\n<p>Coordenador:\u00a0Eng\u00ba Jo\u00e3o Victor Gon\u00e7alves Oliveira \/\u00a0Telefone:\u00a0(38) 2101-7760<\/p>\n<p>Subcoordenadora: Eurivaldo Nunes Rodrigues \/ Telefone: (38) 2101-7760<\/p>\n<p>Acesse a composi\u00e7\u00e3o, as demais atribui\u00e7\u00f5es e o funcionamento da Coordenadoria de Planejamento e Infraestrutura na\u00a0<a href=\"https:\/\/www.ufmg.br\/montesclaros\/wp-content\/uploads\/2017\/10\/Resolucao-06-2017-Coordenadoria-Planejamento-Infraestrutura.pdf\" target=\"_blank\" rel=\"noopener\">Resolu\u00e7\u00e3o n\u00ba06\/2017<\/a>.<\/p>\n<p>&nbsp;<\/p>\n<p><a href=\"https:\/\/www.ufmg.br\/montesclaros\/planejamento-e-infraestrutura\/\">Outras informa\u00e7\u00f5es sobre a Coordenadoria de Planejamento\u00a0e Infraestrutura clique aqui.<\/a><\/p>\n<p><img decoding=\"async\" loading=\"lazy\" class=\"aligncenter\" src=\"https:\/\/www.ufmg.br\/montesclaros\/wp-content\/uploads\/2018\/07\/org_coord_plan_infra.png\" alt=\"\" width=\"903\" height=\"624\" \/><\/p>\n<\/div><\/div><\/div><\/div><\/div><\/div>","protected":false},"excerpt":{"rendered":"","protected":false},"author":3,"featured_media":0,"parent":0,"menu_order":0,"comment_status":"closed","ping_status":"closed","template":"","meta":[],"acf":[],"_links":{"self":[{"href":"https:\/\/www.ufmg.br\/montesclaros\/wp-json\/wp\/v2\/pages\/273"}],"collection":[{"href":"https:\/\/www.ufmg.br\/montesclaros\/wp-json\/wp\/v2\/pages"}],"about":[{"href":"https:\/\/www.ufmg.br\/montesclaros\/wp-json\/wp\/v2\/types\/page"}],"author":[{"embeddable":true,"href":"https:\/\/www.ufmg.br\/montesclaros\/wp-json\/wp\/v2\/users\/3"}],"replies":[{"embeddable":true,"href":"https:\/\/www.ufmg.br\/montesclaros\/wp-json\/wp\/v2\/comments?post=273"}],"version-history":[{"count":1,"href":"https:\/\/www.ufmg.br\/montesclaros\/wp-json\/wp\/v2\/pages\/273\/revisions"}],"predecessor-version":[{"id":274,"href":"https:\/\/www.ufmg.br\/montesclaros\/wp-json\/wp\/v2\/pages\/273\/revisions\/274"}],"wp:attachment":[{"href":"https:\/\/www.ufmg.br\/montesclaros\/wp-json\/wp\/v2\/media?parent=273"}],"curies":[{"name":"wp","href":"https:\/\/api.w.org\/{rel}","templated":true}]}}