{"id":281,"date":"2024-03-22T09:29:31","date_gmt":"2024-03-22T12:29:31","guid":{"rendered":"http:\/\/sites-hml.dti.ufmg.br\/ica\/ica-novo\/?page_id=281"},"modified":"2024-04-22T10:54:30","modified_gmt":"2024-04-22T13:54:30","slug":"fazenda-experimental","status":"publish","type":"page","link":"https:\/\/www.ufmg.br\/montesclaros\/fazenda-experimental\/","title":{"rendered":"Fazenda Experimental"},"content":{"rendered":"<div ><style>#sp-ea-280 .spcollapsing { height: 0; overflow: hidden; transition-property: height;transition-duration: 300ms;}#sp-ea-280.sp-easy-accordion>.sp-ea-single {border: 1px solid #e2e2e2; }#sp-ea-280.sp-easy-accordion>.sp-ea-single>.ea-header a {color: #444;}#sp-ea-280.sp-easy-accordion>.sp-ea-single>.sp-collapse>.ea-body {background: #fff; color: #444;}#sp-ea-280.sp-easy-accordion>.sp-ea-single {background: #eee;}#sp-ea-280.sp-easy-accordion>.sp-ea-single>.ea-header a .ea-expand-icon.fa { float: left; color: #444;font-size: 16px;}<\/style><div id=\"sp_easy_accordion-1711110476\"><div id=\"sp-ea-280\" class=\"sp-ea-one sp-easy-accordion\" data-ex-icon=\"fa-minus\" data-col-icon=\"fa-plus\"  data-ea-active=\"ea-click\"  data-ea-mode=\"vertical\" data-preloader=\"\" data-scroll-active-item=\"\" data-offset-to-scroll=\"0\"><div class=\"ea-card ea-expand sp-ea-single\"><h3 class=\"ea-header\"><a class=\"collapsed\" data-sptoggle=\"spcollapse\" data-sptarget=#collapse2800 href=\"javascript:void(0)\"  aria-expanded=\"true\"><i class=\"ea-expand-icon fa fa-minus\"><\/i> Apresenta\u00e7\u00e3o<\/a><\/h3><div class=\"sp-collapse spcollapse collapsed show\" id=\"collapse2800\" data-parent=#sp-ea-280><div class=\"ea-body\"><p>A Fazenda Experimental Professor Hamilton de Abreu Navarro (FEHAN)\u00a0\u00e9\u00a0\u00f3rg\u00e3o complementar do Instituto de Ci\u00eancias Agr\u00e1rias (ICA), composta por \u00e1rea f\u00edsica de 232 hectares. Localizada no\u00a0<em>Campus<\/em>\u00a0Regional Montes Claros, a FEHAN\u00a0tem como finalidades: apoiar e colaborar, prioritariamente, com a comunidade do ICA no ensino, na pesquisa e na extens\u00e3o; apoiar outras Unidades e Departamentos da UFMG, por meio de instrumentos espec\u00edficos, em suas atividades did\u00e1tico-cient\u00edficas e no desenvolvimento institucional e possibilitar a realiza\u00e7\u00e3o de cursos, est\u00e1gios, semin\u00e1rios, visitas t\u00e9cnicas e dias de campo.<\/p>\n<p>&nbsp;<\/p>\n<p><strong>Coordenador:<\/strong> Prof. Rodrigo de Castro Tavares<\/p>\n<p>&nbsp;<\/p>\n<p><strong>Sub-Coordenador:<\/strong>\u00a0Prof. Eduardo Robson Duarte<\/p>\n<p><strong>Telefone:<\/strong>\u00a0(38) 2101-7707<\/p>\n<p>&nbsp;<\/p>\n<p><strong>PRODU\u00c7\u00c3O VEGETAL<\/strong><\/p>\n<p><strong>Chefe de Produ\u00e7\u00e3o Vegetal:<\/strong>\u00a0Geraldo Ribeiro Zuba J\u00fanio<br \/>\n<strong>Telefone:<\/strong>\u00a0(38) 2101-7778<\/p>\n<p>&nbsp;<\/p>\n<p><strong>PRODU\u00c7\u00c3O ANIMAL<\/strong><\/p>\n<p><strong>M\u00e9dico Veterin\u00e1rio:<\/strong>\u00a0Janderson Tolentino Silveira<br \/>\n<strong>Telefone:<\/strong>\u00a0(38) 2101-7739<\/p>\n<p>&nbsp;<\/p>\n<p><strong>COOPERATIVA<\/strong><\/p>\n<p><strong>Respons\u00e1vel:<\/strong>\u00a0Ingrid St\u00e9fany Ferreira Silva<br \/>\n<strong>Telefone:<\/strong>\u00a0(38) 2101-7736<\/p>\n<\/div><\/div><\/div><div class=\"ea-card  sp-ea-single\"><h3 class=\"ea-header\"><a class=\"collapsed\" data-sptoggle=\"spcollapse\" data-sptarget=#collapse2801 href=\"javascript:void(0)\"  aria-expanded=\"false\"><i class=\"ea-expand-icon fa fa-plus\"><\/i> Membros<\/a><\/h3><div class=\"sp-collapse spcollapse \" id=\"collapse2801\" data-parent=#sp-ea-280><div class=\"ea-body\"><p><strong>Comiss\u00e3o Administrativa da FEHAN<br \/>\n<\/strong><\/p>\n<p>Coordenador: Prof.\u00a0<a href=\"http:\/\/lattes.cnpq.br\/9721613014698836\" target=\"_blank\" rel=\"noopener\">Fausto Makishi\u00a0<\/a><a href=\"http:\/\/buscatextual.cnpq.br\/buscatextual\/visualizacv.do?id=K4127962Y2\"><br \/>\n<\/a>Telefone: (38) 2101-7773<\/p>\n<p>Sub-Coordenador: Prof. Eduardo Robson Duarte<br \/>\nTelefone: (38) 2101-7707<\/p>\n<p>Respons\u00e1vel pela produ\u00e7\u00e3o animal: Janderson Tolentino Silveira<br \/>\nTelefone: (38) 2101-7739<\/p>\n<p>Respons\u00e1vel pela produ\u00e7\u00e3o vegetal: Geraldo Ribeiro Zuba Junio<br \/>\nTelefone: (38) 21010-7778<\/p>\n<div>Respons\u00e1vel pela \u00e1rea de pesquisa: Luan Mateus Silva Donato<\/div>\n<div>Telefone: (38) 2101-7781<\/div>\n<\/div><\/div><\/div><div class=\"ea-card  sp-ea-single\"><h3 class=\"ea-header\"><a class=\"collapsed\" data-sptoggle=\"spcollapse\" data-sptarget=#collapse2802 href=\"javascript:void(0)\"  aria-expanded=\"false\"><i class=\"ea-expand-icon fa fa-plus\"><\/i> Normas e Procedimentos<\/a><\/h3><div class=\"sp-collapse spcollapse \" id=\"collapse2802\" data-parent=#sp-ea-280><div class=\"ea-body\"><p><a href=\"https:\/\/www.ufmg.br\/montesclaros\/wp-content\/uploads\/2022\/07\/Formulario_1625534_POPs_Producao_Animal.pdf\" target=\"_blank\" rel=\"noopener\">POPs &#8211; Produ\u00e7\u00e3o Animal<\/a><\/p>\n<p><a href=\"https:\/\/www.ufmg.br\/montesclaros\/wp-content\/uploads\/2022\/07\/Formulario_1625526_POPs_Producao_Vegetal.pdf\" target=\"_blank\" rel=\"noopener\">POPs &#8211; Produ\u00e7\u00e3o Vegetal<\/a><\/p>\n<p><a href=\"https:\/\/www.ufmg.br\/montesclaros\/wp-content\/uploads\/2022\/07\/Norma_1625546_Normas_Uso_de_Agrotoxicos_ICA_final.pdf\" target=\"_blank\" rel=\"noopener\">Normas Uso de Agrot\u00f3xicos<\/a><\/p>\n<p><a href=\"https:\/\/www.ufmg.br\/montesclaros\/wp-content\/uploads\/2023\/03\/Formulario-de-Solicitacoes-FEHAN-ensino-pesquisa-e-extensao.docx\" target=\"_blank\" rel=\"noopener\">Formul\u00e1rio FEHAN<\/a><\/p>\n<p><a href=\"https:\/\/www.ufmg.br\/montesclaros\/wp-content\/uploads\/2016\/02\/regimento_fehan_aprovado.pdf\" target=\"_blank\" rel=\"noopener\">Regimento FEHAN<\/a><\/p>\n<p><a href=\"https:\/\/www.ufmg.br\/montesclaros\/wp-content\/uploads\/2016\/02\/regulamento_utilizao_fehan.pdf\" target=\"_blank\" rel=\"noopener\">Regulamento de Utiliza\u00e7\u00e3o FEHAN<\/a><\/p>\n<p><a href=\"https:\/\/www.ufmg.br\/montesclaros\/wp-content\/uploads\/2022\/04\/Formulario_Entrada_Saida_Animais.pdf\" target=\"_blank\" rel=\"noopener\">Formul\u00e1rio de Transporte de Animais<\/a><\/p>\n<p><a href=\"https:\/\/www.ufmg.br\/montesclaros\/wp-content\/uploads\/2022\/04\/Formulario_Entrada_Sa\u00edda_Bens_Materiais.pdf\" target=\"_blank\" rel=\"noopener\">Formul\u00e1rio de Transporte de Vegetais<\/a><\/p>\n<p><a href=\"https:\/\/www.ufmg.br\/montesclaros\/wp-content\/uploads\/2016\/02\/resol_ica-002_2011_regimento_fehan.pdf\" target=\"_blank\" rel=\"noopener\">Resolu\u00e7\u00e3o ICA 002\/2011<\/a><\/p>\n<\/div><\/div><\/div><\/div><\/div><\/div>\n\n<div class=\"wp-block-image\">\n<figure class=\"alignright size-large is-resized\"><img decoding=\"async\" loading=\"lazy\" src=\"http:\/\/sites-hml.dti.ufmg.br\/ica\/ica-novo\/wp-content\/uploads\/2024\/04\/Bovinocultura-foto-Lucas-Braga-UFMG-38-1024x683.jpg\" alt=\"\" class=\"wp-image-784\" width=\"774\" height=\"516\" srcset=\"https:\/\/www.ufmg.br\/montesclaros\/wp-content\/uploads\/2024\/04\/Bovinocultura-foto-Lucas-Braga-UFMG-38-1024x683.jpg 1024w, https:\/\/www.ufmg.br\/montesclaros\/wp-content\/uploads\/2024\/04\/Bovinocultura-foto-Lucas-Braga-UFMG-38-300x200.jpg 300w, https:\/\/www.ufmg.br\/montesclaros\/wp-content\/uploads\/2024\/04\/Bovinocultura-foto-Lucas-Braga-UFMG-38-768x512.jpg 768w, https:\/\/www.ufmg.br\/montesclaros\/wp-content\/uploads\/2024\/04\/Bovinocultura-foto-Lucas-Braga-UFMG-38-1536x1024.jpg 1536w, https:\/\/www.ufmg.br\/montesclaros\/wp-content\/uploads\/2024\/04\/Bovinocultura-foto-Lucas-Braga-UFMG-38.jpg 1620w\" sizes=\"(max-width: 774px) 100vw, 774px\" \/><figcaption class=\"wp-element-caption\">Foto: Lucas Braga I UFMG<\/figcaption><\/figure><\/div>\n\n\n<figure class=\"wp-block-image size-large is-resized\"><img decoding=\"async\" loading=\"lazy\" src=\"http:\/\/sites-hml.dti.ufmg.br\/ica\/ica-novo\/wp-content\/uploads\/2024\/04\/Plantacao-de-milho-foto-Lucas-Braga-UFMG-1024x683.jpg\" alt=\"\" class=\"wp-image-789\" width=\"705\" height=\"471\" srcset=\"https:\/\/www.ufmg.br\/montesclaros\/wp-content\/uploads\/2024\/04\/Plantacao-de-milho-foto-Lucas-Braga-UFMG-1024x683.jpg 1024w, https:\/\/www.ufmg.br\/montesclaros\/wp-content\/uploads\/2024\/04\/Plantacao-de-milho-foto-Lucas-Braga-UFMG-300x200.jpg 300w, https:\/\/www.ufmg.br\/montesclaros\/wp-content\/uploads\/2024\/04\/Plantacao-de-milho-foto-Lucas-Braga-UFMG-768x512.jpg 768w, https:\/\/www.ufmg.br\/montesclaros\/wp-content\/uploads\/2024\/04\/Plantacao-de-milho-foto-Lucas-Braga-UFMG-1536x1024.jpg 1536w, https:\/\/www.ufmg.br\/montesclaros\/wp-content\/uploads\/2024\/04\/Plantacao-de-milho-foto-Lucas-Braga-UFMG.jpg 1620w\" sizes=\"(max-width: 705px) 100vw, 705px\" \/><figcaption class=\"wp-element-caption\">Foto: Lucas Braga I UFMG<\/figcaption><\/figure>\n\n\n<div class=\"wp-block-image\">\n<figure class=\"alignright size-large is-resized\"><img decoding=\"async\" loading=\"lazy\" src=\"http:\/\/sites-hml.dti.ufmg.br\/ica\/ica-novo\/wp-content\/uploads\/2024\/04\/Dia-a-dia-foto-Lucas-Braga-UFMG-107-1024x683.jpg\" alt=\"\" class=\"wp-image-785\" width=\"719\" height=\"479\" srcset=\"https:\/\/www.ufmg.br\/montesclaros\/wp-content\/uploads\/2024\/04\/Dia-a-dia-foto-Lucas-Braga-UFMG-107-1024x683.jpg 1024w, https:\/\/www.ufmg.br\/montesclaros\/wp-content\/uploads\/2024\/04\/Dia-a-dia-foto-Lucas-Braga-UFMG-107-300x200.jpg 300w, https:\/\/www.ufmg.br\/montesclaros\/wp-content\/uploads\/2024\/04\/Dia-a-dia-foto-Lucas-Braga-UFMG-107-768x512.jpg 768w, https:\/\/www.ufmg.br\/montesclaros\/wp-content\/uploads\/2024\/04\/Dia-a-dia-foto-Lucas-Braga-UFMG-107-1536x1024.jpg 1536w, https:\/\/www.ufmg.br\/montesclaros\/wp-content\/uploads\/2024\/04\/Dia-a-dia-foto-Lucas-Braga-UFMG-107.jpg 1620w\" sizes=\"(max-width: 719px) 100vw, 719px\" \/><figcaption class=\"wp-element-caption\">Foto: Lucas Braga I UFMG<\/figcaption><\/figure><\/div>\n\n\n<figure class=\"wp-block-image size-large is-resized\"><img decoding=\"async\" loading=\"lazy\" src=\"http:\/\/sites-hml.dti.ufmg.br\/ica\/ica-novo\/wp-content\/uploads\/2024\/04\/Pivo-central-foto-Lucas-Braga-UFMG-47-1024x683.jpg\" alt=\"\" class=\"wp-image-787\" width=\"746\" height=\"484\"\/><figcaption class=\"wp-element-caption\">Foto: Lucas Braga I UFMG<\/figcaption><\/figure>\n\n\n<div class=\"wp-block-image\">\n<figure class=\"alignright size-full\"><img decoding=\"async\" loading=\"lazy\" width=\"1620\" height=\"1080\" src=\"http:\/\/sites-hml.dti.ufmg.br\/ica\/ica-novo\/wp-content\/uploads\/2024\/04\/Pivo-central-foto-Lucas-Braga-UFMG-4-1.jpg\" alt=\"\" class=\"wp-image-801\" srcset=\"https:\/\/www.ufmg.br\/montesclaros\/wp-content\/uploads\/2024\/04\/Pivo-central-foto-Lucas-Braga-UFMG-4-1.jpg 1620w, https:\/\/www.ufmg.br\/montesclaros\/wp-content\/uploads\/2024\/04\/Pivo-central-foto-Lucas-Braga-UFMG-4-1-300x200.jpg 300w, https:\/\/www.ufmg.br\/montesclaros\/wp-content\/uploads\/2024\/04\/Pivo-central-foto-Lucas-Braga-UFMG-4-1-1024x683.jpg 1024w, https:\/\/www.ufmg.br\/montesclaros\/wp-content\/uploads\/2024\/04\/Pivo-central-foto-Lucas-Braga-UFMG-4-1-768x512.jpg 768w, https:\/\/www.ufmg.br\/montesclaros\/wp-content\/uploads\/2024\/04\/Pivo-central-foto-Lucas-Braga-UFMG-4-1-1536x1024.jpg 1536w\" sizes=\"(max-width: 1620px) 100vw, 1620px\" \/><figcaption class=\"wp-element-caption\">Foto: Lucas Braga I UFMG<\/figcaption><\/figure><\/div>","protected":false},"excerpt":{"rendered":"","protected":false},"author":3,"featured_media":0,"parent":0,"menu_order":0,"comment_status":"closed","ping_status":"closed","template":"","meta":[],"acf":[],"_links":{"self":[{"href":"https:\/\/www.ufmg.br\/montesclaros\/wp-json\/wp\/v2\/pages\/281"}],"collection":[{"href":"https:\/\/www.ufmg.br\/montesclaros\/wp-json\/wp\/v2\/pages"}],"about":[{"href":"https:\/\/www.ufmg.br\/montesclaros\/wp-json\/wp\/v2\/types\/page"}],"author":[{"embeddable":true,"href":"https:\/\/www.ufmg.br\/montesclaros\/wp-json\/wp\/v2\/users\/3"}],"replies":[{"embeddable":true,"href":"https:\/\/www.ufmg.br\/montesclaros\/wp-json\/wp\/v2\/comments?post=281"}],"version-history":[{"count":3,"href":"https:\/\/www.ufmg.br\/montesclaros\/wp-json\/wp\/v2\/pages\/281\/revisions"}],"predecessor-version":[{"id":803,"href":"https:\/\/www.ufmg.br\/montesclaros\/wp-json\/wp\/v2\/pages\/281\/revisions\/803"}],"wp:attachment":[{"href":"https:\/\/www.ufmg.br\/montesclaros\/wp-json\/wp\/v2\/media?parent=281"}],"curies":[{"name":"wp","href":"https:\/\/api.w.org\/{rel}","templated":true}]}}