{"id":2845,"date":"2025-02-14T14:09:22","date_gmt":"2025-02-14T17:09:22","guid":{"rendered":"https:\/\/www.ufmg.br\/montesclaros\/?page_id=2845"},"modified":"2025-02-18T14:07:51","modified_gmt":"2025-02-18T17:07:51","slug":"setor-de-inovacao-internacionalizacao-e-cooperacao-institucional","status":"publish","type":"page","link":"https:\/\/www.ufmg.br\/montesclaros\/setor-de-inovacao-internacionalizacao-e-cooperacao-institucional\/","title":{"rendered":"Setor de Inova\u00e7\u00e3o, Internacionaliza\u00e7\u00e3o e Coopera\u00e7\u00e3o Institucional"},"content":{"rendered":"<div ><style>#sp-ea-2844 .spcollapsing { height: 0; overflow: hidden; transition-property: height;transition-duration: 300ms;}#sp-ea-2844.sp-easy-accordion>.sp-ea-single {border: 1px solid #e2e2e2; }#sp-ea-2844.sp-easy-accordion>.sp-ea-single>.ea-header a {color: #444444;}#sp-ea-2844.sp-easy-accordion>.sp-ea-single>.sp-collapse>.ea-body {background: #fff; color: #444;}#sp-ea-2844.sp-easy-accordion>.sp-ea-single {background: #eeeeee;}#sp-ea-2844.sp-easy-accordion>.sp-ea-single>.ea-header a .ea-expand-icon.fa { float: left; color: #444444;font-size: 16px;}<\/style><div id=\"sp_easy_accordion-1739551640\"><div id=\"sp-ea-2844\" class=\"sp-ea-one sp-easy-accordion\" data-ex-icon=\"fa-minus\" data-col-icon=\"fa-plus\"  data-ea-active=\"ea-click\"  data-ea-mode=\"vertical\" data-preloader=\"\" data-scroll-active-item=\"\" data-offset-to-scroll=\"0\"><div class=\"ea-card ea-expand sp-ea-single\"><h3 class=\"ea-header\"><a class=\"collapsed\" data-sptoggle=\"spcollapse\" data-sptarget=#collapse28440 href=\"javascript:void(0)\"  aria-expanded=\"true\"><i class=\"ea-expand-icon fa fa-minus\"><\/i> Apresenta\u00e7\u00e3o<\/a><\/h3><div class=\"sp-collapse spcollapse collapsed show\" id=\"collapse28440\" data-parent=#sp-ea-2844><div class=\"ea-body\"><h2><img decoding=\"async\" loading=\"lazy\" class=\"size-full wp-image-2847 alignright\" src=\"https:\/\/www.ufmg.br\/montesclaros\/wp-content\/uploads\/2025\/02\/sci.jpg\" alt=\"\" width=\"144\" height=\"207\" \/><\/h2>\n<p>O Setor de Inova\u00e7\u00e3o, Internacionaliza\u00e7\u00e3o e Coopera\u00e7\u00e3o Institucional (<strong>SCI3 ICA<\/strong>) do Instituto de Ci\u00eancias Agr\u00e1rias (ICA) atua como elo estrat\u00e9gico entre o Instituto e diferentes \u00e1reas da UFMG, fortalecendo a comunica\u00e7\u00e3o, o acesso a informa\u00e7\u00f5es e a articula\u00e7\u00e3o de parcerias institucionais.<\/p>\n<p>O <strong>SCI3 <\/strong>oferece suporte \u00e0 comunidade acad\u00eamica em temas relacionados \u00e0 inova\u00e7\u00e3o, internacionaliza\u00e7\u00e3o e coopera\u00e7\u00e3o institucional, por meio da colabora\u00e7\u00e3o direta com a Coordenadoria de Transfer\u00eancia e Inova\u00e7\u00e3o Tecnol\u00f3gica (CTIT), a Diretoria de Rela\u00e7\u00f5es Internacionais (DRI) e a Diretoria de Coopera\u00e7\u00e3o Institucional (COPI).<\/p>\n<p>Entre as principais atividades do <strong>SCI3<\/strong>, destacam-se:<\/p>\n<ul>\n<li><strong>Inova\u00e7\u00e3o e empreendedorismo: <\/strong>suporte inicial e informa\u00e7\u00f5es preliminares sobre patentes, marcas, notifica\u00e7\u00f5es de inven\u00e7\u00f5es, prospec\u00e7\u00e3o de parcerias estrat\u00e9gicas, documenta\u00e7\u00e3o de regulariza\u00e7\u00e3o dos direitos de propriedade intelectual e informa\u00e7\u00f5es sobre a incubadora de empresas da UFMG &#8211; INOVA.<\/li>\n<li><strong>Internacionaliza\u00e7\u00e3o: <\/strong>informa\u00e7\u00f5es sobre mobilidade acad\u00eamica, admiss\u00e3o e acolhimento de estudantes e pesquisadores estrangeiros, al\u00e9m da divulga\u00e7\u00e3o de programas e redes internacionais.<\/li>\n<li><strong>Coopera\u00e7\u00e3o institucional: <\/strong>apoio na intera\u00e7\u00e3o entre a UFMG e o poder p\u00fablico, empresariado, fluxos de emendas parlamentares, gest\u00e3o de conv\u00eanios e iniciativas voltadas para egressos e parcerias institucionais.<\/li>\n<\/ul>\n<p>O setor contribui para a divulga\u00e7\u00e3o de oportunidades, editais e eventos provenientes do CTIT, DRI e COPI, garantindo que o ICA esteja alinhado \u00e0s principais a\u00e7\u00f5es dessas \u00e1reas. O <strong>SCI3 <\/strong>prop\u00f5e ser um ponto de apoio e de informa\u00e7\u00f5es para a comunidade acad\u00eamica, promovendo um ambiente conectado e din\u00e2mico, alem de ser um parceiro estrat\u00e9gico na busca de parcerias empresariais.<\/p>\n<h3>Miss\u00e3o<\/h3>\n<p>Promover a <strong>inova\u00e7\u00e3o<\/strong>, a <strong>internacionaliza\u00e7\u00e3o <\/strong>e a <strong>coopera\u00e7\u00e3o institucional <\/strong>no Instituto de Ci\u00eancias Agr\u00e1rias da UFMG, fortalecendo parcerias estrat\u00e9gicas, facilitando o acesso a oportunidades e apoiando a comunidade acad\u00eamica na cria\u00e7\u00e3o e difus\u00e3o do conhecimento.<\/p>\n<h3>Vis\u00e3o<\/h3>\n<p>Ser um setor de refer\u00eancia dentro da UFMG na articula\u00e7\u00e3o entre inova\u00e7\u00e3o, internacionaliza\u00e7\u00e3o e coopera\u00e7\u00e3o institucional, contribuindo para o reconhecimento do ICA como um ambiente din\u00e2mico, conectado globalmente, inserido na sociedade e no meio empresarial e comprometido com o desenvolvimento cient\u00edfico e tecnol\u00f3gico.<\/p>\n<h3>Valores<\/h3>\n<p data-start=\"0\" data-end=\"92\"><strong>INOVA\u00c7\u00c3O<\/strong> \u2013 Est\u00edmulo \u00e0 criatividade, \u00e0 pesquisa aplicada e \u00e0 transfer\u00eancia de conhecimento.<\/p>\n<p data-start=\"94\" data-end=\"184\"><strong>INTEGRA\u00c7\u00c3O<\/strong> \u2013 Promo\u00e7\u00e3o de redes de colabora\u00e7\u00e3o entre academia, setor produtivo e governo.<\/p>\n<p data-start=\"186\" data-end=\"276\"><strong>EXCEL\u00caNCIA<\/strong> \u2013 Compromisso com a qualidade, efici\u00eancia e impacto das a\u00e7\u00f5es institucionais.<\/p>\n<p data-start=\"278\" data-end=\"372\"><strong>ACESSIBILIDADE<\/strong> \u2013 Disponibiliza\u00e7\u00e3o de informa\u00e7\u00f5es e oportunidades de forma clara e inclusiva.<\/p>\n<p data-start=\"374\" data-end=\"453\"><strong>\u00c9TICA<\/strong> \u2013 Atua\u00e7\u00e3o transparente, respons\u00e1vel e orientada pelo interesse p\u00fablico.<\/p>\n<p data-start=\"455\" data-end=\"576\" data-is-last-node=\"\"><strong>RELEV\u00c2NCIA SOCIAL E EMPRESARIAL<\/strong> \u2013 Compromisso com o fortalecimento da presen\u00e7a do ICA na sociedade e no meio empresarial.<\/p>\n<p data-start=\"455\" data-end=\"576\" data-is-last-node=\"\"><a href=\"https:\/\/www.ufmg.br\/montesclaros\/wp-content\/uploads\/2025\/02\/Briefing-SCI3-ICA.pdf\">Clique aqui para saber mais sobre o SCI3<\/a><\/p>\n<\/div><\/div><\/div><div class=\"ea-card  sp-ea-single\"><h3 class=\"ea-header\"><a class=\"collapsed\" data-sptoggle=\"spcollapse\" data-sptarget=#collapse28441 href=\"javascript:void(0)\"  aria-expanded=\"false\"><i class=\"ea-expand-icon fa fa-plus\"><\/i> Atividades Desenvolvidas<\/a><\/h3><div class=\"sp-collapse spcollapse \" id=\"collapse28441\" data-parent=#sp-ea-2844><div class=\"ea-body\"><h2>Atividades vinculadas ao CTIT<\/h2>\n<p>Atendimento geral sobre a atua\u00e7\u00e3o do CTIT<\/p>\n<h4>Gest\u00e3o de Propriedade Intelectual<\/h4>\n<p><strong>\u00a0<\/strong>Informa\u00e7\u00f5es preliminares sobre:<\/p>\n<ul>\n<li>Passo a passo para dep\u00f3sito de pedido de patente<\/li>\n<li>Registro de marcas<\/li>\n<li>Notifica\u00e7\u00e3o de Inven\u00e7\u00e3o \u2013 submiss\u00e3o de inven\u00e7\u00e3o<\/li>\n<li>Notifica\u00e7\u00e3o de programa de Computador<\/li>\n<li>Notifica\u00e7\u00e3o de Desenho Industrial<\/li>\n<li>Notifica\u00e7\u00e3o de Base de Dados<\/li>\n<li>Busca de patentes<\/li>\n<li>Divulga\u00e7\u00e3o de inven\u00e7\u00f5es<\/li>\n<li>Documenta\u00e7\u00e3o para formaliza\u00e7\u00e3o de conv\u00eanios<\/li>\n<\/ul>\n<p>&nbsp;<\/p>\n<h4><\/h4>\n<h4>Gest\u00e3o de Alian\u00e7as Estrat\u00e9gicas<strong>\u00a0<\/strong><\/h4>\n<ul>\n<li>Cadastro de empresas em fluxo cont\u00ednuo de ofertas UFMG<\/li>\n<li>Informa\u00e7\u00f5es sobre prospec\u00e7\u00e3o de parcerias<\/li>\n<\/ul>\n<p>&nbsp;<\/p>\n<h4><\/h4>\n<h4>Regulariza\u00e7\u00e3o dos Direitos de PI<\/h4>\n<ul>\n<li>Informa\u00e7\u00f5es sobre elabora\u00e7\u00e3o de Termos de sigilo<\/li>\n<li>Informa\u00e7\u00f5es sobre Acordos de Parcerias<\/li>\n<li>Informa\u00e7\u00f5es sobre contratos de Licenciamento<\/li>\n<li>Informa\u00e7\u00f5es sobre contratos de Co-Titularidade<\/li>\n<li>Busca de Contratos de licenciamento da UFMG<\/li>\n<\/ul>\n<p>&nbsp;<\/p>\n<h4><\/h4>\n<h4>Comunica\u00e7\u00e3o do CTIT<\/h4>\n<ul>\n<li>Divulga\u00e7\u00e3o (em m\u00e3o dupla) de a\u00e7\u00f5es do CTIT e do ICA<\/li>\n<li>Editais, of\u00edcios, eventos e publica\u00e7\u00f5es<\/li>\n<\/ul>\n<p>&nbsp;<\/p>\n<h4><\/h4>\n<h4>INOVA<\/h4>\n<ul>\n<li>Informa\u00e7\u00f5es sobre a Incubadora de empresas da UFMG<\/li>\n<li>Informa\u00e7\u00f5es sobre as fases de pr\u00e9 incuba\u00e7\u00e3o e incuba\u00e7\u00e3o<\/li>\n<li>Informa\u00e7\u00f5es de sobre como ser um parceiro ou mentor da INOVA<\/li>\n<li>Divulga\u00e7\u00e3o de editais, eventos e publica\u00e7\u00f5es<\/li>\n<\/ul>\n<p>&nbsp;<\/p>\n<h2><strong>Atividades vinculadas a DRI<\/strong><\/h2>\n<p>Atendimento geral sobre a atua\u00e7\u00e3o da DRI<\/p>\n<p><strong>Acolhimento<\/strong><\/p>\n<p>Informa\u00e7\u00f5es preliminares sobre o acolhimento dos estudantes, professores e pesquisadores internacionais na UFMG.<\/p>\n<h4>Admiss\u00e3o Internacional<\/h4>\n<p>Informa\u00e7\u00f5es preliminares sobre processo de admiss\u00e3o de estudantes e pesquisadores internacionais matriculados em institui\u00e7\u00e3o de ensino superior no exterior e que pretendem realizar mobilidade acad\u00eamica na UFMG.<\/p>\n<h4>Conv\u00eanios<\/h4>\n<p>Informa\u00e7\u00f5es preliminares sobre acordos que a UFMG mant\u00e9m com institui\u00e7\u00f5es internacionais.<\/p>\n<h4 style=\"margin-top: .05pt;\"><span lang=\"PT\">Internacionaliza\u00e7\u00e3o em <span style=\"letter-spacing: -.2pt;\">casa<\/span><\/span><\/h4>\n<p>Informa\u00e7\u00f5es preliminares sobre a integra\u00e7\u00e3o da comunidade internacional discente e a comunidade dom\u00e9stica com o objetivo de proporcionar a internacionaliza\u00e7\u00e3o, mesmo em territ\u00f3rio nacional.<\/p>\n<h4>Mobilidade internacional<\/h4>\n<p>Informa\u00e7\u00f5es preliminares sobre a prepara\u00e7\u00e3o e acompanhamento dos intercambistas que se deslocam da UFMG para outros pa\u00edses.<\/p>\n<h4>Profici\u00eancia Lingu\u00edstica<\/h4>\n<p>Informa\u00e7\u00f5es preliminares sobre os programas de idiomas promovidos pela DRI e nos exames de profici\u00eancia.<\/p>\n<h4>Programas Especiais<\/h4>\n<p>Informa\u00e7\u00f5es preliminares sobre os programas Summer School, Forma\u00e7\u00e3o Transversal em Estudos Internacionais (FTEI) e C\u00e1tedras em geral.<\/p>\n<h4>Redes e Miss\u00f5es<\/h4>\n<p>Informa\u00e7\u00f5es preliminares sobre miss\u00f5es internacionais da UFMG, e sobre a parte estrat\u00e9gica da internacionaliza\u00e7\u00e3o da universidade.<\/p>\n<h4>Comunica\u00e7\u00e3o da DRI<\/h4>\n<p>Divulga\u00e7\u00e3o (em m\u00e3o dupla) de a\u00e7\u00f5es da DRI e do ICA. Editais, of\u00edcios, eventos e publica\u00e7\u00f5es.<\/p>\n<h2>Atividades vinculadas a COPI<\/h2>\n<p>Busca ativa de parcerias junto a empresas, organiza\u00e7\u00f5es e demais entes da sociedade, visando fortalecer a coopera\u00e7\u00e3o institucional e ampliar oportunidades para o ICA.<\/p>\n<p>Atendimento geral sobre a atua\u00e7\u00e3o da COPI Informa\u00e7\u00f5es preliminares sobre a assessoria da COPI junto ao Legislativo e outras inst\u00e2ncias do poder p\u00fablico.<\/p>\n<ul>\n<li>Acompanhamento dos andamentos de recebimentos de recursos de emendas parlamentares.<\/li>\n<\/ul>\n<p><\/p>\n<p>Informa\u00e7\u00f5es preliminares sobre a gest\u00e3o de iniciativas para fortalecer a rela\u00e7\u00e3o entre a Universidade, egressos e egressas (Sempre UFMG).<\/p>\n<p>Informa\u00e7\u00f5es preliminares sobre o Programa Parceiros (em matura\u00e7\u00e3o).<\/p>\n<p>Informa\u00e7\u00f5es sobre documentos disponibilizados pela PROPLAN para elabora\u00e7\u00e3o de Conv\u00eanios e Contratos:<\/p>\n<ul>\n<li>TED \u2013 Termo de Execu\u00e7\u00e3o Descentralizada<\/li>\n<li>Conv\u00eanios e Instrumentos Cong\u00eaneres<\/li>\n<li>Contrata\u00e7\u00e3o de Funda\u00e7\u00e3o de Apoio<\/li>\n<li>Contrata\u00e7\u00e3o para curso de especializa\u00e7\u00e3o<\/li>\n<li>Termos de colabora\u00e7\u00e3o<\/li>\n<\/ul>\n<\/div><\/div><\/div><div class=\"ea-card  sp-ea-single\"><h3 class=\"ea-header\"><a class=\"collapsed\" data-sptoggle=\"spcollapse\" data-sptarget=#collapse28442 href=\"javascript:void(0)\"  aria-expanded=\"false\"><i class=\"ea-expand-icon fa fa-plus\"><\/i> Respons\u00e1vel<\/a><\/h3><div class=\"sp-collapse spcollapse \" id=\"collapse28442\" data-parent=#sp-ea-2844><div class=\"ea-body\"><h2><a href=\"http:\/\/lattes.cnpq.br\/7130735988998672\">Nivea Alves de Almeida<\/a><\/h2>\n<h3>Assessora T\u00e9cnica do SCI3 ICA<\/h3>\n<p>Designada como Assessora T\u00e9cnica do <strong>SCI3 <\/strong>em 04 de dezembro de 2024, por meio da Portaria N\u00ba 10989, Nivea Almeida possui uma trajet\u00f3ria acad\u00eamica e profissional alinhada \u00e0s demandas estrat\u00e9gicas do setor.<\/p>\n<p>Com mestrado e doutorado em Inova\u00e7\u00e3o, a servidora re\u00fane conhecimento sobre propriedade intelectual, transfer\u00eancia de tecnologia e coopera\u00e7\u00e3o institucional fundamentada na tr\u00edplice h\u00e9lice <em>universidade &#8211; empresa &#8211; governo<\/em>, pilares fundamentais do <strong>SCI3. <\/strong>Sua experi\u00eancia internacional, adquirida ao longo de visitas e intera\u00e7\u00f5es em mais de 20 pa\u00edses, fortalece sua atua\u00e7\u00e3o na internacionaliza\u00e7\u00e3o do ICA, facilitando conex\u00f5es com redes acad\u00eamicas e institucionais.<\/p>\n<p>Seu bom tr\u00e2nsito institucional dentro da UFMG e em outros espa\u00e7os acad\u00eamicos, empresariais e governamentais contribui diretamente para a articula\u00e7\u00e3o de parcerias, gest\u00e3o de conv\u00eanios e prospec\u00e7\u00e3o de alian\u00e7as estrat\u00e9gicas. Essa habilidade permite que o setor atue de forma din\u00e2mica na interlocu\u00e7\u00e3o com o CTIT, DRI e COPI, promovendo inova\u00e7\u00e3o, mobilidade acad\u00eamica e coopera\u00e7\u00e3o entre os setores.<\/p>\n<p>A escolha de Nivea como respons\u00e1vel pelo <strong>SCI3 <\/strong>reflete o compromisso do ICA em fortalecer a sua presen\u00e7a nos ecossistemas de inova\u00e7\u00e3o, internacionaliza\u00e7\u00e3o e coopera\u00e7\u00e3o institucional, assegurando um setor capacitado para apoiar a comunidade acad\u00eamica na constru\u00e7\u00e3o de projetos e iniciativas estrat\u00e9gicas.<\/p>\n<\/div><\/div><\/div><div class=\"ea-card  sp-ea-single\"><h3 class=\"ea-header\"><a class=\"collapsed\" data-sptoggle=\"spcollapse\" data-sptarget=#collapse28443 href=\"javascript:void(0)\"  aria-expanded=\"false\"><i class=\"ea-expand-icon fa fa-plus\"><\/i> Atendimento e Contatos<\/a><\/h3><div class=\"sp-collapse spcollapse \" id=\"collapse28443\" data-parent=#sp-ea-2844><div class=\"ea-body\"><h4>LOCAL<\/h4>\n<p>O <strong>SCI3<\/strong><strong> ICA <\/strong>est\u00e1 instalado atualmente na sala 25 do CAAD<\/p>\n<h4>DIAS E HOR\u00c1RIO DE ATENDIMENTO PRESENCIAL<\/h4>\n<p><strong>\u00a0<\/strong>Segunda a sexta-feira de 10h \u00e0s 16h<\/p>\n<h4>CONTATOS<\/h4>\n<p><strong>Telefone:<\/strong> +55 38 2101 7977 (Ramal UFMG interno 7977)<\/p>\n<p><strong>Emails:<\/strong> <a href=\"mailto:inovacao@ica.ufmg.br\"><u>inovacao@<\/u><u>ica.ufmg.br<\/u><\/a> e <a href=\"mailto:sci3.ica@hotmail.com\"><u>sci3.ica@<\/u><u>hotmail.com<\/u><\/a><\/p>\n<\/div><\/div><\/div><\/div><\/div><\/div>\n\n\n<p>Quer se tornar um parceiro do ICA? S\u00f3 preencher <a href=\"https:\/\/www.ufmg.br\/montesclaros\/seja-um-parceiro-do-ica\/\" data-type=\"URL\" data-id=\"https:\/\/www.ufmg.br\/montesclaros\/seja-um-parceiro-do-ica\/\">este formul\u00e1rio<\/a>, que avaliaremos sua proposta e entraremos em contato!<\/p>\n","protected":false},"excerpt":{"rendered":"<p>Quer se tornar um parceiro do ICA? S\u00f3 preencher este formul\u00e1rio, que avaliaremos sua proposta e entraremos em contato!<\/p>\n","protected":false},"author":3,"featured_media":0,"parent":0,"menu_order":0,"comment_status":"closed","ping_status":"closed","template":"","meta":[],"acf":[],"_links":{"self":[{"href":"https:\/\/www.ufmg.br\/montesclaros\/wp-json\/wp\/v2\/pages\/2845"}],"collection":[{"href":"https:\/\/www.ufmg.br\/montesclaros\/wp-json\/wp\/v2\/pages"}],"about":[{"href":"https:\/\/www.ufmg.br\/montesclaros\/wp-json\/wp\/v2\/types\/page"}],"author":[{"embeddable":true,"href":"https:\/\/www.ufmg.br\/montesclaros\/wp-json\/wp\/v2\/users\/3"}],"replies":[{"embeddable":true,"href":"https:\/\/www.ufmg.br\/montesclaros\/wp-json\/wp\/v2\/comments?post=2845"}],"version-history":[{"count":2,"href":"https:\/\/www.ufmg.br\/montesclaros\/wp-json\/wp\/v2\/pages\/2845\/revisions"}],"predecessor-version":[{"id":2967,"href":"https:\/\/www.ufmg.br\/montesclaros\/wp-json\/wp\/v2\/pages\/2845\/revisions\/2967"}],"wp:attachment":[{"href":"https:\/\/www.ufmg.br\/montesclaros\/wp-json\/wp\/v2\/media?parent=2845"}],"curies":[{"name":"wp","href":"https:\/\/api.w.org\/{rel}","templated":true}]}}