{"id":289,"date":"2024-03-22T09:51:56","date_gmt":"2024-03-22T12:51:56","guid":{"rendered":"http:\/\/sites-hml.dti.ufmg.br\/ica\/ica-novo\/?page_id=289"},"modified":"2025-02-14T16:22:59","modified_gmt":"2025-02-14T19:22:59","slug":"setores-administrativos","status":"publish","type":"page","link":"https:\/\/www.ufmg.br\/montesclaros\/setores-administrativos\/","title":{"rendered":"Setores Administrativos"},"content":{"rendered":"\n<p><a href=\"https:\/\/www.ufmg.br\/montesclaros\/areas-verdes\/\" data-type=\"URL\" data-id=\"https:\/\/www.ufmg.br\/montesclaros\/areas-verdes\/\">\u00c1reas Verdes<\/a><\/p>\n\n\n\n<p><a href=\"https:\/\/www.ufmg.br\/montesclaros\/assessoria-de-gestao-academica\/\" data-type=\"page\">Assessoria de Gest\u00e3o Acad\u00eamica<\/a><\/p>\n\n\n\n<p><a href=\"https:\/\/www.ufmg.br\/montesclaros\/centro-de-comunicacao\/\" data-type=\"page\">Centro de Comunica\u00e7\u00e3o<\/a><\/p>\n\n\n\n<p><a href=\"https:\/\/www.ufmg.br\/montesclaros\/planejamento-e-infraestrutura\/\" data-type=\"page\">Planejamento e Infraestrutura<\/a><\/p>\n\n\n\n<p><a href=\"https:\/\/www.ufmg.br\/montesclaros\/portaria-e-vigilancia\/\" data-type=\"page\">Portaria e Vigil\u00e2ncia<\/a><\/p>\n\n\n\n<p><a href=\"https:\/\/www.ufmg.br\/montesclaros\/recepcao-da-diretoria\/\" data-type=\"page\">Recep\u00e7\u00e3o da Diretoria<\/a><\/p>\n\n\n\n<p><a href=\"https:\/\/www.ufmg.br\/montesclaros\/secao-de-almoxarifado\/\" data-type=\"page\">Se\u00e7\u00e3o de Almoxarifado<\/a><\/p>\n\n\n\n<p><a href=\"https:\/\/www.ufmg.br\/montesclaros\/secao-de-compras-e-licitacoes\/\" data-type=\"page\">Se\u00e7\u00e3o de Compras e Licita\u00e7\u00f5es<\/a> <\/p>\n\n\n\n<p><a href=\"https:\/\/www.ufmg.br\/montesclaros\/secao-de-informatica\/\" data-type=\"page\">Se\u00e7\u00e3o de Inform\u00e1tica<\/a><\/p>\n\n\n\n<p><a href=\"https:\/\/www.ufmg.br\/montesclaros\/secao-de-orcamento-e-financas\/\" data-type=\"page\">Se\u00e7\u00e3o de Or\u00e7amento e Finan\u00e7as<\/a><\/p>\n\n\n\n<p><a href=\"https:\/\/www.ufmg.br\/montesclaros\/secao-de-patrimonio\/\" data-type=\"page\">Se\u00e7\u00e3o de Patrim\u00f4nio<\/a><\/p>\n\n\n\n<p><a href=\"https:\/\/www.ufmg.br\/montesclaros\/secao-de-pessoal\/\" data-type=\"page\">Se\u00e7\u00e3o de Pessoal<\/a><\/p>\n\n\n\n<p><a href=\"https:\/\/www.ufmg.br\/montesclaros\/secao-de-psicologia-e-servico-social\/\" data-type=\"page\" data-id=\"1889\">Se\u00e7\u00e3o de Psicologia e Servi\u00e7o Social<\/a><\/p>\n\n\n\n<p><a href=\"https:\/\/www.ufmg.br\/montesclaros\/secao-de-registro-escolar\/\">Se\u00e7\u00e3o de Registro Escolar<\/a><\/p>\n\n\n\n<p><a href=\"https:\/\/www.ufmg.br\/montesclaros\/secretaria-administrativa-dos-colegiados-de-graduacao\/\" data-type=\"page\">Secretaria Administrativa dos Colegiados de Gradua\u00e7\u00e3o<\/a><\/p>\n\n\n\n<p><a href=\"https:\/\/www.ufmg.br\/montesclaros\/secretaria-geral\/\" data-type=\"URL\" data-id=\"https:\/\/www.ufmg.br\/montesclaros\/secretaria-geral\/\">Secretaria Geral<\/a><\/p>\n\n\n\n<p><a href=\"https:\/\/www.ufmg.br\/montesclaros\/secretarias-dos-programas-de-pos-graduacao\/\">Secretarias dos Programas de P\u00f3s-Gradua\u00e7\u00e3o<\/a><\/p>\n\n\n\n<p><a href=\"https:\/\/www.ufmg.br\/montesclaros\/setor-de-inovacao-internacionalizacao-e-cooperacao-institucional\/\" data-type=\"URL\" data-id=\"https:\/\/www.ufmg.br\/montesclaros\/setor-de-inovacao-internacionalizacao-e-cooperacao-institucional\/\">Setor de Inova\u00e7\u00e3o, Internacionaliza\u00e7\u00e3o e Coopera\u00e7\u00e3o Institucional<\/a><\/p>\n\n\n\n<p><a href=\"https:\/\/www.ufmg.br\/montesclaros\/transportes\" data-type=\"page\">Transportes<\/a><\/p>\n\n\n\n<p><a href=\"https:\/\/www.ufmg.br\/montesclaros\/centro-de-extensao-cenex\/\" data-type=\"URL\" data-id=\"https:\/\/www.ufmg.br\/montesclaros\/centro-de-extensao-cenex\/\">Centro de Extens\u00e3o (CENEX)<\/a><\/p>\n\n\n\n<p><\/p>\n\n\n\n<p><\/p>\n","protected":false},"excerpt":{"rendered":"<p>\u00c1reas Verdes Assessoria de Gest\u00e3o Acad\u00eamica Centro de Comunica\u00e7\u00e3o Planejamento e Infraestrutura Portaria e Vigil\u00e2ncia Recep\u00e7\u00e3o da Diretoria Se\u00e7\u00e3o de Almoxarifado Se\u00e7\u00e3o de Compras e Licita\u00e7\u00f5es Se\u00e7\u00e3o de Inform\u00e1tica Se\u00e7\u00e3o de Or\u00e7amento e Finan\u00e7as Se\u00e7\u00e3o de Patrim\u00f4nio Se\u00e7\u00e3o de Pessoal Se\u00e7\u00e3o de Psicologia e Servi\u00e7o Social Se\u00e7\u00e3o de Registro Escolar Secretaria Administrativa dos Colegiados de [&hellip;]<\/p>\n","protected":false},"author":3,"featured_media":0,"parent":0,"menu_order":0,"comment_status":"closed","ping_status":"closed","template":"","meta":[],"acf":[],"_links":{"self":[{"href":"https:\/\/www.ufmg.br\/montesclaros\/wp-json\/wp\/v2\/pages\/289"}],"collection":[{"href":"https:\/\/www.ufmg.br\/montesclaros\/wp-json\/wp\/v2\/pages"}],"about":[{"href":"https:\/\/www.ufmg.br\/montesclaros\/wp-json\/wp\/v2\/types\/page"}],"author":[{"embeddable":true,"href":"https:\/\/www.ufmg.br\/montesclaros\/wp-json\/wp\/v2\/users\/3"}],"replies":[{"embeddable":true,"href":"https:\/\/www.ufmg.br\/montesclaros\/wp-json\/wp\/v2\/comments?post=289"}],"version-history":[{"count":25,"href":"https:\/\/www.ufmg.br\/montesclaros\/wp-json\/wp\/v2\/pages\/289\/revisions"}],"predecessor-version":[{"id":2850,"href":"https:\/\/www.ufmg.br\/montesclaros\/wp-json\/wp\/v2\/pages\/289\/revisions\/2850"}],"wp:attachment":[{"href":"https:\/\/www.ufmg.br\/montesclaros\/wp-json\/wp\/v2\/media?parent=289"}],"curies":[{"name":"wp","href":"https:\/\/api.w.org\/{rel}","templated":true}]}}