{"id":294,"date":"2024-03-22T09:58:34","date_gmt":"2024-03-22T12:58:34","guid":{"rendered":"http:\/\/sites-hml.dti.ufmg.br\/ica\/ica-novo\/?page_id=294"},"modified":"2024-03-22T10:33:22","modified_gmt":"2024-03-22T13:33:22","slug":"administracao","status":"publish","type":"page","link":"https:\/\/www.ufmg.br\/montesclaros\/administracao\/","title":{"rendered":"Administra\u00e7\u00e3o"},"content":{"rendered":"<div ><style>#sp-ea-293 .spcollapsing { height: 0; overflow: hidden; transition-property: height;transition-duration: 300ms;}#sp-ea-293.sp-easy-accordion>.sp-ea-single {border: 1px solid #e2e2e2; }#sp-ea-293.sp-easy-accordion>.sp-ea-single>.ea-header a {color: #444;}#sp-ea-293.sp-easy-accordion>.sp-ea-single>.sp-collapse>.ea-body {background: #fff; color: #444;}#sp-ea-293.sp-easy-accordion>.sp-ea-single {background: #eee;}#sp-ea-293.sp-easy-accordion>.sp-ea-single>.ea-header a .ea-expand-icon.fa { float: left; color: #444;font-size: 16px;}<\/style><div id=\"sp_easy_accordion-1711112174\"><div id=\"sp-ea-293\" class=\"sp-ea-one sp-easy-accordion\" data-ex-icon=\"fa-minus\" data-col-icon=\"fa-plus\"  data-ea-active=\"ea-click\"  data-ea-mode=\"vertical\" data-preloader=\"\" data-scroll-active-item=\"\" data-offset-to-scroll=\"0\"><div class=\"ea-card ea-expand sp-ea-single\"><h3 class=\"ea-header\"><a class=\"collapsed\" data-sptoggle=\"spcollapse\" data-sptarget=#collapse2930 href=\"javascript:void(0)\"  aria-expanded=\"true\"><i class=\"ea-expand-icon fa fa-minus\"><\/i> Apresenta\u00e7\u00e3o<\/a><\/h3><div class=\"sp-collapse spcollapse collapsed show\" id=\"collapse2930\" data-parent=#sp-ea-293><div class=\"ea-body\"><p>O curso de Administra\u00e7\u00e3o do Instituto de Ci\u00eancias Agr\u00e1rias (ICA) oferece aos seus estudantes forma\u00e7\u00e3o moderna e inovadora, alicer\u00e7ada na experi\u00eancia e na tradi\u00e7\u00e3o da UFMG, adaptada \u00e0 realidade norte mineira e integrada ao desenvolvimento nacional. Oferece, tamb\u00e9m, aos estudantes, conhecimentos de Administra\u00e7\u00e3o que lhes possibilitem tomar decis\u00f5es precisas, na velocidade que o mundo globalizado exige e com vis\u00e3o hol\u00edstica dos assuntos nacionais e internacionais.<\/p>\n<p>A forma\u00e7\u00e3o de um profissional voltado \u00e0 realidade regional, nacional e internacional, \u00e9 complementada por meio de viagens de estudos, semin\u00e1rios, palestras, bem como de est\u00e1gios em empresas conceituadas da regi\u00e3o. O modelo inovador no ensino \u00e9 abrangente, flex\u00edvel e din\u00e2mico, e os estudantes s\u00e3o parceiros ativos no processo de aprendizagem que se centra no desenvolvimento das compet\u00eancias. A heterogeneidade das demandas econ\u00f4micas, sociais, pol\u00edticas, ambientais, demogr\u00e1ficas, assim como \u00e9tica e cidadania s\u00e3o dimens\u00f5es essenciais neste processo.<\/p>\n<p>A forma\u00e7\u00e3o do curso \u00e9 generalista, mas, ao longo de seu percurso, o estudante poder\u00e1 optar pelo aprofundamento de conte\u00fados em \u00e1reas espec\u00edficas da Administra\u00e7\u00e3o. Para dinamizar o curso, foram desenvolvidas disciplinas optativas que fundamentar\u00e3o a forma\u00e7\u00e3o complementar, possibilitando ao estudante cursar mat\u00e9rias de acordo com seu interesse. Portanto, o curso atende \u00e0s demandas e \u00e0 voca\u00e7\u00e3o da regi\u00e3o e do pa\u00eds em geral.<\/p>\n<div><strong>Caracteriza\u00e7\u00e3o do curso:<\/strong><\/div>\n<div class=\" text-justify\"><b>Modalidade:<\/b>\u00a0Bacharelado<br \/>\n<b>T\u00edtulo Conferido:\u00a0<\/b>Bacharel em Administra\u00e7\u00e3o<br \/>\n<b>Regime:<\/b>\u00a0Semestral<br \/>\n<b>Turno:\u00a0<\/b>Noturno<br \/>\n<b>N\u00famero de vagas:<\/b>\u00a040, entrada \u00fanica no primeiro semestre de cada ano<br \/>\n<b>Per\u00edodo de integraliza\u00e7\u00e3o:\u00a0<\/b>m\u00ednimo \u2013 4 anos; refer\u00eancia \u2013 4,5 anos; m\u00e1ximo \u2013 7,5 anos<br \/>\n<b>Carga hor\u00e1ria total:<\/b>\u00a03.000 h<\/div>\n<div><\/div>\n<div>Clique\u00a0<a href=\"https:\/\/www.ufmg.br\/montesclaros\/secretaria-administrativa-dos-colegiados-de-graduacao\/\">aqui<\/a>\u00a0para acessar os contatos do Colegiado de Gradua\u00e7\u00e3o em Administra\u00e7\u00e3o<\/div>\n<p>&nbsp;<\/p>\n<\/div><\/div><\/div><div class=\"ea-card  sp-ea-single\"><h3 class=\"ea-header\"><a class=\"collapsed\" data-sptoggle=\"spcollapse\" data-sptarget=#collapse2931 href=\"javascript:void(0)\"  aria-expanded=\"false\"><i class=\"ea-expand-icon fa fa-plus\"><\/i> Projeto Pedag\u00f3gico<\/a><\/h3><div class=\"sp-collapse spcollapse \" id=\"collapse2931\" data-parent=#sp-ea-293><div class=\"ea-body\"><p><a href=\"https:\/\/www.ufmg.br\/montesclaros\/wp-content\/uploads\/2015\/04\/PPC-ADMINISTRA%C3%87%C3%83O.pdf\" target=\"_blank\" rel=\"noopener\">Projeto Pedag\u00f3gico do Curso<\/a><\/p>\n<p><a href=\"https:\/\/www.ufmg.br\/montesclaros\/wp-content\/uploads\/2017\/06\/PlanodeEnsino-Administracao.pdf\" target=\"_blank\" rel=\"attachment wp-att-1640 noopener\">Plano de Ensino<\/a><\/p>\n<p><a href=\"https:\/\/www.ufmg.br\/montesclaros\/wp-content\/uploads\/2015\/04\/Grade-Curricular-ADM-N22013ICA.pdf\" target=\"_blank\" rel=\"noopener\">Grade Curricular<\/a><\/p>\n<p><a href=\"https:\/\/www.ufmg.br\/montesclaros\/wp-content\/uploads\/2015\/04\/ementas-ADM.pdf\" target=\"_blank\" rel=\"noopener\">Ementas das Disciplinas<\/a><\/p>\n<\/div><\/div><\/div><div class=\"ea-card  sp-ea-single\"><h3 class=\"ea-header\"><a class=\"collapsed\" data-sptoggle=\"spcollapse\" data-sptarget=#collapse2932 href=\"javascript:void(0)\"  aria-expanded=\"false\"><i class=\"ea-expand-icon fa fa-plus\"><\/i> Normas e Documentos<\/a><\/h3><div class=\"sp-collapse spcollapse \" id=\"collapse2932\" data-parent=#sp-ea-293><div class=\"ea-body\"><p><b>Normas Espec\u00edficas do curso:\u00a0<\/b><\/p>\n<p><b><a href=\"https:\/\/www.ufmg.br\/montesclaros\/wp-content\/uploads\/2019\/07\/Res-03-2012-Regulamenta-estagio.pdf\" target=\"_blank\" rel=\"noopener\">Resolu\u00e7\u00e3o n\u00ba 03\/2012<\/a>\u00a0\u2013<\/b>\u00a0Regulamenta os procedimentos de Est\u00e1gio Supervisionado no \u00e2mbito do Curso de Gradua\u00e7\u00e3o em Administra\u00e7\u00e3o do ICA\/UFMG<\/p>\n<p><b><a href=\"https:\/\/www.ufmg.br\/montesclaros\/wp-content\/uploads\/2019\/07\/Resolucao-n-01-2017-ADM.pdf\" target=\"_blank\" rel=\"noopener\">Resolu\u00e7\u00e3o n\u00ba01\/2017<\/a>\u00a0\u2013\u00a0<\/b>Estabelece o n\u00famero de vagas do curso de Gradua\u00e7\u00e3o em Administra\u00e7\u00e3o que ser\u00e3o disponibilizadas para matr\u00edcula especial de refugiados pol\u00edticos e os crit\u00e9rios de sele\u00e7\u00e3o<\/p>\n<p><b><a href=\"https:\/\/www.ufmg.br\/montesclaros\/wp-content\/uploads\/2019\/07\/Resolucao-n-001-2019-ADM-ICA.pdf\" target=\"_blank\" rel=\"noopener\">Resolu\u00e7\u00e3o n\u00ba001\/2019<\/a>\u00a0\u2013\u00a0<\/b>Define crit\u00e9rios de classifica\u00e7\u00e3o dos candidatos \u00e0 Reop\u00e7\u00e3o para o curso de Administra\u00e7\u00e3o<\/p>\n<p><a href=\"https:\/\/www.ufmg.br\/montesclaros\/wp-content\/uploads\/2025\/04\/Renovacao-de-Reconhecimento_Portaria-387_13-AGO-2024.pdf\" target=\"_blank\" rel=\"noopener\"><strong>PORTARIA SERES\/MEC N\u00ba 387, DE 13 DE AGOSTO DE 2024<\/strong><\/a> &#8211; Portaria de Renova\u00e7\u00e3o de Reconhecimento do Curso de Administra\u00e7\u00e3o<\/p>\n<p><b><a href=\"https:\/\/www2.ufmg.br\/prograd\/prograd\/Pro-Reitoria-de-Graduacao\/Publicacoes\/Normas-Gerais-de-Graduacao\" target=\"_blank\" rel=\"noopener\">Normas Gerais de Gradua\u00e7\u00e3o<\/a>\u00a0<\/b><\/p>\n<p><b><a href=\"https:\/\/www2.ufmg.br\/prograd\/prograd\/Pro-Reitoria-de-Graduacao\/Publicacoes\/Resolucoes-Comuns\" target=\"_blank\" rel=\"noopener\">Resolu\u00e7\u00f5es Comuns<\/a>\u00a0\u00a0<\/b><\/p>\n<p><b><a href=\"https:\/\/www2.ufmg.br\/drca\/drca\/Home\/Graduacao\/Formularios\/Presencial\" target=\"_blank\" rel=\"noopener\">Formul\u00e1rios Gerais<\/a>\u00a0\u00a0\u00a0<\/b><\/p>\n<p><b><a href=\"https:\/\/www.ufmg.br\/montesclaros\/central-de-atendimento-a-graduacao-cegrad\/\" target=\"_blank\" rel=\"noopener\">Formul\u00e1rios Espec\u00edficos<\/a>\u00a0<\/b><\/p>\n<p><b><a href=\"https:\/\/www.ufmg.br\/montesclaros\/tcc\/\" target=\"_blank\" rel=\"noopener\">Informa\u00e7\u00f5es sobre o Trabalho de Conclus\u00e3o de Curso (TCC)<\/a>\u00a0<\/b><\/p>\n<\/div><\/div><\/div><div class=\"ea-card  sp-ea-single\"><h3 class=\"ea-header\"><a class=\"collapsed\" data-sptoggle=\"spcollapse\" data-sptarget=#collapse2933 href=\"javascript:void(0)\"  aria-expanded=\"false\"><i class=\"ea-expand-icon fa fa-plus\"><\/i> Laborat\u00f3rios<\/a><\/h3><div class=\"sp-collapse spcollapse \" id=\"collapse2933\" data-parent=#sp-ea-293><div class=\"ea-body\"><p>Inform\u00e1tica<\/p>\n<\/div><\/div><\/div><div class=\"ea-card  sp-ea-single\"><h3 class=\"ea-header\"><a class=\"collapsed\" data-sptoggle=\"spcollapse\" data-sptarget=#collapse2934 href=\"javascript:void(0)\"  aria-expanded=\"false\"><i class=\"ea-expand-icon fa fa-plus\"><\/i> \u00c1rea do aluno<\/a><\/h3><div class=\"sp-collapse spcollapse \" id=\"collapse2934\" data-parent=#sp-ea-293><div class=\"ea-body\"><p><a href=\"https:\/\/www.ufmg.br\/montesclaros\/editais\/\"><u>Editais<\/u><\/a><\/p>\n<p><a href=\"https:\/\/www.ufmg.br\/montesclaros\/central-de-atendimento-a-graduacao-cegrad\/\">Acesse aqui a \u00c1rea do Aluno<\/a><\/p>\n<\/div><\/div><\/div><\/div><\/div><\/div>","protected":false},"excerpt":{"rendered":"","protected":false},"author":3,"featured_media":0,"parent":0,"menu_order":0,"comment_status":"closed","ping_status":"closed","template":"","meta":[],"acf":[],"_links":{"self":[{"href":"https:\/\/www.ufmg.br\/montesclaros\/wp-json\/wp\/v2\/pages\/294"}],"collection":[{"href":"https:\/\/www.ufmg.br\/montesclaros\/wp-json\/wp\/v2\/pages"}],"about":[{"href":"https:\/\/www.ufmg.br\/montesclaros\/wp-json\/wp\/v2\/types\/page"}],"author":[{"embeddable":true,"href":"https:\/\/www.ufmg.br\/montesclaros\/wp-json\/wp\/v2\/users\/3"}],"replies":[{"embeddable":true,"href":"https:\/\/www.ufmg.br\/montesclaros\/wp-json\/wp\/v2\/comments?post=294"}],"version-history":[{"count":4,"href":"https:\/\/www.ufmg.br\/montesclaros\/wp-json\/wp\/v2\/pages\/294\/revisions"}],"predecessor-version":[{"id":314,"href":"https:\/\/www.ufmg.br\/montesclaros\/wp-json\/wp\/v2\/pages\/294\/revisions\/314"}],"wp:attachment":[{"href":"https:\/\/www.ufmg.br\/montesclaros\/wp-json\/wp\/v2\/media?parent=294"}],"curies":[{"name":"wp","href":"https:\/\/api.w.org\/{rel}","templated":true}]}}