{"id":2960,"date":"2025-02-18T07:50:31","date_gmt":"2025-02-18T10:50:31","guid":{"rendered":"https:\/\/www.ufmg.br\/montesclaros\/?page_id=2960"},"modified":"2025-02-18T07:50:31","modified_gmt":"2025-02-18T10:50:31","slug":"seja-um-parceiro-do-ica","status":"publish","type":"page","link":"https:\/\/www.ufmg.br\/montesclaros\/seja-um-parceiro-do-ica\/","title":{"rendered":"Seja um parceiro do ICA"},"content":{"rendered":"\n<div class=\"wp-block-contact-form-7-contact-form-selector\">\n<div class=\"wpcf7 no-js\" id=\"wpcf7-f2959-o1\" lang=\"pt-BR\" dir=\"ltr\">\n<div class=\"screen-reader-response\"><p role=\"status\" aria-live=\"polite\" aria-atomic=\"true\"><\/p> <ul><\/ul><\/div>\n<form action=\"\/montesclaros\/wp-json\/wp\/v2\/pages\/2960#wpcf7-f2959-o1\" method=\"post\" class=\"wpcf7-form init\" aria-label=\"Contact form\" enctype=\"multipart\/form-data\" novalidate=\"novalidate\" data-status=\"init\">\n<div style=\"display: none;\">\n<input type=\"hidden\" name=\"_wpcf7\" value=\"2959\" \/>\n<input type=\"hidden\" name=\"_wpcf7_version\" value=\"5.7.7\" \/>\n<input type=\"hidden\" name=\"_wpcf7_locale\" value=\"pt_BR\" \/>\n<input type=\"hidden\" name=\"_wpcf7_unit_tag\" value=\"wpcf7-f2959-o1\" \/>\n<input type=\"hidden\" name=\"_wpcf7_container_post\" value=\"0\" \/>\n<input type=\"hidden\" name=\"_wpcf7_posted_data_hash\" value=\"\" \/>\n<\/div>\n<p>Agradecemos seu interesse em estabelecer uma parceria com o Instituto de Ci\u00eancias Agr\u00e1rias da UFMG.\n<\/p>\n<p>Preencha as informa\u00e7\u00f5es abaixo para que possamos avaliar sua proposta e entrar em contato.\n<\/p>\n<fieldset>\n\t<legend>1. Informa\u00e7\u00f5es de Contato\n\t<\/legend>\n\t<p><label>Nome completo:* <span class=\"wpcf7-form-control-wrap\" data-name=\"nome\"><input size=\"40\" class=\"wpcf7-form-control wpcf7-text wpcf7-validates-as-required\" aria-required=\"true\" aria-invalid=\"false\" value=\"\" type=\"text\" name=\"nome\" \/><\/span><\/label><br \/>\n<label>E-mail:* <span class=\"wpcf7-form-control-wrap\" data-name=\"email\"><input size=\"40\" class=\"wpcf7-form-control wpcf7-text wpcf7-email wpcf7-validates-as-required wpcf7-validates-as-email\" aria-required=\"true\" aria-invalid=\"false\" value=\"\" type=\"email\" name=\"email\" \/><\/span><\/label><br \/>\n<label>Telefone\/WhatsApp:* <span class=\"wpcf7-form-control-wrap\" data-name=\"telefone\"><input size=\"40\" class=\"wpcf7-form-control wpcf7-text wpcf7-tel wpcf7-validates-as-required wpcf7-validates-as-tel\" aria-required=\"true\" aria-invalid=\"false\" value=\"\" type=\"tel\" name=\"telefone\" \/><\/span><\/label><br \/>\n<label>Institui\u00e7\u00e3o\/Empresa:* <span class=\"wpcf7-form-control-wrap\" data-name=\"instituicao\"><input size=\"40\" class=\"wpcf7-form-control wpcf7-text wpcf7-validates-as-required\" aria-required=\"true\" aria-invalid=\"false\" value=\"\" type=\"text\" name=\"instituicao\" \/><\/span><\/label><br \/>\n<label>Cargo\/Fun\u00e7\u00e3o:* <span class=\"wpcf7-form-control-wrap\" data-name=\"cargo\"><input size=\"40\" class=\"wpcf7-form-control wpcf7-text wpcf7-validates-as-required\" aria-required=\"true\" aria-invalid=\"false\" value=\"\" type=\"text\" name=\"cargo\" \/><\/span><\/label>\n\t<\/p>\n<\/fieldset>\n<fieldset>\n\t<legend>2. Informa\u00e7\u00f5es sobre a Parceria\n\t<\/legend>\n\t<p><label>\u00c1rea de interesse da parceria: <span class=\"wpcf7-form-control-wrap\" data-name=\"area_interesse\"><textarea cols=\"40\" rows=\"10\" class=\"wpcf7-form-control wpcf7-textarea\" aria-invalid=\"false\" name=\"area_interesse\"><\/textarea><\/span><\/label><br \/>\n<label>Descri\u00e7\u00e3o da proposta de parceria:* <span class=\"wpcf7-form-control-wrap\" data-name=\"descricao_proposta\"><textarea cols=\"40\" rows=\"10\" class=\"wpcf7-form-control wpcf7-textarea wpcf7-validates-as-required\" aria-required=\"true\" aria-invalid=\"false\" name=\"descricao_proposta\"><\/textarea><\/span><\/label><br \/>\n<label>Qual seria o papel do ICA nessa parceria? <span class=\"wpcf7-form-control-wrap\" data-name=\"papel_ica\"><textarea cols=\"40\" rows=\"10\" class=\"wpcf7-form-control wpcf7-textarea\" aria-invalid=\"false\" name=\"papel_ica\"><\/textarea><\/span><\/label><br \/>\n<label>H\u00e1 algum prazo ou data limite para essa colabora\u00e7\u00e3o? <span class=\"wpcf7-form-control-wrap\" data-name=\"prazo\"><input size=\"40\" class=\"wpcf7-form-control wpcf7-text\" aria-invalid=\"false\" value=\"\" type=\"text\" name=\"prazo\" \/><\/span><\/label>\n\t<\/p>\n<\/fieldset>\n<fieldset>\n\t<legend>3. Informa\u00e7\u00f5es Adicionais\n\t<\/legend>\n\t<p><label>J\u00e1 houve contato anterior com algum setor ou pessoa do ICA\/UFMG?*<br \/>\n<\/label><span class=\"wpcf7-form-control-wrap\" data-name=\"contato_anterior\"><span class=\"wpcf7-form-control wpcf7-checkbox wpcf7-validates-as-required wpcf7-exclusive-checkbox\"><span class=\"wpcf7-list-item first\"><label><input type=\"checkbox\" name=\"contato_anterior\" value=\"Sim\" \/><span class=\"wpcf7-list-item-label\">Sim<\/span><\/label><\/span><span class=\"wpcf7-list-item last\"><label><input type=\"checkbox\" name=\"contato_anterior\" value=\"N\u00e3o\" \/><span class=\"wpcf7-list-item-label\">N\u00e3o<\/span><\/label><\/span><\/span><\/span><br \/>\n<label>Se sim, qual setor? Nome da pessoa? <span class=\"wpcf7-form-control-wrap\" data-name=\"setor_pessoa\"><input size=\"40\" class=\"wpcf7-form-control wpcf7-text\" aria-invalid=\"false\" value=\"\" type=\"text\" name=\"setor_pessoa\" \/><\/span><\/label><br \/>\n<label>Anexos: <span class=\"wpcf7-form-control-wrap\" data-name=\"anexos\"><input size=\"40\" class=\"wpcf7-form-control wpcf7-file\" accept=\".ppt,.pptx,.doc,.docx,.jpg,.pdf,.png\" aria-invalid=\"false\" type=\"file\" name=\"anexos\" \/><\/span><\/label><br \/>\n<label>Observa\u00e7\u00f5es adicionais: <span class=\"wpcf7-form-control-wrap\" data-name=\"observacoes\"><textarea cols=\"40\" rows=\"10\" class=\"wpcf7-form-control wpcf7-textarea\" aria-invalid=\"false\" name=\"observacoes\"><\/textarea><\/span><\/label>\n\t<\/p>\n<\/fieldset>\n<p><input class=\"wpcf7-form-control has-spinner wpcf7-submit\" type=\"submit\" value=\"Enviar\" \/>\n<\/p>\n<style>\n body {\n font-family: Arial, sans-serif;\n background-color: #f8f8f8;\n padding: 20px;\n }\n fieldset {\n background: #ffffff;\n padding: 15px;\n margin-bottom: 15px;\n border-radius: 8px;\n box-shadow: 0 2px 4px rgba(0,0,0,0.1);\n }\n legend {\n font-size: 18px;\n font-weight: bold;\n color: #333;\n }\n label {\n display: block;\n margin-top: 10px;\n font-weight: bold;\n }\n input, textarea, select, file {\n width: 75%;\n padding: 6px;\n margin-top: 5px;\n border: 1px solid #ccc;\n border-radius: 5px;\n }\n textarea {\n height: 70px;\n }\n <input class=\"wpcf7-form-control has-spinner wpcf7-submit\" type=\"submit\" value=\"Send\" \/> {\n background-color: #007bff;\n color: white;\n padding: 10px 15px;\n border: none;\n border-radius: 5px;\n cursor: pointer;\n }\n <input class=\"wpcf7-form-control has-spinner wpcf7-submit\" type=\"submit\" value=\"Send\" \/>:hover {\n background-color: #0056b3;\n }\n<\/style><div class=\"wpcf7-response-output\" aria-hidden=\"true\"><\/div>\n<\/form>\n<\/div>\n<\/div>\n","protected":false},"excerpt":{"rendered":"","protected":false},"author":3,"featured_media":0,"parent":0,"menu_order":0,"comment_status":"closed","ping_status":"closed","template":"","meta":[],"acf":[],"_links":{"self":[{"href":"https:\/\/www.ufmg.br\/montesclaros\/wp-json\/wp\/v2\/pages\/2960"}],"collection":[{"href":"https:\/\/www.ufmg.br\/montesclaros\/wp-json\/wp\/v2\/pages"}],"about":[{"href":"https:\/\/www.ufmg.br\/montesclaros\/wp-json\/wp\/v2\/types\/page"}],"author":[{"embeddable":true,"href":"https:\/\/www.ufmg.br\/montesclaros\/wp-json\/wp\/v2\/users\/3"}],"replies":[{"embeddable":true,"href":"https:\/\/www.ufmg.br\/montesclaros\/wp-json\/wp\/v2\/comments?post=2960"}],"version-history":[{"count":1,"href":"https:\/\/www.ufmg.br\/montesclaros\/wp-json\/wp\/v2\/pages\/2960\/revisions"}],"predecessor-version":[{"id":2961,"href":"https:\/\/www.ufmg.br\/montesclaros\/wp-json\/wp\/v2\/pages\/2960\/revisions\/2961"}],"wp:attachment":[{"href":"https:\/\/www.ufmg.br\/montesclaros\/wp-json\/wp\/v2\/media?parent=2960"}],"curies":[{"name":"wp","href":"https:\/\/api.w.org\/{rel}","templated":true}]}}