{"id":298,"date":"2024-03-22T10:02:24","date_gmt":"2024-03-22T13:02:24","guid":{"rendered":"http:\/\/sites-hml.dti.ufmg.br\/ica\/ica-novo\/?page_id=298"},"modified":"2024-03-22T10:02:24","modified_gmt":"2024-03-22T13:02:24","slug":"areas-verdes","status":"publish","type":"page","link":"https:\/\/www.ufmg.br\/montesclaros\/areas-verdes\/","title":{"rendered":"\u00c1reas Verdes"},"content":{"rendered":"<div ><style>#sp-ea-288 .spcollapsing { height: 0; overflow: hidden; transition-property: height;transition-duration: 300ms;}#sp-ea-288.sp-easy-accordion>.sp-ea-single {border: 1px solid #e2e2e2; }#sp-ea-288.sp-easy-accordion>.sp-ea-single>.ea-header a {color: #444;}#sp-ea-288.sp-easy-accordion>.sp-ea-single>.sp-collapse>.ea-body {background: #fff; color: #444;}#sp-ea-288.sp-easy-accordion>.sp-ea-single {background: #eee;}#sp-ea-288.sp-easy-accordion>.sp-ea-single>.ea-header a .ea-expand-icon.fa { float: left; color: #444;font-size: 16px;}<\/style><div id=\"sp_easy_accordion-1711111969\"><div id=\"sp-ea-288\" class=\"sp-ea-one sp-easy-accordion\" data-ex-icon=\"fa-minus\" data-col-icon=\"fa-plus\"  data-ea-active=\"ea-click\"  data-ea-mode=\"vertical\" data-preloader=\"\" data-scroll-active-item=\"\" data-offset-to-scroll=\"0\"><div class=\"ea-card ea-expand sp-ea-single\"><h3 class=\"ea-header\"><a class=\"collapsed\" data-sptoggle=\"spcollapse\" data-sptarget=#collapse2880 href=\"javascript:void(0)\"  aria-expanded=\"true\"><i class=\"ea-expand-icon fa fa-minus\"><\/i> Apresenta\u00e7\u00e3o<\/a><\/h3><div class=\"sp-collapse spcollapse collapsed show\" id=\"collapse2880\" data-parent=#sp-ea-288><div class=\"ea-body\"><p>\u00c9 respons\u00e1vel pela composi\u00e7\u00e3o paisag\u00edstica do ICA\/UFMG \u2013\u00a0<em>Campus<\/em>\u00a0Montes Claros e seus processos que englobam a produ\u00e7\u00e3o de mudas ornamentais e arb\u00f3reas, implanta\u00e7\u00e3o e manuten\u00e7\u00e3o de gramados, jardins, pelo plantio, poda e supress\u00e3o de \u00e1rvores e pela ornamenta\u00e7\u00e3o de eventos internos.<\/p>\n<p>Este setor conta com a colabora\u00e7\u00e3o de 09 (nove) funcion\u00e1rios da prestadora de servi\u00e7os ADCON e 01(um)\u00a0 t\u00e9cnico\u00a0 do quadro efetivo da institui\u00e7\u00e3o.<\/p>\n<p>Fale conosco: Demandas, d\u00favidas, sugest\u00f5es e reclama\u00e7\u00f5es.<\/p>\n<p>T\u00e9cnico: Marco Aur\u00e9lio dos Santos J\u00fanior<\/p>\n<p>Ramal: (38) 2101-7952<\/p>\n<p>Email: areasverdes@ica.ufmg.br<\/p>\n<p>Hor\u00e1rio de atendimento:<\/p>\n<p>Segunda-feira: 09:00h \u00e0s 11:00h e 14:00h \u00e0s 15:30h.<\/p>\n<p>Ter\u00e7a-feira, Quarta-feira e Sexta-feira: 09:00h \u00e0s 11:00h.<\/p>\n<p>&nbsp;<\/p>\n<hr \/>\n<p><strong>Miss\u00e3o<\/strong><br \/>\nTrazer paz, harmonia e alegrar a vida das pessoas por meio dos jardins do campus.<\/p>\n<p><strong>Vis\u00e3o<\/strong><br \/>\nTornar o campus, por meio do contato com a natureza, um ambiente de ref\u00fagio do estresse cotidiano para a comunidade usufruir de momentos de lazer e bem-estar.<\/p>\n<p><strong>Valores<\/strong><br \/>\nRespeito ao ser humano, a fauna e a flora, zelo pela coisa p\u00fablica, sustentabilidade e inclus\u00e3o.<\/p>\n<\/div><\/div><\/div><div class=\"ea-card  sp-ea-single\"><h3 class=\"ea-header\"><a class=\"collapsed\" data-sptoggle=\"spcollapse\" data-sptarget=#collapse2881 href=\"javascript:void(0)\"  aria-expanded=\"false\"><i class=\"ea-expand-icon fa fa-plus\"><\/i> A\u00e7\u00f5es de combate ao Aedes Aegypti<\/a><\/h3><div class=\"sp-collapse spcollapse \" id=\"collapse2881\" data-parent=#sp-ea-288><div class=\"ea-body\"><p>O combate ao Aedes Aegypti em todo o Brasil \u00e9 uma realidade constante e sempre recorrente. Existem diversas medidas que visam inibir a a\u00e7\u00e3o do\u00a0mosquito, de forma a reduzir os casos de dengue, zika e chikungunya.<\/p>\n<p>O mosquito se reproduz depositando seus ovos em locais e recipiente que acumule \u00e1gua parada.\u00a0A postura tamb\u00e9m pode ocorrer em locais secos, que em um futuro possam vir a acumular \u00e1gua. Em um prazo de dois a tr\u00eas dias, os ovos eclodem e nascem as larvas do mosquito. Ap\u00f3s nove a doze dias a larva se transforma em mosquito adulto e a partir da\u00ed a f\u00eamea reinicia o ciclo de reprodu\u00e7\u00e3o.<\/p>\n<p>Existem diversas medidas que podem ser adotadas dentro da nossa institui\u00e7\u00e3o, visando reduzir a incid\u00eancia dos mosquitos:<\/p>\n<ul>\n<li>Solicitar ao T\u00e9cnico\u00a0 Ambiental do ICA-UFMG (servidor Marco Aur\u00e9lio \u2013 ramal 7952) a soltura de pequenos peixes predadores da larva em locais onde n\u00e3o \u00e9 poss\u00edvel eliminar a \u00e1gua parada;<\/li>\n<li>N\u00e3o deixar \u00e1gua acumulada;<\/li>\n<li>Lavar frequentemente, com \u00e1gua e sab\u00e3o, tambores e outros recipientes utilizados para acumular \u00e1gua;<\/li>\n<li>Lavar constantemente bebedouros de animais;<\/li>\n<li>Manter os locais devidamente tapados para situa\u00e7\u00f5es em que haja a necessidade de acumular \u00e1gua;<\/li>\n<li>Jogar lixo nos devidos locais;<\/li>\n<li>Tampar ralos corretamente;<\/li>\n<li>Se houver necessidade de armazenar garrafas, mant\u00ea-las de cabe\u00e7a para baixo;<\/li>\n<li>Colocar areia nos pratinhos de plantas.<\/li>\n<\/ul>\n<p>Caso identifiquem locais que contenham material ou condi\u00e7\u00f5es prop\u00edcias para o desenvolvimento e prolifera\u00e7\u00e3o do mosquito, solicitamos que informem no Ramal 7952\u00a0 ou 7760 ou e-mail: infraestrutura@ica.ufmg.br, para que sejam tomadas as devidas provid\u00eancias.<\/p>\n<p>Se for constatada a presen\u00e7a de materiais que estejam acumulando \u00e1gua parada, a equipe ir\u00e1 notificar oficialmente (por meio do formul\u00e1rio de notifica\u00e7\u00e3o de foco do\u00a0<em>aeds aegypti,\u00a0<strong><a href=\"https:\/\/www.ufmg.br\/montesclaros\/wp-content\/uploads\/2019\/06\/CLIQUE-AQUI.pdf\" target=\"_blank\" rel=\"noopener\">CLIQUE AQUI<\/a><\/strong><\/em>) os respons\u00e1veis para tomarem as devidas provid\u00eancias, caso haja reincid\u00eancia ou omiss\u00e3o a equipe de Infraestrutura desta Unidade estar\u00e1 autorizada a retir\u00e1-los para dar a destina\u00e7\u00e3o correta, al\u00e9m de comunicar aos \u00f3rg\u00e3os competentes para inibir as infra\u00e7\u00f5es.<\/p>\n<p>Contamos com a colabora\u00e7\u00e3o de todos neste combate e agradecemos a compreens\u00e3o, ressaltando que estamos sempre buscando melhorar a infraestrutura fornecida pelo ICA-UFMG aos acad\u00eamicos, servidores docentes e t\u00e9cnico-administrativos, colaboradores e comunidade em geral.<\/p>\n<\/div><\/div><\/div><div class=\"ea-card  sp-ea-single\"><h3 class=\"ea-header\"><a class=\"collapsed\" data-sptoggle=\"spcollapse\" data-sptarget=#collapse2882 href=\"javascript:void(0)\"  aria-expanded=\"false\"><i class=\"ea-expand-icon fa fa-plus\"><\/i> POPs<\/a><\/h3><div class=\"sp-collapse spcollapse \" id=\"collapse2882\" data-parent=#sp-ea-288><div class=\"ea-body\"><p><a href=\"https:\/\/www.ufmg.br\/montesclaros\/wp-content\/uploads\/2019\/06\/Combate-%C3%A0-Dengue.pdf\" target=\"_blank\" rel=\"noopener\">Combate \u00e0 Dengue<\/a><\/p>\n<\/div><\/div><\/div><\/div><\/div><\/div>","protected":false},"excerpt":{"rendered":"","protected":false},"author":3,"featured_media":0,"parent":0,"menu_order":0,"comment_status":"closed","ping_status":"closed","template":"","meta":[],"acf":[],"_links":{"self":[{"href":"https:\/\/www.ufmg.br\/montesclaros\/wp-json\/wp\/v2\/pages\/298"}],"collection":[{"href":"https:\/\/www.ufmg.br\/montesclaros\/wp-json\/wp\/v2\/pages"}],"about":[{"href":"https:\/\/www.ufmg.br\/montesclaros\/wp-json\/wp\/v2\/types\/page"}],"author":[{"embeddable":true,"href":"https:\/\/www.ufmg.br\/montesclaros\/wp-json\/wp\/v2\/users\/3"}],"replies":[{"embeddable":true,"href":"https:\/\/www.ufmg.br\/montesclaros\/wp-json\/wp\/v2\/comments?post=298"}],"version-history":[{"count":1,"href":"https:\/\/www.ufmg.br\/montesclaros\/wp-json\/wp\/v2\/pages\/298\/revisions"}],"predecessor-version":[{"id":299,"href":"https:\/\/www.ufmg.br\/montesclaros\/wp-json\/wp\/v2\/pages\/298\/revisions\/299"}],"wp:attachment":[{"href":"https:\/\/www.ufmg.br\/montesclaros\/wp-json\/wp\/v2\/media?parent=298"}],"curies":[{"name":"wp","href":"https:\/\/api.w.org\/{rel}","templated":true}]}}