{"id":2983,"date":"2025-02-20T10:49:05","date_gmt":"2025-02-20T13:49:05","guid":{"rendered":"https:\/\/www.ufmg.br\/montesclaros\/?page_id=2983"},"modified":"2025-02-24T10:13:18","modified_gmt":"2025-02-24T13:13:18","slug":"tce-naoobrigatorio","status":"publish","type":"page","link":"https:\/\/www.ufmg.br\/montesclaros\/tce-naoobrigatorio\/","title":{"rendered":"Formul\u00e1rio de Solicita\u00e7\u00e3o de Est\u00e1gio N\u00e3o Obrigat\u00f3rio"},"content":{"rendered":"\n<div class=\"wp-block-contact-form-7-contact-form-selector\">\n<div class=\"wpcf7 no-js\" id=\"wpcf7-f2981-o1\" lang=\"pt-BR\" dir=\"ltr\">\n<div class=\"screen-reader-response\"><p role=\"status\" aria-live=\"polite\" aria-atomic=\"true\"><\/p> <ul><\/ul><\/div>\n<form action=\"\/montesclaros\/wp-json\/wp\/v2\/pages\/2983?doing_wp_cron=1776504791.7317209243774414062500#wpcf7-f2981-o1\" method=\"post\" class=\"wpcf7-form init\" aria-label=\"Contact form\" enctype=\"multipart\/form-data\" novalidate=\"novalidate\" data-status=\"init\">\n<div style=\"display: none;\">\n<input type=\"hidden\" name=\"_wpcf7\" value=\"2981\" \/>\n<input type=\"hidden\" name=\"_wpcf7_version\" value=\"5.7.7\" \/>\n<input type=\"hidden\" name=\"_wpcf7_locale\" value=\"pt_BR\" \/>\n<input type=\"hidden\" name=\"_wpcf7_unit_tag\" value=\"wpcf7-f2981-o1\" \/>\n<input type=\"hidden\" name=\"_wpcf7_container_post\" value=\"0\" \/>\n<input type=\"hidden\" name=\"_wpcf7_posted_data_hash\" value=\"\" \/>\n<\/div>\n<fieldset>\n\t<legend>Dados do Estudante\/Estagi\u00e1rio\n\t<\/legend>\n\t<p>Nome Completo *: <span class=\"wpcf7-form-control-wrap\" data-name=\"nome\"><input size=\"40\" class=\"wpcf7-form-control wpcf7-text wpcf7-validates-as-required\" aria-required=\"true\" aria-invalid=\"false\" value=\"\" type=\"text\" name=\"nome\" \/><\/span><br \/>\nMatr\u00edcula UFMG *: <span class=\"wpcf7-form-control-wrap\" data-name=\"matricula\"><input size=\"40\" class=\"wpcf7-form-control wpcf7-text wpcf7-validates-as-required\" aria-required=\"true\" aria-invalid=\"false\" value=\"\" type=\"text\" name=\"matricula\" \/><\/span><br \/>\nCurso *: <span class=\"wpcf7-form-control-wrap\" data-name=\"curso\"><input size=\"40\" class=\"wpcf7-form-control wpcf7-text wpcf7-validates-as-required\" aria-required=\"true\" aria-invalid=\"false\" value=\"\" type=\"text\" name=\"curso\" \/><\/span><br \/>\nPer\u00edodo *: <span class=\"wpcf7-form-control-wrap\" data-name=\"periodo\"><input size=\"40\" class=\"wpcf7-form-control wpcf7-text wpcf7-validates-as-required\" aria-required=\"true\" aria-invalid=\"false\" value=\"\" type=\"text\" name=\"periodo\" \/><\/span><br \/>\nE-mail *: <span class=\"wpcf7-form-control-wrap\" data-name=\"email\"><input size=\"40\" class=\"wpcf7-form-control wpcf7-text wpcf7-email wpcf7-validates-as-required wpcf7-validates-as-email\" aria-required=\"true\" aria-invalid=\"false\" value=\"\" type=\"email\" name=\"email\" \/><\/span><br \/>\nTelefone (com DDD)*: <span class=\"wpcf7-form-control-wrap\" data-name=\"telefone\"><input size=\"40\" class=\"wpcf7-form-control wpcf7-text wpcf7-tel wpcf7-validates-as-required wpcf7-validates-as-tel\" aria-required=\"true\" aria-invalid=\"false\" value=\"\" type=\"tel\" name=\"telefone\" \/><\/span><br \/>\nE-mail do estudante cadastrado no SEI*: <span class=\"wpcf7-form-control-wrap\" data-name=\"emailsei\"><input size=\"40\" class=\"wpcf7-form-control wpcf7-text wpcf7-email wpcf7-validates-as-required wpcf7-validates-as-email\" aria-required=\"true\" aria-invalid=\"false\" value=\"\" type=\"email\" name=\"emailsei\" \/><\/span>\n\t<\/p>\n<\/fieldset>\n<fieldset>\n\t<legend>Dados do Campo de Est\u00e1gio (empresa\/pessoa f\u00edsica)\n\t<\/legend>\n\t<p>Nome do Campo de Est\u00e1gio *: <span class=\"wpcf7-form-control-wrap\" data-name=\"campo_estagio\"><input size=\"40\" class=\"wpcf7-form-control wpcf7-text wpcf7-validates-as-required\" aria-required=\"true\" aria-invalid=\"false\" value=\"\" type=\"text\" name=\"campo_estagio\" \/><\/span><br \/>\nCNPJ *: <span class=\"wpcf7-form-control-wrap\" data-name=\"cnpj\"><input size=\"40\" class=\"wpcf7-form-control wpcf7-text wpcf7-validates-as-required\" aria-required=\"true\" aria-invalid=\"false\" value=\"\" type=\"text\" name=\"cnpj\" \/><\/span><br \/>\nEndere\u00e7o:<br \/>\nLogradouro (avenida, rua, etc): <span class=\"wpcf7-form-control-wrap\" data-name=\"logradouro\"><input size=\"40\" class=\"wpcf7-form-control wpcf7-text\" aria-invalid=\"false\" value=\"\" type=\"text\" name=\"logradouro\" \/><\/span><br \/>\nN\u00famero: <span class=\"wpcf7-form-control-wrap\" data-name=\"numero\"><input size=\"40\" class=\"wpcf7-form-control wpcf7-text\" aria-invalid=\"false\" value=\"\" type=\"text\" name=\"numero\" \/><\/span><br \/>\nBairro: <span class=\"wpcf7-form-control-wrap\" data-name=\"bairro\"><input size=\"40\" class=\"wpcf7-form-control wpcf7-text\" aria-invalid=\"false\" value=\"\" type=\"text\" name=\"bairro\" \/><\/span><br \/>\nCidade *: <span class=\"wpcf7-form-control-wrap\" data-name=\"cidade\"><input size=\"40\" class=\"wpcf7-form-control wpcf7-text wpcf7-validates-as-required\" aria-required=\"true\" aria-invalid=\"false\" value=\"\" type=\"text\" name=\"cidade\" \/><\/span><br \/>\nEstado *: <span class=\"wpcf7-form-control-wrap\" data-name=\"estado\"><input size=\"40\" class=\"wpcf7-form-control wpcf7-text wpcf7-validates-as-required\" aria-required=\"true\" aria-invalid=\"false\" value=\"\" type=\"text\" name=\"estado\" \/><\/span><br \/>\nCEP *: <span class=\"wpcf7-form-control-wrap\" data-name=\"cep\"><input size=\"40\" class=\"wpcf7-form-control wpcf7-text wpcf7-validates-as-required\" aria-required=\"true\" aria-invalid=\"false\" value=\"\" type=\"text\" name=\"cep\" \/><\/span><br \/>\nComplemento: <span class=\"wpcf7-form-control-wrap\" data-name=\"complemento\"><input size=\"40\" class=\"wpcf7-form-control wpcf7-text\" aria-invalid=\"false\" value=\"\" type=\"text\" name=\"complemento\" \/><\/span><br \/>\nLocal em que o est\u00e1gio ser\u00e1 realizado (informar caso n\u00e3o seja o mesmo endere\u00e7o do Campo de Est\u00e1gio): <span class=\"wpcf7-form-control-wrap\" data-name=\"local\"><input size=\"40\" class=\"wpcf7-form-control wpcf7-text\" aria-invalid=\"false\" value=\"\" type=\"text\" name=\"local\" \/><\/span><br \/>\nNome do Representante da Empresa (respons\u00e1vel pela assinatura do TCE) *: <span class=\"wpcf7-form-control-wrap\" data-name=\"representante\"><input size=\"40\" class=\"wpcf7-form-control wpcf7-text wpcf7-validates-as-required\" aria-required=\"true\" aria-invalid=\"false\" value=\"\" type=\"text\" name=\"representante\" \/><\/span><br \/>\nCargo\/fun\u00e7\u00e3o do Representante da empresa (respons\u00e1vel pela assinatura do TCE): <span class=\"wpcf7-form-control-wrap\" data-name=\"cargo_representante\"><input size=\"40\" class=\"wpcf7-form-control wpcf7-text\" aria-invalid=\"false\" value=\"\" type=\"text\" name=\"cargo_representante\" \/><\/span><br \/>\nE-mail : <span class=\"wpcf7-form-control-wrap\" data-name=\"email_representante\"><input size=\"40\" class=\"wpcf7-form-control wpcf7-text wpcf7-email wpcf7-validates-as-email\" aria-invalid=\"false\" value=\"\" type=\"email\" name=\"email_representante\" \/><\/span><br \/>\nTelefone (com DDD) : <span class=\"wpcf7-form-control-wrap\" data-name=\"telefone_representante\"><input size=\"40\" class=\"wpcf7-form-control wpcf7-text wpcf7-tel wpcf7-validates-as-tel\" aria-invalid=\"false\" value=\"\" type=\"tel\" name=\"telefone_representante\" \/><\/span><br \/>\nSupervisor(a) do Est\u00e1gio (respons\u00e1vel por acompanhar o estagi\u00e1rio em suas atividades na empresa) *: <span class=\"wpcf7-form-control-wrap\" data-name=\"supervisor\"><input size=\"40\" class=\"wpcf7-form-control wpcf7-text wpcf7-validates-as-required\" aria-required=\"true\" aria-invalid=\"false\" value=\"\" type=\"text\" name=\"supervisor\" \/><\/span>\n\t<\/p>\n<\/fieldset>\n<fieldset>\n\t<legend>Dados do Est\u00e1gio\n\t<\/legend>\n\t<p>Modalidade: EST\u00c1GIO N\u00c3O OBRIGAT\u00d3RIO<br \/>\nN\u00ba Ap\u00f3lice do Seguro*: <span class=\"wpcf7-form-control-wrap\" data-name=\"apolice\"><input size=\"40\" class=\"wpcf7-form-control wpcf7-text wpcf7-validates-as-required\" aria-required=\"true\" aria-invalid=\"false\" value=\"\" type=\"text\" name=\"apolice\" \/><\/span><br \/>\nValor da Bolsa*: <span class=\"wpcf7-form-control-wrap\" data-name=\"valor_bolsa\"><input size=\"40\" class=\"wpcf7-form-control wpcf7-text wpcf7-validates-as-required\" aria-required=\"true\" aria-invalid=\"false\" value=\"\" type=\"text\" name=\"valor_bolsa\" \/><\/span><br \/>\nValor do Vale-Transporte*: <span class=\"wpcf7-form-control-wrap\" data-name=\"vale_transporte\"><input size=\"40\" class=\"wpcf7-form-control wpcf7-text wpcf7-validates-as-required\" aria-required=\"true\" aria-invalid=\"false\" value=\"\" type=\"text\" name=\"vale_transporte\" \/><\/span>\n\t<\/p>\n\t<p>Data In\u00edcio do Est\u00e1gio *: <span class=\"wpcf7-form-control-wrap\" data-name=\"data_inicio\"><input class=\"wpcf7-form-control wpcf7-date wpcf7-validates-as-required wpcf7-validates-as-date\" min=\"2026-04-18\" aria-required=\"true\" aria-invalid=\"false\" value=\"\" type=\"date\" name=\"data_inicio\" \/><\/span><br \/>\nData T\u00e9rmino do Est\u00e1gio *: <span class=\"wpcf7-form-control-wrap\" data-name=\"data_termino\"><input class=\"wpcf7-form-control wpcf7-date wpcf7-validates-as-required wpcf7-validates-as-date\" aria-required=\"true\" aria-invalid=\"false\" value=\"\" type=\"date\" name=\"data_termino\" \/><\/span><br \/>\nCarga Hor\u00e1ria Semanal (n\u00e3o exceder 30h no per\u00edodo letivo) *: <span class=\"wpcf7-form-control-wrap\" data-name=\"carga_horaria_semanal\"><input size=\"40\" class=\"wpcf7-form-control wpcf7-text wpcf7-validates-as-required\" aria-required=\"true\" aria-invalid=\"false\" value=\"\" type=\"text\" name=\"carga_horaria_semanal\" \/><\/span><br \/>\nCarga Hor\u00e1ria Di\u00e1ria *: <span class=\"wpcf7-form-control-wrap\" data-name=\"carga_horaria_diaria\"><input size=\"40\" class=\"wpcf7-form-control wpcf7-text wpcf7-validates-as-required\" aria-required=\"true\" aria-invalid=\"false\" value=\"\" type=\"text\" name=\"carga_horaria_diaria\" \/><\/span><br \/>\nDias e Hor\u00e1rios do Est\u00e1gio (n\u00e3o coincidir com hor\u00e1rio de aula)*:<br \/>\nObs . Se flex\u00edvel, detalhar cada dia e hor\u00e1rio, com in\u00edcio e t\u00e9rmino <span class=\"wpcf7-form-control-wrap\" data-name=\"horario_estagio\"><input size=\"40\" class=\"wpcf7-form-control wpcf7-text wpcf7-validates-as-required\" aria-required=\"true\" aria-invalid=\"false\" value=\"\" type=\"text\" name=\"horario_estagio\" \/><\/span><br \/>\nSetor\/Departamento\/Outros de Realiza\u00e7\u00e3o do Est\u00e1gio *:<br \/>\nObs . Caso o est\u00e1gio seja em regime home office\/remoto, informar neste espa\u00e7o. <span class=\"wpcf7-form-control-wrap\" data-name=\"setor\"><input size=\"40\" class=\"wpcf7-form-control wpcf7-text wpcf7-validates-as-required\" aria-required=\"true\" aria-invalid=\"false\" value=\"\" type=\"text\" name=\"setor\" \/><\/span><br \/>\nProfessor Orientador do Est\u00e1gio (UFMG) *: <span class=\"wpcf7-form-control-wrap\" data-name=\"professor_orientador\"><input size=\"40\" class=\"wpcf7-form-control wpcf7-text wpcf7-validates-as-required\" aria-required=\"true\" aria-invalid=\"false\" value=\"\" type=\"text\" name=\"professor_orientador\" \/><\/span>\n\t<\/p>\n<\/fieldset>\n<fieldset>\n\t<legend>Documentos\n\t<\/legend>\n\t<p>Extens\u00f5es aceitas: .jpg .png .jfif .pdf .doc .docx<br \/>\nPlano de Atividades (assinado pelo estudante, supervisor e orientador)* : <span class=\"wpcf7-form-control-wrap\" data-name=\"plano_atividades\"><input size=\"40\" class=\"wpcf7-form-control wpcf7-file wpcf7-validates-as-required\" accept=\".jpg,.png,.jfif,.pdf,.doc,.docx\" aria-required=\"true\" aria-invalid=\"false\" type=\"file\" name=\"plano_atividades\" \/><\/span><br \/>\nAp\u00f3lice do Seguro*: <span class=\"wpcf7-form-control-wrap\" data-name=\"apolice_upload\"><input size=\"40\" class=\"wpcf7-form-control wpcf7-file wpcf7-validates-as-required\" accept=\".jpg,.png,.jfif,.pdf,.doc,.docx\" aria-required=\"true\" aria-invalid=\"false\" type=\"file\" name=\"apolice_upload\" \/><\/span>\n\t<\/p>\n<\/fieldset>\n<fieldset>\n\t<legend>Informa\u00e7\u00f5es Complementares:\n\t<\/legend>\n\t<p><span class=\"wpcf7-form-control-wrap\" data-name=\"info_complementar\"><textarea cols=\"40\" rows=\"10\" class=\"wpcf7-form-control wpcf7-textarea\" aria-invalid=\"false\" name=\"info_complementar\"><\/textarea><\/span>\n\t<\/p>\n<\/fieldset>\n<p><span class=\"wpcf7-form-control-wrap\" data-name=\"checkbox-550\"><span class=\"wpcf7-form-control wpcf7-checkbox wpcf7-validates-as-required\"><span class=\"wpcf7-list-item first last\"><label><input type=\"checkbox\" name=\"checkbox-550[]\" value=\"Estou ciente de que \u00e9 minha responsabilidade preencher corretamente todos os dados do formul\u00e1rio de est\u00e1gio, e que informa\u00e7\u00f5es incorretas ou incompletas poder\u00e3o resultar em atrasos no processo de formaliza\u00e7\u00e3o.\" \/><span class=\"wpcf7-list-item-label\">Estou ciente de que \u00e9 minha responsabilidade preencher corretamente todos os dados do formul\u00e1rio de est\u00e1gio, e que informa\u00e7\u00f5es incorretas ou incompletas poder\u00e3o resultar em atrasos no processo de formaliza\u00e7\u00e3o.<\/span><\/label><\/span><\/span><\/span>\n<\/p>\n<p><input class=\"wpcf7-form-control has-spinner wpcf7-submit\" type=\"submit\" value=\"Enviar\" \/>\n<\/p>\n<p><script>\ndocument.addEventListener(\"DOMContentLoaded\", function() {\n const modalidade = document.querySelector(\"select[name='modalidade']\");\n const apoliceObrigatorio = document.querySelector(\".apolice-obrigatorio\");\n const dadosBolsa = document.querySelector(\".dados-bolsa\");\n const apoliceUpload = document.querySelector(\".apolice-upload\");\n\n function toggleFields() {\n if (modalidade.value === \"Obrigat\u00f3rio\") {\n apoliceObrigatorio.classList.add(\"hidden\");\n dadosBolsa.classList.add(\"hidden\");\n apoliceUpload.classList.add(\"hidden\");\n } else {\n apoliceObrigatorio.classList.remove(\"hidden\");\n dadosBolsa.classList.remove(\"hidden\");\n apoliceUpload.classList.remove(\"hidden\");\n }\n }\n\n modalidade.addEventListener(\"change\", toggleFields);\n toggleFields();\n});\n<\/script>\n<\/p>\n<style>\n\/* Estilo para o formul\u00e1rio Contact Form 7 *\/\n.wpcf7-form {\n background: #f9f9f9;\n padding: 20px;\n border-radius: 10px;\n font-family: Arial, sans-serif;\n box-shadow: 0 0 10px rgba(0,0,0,0.1);\n}\n\n\/* Estilo para cada fieldset *\/\n.wpcf7-form fieldset {\n border: 1px solid #ddd;\n padding: 15px;\n margin-bottom: 15px;\n border-radius: 5px;\n background: #fff;\n}\n\n\/* Estilo para as legendas dos fieldsets *\/\n.wpcf7-form legend {\n font-weight: bold;\n padding: 0 10px;\n font-size: 1.1em;\n color: #333;\n}\n\n\/* Estilo para os inputs, selects, textareas e arquivos *\/\n.wpcf7-form input[type=\"text\"],\n.wpcf7-form input[type=\"email\"],\n.wpcf7-form input[type=\"tel\"],\n.wpcf7-form input[type=\"date\"],\n.wpcf7-form select,\n.wpcf7-form textarea,\n.wpcf7-form input[type=\"file\"] {\n width: 100%;\n padding: 10px;\n margin: 5px 0 15px 0;\n border: 1px solid #ccc;\n border-radius: 5px;\n box-sizing: border-box;\n}\n\n\/* Estilo para o bot\u00e3o de envio *\/\n.wpcf7-form input[type=\"submit\"] {\n background: #0073aa;\n color: #fff;\n border: none;\n padding: 12px 20px;\n border-radius: 5px;\n cursor: pointer;\n font-size: 1em;\n transition: background 0.3s ease;\n}\n\n.wpcf7-form input[type=\"submit\"]:hover {\n background: #005177;\n}\n\n\/* Classe auxiliar para esconder elementos *\/\n.hidden {\n display: none;\n}\n<\/style><div class=\"wpcf7-response-output\" aria-hidden=\"true\"><\/div>\n<\/form>\n<\/div>\n<\/div>\n","protected":false},"excerpt":{"rendered":"","protected":false},"author":3,"featured_media":0,"parent":0,"menu_order":0,"comment_status":"closed","ping_status":"closed","template":"","meta":[],"acf":[],"_links":{"self":[{"href":"https:\/\/www.ufmg.br\/montesclaros\/wp-json\/wp\/v2\/pages\/2983"}],"collection":[{"href":"https:\/\/www.ufmg.br\/montesclaros\/wp-json\/wp\/v2\/pages"}],"about":[{"href":"https:\/\/www.ufmg.br\/montesclaros\/wp-json\/wp\/v2\/types\/page"}],"author":[{"embeddable":true,"href":"https:\/\/www.ufmg.br\/montesclaros\/wp-json\/wp\/v2\/users\/3"}],"replies":[{"embeddable":true,"href":"https:\/\/www.ufmg.br\/montesclaros\/wp-json\/wp\/v2\/comments?post=2983"}],"version-history":[{"count":2,"href":"https:\/\/www.ufmg.br\/montesclaros\/wp-json\/wp\/v2\/pages\/2983\/revisions"}],"predecessor-version":[{"id":3007,"href":"https:\/\/www.ufmg.br\/montesclaros\/wp-json\/wp\/v2\/pages\/2983\/revisions\/3007"}],"wp:attachment":[{"href":"https:\/\/www.ufmg.br\/montesclaros\/wp-json\/wp\/v2\/media?parent=2983"}],"curies":[{"name":"wp","href":"https:\/\/api.w.org\/{rel}","templated":true}]}}