{"id":3019,"date":"2025-02-27T14:03:24","date_gmt":"2025-02-27T17:03:24","guid":{"rendered":"https:\/\/www.ufmg.br\/montesclaros\/?page_id=3019"},"modified":"2025-02-27T14:04:07","modified_gmt":"2025-02-27T17:04:07","slug":"tce-obrigatorio-ica","status":"publish","type":"page","link":"https:\/\/www.ufmg.br\/montesclaros\/tce-obrigatorio-ica\/","title":{"rendered":"Formul\u00e1rio de Solicita\u00e7\u00e3o de Est\u00e1gio Obrigat\u00f3rio no ICA\/UFMG"},"content":{"rendered":"\n<div class=\"wp-block-contact-form-7-contact-form-selector\">\n<div class=\"wpcf7 no-js\" id=\"wpcf7-f3017-o1\" lang=\"pt-BR\" dir=\"ltr\">\n<div class=\"screen-reader-response\"><p role=\"status\" aria-live=\"polite\" aria-atomic=\"true\"><\/p> <ul><\/ul><\/div>\n<form action=\"\/montesclaros\/wp-json\/wp\/v2\/pages\/3019?doing_wp_cron=1776585231.1143589019775390625000#wpcf7-f3017-o1\" method=\"post\" class=\"wpcf7-form init\" aria-label=\"Contact form\" enctype=\"multipart\/form-data\" novalidate=\"novalidate\" data-status=\"init\">\n<div style=\"display: none;\">\n<input type=\"hidden\" name=\"_wpcf7\" value=\"3017\" \/>\n<input type=\"hidden\" name=\"_wpcf7_version\" value=\"5.7.7\" \/>\n<input type=\"hidden\" name=\"_wpcf7_locale\" value=\"pt_BR\" \/>\n<input type=\"hidden\" name=\"_wpcf7_unit_tag\" value=\"wpcf7-f3017-o1\" \/>\n<input type=\"hidden\" name=\"_wpcf7_container_post\" value=\"0\" \/>\n<input type=\"hidden\" name=\"_wpcf7_posted_data_hash\" value=\"\" \/>\n<\/div>\n<fieldset>\n\t<legend>Dados do Estudante\/Estagi\u00e1rio\n\t<\/legend>\n\t<p>Nome Completo *: <span class=\"wpcf7-form-control-wrap\" data-name=\"nome\"><input size=\"40\" class=\"wpcf7-form-control wpcf7-text wpcf7-validates-as-required\" aria-required=\"true\" aria-invalid=\"false\" value=\"\" type=\"text\" name=\"nome\" \/><\/span><br \/>\nMatr\u00edcula UFMG *: <span class=\"wpcf7-form-control-wrap\" data-name=\"matricula\"><input size=\"40\" class=\"wpcf7-form-control wpcf7-text wpcf7-validates-as-required\" aria-required=\"true\" aria-invalid=\"false\" value=\"\" type=\"text\" name=\"matricula\" \/><\/span><br \/>\nCurso *: <span class=\"wpcf7-form-control-wrap\" data-name=\"curso\"><input size=\"40\" class=\"wpcf7-form-control wpcf7-text wpcf7-validates-as-required\" aria-required=\"true\" aria-invalid=\"false\" value=\"\" type=\"text\" name=\"curso\" \/><\/span><br \/>\nPer\u00edodo *: <span class=\"wpcf7-form-control-wrap\" data-name=\"periodo\"><input size=\"40\" class=\"wpcf7-form-control wpcf7-text wpcf7-validates-as-required\" aria-required=\"true\" aria-invalid=\"false\" value=\"\" type=\"text\" name=\"periodo\" \/><\/span><br \/>\nE-mail *: <span class=\"wpcf7-form-control-wrap\" data-name=\"email\"><input size=\"40\" class=\"wpcf7-form-control wpcf7-text wpcf7-email wpcf7-validates-as-required wpcf7-validates-as-email\" aria-required=\"true\" aria-invalid=\"false\" value=\"\" type=\"email\" name=\"email\" \/><\/span><br \/>\nTelefone (com DDD)*: <span class=\"wpcf7-form-control-wrap\" data-name=\"telefone\"><input size=\"40\" class=\"wpcf7-form-control wpcf7-text wpcf7-tel wpcf7-validates-as-required wpcf7-validates-as-tel\" aria-required=\"true\" aria-invalid=\"false\" value=\"\" type=\"tel\" name=\"telefone\" \/><\/span><br \/>\nE-mail do estudante cadastrado no SEI*: <span class=\"wpcf7-form-control-wrap\" data-name=\"emailsei\"><input size=\"40\" class=\"wpcf7-form-control wpcf7-text wpcf7-email wpcf7-validates-as-required wpcf7-validates-as-email\" aria-required=\"true\" aria-invalid=\"false\" value=\"\" type=\"email\" name=\"emailsei\" \/><\/span>\n\t<\/p>\n<\/fieldset>\n<fieldset>\n\t<legend>Dados do Est\u00e1gio\n\t<\/legend>\n\t<p>Laborat\u00f3rio\/Setor do est\u00e1gio *<br \/>\nObs . Caso o est\u00e1gio seja em regime home office\/remoto, informar neste espa\u00e7o. : <span class=\"wpcf7-form-control-wrap\" data-name=\"setor\"><input size=\"40\" class=\"wpcf7-form-control wpcf7-text wpcf7-validates-as-required\" aria-required=\"true\" aria-invalid=\"false\" value=\"\" type=\"text\" name=\"setor\" \/><\/span><br \/>\nSupervisor(a) do Est\u00e1gio (servidor UFMG) *: <span class=\"wpcf7-form-control-wrap\" data-name=\"supervisor\"><input size=\"40\" class=\"wpcf7-form-control wpcf7-text wpcf7-validates-as-required\" aria-required=\"true\" aria-invalid=\"false\" value=\"\" type=\"text\" name=\"supervisor\" \/><\/span><br \/>\nProfessor Orientador*: <span class=\"wpcf7-form-control-wrap\" data-name=\"professor_orientador\"><input size=\"40\" class=\"wpcf7-form-control wpcf7-text wpcf7-validates-as-required\" aria-required=\"true\" aria-invalid=\"false\" value=\"\" type=\"text\" name=\"professor_orientador\" \/><\/span><br \/>\nData In\u00edcio do Est\u00e1gio *: <span class=\"wpcf7-form-control-wrap\" data-name=\"data_inicio\"><input class=\"wpcf7-form-control wpcf7-date wpcf7-validates-as-required wpcf7-validates-as-date\" min=\"2026-04-19\" aria-required=\"true\" aria-invalid=\"false\" value=\"\" type=\"date\" name=\"data_inicio\" \/><\/span><br \/>\nData T\u00e9rmino do Est\u00e1gio *: <span class=\"wpcf7-form-control-wrap\" data-name=\"data_termino\"><input class=\"wpcf7-form-control wpcf7-date wpcf7-validates-as-required wpcf7-validates-as-date\" aria-required=\"true\" aria-invalid=\"false\" value=\"\" type=\"date\" name=\"data_termino\" \/><\/span><br \/>\nCarga Hor\u00e1ria Semanal (n\u00e3o exceder 30h no per\u00edodo letivo) *: <span class=\"wpcf7-form-control-wrap\" data-name=\"carga_horaria_semanal\"><input size=\"40\" class=\"wpcf7-form-control wpcf7-text wpcf7-validates-as-required\" aria-required=\"true\" aria-invalid=\"false\" value=\"\" type=\"text\" name=\"carga_horaria_semanal\" \/><\/span><br \/>\nCarga Hor\u00e1ria Di\u00e1ria *: <span class=\"wpcf7-form-control-wrap\" data-name=\"carga_horaria_diaria\"><input size=\"40\" class=\"wpcf7-form-control wpcf7-text wpcf7-validates-as-required\" aria-required=\"true\" aria-invalid=\"false\" value=\"\" type=\"text\" name=\"carga_horaria_diaria\" \/><\/span><br \/>\nDias e Hor\u00e1rios do Est\u00e1gio (n\u00e3o coincidir com hor\u00e1rio de aula)<br \/>\nObs . Se flex\u00edvel, detalhar cada dia e hor\u00e1rio, com in\u00edcio e t\u00e9rmino *: <span class=\"wpcf7-form-control-wrap\" data-name=\"horario_estagio\"><input size=\"40\" class=\"wpcf7-form-control wpcf7-text wpcf7-validates-as-required\" aria-required=\"true\" aria-invalid=\"false\" value=\"\" type=\"text\" name=\"horario_estagio\" \/><\/span>\n\t<\/p>\n<\/fieldset>\n<fieldset>\n\t<legend>Documentos\n\t<\/legend>\n\t<p>Extens\u00f5es aceitas: .jpg .png .jfif .pdf .doc .docx<br \/>\nPlano de Atividades (assinado pelo estudante, supervisor e orientador)* : <span class=\"wpcf7-form-control-wrap\" data-name=\"plano_atividades\"><input size=\"40\" class=\"wpcf7-form-control wpcf7-file wpcf7-validates-as-required\" accept=\".jpg,.png,.jfif,.pdf,.doc,.docx\" aria-required=\"true\" aria-invalid=\"false\" type=\"file\" name=\"plano_atividades\" \/><\/span>\n\t<\/p>\n<\/fieldset>\n<fieldset>\n\t<legend>Informa\u00e7\u00f5es Complementares:\n\t<\/legend>\n\t<p><span class=\"wpcf7-form-control-wrap\" data-name=\"info_complementar\"><textarea cols=\"40\" rows=\"10\" class=\"wpcf7-form-control wpcf7-textarea\" aria-invalid=\"false\" name=\"info_complementar\"><\/textarea><\/span>\n\t<\/p>\n<\/fieldset>\n<p><span class=\"wpcf7-form-control-wrap\" data-name=\"checkbox-550\"><span class=\"wpcf7-form-control wpcf7-checkbox wpcf7-validates-as-required\"><span class=\"wpcf7-list-item first last\"><label><input type=\"checkbox\" name=\"checkbox-550[]\" value=\"Estou ciente de que \u00e9 minha responsabilidade preencher corretamente todos os dados do formul\u00e1rio de est\u00e1gio, e que informa\u00e7\u00f5es incorretas ou incompletas poder\u00e3o resultar em atrasos no processo de formaliza\u00e7\u00e3o.\" \/><span class=\"wpcf7-list-item-label\">Estou ciente de que \u00e9 minha responsabilidade preencher corretamente todos os dados do formul\u00e1rio de est\u00e1gio, e que informa\u00e7\u00f5es incorretas ou incompletas poder\u00e3o resultar em atrasos no processo de formaliza\u00e7\u00e3o.<\/span><\/label><\/span><\/span><\/span>\n<\/p>\n<p><input class=\"wpcf7-form-control has-spinner wpcf7-submit\" type=\"submit\" value=\"Enviar\" \/>\n<\/p>\n<p><script>\ndocument.addEventListener(\"DOMContentLoaded\", function() {\n const modalidade = document.querySelector(\"select[name='modalidade']\");\n const apoliceObrigatorio = document.querySelector(\".apolice-obrigatorio\");\n const dadosBolsa = document.querySelector(\".dados-bolsa\");\n const apoliceUpload = document.querySelector(\".apolice-upload\");\n\n function toggleFields() {\n if (modalidade.value === \"Obrigat\u00f3rio\") {\n apoliceObrigatorio.classList.add(\"hidden\");\n dadosBolsa.classList.add(\"hidden\");\n apoliceUpload.classList.add(\"hidden\");\n } else {\n apoliceObrigatorio.classList.remove(\"hidden\");\n dadosBolsa.classList.remove(\"hidden\");\n apoliceUpload.classList.remove(\"hidden\");\n }\n }\n\n modalidade.addEventListener(\"change\", toggleFields);\n toggleFields();\n});\n<\/script>\n<\/p>\n<style>\n\/* Estilo para o formul\u00e1rio Contact Form 7 *\/\n.wpcf7-form {\n background: #f9f9f9;\n padding: 20px;\n border-radius: 10px;\n font-family: Arial, sans-serif;\n box-shadow: 0 0 10px rgba(0,0,0,0.1);\n}\n\n\/* Estilo para cada fieldset *\/\n.wpcf7-form fieldset {\n border: 1px solid #ddd;\n padding: 15px;\n margin-bottom: 15px;\n border-radius: 5px;\n background: #fff;\n}\n\n\/* Estilo para as legendas dos fieldsets *\/\n.wpcf7-form legend {\n font-weight: bold;\n padding: 0 10px;\n font-size: 1.1em;\n color: #333;\n}\n\n\/* Estilo para os inputs, selects, textareas e arquivos *\/\n.wpcf7-form input[type=\"text\"],\n.wpcf7-form input[type=\"email\"],\n.wpcf7-form input[type=\"tel\"],\n.wpcf7-form input[type=\"date\"],\n.wpcf7-form select,\n.wpcf7-form textarea,\n.wpcf7-form input[type=\"file\"] {\n width: 100%;\n padding: 10px;\n margin: 5px 0 15px 0;\n border: 1px solid #ccc;\n border-radius: 5px;\n box-sizing: border-box;\n}\n\n\/* Estilo para o bot\u00e3o de envio *\/\n.wpcf7-form input[type=\"submit\"] {\n background: #0073aa;\n color: #fff;\n border: none;\n padding: 12px 20px;\n border-radius: 5px;\n cursor: pointer;\n font-size: 1em;\n transition: background 0.3s ease;\n}\n\n.wpcf7-form input[type=\"submit\"]:hover {\n background: #005177;\n}\n\n\/* Classe auxiliar para esconder elementos *\/\n.hidden {\n display: none;\n}\n<\/style><div class=\"wpcf7-response-output\" aria-hidden=\"true\"><\/div>\n<\/form>\n<\/div>\n<\/div>\n","protected":false},"excerpt":{"rendered":"","protected":false},"author":3,"featured_media":0,"parent":0,"menu_order":0,"comment_status":"closed","ping_status":"closed","template":"","meta":[],"acf":[],"_links":{"self":[{"href":"https:\/\/www.ufmg.br\/montesclaros\/wp-json\/wp\/v2\/pages\/3019"}],"collection":[{"href":"https:\/\/www.ufmg.br\/montesclaros\/wp-json\/wp\/v2\/pages"}],"about":[{"href":"https:\/\/www.ufmg.br\/montesclaros\/wp-json\/wp\/v2\/types\/page"}],"author":[{"embeddable":true,"href":"https:\/\/www.ufmg.br\/montesclaros\/wp-json\/wp\/v2\/users\/3"}],"replies":[{"embeddable":true,"href":"https:\/\/www.ufmg.br\/montesclaros\/wp-json\/wp\/v2\/comments?post=3019"}],"version-history":[{"count":1,"href":"https:\/\/www.ufmg.br\/montesclaros\/wp-json\/wp\/v2\/pages\/3019\/revisions"}],"predecessor-version":[{"id":3020,"href":"https:\/\/www.ufmg.br\/montesclaros\/wp-json\/wp\/v2\/pages\/3019\/revisions\/3020"}],"wp:attachment":[{"href":"https:\/\/www.ufmg.br\/montesclaros\/wp-json\/wp\/v2\/media?parent=3019"}],"curies":[{"name":"wp","href":"https:\/\/api.w.org\/{rel}","templated":true}]}}