{"id":307,"date":"2024-03-22T10:28:31","date_gmt":"2024-03-22T13:28:31","guid":{"rendered":"http:\/\/sites-hml.dti.ufmg.br\/ica\/ica-novo\/?page_id=307"},"modified":"2025-11-13T13:23:40","modified_gmt":"2025-11-13T16:23:40","slug":"assessoria-de-gestao-academica","status":"publish","type":"page","link":"https:\/\/www.ufmg.br\/montesclaros\/assessoria-de-gestao-academica\/","title":{"rendered":"Assessoria de Gest\u00e3o Acad\u00eamica"},"content":{"rendered":"\n<p>A Assessoria de Gest\u00e3o Acad\u00eamica \u00e9 \u00f3rg\u00e3o executivo vinculado \u00e0 Coordenadoria de Ensino e Pesquisa do ICA\/UFMG e tem as seguintes atribui\u00e7\u00f5es:<\/p>\n\n\n\n<p>\u2013 Elaborar estudos e emitir Pareceres sobre quest\u00f5es submetidas \u00e0 consulta no \u00e2mbito da Coordenadoria de Ensino e Pesquisa com vistas a subsidiar as delibera\u00e7\u00f5es desta;<\/p>\n\n\n\n<p>\u2013 Instruir os processos em tr\u00e2mite perante a Coordenadoria de Ensino e Pesquisa para subsidiar a delibera\u00e7\u00e3o desta;<\/p>\n\n\n\n<p>\u2013 Encaminhar as delibera\u00e7\u00f5es da Coordenadoria de Ensino e Pesquisa aos interessados;<\/p>\n\n\n\n<p>\u2013 Auxiliar a Coordenadoria de Ensino e Pesquisa na implementa\u00e7\u00e3o de suas delibera\u00e7\u00f5es;<\/p>\n\n\n\n<p>\u2013 Coordenar a implementa\u00e7\u00e3o de bolsas de gradua\u00e7\u00e3o afetas ao ensino no \u00e2mbito do ICA\/UFMG, ressalvadas as atribui\u00e7\u00f5es espec\u00edficas previstas na regulamenta\u00e7\u00e3o de cada programa de bolsa;<\/p>\n\n\n\n<p>\u2013 Planejar, acompanhar e avaliar a\u00e7\u00f5es que visem \u00e0 melhoria cont\u00ednua do processo educativo, estimulando as experi\u00eancias pedag\u00f3gicas que apresentem essa finalidade;<\/p>\n\n\n\n<p>\u2013 Avaliar os \u00edndices de desempenho dos estudantes com os Coordenadores de curso e definir estrat\u00e9gias de interven\u00e7\u00e3o visando ao aprimoramento do processo educativo;<\/p>\n\n\n\n<p>\u2013 Exercer outras atribui\u00e7\u00f5es delegadas pela Coordenadoria de Ensino e Pesquisa.<\/p>\n\n\n\n<p><strong>Contatos:<\/strong><\/p>\n\n\n\n<p>Telefones: (38) 2101-7910 e 2101-7911<\/p>\n\n\n\n<p>E-Mail:&nbsp;aga@ica.ufmg.br<\/p>\n\n\n\n<p>Local de atendimento: sala 35 do pr\u00e9dio CAAD.<\/p>\n\n\n<div ><style>#sp-ea-306 .spcollapsing { height: 0; overflow: hidden; transition-property: height;transition-duration: 300ms;}#sp-ea-306.sp-easy-accordion>.sp-ea-single {border: 1px solid #e2e2e2; }#sp-ea-306.sp-easy-accordion>.sp-ea-single>.ea-header a {color: #444;}#sp-ea-306.sp-easy-accordion>.sp-ea-single>.sp-collapse>.ea-body {background: #fff; color: #444;}#sp-ea-306.sp-easy-accordion>.sp-ea-single {background: #eee;}#sp-ea-306.sp-easy-accordion>.sp-ea-single>.ea-header a .ea-expand-icon.fa { float: left; color: #444;font-size: 16px;}<\/style><div id=\"sp_easy_accordion-1711113994\"><div id=\"sp-ea-306\" class=\"sp-ea-one sp-easy-accordion\" data-ex-icon=\"fa-minus\" data-col-icon=\"fa-plus\"  data-ea-active=\"ea-click\"  data-ea-mode=\"vertical\" data-preloader=\"\" data-scroll-active-item=\"\" data-offset-to-scroll=\"0\"><div class=\"ea-card ea-expand sp-ea-single\"><h3 class=\"ea-header\"><a class=\"collapsed\" data-sptoggle=\"spcollapse\" data-sptarget=#collapse3060 href=\"javascript:void(0)\"  aria-expanded=\"true\"><i class=\"ea-expand-icon fa fa-minus\"><\/i> Normas e Formul\u00e1rios<\/a><\/h3><div class=\"sp-collapse spcollapse collapsed show\" id=\"collapse3060\" data-parent=#sp-ea-306><div class=\"ea-body\"><p><a href=\"https:\/\/www.ufmg.br\/montesclaros\/wp-content\/uploads\/2024\/03\/3.1-Resolucao-06_2024_Acoes-Ensino.pdf\">Diretrizes para a\u00e7\u00f5es de ensino-aprendizagem nos cursos de gradua\u00e7\u00e3o do Instituto de Ci\u00eancias Agr\u00e1rias<\/a><\/p>\n<\/div><\/div><\/div><div class=\"ea-card  sp-ea-single\"><h3 class=\"ea-header\"><a class=\"collapsed\" data-sptoggle=\"spcollapse\" data-sptarget=#collapse3061 href=\"javascript:void(0)\"  aria-expanded=\"false\"><i class=\"ea-expand-icon fa fa-plus\"><\/i> POPs<\/a><\/h3><div class=\"sp-collapse spcollapse \" id=\"collapse3061\" data-parent=#sp-ea-306><div class=\"ea-body\"><p><a href=\"https:\/\/drive.google.com\/drive\/folders\/1s4D98KaJBpOrLq__38vtsFKlw_lWKA82?usp=sharing\">POPs pertinentes \u00e0s a\u00e7\u00f5es de ensino-aprendizagem nos cursos de gradua\u00e7\u00e3o do ICA<\/a><\/p>\n<\/div><\/div><\/div><\/div><\/div><\/div>","protected":false},"excerpt":{"rendered":"<p>A Assessoria de Gest\u00e3o Acad\u00eamica \u00e9 \u00f3rg\u00e3o executivo vinculado \u00e0 Coordenadoria de Ensino e Pesquisa do ICA\/UFMG e tem as seguintes atribui\u00e7\u00f5es: \u2013 Elaborar estudos e emitir Pareceres sobre quest\u00f5es submetidas \u00e0 consulta no \u00e2mbito da Coordenadoria de Ensino e Pesquisa com vistas a subsidiar as delibera\u00e7\u00f5es desta; \u2013 Instruir os processos em tr\u00e2mite perante [&hellip;]<\/p>\n","protected":false},"author":3,"featured_media":0,"parent":0,"menu_order":0,"comment_status":"closed","ping_status":"closed","template":"","meta":[],"acf":[],"_links":{"self":[{"href":"https:\/\/www.ufmg.br\/montesclaros\/wp-json\/wp\/v2\/pages\/307"}],"collection":[{"href":"https:\/\/www.ufmg.br\/montesclaros\/wp-json\/wp\/v2\/pages"}],"about":[{"href":"https:\/\/www.ufmg.br\/montesclaros\/wp-json\/wp\/v2\/types\/page"}],"author":[{"embeddable":true,"href":"https:\/\/www.ufmg.br\/montesclaros\/wp-json\/wp\/v2\/users\/3"}],"replies":[{"embeddable":true,"href":"https:\/\/www.ufmg.br\/montesclaros\/wp-json\/wp\/v2\/comments?post=307"}],"version-history":[{"count":2,"href":"https:\/\/www.ufmg.br\/montesclaros\/wp-json\/wp\/v2\/pages\/307\/revisions"}],"predecessor-version":[{"id":4440,"href":"https:\/\/www.ufmg.br\/montesclaros\/wp-json\/wp\/v2\/pages\/307\/revisions\/4440"}],"wp:attachment":[{"href":"https:\/\/www.ufmg.br\/montesclaros\/wp-json\/wp\/v2\/media?parent=307"}],"curies":[{"name":"wp","href":"https:\/\/api.w.org\/{rel}","templated":true}]}}