{"id":321,"date":"2024-03-22T10:44:34","date_gmt":"2024-03-22T13:44:34","guid":{"rendered":"http:\/\/sites-hml.dti.ufmg.br\/ica\/ica-novo\/?page_id=321"},"modified":"2024-03-22T10:44:53","modified_gmt":"2024-03-22T13:44:53","slug":"engenharia-agricola-e-ambiental","status":"publish","type":"page","link":"https:\/\/www.ufmg.br\/montesclaros\/engenharia-agricola-e-ambiental\/","title":{"rendered":"Engenharia Agr\u00edcola e Ambiental"},"content":{"rendered":"<div ><style>#sp-ea-320 .spcollapsing { height: 0; overflow: hidden; transition-property: height;transition-duration: 300ms;}#sp-ea-320.sp-easy-accordion>.sp-ea-single {border: 1px solid #e2e2e2; }#sp-ea-320.sp-easy-accordion>.sp-ea-single>.ea-header a {color: #444;}#sp-ea-320.sp-easy-accordion>.sp-ea-single>.sp-collapse>.ea-body {background: #fff; color: #444;}#sp-ea-320.sp-easy-accordion>.sp-ea-single {background: #eee;}#sp-ea-320.sp-easy-accordion>.sp-ea-single>.ea-header a .ea-expand-icon.fa { float: left; color: #444;font-size: 16px;}<\/style><div id=\"sp_easy_accordion-1711114655\"><div id=\"sp-ea-320\" class=\"sp-ea-one sp-easy-accordion\" data-ex-icon=\"fa-minus\" data-col-icon=\"fa-plus\"  data-ea-active=\"ea-click\"  data-ea-mode=\"vertical\" data-preloader=\"\" data-scroll-active-item=\"\" data-offset-to-scroll=\"0\"><div class=\"ea-card ea-expand sp-ea-single\"><h3 class=\"ea-header\"><a class=\"collapsed\" data-sptoggle=\"spcollapse\" data-sptarget=#collapse3200 href=\"javascript:void(0)\"  aria-expanded=\"true\"><i class=\"ea-expand-icon fa fa-minus\"><\/i> Apresenta\u00e7\u00e3o<\/a><\/h3><div class=\"sp-collapse spcollapse collapsed show\" id=\"collapse3200\" data-parent=#sp-ea-320><div class=\"ea-body\"><div class=\"container\">\n<div class=\"sixteen columns\">\n<div class=\"page\">\n<div id=\"tabs\" class=\"ui-tabs ui-widget ui-widget-content ui-corner-all\">\n<p>O curso de Engenharia Agr\u00edcola e Ambiental, ofertado no Instituto de Ci\u00eancias Agr\u00e1rias (ICA), no <em>campus<\/em>\u00a0Regional de Montes Claros, \u00e9 uma das novas gradua\u00e7\u00f5es da UFMG, criada com recursos do Programa de Apoio a Planos de Reestrutura\u00e7\u00e3o e Expans\u00e3o das Universidades Federais (Reuni). A grade curricular do curso \u00e9 dividida em duas etapas. At\u00e9 o 4\u00ba per\u00edodo, o aluno cursa disciplinas comuns a todas as engenharias. Em seguida, ele cursa disciplinas profissionalizantes com conte\u00fados espec\u00edficos das \u00e1reas de m\u00e1quinas e mecaniza\u00e7\u00e3o agr\u00edcola; constru\u00e7\u00f5es rurais; armazenamento e secagem de gr\u00e3os; hidr\u00e1ulica aplicada \u00e0 agricultura; irriga\u00e7\u00e3o e drenagem; planejamento e gest\u00e3o de recursos h\u00eddricos; avalia\u00e7\u00e3o de impactos ambientais; controle de polui\u00e7\u00e3o em sistemas agroindustriais; tratamento de \u00e1gua e esgoto; sensoriamento remoto; energia na agricultura; entre outras.<\/p>\n<div id=\"tabs-1\" class=\"ui-tabs-panel ui-widget-content ui-corner-bottom\" role=\"tabpanel\" aria-labelledby=\"ui-id-1\" aria-expanded=\"true\" aria-hidden=\"false\">\n<div class=\"texto_page\">\n<p>O mercado de trabalho para o Engenheiro Agr\u00edcola e Ambiental \u00e9 amplo, devido \u00e0s diversas atribui\u00e7\u00f5es que o profissional poder\u00e1 assumir. Na \u00e1rea agr\u00edcola o profissional poder\u00e1 trabalhar no dimensionamento e no manejo de sistemas agroindustriais, com o uso de conhecimentos da engenharia, com foco na solu\u00e7\u00e3o de problemas. Na \u00e1rea de meio ambiente, o profissional ir\u00e1 avaliar os impactos das atividades agr\u00edcolas e extrativistas, propor solu\u00e7\u00f5es para reduz\u00ed-los ao m\u00e1ximo, utilizando as rela\u00e7\u00f5es dos recursos h\u00eddricos, pedol\u00f3gicos e vegetais com as vari\u00e1veis clim\u00e1ticas de forma eficiente e sustent\u00e1vel. Poder\u00e1 atuar nas \u00e1reas de ensino, pesquisa e extens\u00e3o nas institui\u00e7\u00f5es p\u00fablicas ou nos empreendimentos privados.<\/p>\n<div class=\" text-left\"><strong>Caracteriza\u00e7\u00e3o do curso:<\/strong><\/div>\n<div><strong>Modalidade:<\/strong>\u00a0Bacharelado<br \/>\n<strong>T\u00edtulo conferido:<\/strong>\u00a0Engenheiro Agr\u00edcola e Ambiental<br \/>\n<strong>Regime:<\/strong>\u00a0Semestral<br \/>\n<strong>Turno:<\/strong>\u00a0Diurno<br \/>\n<strong>N\u00famero de vagas:<\/strong>\u00a040, entrada \u00fanica, no primeiro semestre de cada ano<br \/>\n<strong>Per\u00edodo de integraliza\u00e7\u00e3o:<\/strong>\u00a0refer\u00eancia \u2013 5 anos; m\u00e1ximo \u2013 8 anos<br \/>\n<strong>Carga hor\u00e1ria total:<\/strong>\u00a03.600 horas<\/div>\n<div>Clique\u00a0<a href=\"https:\/\/www.ufmg.br\/montesclaros\/secretaria-administrativa-dos-colegiados-de-graduacao\/\">aqui<\/a>\u00a0para acessar os contatos do Colegiado de Gradua\u00e7\u00e3o em Engenharia Agr\u00edcola e Ambiental<\/div>\n<\/div>\n<\/div>\n<\/div>\n<\/div>\n<\/div>\n<\/div>\n<div class=\"container footer\">\n<div class=\"sixteen columns\">\n<div class=\"footerContato\">\n<div class=\"info end\">Instituto de Ci\u00eancias Agr\u00e1rias (ICA) &#8211; UFMG &#8211; Campus Regional de Montes Claros<br \/>\nAvenida Universit\u00e1ria, 1.000 \u2013 Bairro Universit\u00e1rio<br \/>\nMontes Claros \u2013 MG \u2013 CEP: 39.404-547<br \/>\n(38) 2101-7710<\/div>\n<\/div>\n<\/div>\n<\/div>\n<\/div><\/div><\/div><div class=\"ea-card  sp-ea-single\"><h3 class=\"ea-header\"><a class=\"collapsed\" data-sptoggle=\"spcollapse\" data-sptarget=#collapse3201 href=\"javascript:void(0)\"  aria-expanded=\"false\"><i class=\"ea-expand-icon fa fa-plus\"><\/i> Projeto Pedag\u00f3gico<\/a><\/h3><div class=\"sp-collapse spcollapse \" id=\"collapse3201\" data-parent=#sp-ea-320><div class=\"ea-body\"><p><a href=\"https:\/\/www.ufmg.br\/montesclaros\/wp-content\/uploads\/2024\/03\/REGULAMENTO_CGEAA.pdf\">Regulamento do Curso<\/a><\/p>\n<p><a href=\"https:\/\/www.ufmg.br\/montesclaros\/wp-content\/uploads\/2024\/03\/PPC_Engenharia_Agricola_e_Ambiental_2025.pdf\">Novo Projeto Pedag\u00f3gico<\/a><\/p>\n<p><a href=\"https:\/\/www.ufmg.br\/montesclaros\/wp-content\/uploads\/2024\/03\/Versao-Curricular-Engenharia-Agricola-e-Ambiental-D-20261-nova-versao.pdf\">Nova Vers\u00e3o Curricular<\/a><\/p>\n<p><a href=\"https:\/\/www.ufmg.br\/montesclaros\/wp-content\/uploads\/2015\/06\/PROJETO-PEDAGOGICO-Engenharia-Agr%C3%ADcola-e-Ambiental-2012.pdf\" target=\"_blank\" rel=\"noopener\">Projeto Pedag\u00f3gico anterior<\/a><\/p>\n<p><a href=\"https:\/\/www.ufmg.br\/montesclaros\/wp-content\/uploads\/2015\/06\/Grade-Curricular-Vers%C3%A3o-2013-1-Atualizada.pdf\" target=\"_blank\" rel=\"noopener\">Vers\u00e3o Curricular Anterior<\/a><\/p>\n<p><a href=\"https:\/\/www.ufmg.br\/montesclaros\/wp-content\/uploads\/2015\/06\/Ementas-Engenharia-Agr%C3%ADcola-e-Ambiental.pdf\" target=\"_blank\" rel=\"noopener\">Ementas das Disciplinas<\/a><\/p>\n<\/div><\/div><\/div><div class=\"ea-card  sp-ea-single\"><h3 class=\"ea-header\"><a class=\"collapsed\" data-sptoggle=\"spcollapse\" data-sptarget=#collapse3202 href=\"javascript:void(0)\"  aria-expanded=\"false\"><i class=\"ea-expand-icon fa fa-plus\"><\/i> Normas e Documentos<\/a><\/h3><div class=\"sp-collapse spcollapse \" id=\"collapse3202\" data-parent=#sp-ea-320><div class=\"ea-body\"><p><strong>Normas Espec\u00edficas<\/strong><\/p>\n<p><a href=\"https:\/\/www.ufmg.br\/montesclaros\/wp-content\/uploads\/2019\/06\/Resolucao-CGEAA-n-01-2019-Reopcao.pdf\" target=\"_blank\" rel=\"noopener\">Resolu\u00e7\u00e3o CGEAA n\u00ba 01-2019 \u2013 Reop\u00e7\u00e3o de Curso<\/a><\/p>\n<p><a href=\"https:\/\/www.ufmg.br\/montesclaros\/wp-content\/uploads\/2023\/01\/Orientacoes-Integralizacao-de-Atividades-Complementares-e-Estagios-Optativos-e-Formulario.pdf\" target=\"_blank\" rel=\"noopener\">Orienta\u00e7\u00f5es \u2013 Integraliza\u00e7\u00e3o de Atividades Complementares \u2013 Eng. Agr\u00edcola e Ambiental<\/a><\/p>\n<p>&nbsp;<\/p>\n<\/div><\/div><\/div><div class=\"ea-card  sp-ea-single\"><h3 class=\"ea-header\"><a class=\"collapsed\" data-sptoggle=\"spcollapse\" data-sptarget=#collapse3203 href=\"javascript:void(0)\"  aria-expanded=\"false\"><i class=\"ea-expand-icon fa fa-plus\"><\/i> Laborat\u00f3rios<\/a><\/h3><div class=\"sp-collapse spcollapse \" id=\"collapse3203\" data-parent=#sp-ea-320><div class=\"ea-body\">No Content<\/div><\/div><\/div><div class=\"ea-card  sp-ea-single\"><h3 class=\"ea-header\"><a class=\"collapsed\" data-sptoggle=\"spcollapse\" data-sptarget=#collapse3204 href=\"javascript:void(0)\"  aria-expanded=\"false\"><i class=\"ea-expand-icon fa fa-plus\"><\/i> \u00c1rea do aluno<\/a><\/h3><div class=\"sp-collapse spcollapse \" id=\"collapse3204\" data-parent=#sp-ea-320><div class=\"ea-body\"><p><a href=\"https:\/\/www.ufmg.br\/montesclaros\/central-de-atendimento-a-graduacao-cegrad\/\">Acesse aqui a \u00c1rea do Aluno<\/a><\/p>\n<\/div><\/div><\/div><\/div><\/div><\/div>\n\n\n<p><\/p>\n","protected":false},"excerpt":{"rendered":"","protected":false},"author":3,"featured_media":0,"parent":0,"menu_order":0,"comment_status":"closed","ping_status":"closed","template":"","meta":[],"acf":[],"_links":{"self":[{"href":"https:\/\/www.ufmg.br\/montesclaros\/wp-json\/wp\/v2\/pages\/321"}],"collection":[{"href":"https:\/\/www.ufmg.br\/montesclaros\/wp-json\/wp\/v2\/pages"}],"about":[{"href":"https:\/\/www.ufmg.br\/montesclaros\/wp-json\/wp\/v2\/types\/page"}],"author":[{"embeddable":true,"href":"https:\/\/www.ufmg.br\/montesclaros\/wp-json\/wp\/v2\/users\/3"}],"replies":[{"embeddable":true,"href":"https:\/\/www.ufmg.br\/montesclaros\/wp-json\/wp\/v2\/comments?post=321"}],"version-history":[{"count":2,"href":"https:\/\/www.ufmg.br\/montesclaros\/wp-json\/wp\/v2\/pages\/321\/revisions"}],"predecessor-version":[{"id":330,"href":"https:\/\/www.ufmg.br\/montesclaros\/wp-json\/wp\/v2\/pages\/321\/revisions\/330"}],"wp:attachment":[{"href":"https:\/\/www.ufmg.br\/montesclaros\/wp-json\/wp\/v2\/media?parent=321"}],"curies":[{"name":"wp","href":"https:\/\/api.w.org\/{rel}","templated":true}]}}