{"id":333,"date":"2024-03-22T10:46:03","date_gmt":"2024-03-22T13:46:03","guid":{"rendered":"http:\/\/sites-hml.dti.ufmg.br\/ica\/ica-novo\/?page_id=333"},"modified":"2024-03-22T10:46:03","modified_gmt":"2024-03-22T13:46:03","slug":"engenharia-florestal","status":"publish","type":"page","link":"https:\/\/www.ufmg.br\/montesclaros\/engenharia-florestal\/","title":{"rendered":"Engenharia Florestal"},"content":{"rendered":"<div ><style>#sp-ea-326 .spcollapsing { height: 0; overflow: hidden; transition-property: height;transition-duration: 300ms;}#sp-ea-326.sp-easy-accordion>.sp-ea-single {border: 1px solid #e2e2e2; }#sp-ea-326.sp-easy-accordion>.sp-ea-single>.ea-header a {color: #444;}#sp-ea-326.sp-easy-accordion>.sp-ea-single>.sp-collapse>.ea-body {background: #fff; color: #444;}#sp-ea-326.sp-easy-accordion>.sp-ea-single {background: #eee;}#sp-ea-326.sp-easy-accordion>.sp-ea-single>.ea-header a .ea-expand-icon.fa { float: left; color: #444;font-size: 16px;}<\/style><div id=\"sp_easy_accordion-1711114921\"><div id=\"sp-ea-326\" class=\"sp-ea-one sp-easy-accordion\" data-ex-icon=\"fa-minus\" data-col-icon=\"fa-plus\"  data-ea-active=\"ea-click\"  data-ea-mode=\"vertical\" data-preloader=\"\" data-scroll-active-item=\"\" data-offset-to-scroll=\"0\"><div class=\"ea-card ea-expand sp-ea-single\"><h3 class=\"ea-header\"><a class=\"collapsed\" data-sptoggle=\"spcollapse\" data-sptarget=#collapse3260 href=\"javascript:void(0)\"  aria-expanded=\"true\"><i class=\"ea-expand-icon fa fa-minus\"><\/i> Apresenta\u00e7\u00e3o<\/a><\/h3><div class=\"sp-collapse spcollapse collapsed show\" id=\"collapse3260\" data-parent=#sp-ea-326><div class=\"ea-body\"><p>O Engenheiro Florestal \u00e9 respons\u00e1vel por manejar, recuperar e proteger florestas nativas e florestas plantadas. Sua atua\u00e7\u00e3o tem sido destacada em fun\u00e7\u00e3o da crescente necessidade da utiliza\u00e7\u00e3o sustent\u00e1vel dos recursos naturais, sejam eles madeireiros ou n\u00e3o madeireiros. Ao longo do curso, o aluno poder\u00e1 optar pela forma\u00e7\u00e3o com \u00eanfase em uma das quatro grandes \u00e1reas da Engenharia Florestal, sendo elas a Silvicultura (que envolve atividades relacionadas ao cultivo florestal), a Conserva\u00e7\u00e3o da Natureza (relacionada ao manejo de \u00e1reas degradadas e de florestas nativas), a Tecnologia da Madeira (que trata do processamento e utiliza\u00e7\u00e3o dos produtos florestais) e o Manejo Florestal (que envolve o gerenciamento da produ\u00e7\u00e3o florestal).<\/p>\n<p>Com a forma\u00e7\u00e3o diversificada, o Engenheiro Florestal pode atuar tanto no setor p\u00fablico quanto no privado. Para o primeiro caso, pode-se se vincular a \u00f3rg\u00e3os de fiscaliza\u00e7\u00e3o,controle de atividades florestais e conserva\u00e7\u00e3o da natureza, institutos de pesquisa ou institui\u00e7\u00f5es de ensino. Para aqueles que optam pelo setor privado, pode-se trabalhar em empresas de produ\u00e7\u00e3o de carv\u00e3o vegetal, celulose e papel, serrarias e empresas de base tecnol\u00f3gica, por exemplo. Esse profissional tamb\u00e9m pode atuar como aut\u00f4nomo, prestando assessoria e consultoria nas diferentes \u00e1reas de forma\u00e7\u00e3o desse curso.<\/p>\n<p><strong><br \/>\nCaracteriza\u00e7\u00e3o do curso:<\/strong><br \/>\n<strong>Modalidade:<\/strong>\u00a0Bacharelado<br \/>\n<strong>T\u00edtulo Conferido:<\/strong>\u00a0Engenheiro Florestal<br \/>\n<strong>Regime:<\/strong>\u00a0Semestral<br \/>\n<strong>Turno:<\/strong>\u00a0Diurno<br \/>\n<strong>N\u00famero de vagas:<\/strong>\u00a040, com entrada \u00fanica no primeiro semestre de cada ano<br \/>\n<strong>Tempo de integraliza\u00e7\u00e3o:<\/strong>\u00a0refer\u00eancia \u2013 5 anos; m\u00e1ximo \u2013 8 anos<br \/>\n<strong>Carga hor\u00e1ria total:\u00a0<\/strong>3.645 horas<\/p>\n<p>Clique\u00a0<a href=\"https:\/\/www.ufmg.br\/montesclaros\/secretaria-administrativa-dos-colegiados-de-graduacao\/\">aqui<\/a>\u00a0para acessar os contatos do Colegiado de Gradua\u00e7\u00e3o em Engenharia Florestal<\/p>\n<\/div><\/div><\/div><div class=\"ea-card  sp-ea-single\"><h3 class=\"ea-header\"><a class=\"collapsed\" data-sptoggle=\"spcollapse\" data-sptarget=#collapse3261 href=\"javascript:void(0)\"  aria-expanded=\"false\"><i class=\"ea-expand-icon fa fa-plus\"><\/i> Projeto Pedag\u00f3gico<\/a><\/h3><div class=\"sp-collapse spcollapse \" id=\"collapse3261\" data-parent=#sp-ea-326><div class=\"ea-body\"><p><a href=\"https:\/\/www.ufmg.br\/montesclaros\/wp-content\/uploads\/2015\/06\/Projeto-Pedag%C3%B3gico-Eng-Florestal-2012.pdf\" target=\"_blank\" rel=\"noopener\">Projeto Pedag\u00f3gico<\/a><\/p>\n<p><a href=\"https:\/\/www.ufmg.br\/montesclaros\/wp-content\/uploads\/2015\/06\/Grade-Curricular-Vers%C3%A3o-2013-1.pdf\" target=\"_blank\" rel=\"noopener\">Grade Curricular<\/a><\/p>\n<p><a href=\"https:\/\/www.ufmg.br\/montesclaros\/wp-content\/uploads\/2015\/06\/Ementas-Engenharia-Florestal.pdf\" target=\"_blank\" rel=\"noopener\">Ementas das disciplinas<\/a><\/p>\n<\/div><\/div><\/div><div class=\"ea-card  sp-ea-single\"><h3 class=\"ea-header\"><a class=\"collapsed\" data-sptoggle=\"spcollapse\" data-sptarget=#collapse3262 href=\"javascript:void(0)\"  aria-expanded=\"false\"><i class=\"ea-expand-icon fa fa-plus\"><\/i> Normas e Documentos<\/a><\/h3><div class=\"sp-collapse spcollapse \" id=\"collapse3262\" data-parent=#sp-ea-326><div class=\"ea-body\"><p><strong>Normas espec\u00edficas\u00a0<\/strong><\/p>\n<p><a href=\"https:\/\/www.ufmg.br\/montesclaros\/wp-content\/uploads\/2023\/01\/Resolucao-CGEF-01-2022-Atividades-Complementares-Engenharia-Florestal-aprovada-em-26-09-2022-assinado-e-Formulario.pdf\" target=\"_blank\" rel=\"noopener\">Resolu\u00e7\u00e3o CGEF n\u00ba 01-2022 \u2013 Atividades Complementares<\/a><\/p>\n<p><a href=\"https:\/\/www.ufmg.br\/montesclaros\/wp-content\/uploads\/2023\/01\/Resolucao-CGEF-n-01-2019-Reopcao-de-Curso.pdf\" target=\"_blank\" rel=\"noopener\">Resolu\u00e7\u00e3o CGEF n\u00ba 01-2019 \u2013 Reop\u00e7\u00e3o de Curso<\/a><\/p>\n<p>&nbsp;<\/p>\n<\/div><\/div><\/div><div class=\"ea-card  sp-ea-single\"><h3 class=\"ea-header\"><a class=\"collapsed\" data-sptoggle=\"spcollapse\" data-sptarget=#collapse3263 href=\"javascript:void(0)\"  aria-expanded=\"false\"><i class=\"ea-expand-icon fa fa-plus\"><\/i> Laborat\u00f3rios<\/a><\/h3><div class=\"sp-collapse spcollapse \" id=\"collapse3263\" data-parent=#sp-ea-326><div class=\"ea-body\"><div id=\"tabs-4\" class=\"ui-tabs-panel ui-widget-content ui-corner-bottom\" role=\"tabpanel\" aria-labelledby=\"ui-id-4\" aria-expanded=\"true\" aria-hidden=\"false\">\n<div class=\"texto_page\">\n<ul>\n<li>An\u00e1lise de Res\u00edduos para Aproveitamento Agr\u00edcola<\/li>\n<li>Apicultura<\/li>\n<li>Bot\u00e2nica<\/li>\n<li>Bromatologia<\/li>\n<li>\u00a0Silvicultura<\/li>\n<li>\u00a0Hidr\u00e1ulica<\/li>\n<li>\u00a0Inform\u00e1tica<\/li>\n<li>\u00a0Manejo Florestal<\/li>\n<li>Mec\u00e2nica e Mecaniza\u00e7\u00e3o agr\u00edcola<\/li>\n<li>Microbiologia<\/li>\n<li>Microbiologia Aplicada<\/li>\n<li>Microscopia<\/li>\n<li>\u00d3leo e Biotecnologia<\/li>\n<li>Patologia Florestal<\/li>\n<li>Plantas Medicinais<\/li>\n<li>Produ\u00e7\u00e3o de Energia<\/li>\n<li>Propaga\u00e7\u00e3o de Esp\u00e9cies Florestais<\/li>\n<li>Propaga\u00e7\u00e3o de Plantas<\/li>\n<li>Qu\u00edmica<\/li>\n<li>An\u00e1lise de Sementes<\/li>\n<li>Serraria e Marcenaria<\/li>\n<li>Solos<\/li>\n<li>Tecnologia de Alimentos<\/li>\n<li>Viveiro Florestal<\/li>\n<li>Zoologia e Entomologia<\/li>\n<\/ul>\n<\/div>\n<\/div>\n<\/div><\/div><\/div><div class=\"ea-card  sp-ea-single\"><h3 class=\"ea-header\"><a class=\"collapsed\" data-sptoggle=\"spcollapse\" data-sptarget=#collapse3264 href=\"javascript:void(0)\"  aria-expanded=\"false\"><i class=\"ea-expand-icon fa fa-plus\"><\/i> \u00c1rea do aluno<\/a><\/h3><div class=\"sp-collapse spcollapse \" id=\"collapse3264\" data-parent=#sp-ea-326><div class=\"ea-body\"><p><a href=\"https:\/\/www.ufmg.br\/montesclaros\/central-de-atendimento-a-graduacao-cegrad\/\">Acesse aqui a \u00c1rea do Aluno<\/a><\/p>\n<\/div><\/div><\/div><\/div><\/div><\/div>","protected":false},"excerpt":{"rendered":"","protected":false},"author":3,"featured_media":0,"parent":0,"menu_order":0,"comment_status":"closed","ping_status":"closed","template":"","meta":[],"acf":[],"_links":{"self":[{"href":"https:\/\/www.ufmg.br\/montesclaros\/wp-json\/wp\/v2\/pages\/333"}],"collection":[{"href":"https:\/\/www.ufmg.br\/montesclaros\/wp-json\/wp\/v2\/pages"}],"about":[{"href":"https:\/\/www.ufmg.br\/montesclaros\/wp-json\/wp\/v2\/types\/page"}],"author":[{"embeddable":true,"href":"https:\/\/www.ufmg.br\/montesclaros\/wp-json\/wp\/v2\/users\/3"}],"replies":[{"embeddable":true,"href":"https:\/\/www.ufmg.br\/montesclaros\/wp-json\/wp\/v2\/comments?post=333"}],"version-history":[{"count":1,"href":"https:\/\/www.ufmg.br\/montesclaros\/wp-json\/wp\/v2\/pages\/333\/revisions"}],"predecessor-version":[{"id":334,"href":"https:\/\/www.ufmg.br\/montesclaros\/wp-json\/wp\/v2\/pages\/333\/revisions\/334"}],"wp:attachment":[{"href":"https:\/\/www.ufmg.br\/montesclaros\/wp-json\/wp\/v2\/media?parent=333"}],"curies":[{"name":"wp","href":"https:\/\/api.w.org\/{rel}","templated":true}]}}