{"id":335,"date":"2024-03-22T10:46:20","date_gmt":"2024-03-22T13:46:20","guid":{"rendered":"http:\/\/sites-hml.dti.ufmg.br\/ica\/ica-novo\/?page_id=335"},"modified":"2024-03-22T10:46:20","modified_gmt":"2024-03-22T13:46:20","slug":"zootecnia","status":"publish","type":"page","link":"https:\/\/www.ufmg.br\/montesclaros\/zootecnia\/","title":{"rendered":"Zootecnia"},"content":{"rendered":"<div ><style>#sp-ea-328 .spcollapsing { height: 0; overflow: hidden; transition-property: height;transition-duration: 300ms;}#sp-ea-328.sp-easy-accordion>.sp-ea-single {border: 1px solid #e2e2e2; }#sp-ea-328.sp-easy-accordion>.sp-ea-single>.ea-header a {color: #444;}#sp-ea-328.sp-easy-accordion>.sp-ea-single>.sp-collapse>.ea-body {background: #fff; color: #444;}#sp-ea-328.sp-easy-accordion>.sp-ea-single {background: #eee;}#sp-ea-328.sp-easy-accordion>.sp-ea-single>.ea-header a .ea-expand-icon.fa { float: left; color: #444;font-size: 16px;}<\/style><div id=\"sp_easy_accordion-1711114990\"><div id=\"sp-ea-328\" class=\"sp-ea-one sp-easy-accordion\" data-ex-icon=\"fa-minus\" data-col-icon=\"fa-plus\"  data-ea-active=\"ea-click\"  data-ea-mode=\"vertical\" data-preloader=\"\" data-scroll-active-item=\"\" data-offset-to-scroll=\"0\"><div class=\"ea-card ea-expand sp-ea-single\"><h3 class=\"ea-header\"><a class=\"collapsed\" data-sptoggle=\"spcollapse\" data-sptarget=#collapse3280 href=\"javascript:void(0)\"  aria-expanded=\"true\"><i class=\"ea-expand-icon fa fa-minus\"><\/i> Apresenta\u00e7\u00e3o<\/a><\/h3><div class=\"sp-collapse spcollapse collapsed show\" id=\"collapse3280\" data-parent=#sp-ea-328><div class=\"ea-body\"><p>O curso de Zootecnia capacita profissionais para gerir todos os processos relativos \u00e0 produ\u00e7\u00e3o animal. Ofertado desde 2005 na UFMG, o curso tem dura\u00e7\u00e3o de cinco anos. Anualmente, s\u00e3o admitidos 40 alunos, com uma entrada \u00fanica. As disciplinas da gradua\u00e7\u00e3o em Zootecnia s\u00e3o divididas em diversos eixos tem\u00e1ticos, tais como: Ci\u00eancias Exatas, Produ\u00e7\u00e3o Animal, Ci\u00eancias Ambientais e Ci\u00eancias Agron\u00f4micas. Na maioria delas, o aluno ir\u00e1 lidar com as \u00e1reas de Biologia, Qu\u00edmica e Matem\u00e1tica.<\/p>\n<p>O curso de Zootecnia da UFMG tem um forte vi\u00e9s pr\u00e1tico, sendo que desde o in\u00edcio do percurso acad\u00eamico os alunos j\u00e1 t\u00eam disciplinas aplicadas. Para as aulas pr\u00e1ticas, os estudantes disp\u00f5em da\u00a0<a href=\"https:\/\/www.ufmg.br\/montesclaros\/fazenda-experimental\/\">Fazenda Experimental Prof. Hamilton de Abreu Navarro \u2013 FEHAN<\/a>\u00a0de propriedade da Universidade, que est\u00e1 localizada a 7 km do Centro de Montes Claros. Al\u00e9m disto, a UFMG possui conv\u00eanios com produtores e fazendas locais, que tamb\u00e9m oferecem seu espa\u00e7o para a pr\u00e1tica dos alunos.<\/p>\n<p>O Zootecnista ir\u00e1 trabalhar com as atividades de produ\u00e7\u00e3o animal, seja este dom\u00e9stico ou silvestre, buscando um equil\u00edbrio saud\u00e1vel entre o homem e a natureza. Seus locais de trabalho s\u00e3o as empresas agropecu\u00e1rias, feiras, exposi\u00e7\u00f5es, empresas de nutri\u00e7\u00e3o animal e criat\u00f3rios, al\u00e9m de \u00f3rg\u00e3os p\u00fablicos ou privados de pesquisa, ensino e extens\u00e3o.<\/p>\n<div><strong>Caracteriza\u00e7\u00e3o do curso:<\/strong><\/div>\n<div><strong>Modalidade:<\/strong>\u00a0Bacharelado<\/div>\n<div><strong>T\u00edtulo Conferido:<\/strong>\u00a0Zootecnista<\/div>\n<div><strong>Regime:<\/strong>\u00a0Semestral<\/div>\n<div><strong>Turno:<\/strong>\u00a0Diurno<\/div>\n<div><strong>N\u00famero de vagas<\/strong>: 40, com entrada \u00fanica no primeiro semestre de cada ano<\/div>\n<div><strong>Per\u00edodo de integraliza\u00e7\u00e3o:<\/strong>\u00a0m\u00ednimo \u2013 4 anos; refer\u00eancia \u2013 5 anos; m\u00e1ximo \u2013 8 anos<\/div>\n<div><strong>Carga hor\u00e1ria total:<\/strong>\u00a03.630 horas<\/div>\n<div>Clique\u00a0<a href=\"https:\/\/www.ufmg.br\/montesclaros\/secretaria-administrativa-dos-colegiados-de-graduacao\/\">aqui<\/a>\u00a0para acessar os contatos do Colegiado de Gradua\u00e7\u00e3o em Zootecnia<\/div>\n<\/div><\/div><\/div><div class=\"ea-card  sp-ea-single\"><h3 class=\"ea-header\"><a class=\"collapsed\" data-sptoggle=\"spcollapse\" data-sptarget=#collapse3281 href=\"javascript:void(0)\"  aria-expanded=\"false\"><i class=\"ea-expand-icon fa fa-plus\"><\/i> Projeto Pedag\u00f3gico<\/a><\/h3><div class=\"sp-collapse spcollapse \" id=\"collapse3281\" data-parent=#sp-ea-328><div class=\"ea-body\"><p><a href=\"https:\/\/www.ufmg.br\/montesclaros\/wp-content\/uploads\/2024\/03\/Projeto_Pedagogico_de_Curso_FINAL-Nova-versao-curricular.pdf\">Projeto_Pedagogico_de_Curso_FINAL (Nova vers\u00e3o curricular)<\/a><\/p>\n<p><a href=\"https:\/\/www.ufmg.br\/montesclaros\/wp-content\/uploads\/2024\/03\/Matriz-D-20261-Zootecnia-Nova-matriz-curricular.pdf\">Matriz D-20261 Zootecnia (Nova matriz curricular)<\/a><\/p>\n<p><a href=\"https:\/\/www.ufmg.br\/montesclaros\/wp-content\/uploads\/2025\/11\/PPC-Zootecnia-2025.pdf\" target=\"_blank\" rel=\"noopener\">Projeto pedag\u00f3gico<\/a><\/p>\n<p><a href=\"https:\/\/www.ufmg.br\/montesclaros\/wp-content\/uploads\/2025\/11\/Grade-Nova-Zootecnia.pdf\" target=\"_blank\" rel=\"noopener\">Grade Curricular<\/a><\/p>\n<p><a href=\"https:\/\/www.ufmg.br\/montesclaros\/wp-content\/uploads\/2024\/03\/Projeto-Pedagogico-versao-D20139.pdf\">Projeto Pedag\u00f3gico vers\u00e3o D20139<\/a><\/p>\n<p><a href=\"https:\/\/www.ufmg.br\/montesclaros\/wp-content\/uploads\/2024\/03\/Matriz-curricular-versao-D20139.pdf\">Matriz curricular vers\u00e3o D20139<\/a><\/p>\n<p>&nbsp;<\/p>\n<p>&nbsp;<\/p>\n<p>&nbsp;<\/p>\n<\/div><\/div><\/div><div class=\"ea-card  sp-ea-single\"><h3 class=\"ea-header\"><a class=\"collapsed\" data-sptoggle=\"spcollapse\" data-sptarget=#collapse3282 href=\"javascript:void(0)\"  aria-expanded=\"false\"><i class=\"ea-expand-icon fa fa-plus\"><\/i> Normas e Documentos<\/a><\/h3><div class=\"sp-collapse spcollapse \" id=\"collapse3282\" data-parent=#sp-ea-328><div class=\"ea-body\"><p><strong>Normas:<\/strong><\/p>\n<p>Diretrizes para os Curr\u00edculos de Gradua\u00e7\u00e3o da UFMG.<\/p>\n<p><a href=\"https:\/\/www.ufmg.br\/montesclaros\/wp-content\/uploads\/2015\/06\/Normas-de-Graduacao.pdf\" target=\"_blank\" rel=\"noopener\">Normas Acad\u00eamicas \u2013 Resolu\u00e7\u00e3o CEPE 01\/90<\/a><\/p>\n<p>Normas de Est\u00e1gio Curricular;<\/p>\n<p><a href=\"https:\/\/www.ufmg.br\/montesclaros\/wp-content\/uploads\/2015\/06\/Resolucao-ICA-002-2016TCC.pdf\" target=\"_blank\" rel=\"noopener\">Normas de Trabalho de Conclus\u00e3o de Curso \u2013 Resolu\u00e7\u00e3o ICA 002\/201<\/a>6<\/p>\n<p><a href=\"https:\/\/www2.ufmg.br\/prograd\/prograd\/Pro-Reitoria-de-Graduacao\/Estudante\/Programa-de-Mobilidade-Academica\" target=\"_blank\" rel=\"noopener\">Programa de Mobilidade Acad\u00eamica<\/a><\/p>\n<p><a href=\"https:\/\/www.ufmg.br\/montesclaros\/wp-content\/uploads\/2015\/06\/Atividades-de-Intercambio.pdf\" target=\"_blank\" rel=\"noopener\">Resolu\u00e7\u00e3o CEPE 04\/2014 \u2013 Regulamenta a utiliza\u00e7\u00e3o de atividades de interc\u00e2mbio na integraliza\u00e7\u00e3o da carga hor\u00e1ria de Forma\u00e7\u00e3o Complementar Aberta<\/a><\/p>\n<p><a href=\"https:\/\/www.ufmg.br\/montesclaros\/wp-content\/uploads\/2017\/06\/Resolucaon07-2016AproveitamentodeEstudos.pdf\" target=\"_blank\" rel=\"attachment wp-att-1641 noopener\">Resolu\u00e7\u00e3o CEPE 07\/2016 \u2013 Regulamenta o aproveitamento de estudos realizados por estudantes de gradua\u00e7\u00e3o em outras institui\u00e7\u00f5es de ensino superior<\/a><\/p>\n<p><a href=\"https:\/\/www.ufmg.br\/montesclaros\/wp-content\/uploads\/2015\/06\/Exame-de-Comprovacao-de-Conhecimento.pdf\" target=\"_blank\" rel=\"noopener\">Resolu\u00e7\u00e3o CEPE 17\/2014 \u2013 Regulamenta a realiza\u00e7\u00e3o de exame de comprova\u00e7\u00e3o de conhecimentos por estudantes de gradua\u00e7\u00e3o da UFMG<\/a><\/p>\n<p><a href=\"https:\/\/www.ufmg.br\/montesclaros\/wp-content\/uploads\/2015\/06\/Formacao_Transversal.pdf\" target=\"_blank\" rel=\"noopener\">Resolu\u00e7\u00e3o CEPE 19\/2014 \u2013 Regulamenta a oferta de \u201cForma\u00e7\u00e3o Transversal\u201d aos alunos do curso de gradua\u00e7\u00e3o da UFMG<\/a><\/p>\n<p><a href=\"https:\/\/www.ufmg.br\/montesclaros\/wp-content\/uploads\/2015\/06\/Formacao_Avancada.pdf\" target=\"_blank\" rel=\"noopener\">Resolu\u00e7\u00e3o CEPE 18\/2014 \u2013 Regulamenta Grupos de Disciplinas de Forma\u00e7\u00e3o Avan\u00e7ada<\/a><\/p>\n<p>&nbsp;<\/p>\n<p><strong>Formul\u00e1rios<\/strong><\/p>\n<p><a href=\"https:\/\/www.ufmg.br\/montesclaros\/wp-content\/uploads\/2015\/06\/Aproveitamento_de_Estudos.pdf\" target=\"_blank\" rel=\"noopener\">Aproveitamento de Estudos<\/a><\/p>\n<p><a href=\"https:\/\/www.ufmg.br\/montesclaros\/wp-content\/uploads\/2015\/06\/Disciplina_Isolada.pdf\" target=\"_blank\" rel=\"noopener\">Disciplina Isolada<\/a><\/p>\n<p><a href=\"https:\/\/www.ufmg.br\/montesclaros\/wp-content\/uploads\/2015\/06\/form-1_Tranc-PARCIAL.pdf\" target=\"_blank\" rel=\"noopener\">Trancamento Parcial de Matricula<\/a><\/p>\n<p><a href=\"https:\/\/www.ufmg.br\/montesclaros\/wp-content\/uploads\/2015\/06\/Trancamento_Total.pdf\" target=\"_blank\" rel=\"noopener\">Trancamento Total de Matr\u00edcula<\/a><\/p>\n<p><a href=\"https:\/\/www.ufmg.br\/montesclaros\/wp-content\/uploads\/2015\/06\/Regime_Especial.pdf\" target=\"_blank\" rel=\"noopener\">Regime Especial<\/a><\/p>\n<p><a href=\"https:\/\/www.ufmg.br\/montesclaros\/wp-content\/uploads\/2015\/06\/REQUERIMENTO-2-CHAMADA.pdf\" target=\"_blank\" rel=\"noopener\">Requerimento 2\u00aa Chamada<\/a><\/p>\n<p><a href=\"https:\/\/www.ufmg.br\/montesclaros\/wp-content\/uploads\/2019\/04\/Formulario-SCG-02-Rev-01-Requerimento-Formacao-Livre.pdf\" target=\"_blank\" rel=\"noopener\">Requerimemento Dispensa de Carga Hor\u00e1ria de Forma\u00e7\u00e3o Livre<\/a><\/p>\n<p>Ementas das disciplinas<\/p>\n<\/div><\/div><\/div><div class=\"ea-card  sp-ea-single\"><h3 class=\"ea-header\"><a class=\"collapsed\" data-sptoggle=\"spcollapse\" data-sptarget=#collapse3283 href=\"javascript:void(0)\"  aria-expanded=\"false\"><i class=\"ea-expand-icon fa fa-plus\"><\/i> Laborat\u00f3rios<\/a><\/h3><div class=\"sp-collapse spcollapse \" id=\"collapse3283\" data-parent=#sp-ea-328><div class=\"ea-body\"><p><a href=\"https:\/\/www.ufmg.br\/montesclaros\/?laboratorio=laboratorio-de-quimica-instrumental\">Laborat\u00f3rio de Qu\u00edmica<\/a><\/p>\n<p><a href=\"https:\/\/www.ufmg.br\/montesclaros\/?laboratorio=desenho-tecnico\">Laborat\u00f3rio de Desenho t\u00e9cnico<\/a><\/p>\n<p>&nbsp;<\/p>\n<p><a href=\"https:\/\/www.ufmg.br\/montesclaros\/?laboratorio=botanica-e-fisiologia-vegetal\">Laborat\u00f3rio de\u00a0Bot\u00e2nica\u00a0<\/a><\/p>\n<p><a href=\"https:\/\/www.ufmg.br\/montesclaros\/?laboratorio=sanidade-animal\">Laborat\u00f3rio de\u00a0Sanidade Animal<\/a><\/p>\n<p><a href=\"https:\/\/www.ufmg.br\/montesclaros\/?laboratorio=bromatologia\">Laborat\u00f3rio de\u00a0Bromatologia<\/a><\/p>\n<p><a href=\"https:\/\/www.ufmg.br\/montesclaros\/?laboratorio=laboratorio-1\">Laborat\u00f3rio de\u00a0Apicultura<\/a><\/p>\n<p><a href=\"https:\/\/www.ufmg.br\/montesclaros\/?laboratorio=informatica\">Laborat\u00f3rio de\u00a0Inform\u00e1tica<\/a><\/p>\n<p>&nbsp;<\/p>\n<p><a href=\"https:\/\/www.ufmg.br\/montesclaros\/?laboratorio=reproducao-animal\">Laborat\u00f3rio de\u00a0Reprodu\u00e7\u00e3o Animal<\/a><\/p>\n<p><a href=\"https:\/\/www.ufmg.br\/montesclaros\/?laboratorio=setor-de-poedeiras-da-fehan\">Laborat\u00f3rio de Poedeiras<\/a><\/p>\n<p><a href=\"https:\/\/www.ufmg.br\/montesclaros\/?laboratorio=setor-de-coturnicultura-da-fehan\">Laborat\u00f3rio de Coturnicultura<\/a><\/p>\n<p><a href=\"https:\/\/www.ufmg.br\/montesclaros\/?laboratorio=setor-de-cunicultura-da-fehan\">Laborat\u00f3rio de Cunicultura<\/a><\/p>\n<p><a href=\"https:\/\/www.ufmg.br\/montesclaros\/?laboratorio=laboratorio-de-piscicultura\">Laborat\u00f3rio de\u00a0Piscicultura<\/a><\/p>\n<\/div><\/div><\/div><div class=\"ea-card  sp-ea-single\"><h3 class=\"ea-header\"><a class=\"collapsed\" data-sptoggle=\"spcollapse\" data-sptarget=#collapse3284 href=\"javascript:void(0)\"  aria-expanded=\"false\"><i class=\"ea-expand-icon fa fa-plus\"><\/i> \u00c1rea do aluno<\/a><\/h3><div class=\"sp-collapse spcollapse \" id=\"collapse3284\" data-parent=#sp-ea-328><div class=\"ea-body\"><p><a href=\"https:\/\/www.ufmg.br\/montesclaros\/central-de-atendimento-a-graduacao-cegrad\/\">Acesse aqui a \u00c1rea do Aluno<\/a><\/p>\n<\/div><\/div><\/div><\/div><\/div><\/div>","protected":false},"excerpt":{"rendered":"","protected":false},"author":3,"featured_media":0,"parent":0,"menu_order":0,"comment_status":"closed","ping_status":"closed","template":"","meta":[],"acf":[],"_links":{"self":[{"href":"https:\/\/www.ufmg.br\/montesclaros\/wp-json\/wp\/v2\/pages\/335"}],"collection":[{"href":"https:\/\/www.ufmg.br\/montesclaros\/wp-json\/wp\/v2\/pages"}],"about":[{"href":"https:\/\/www.ufmg.br\/montesclaros\/wp-json\/wp\/v2\/types\/page"}],"author":[{"embeddable":true,"href":"https:\/\/www.ufmg.br\/montesclaros\/wp-json\/wp\/v2\/users\/3"}],"replies":[{"embeddable":true,"href":"https:\/\/www.ufmg.br\/montesclaros\/wp-json\/wp\/v2\/comments?post=335"}],"version-history":[{"count":1,"href":"https:\/\/www.ufmg.br\/montesclaros\/wp-json\/wp\/v2\/pages\/335\/revisions"}],"predecessor-version":[{"id":336,"href":"https:\/\/www.ufmg.br\/montesclaros\/wp-json\/wp\/v2\/pages\/335\/revisions\/336"}],"wp:attachment":[{"href":"https:\/\/www.ufmg.br\/montesclaros\/wp-json\/wp\/v2\/media?parent=335"}],"curies":[{"name":"wp","href":"https:\/\/api.w.org\/{rel}","templated":true}]}}