{"id":344,"date":"2024-03-22T10:47:38","date_gmt":"2024-03-22T13:47:38","guid":{"rendered":"http:\/\/sites-hml.dti.ufmg.br\/ica\/ica-novo\/?page_id=344"},"modified":"2024-03-22T10:47:38","modified_gmt":"2024-03-22T13:47:38","slug":"portaria-e-vigilancia","status":"publish","type":"page","link":"https:\/\/www.ufmg.br\/montesclaros\/portaria-e-vigilancia\/","title":{"rendered":"Portaria e Vigil\u00e2ncia"},"content":{"rendered":"<div ><style>#sp-ea-337 .spcollapsing { height: 0; overflow: hidden; transition-property: height;transition-duration: 300ms;}#sp-ea-337.sp-easy-accordion>.sp-ea-single {border: 1px solid #e2e2e2; }#sp-ea-337.sp-easy-accordion>.sp-ea-single>.ea-header a {color: #444;}#sp-ea-337.sp-easy-accordion>.sp-ea-single>.sp-collapse>.ea-body {background: #fff; color: #444;}#sp-ea-337.sp-easy-accordion>.sp-ea-single {background: #eee;}#sp-ea-337.sp-easy-accordion>.sp-ea-single>.ea-header a .ea-expand-icon.fa { float: left; color: #444;font-size: 16px;}<\/style><div id=\"sp_easy_accordion-1711115180\"><div id=\"sp-ea-337\" class=\"sp-ea-one sp-easy-accordion\" data-ex-icon=\"fa-minus\" data-col-icon=\"fa-plus\"  data-ea-active=\"ea-click\"  data-ea-mode=\"vertical\" data-preloader=\"\" data-scroll-active-item=\"\" data-offset-to-scroll=\"0\"><div class=\"ea-card ea-expand sp-ea-single\"><h3 class=\"ea-header\"><a class=\"collapsed\" data-sptoggle=\"spcollapse\" data-sptarget=#collapse3370 href=\"javascript:void(0)\"  aria-expanded=\"true\"><i class=\"ea-expand-icon fa fa-minus\"><\/i> Apresenta\u00e7\u00e3o<\/a><\/h3><div class=\"sp-collapse spcollapse collapsed show\" id=\"collapse3370\" data-parent=#sp-ea-337><div class=\"ea-body\"><p>O setor de Portaria e Vigil\u00e2ncia \u00e9 respons\u00e1vel pelo monitoramento e acesso ao\u00a0<em>Campus<\/em>\u00a0Montes Claros.<\/p>\n<p>Respons\u00e1vel: Luciano Vieira Lima \u2013 Telefone: (38) 2101-7769 \/ 7780<\/p>\n<p>Guarita:\u00a0\u00a0(38) 2101-7737<\/p>\n<p>Portaria do Bloco A: (38) 2101-7740<\/p>\n<p>Portaria do Bloco C: (38) 2101-7761<\/p>\n<p>Portaria do CAAD:\u00a0(38) 2101-7797<\/p>\n<\/div><\/div><\/div><div class=\"ea-card  sp-ea-single\"><h3 class=\"ea-header\"><a class=\"collapsed\" data-sptoggle=\"spcollapse\" data-sptarget=#collapse3371 href=\"javascript:void(0)\"  aria-expanded=\"false\"><i class=\"ea-expand-icon fa fa-plus\"><\/i> Normas e Formul\u00e1rios<\/a><\/h3><div class=\"sp-collapse spcollapse \" id=\"collapse3371\" data-parent=#sp-ea-337><div class=\"ea-body\"><p><a href=\"https:\/\/www.ufmg.br\/montesclaros\/wp-content\/uploads\/2024\/03\/2.-Formulario-Autorizacao-de-Entrada-e-Saida-de-itens-pela-Portaria.pdf\">Formul\u00e1rio Autoriza\u00e7\u00e3o de Entrada e Sa\u00edda de itens pela Portaria<\/a><\/p>\n<\/div><\/div><\/div><\/div><\/div><\/div>","protected":false},"excerpt":{"rendered":"","protected":false},"author":3,"featured_media":0,"parent":0,"menu_order":0,"comment_status":"closed","ping_status":"closed","template":"","meta":[],"acf":[],"_links":{"self":[{"href":"https:\/\/www.ufmg.br\/montesclaros\/wp-json\/wp\/v2\/pages\/344"}],"collection":[{"href":"https:\/\/www.ufmg.br\/montesclaros\/wp-json\/wp\/v2\/pages"}],"about":[{"href":"https:\/\/www.ufmg.br\/montesclaros\/wp-json\/wp\/v2\/types\/page"}],"author":[{"embeddable":true,"href":"https:\/\/www.ufmg.br\/montesclaros\/wp-json\/wp\/v2\/users\/3"}],"replies":[{"embeddable":true,"href":"https:\/\/www.ufmg.br\/montesclaros\/wp-json\/wp\/v2\/comments?post=344"}],"version-history":[{"count":1,"href":"https:\/\/www.ufmg.br\/montesclaros\/wp-json\/wp\/v2\/pages\/344\/revisions"}],"predecessor-version":[{"id":345,"href":"https:\/\/www.ufmg.br\/montesclaros\/wp-json\/wp\/v2\/pages\/344\/revisions\/345"}],"wp:attachment":[{"href":"https:\/\/www.ufmg.br\/montesclaros\/wp-json\/wp\/v2\/media?parent=344"}],"curies":[{"name":"wp","href":"https:\/\/api.w.org\/{rel}","templated":true}]}}