{"id":351,"date":"2024-03-22T10:59:24","date_gmt":"2024-03-22T13:59:24","guid":{"rendered":"http:\/\/sites-hml.dti.ufmg.br\/ica\/ica-novo\/?page_id=351"},"modified":"2025-01-15T16:14:56","modified_gmt":"2025-01-15T19:14:56","slug":"cursos-graduacao","status":"publish","type":"page","link":"https:\/\/www.ufmg.br\/montesclaros\/cursos-graduacao\/","title":{"rendered":"Cursos &#8211; Gradua\u00e7\u00e3o"},"content":{"rendered":"\n<p><a href=\"https:\/\/www.ufmg.br\/montesclaros\/administracao\/\" data-type=\"page\">Administra\u00e7\u00e3o<\/a><\/p>\n\n\n\n<p><a href=\"https:\/\/www.ufmg.br\/montesclaros\/agronomia\/\" data-type=\"page\">Agronomia<\/a><\/p>\n\n\n\n<p><a href=\"https:\/\/www.ufmg.br\/montesclaros\/engenharia-agricola-e-ambiental\/\" data-type=\"page\">Engenharia Agr\u00edcola e Ambiental<\/a><\/p>\n\n\n\n<p><a href=\"https:\/\/www.ufmg.br\/montesclaros\/engenharia-de-alimentos\/\" data-type=\"page\">Engenharia de Alimentos<\/a><\/p>\n\n\n\n<p><a href=\"https:\/\/www.ufmg.br\/montesclaros\/engenharia-florestal\/\" data-type=\"page\">Engenharia Florestal<\/a><\/p>\n\n\n\n<p><a href=\"https:\/\/www.ufmg.br\/montesclaros\/licenciatura-em-ciencias-da-natureza-e-licenciatura-em-matematica\/\" data-type=\"URL\" data-id=\"https:\/\/www.ufmg.br\/montesclaros\/licenciatura-em-ciencias-da-natureza-e-licenciatura-em-matematica\/\">Licenciatura em Ci\u00eancias da Natureza e Licenciatura em Matem\u00e1tica<\/a><\/p>\n\n\n\n<p> <a href=\"https:\/\/www.ufmg.br\/montesclaros\/zootecnia\/\" data-type=\"page\">Zootecnia<\/a><\/p>\n","protected":false},"excerpt":{"rendered":"<p>Administra\u00e7\u00e3o Agronomia Engenharia Agr\u00edcola e Ambiental Engenharia de Alimentos Engenharia Florestal Licenciatura em Ci\u00eancias da Natureza e Licenciatura em Matem\u00e1tica Zootecnia<\/p>\n","protected":false},"author":3,"featured_media":0,"parent":0,"menu_order":0,"comment_status":"closed","ping_status":"closed","template":"","meta":[],"acf":[],"_links":{"self":[{"href":"https:\/\/www.ufmg.br\/montesclaros\/wp-json\/wp\/v2\/pages\/351"}],"collection":[{"href":"https:\/\/www.ufmg.br\/montesclaros\/wp-json\/wp\/v2\/pages"}],"about":[{"href":"https:\/\/www.ufmg.br\/montesclaros\/wp-json\/wp\/v2\/types\/page"}],"author":[{"embeddable":true,"href":"https:\/\/www.ufmg.br\/montesclaros\/wp-json\/wp\/v2\/users\/3"}],"replies":[{"embeddable":true,"href":"https:\/\/www.ufmg.br\/montesclaros\/wp-json\/wp\/v2\/comments?post=351"}],"version-history":[{"count":7,"href":"https:\/\/www.ufmg.br\/montesclaros\/wp-json\/wp\/v2\/pages\/351\/revisions"}],"predecessor-version":[{"id":2217,"href":"https:\/\/www.ufmg.br\/montesclaros\/wp-json\/wp\/v2\/pages\/351\/revisions\/2217"}],"wp:attachment":[{"href":"https:\/\/www.ufmg.br\/montesclaros\/wp-json\/wp\/v2\/media?parent=351"}],"curies":[{"name":"wp","href":"https:\/\/api.w.org\/{rel}","templated":true}]}}