{"id":3654,"date":"2025-06-03T08:24:41","date_gmt":"2025-06-03T11:24:41","guid":{"rendered":"https:\/\/www.ufmg.br\/montesclaros\/?page_id=3654"},"modified":"2025-06-03T14:37:31","modified_gmt":"2025-06-03T17:37:31","slug":"trabalhos-de-conclusao-de-curso-2023","status":"publish","type":"page","link":"https:\/\/www.ufmg.br\/montesclaros\/trabalhos-de-conclusao-de-curso-2023\/","title":{"rendered":"Trabalhos de Conclus\u00e3o de Curso &#8211; 2023"},"content":{"rendered":"\n<p><strong>Trabalhos de Conclus\u00e3o de Curso &#8211; 2023\/1<\/strong><\/p>\n\n\n\n<p><strong>Curso: Administra\u00e7\u00e3o<\/strong><\/p>\n\n\n\n<figure class=\"wp-block-table\"><table><tbody><tr><td><strong>Discente<\/strong><\/td><td><strong>T\u00edtulo<\/strong><\/td><td><strong>Orientador<\/strong><\/td><\/tr><tr><td><a href=\"..\/tccs\/2023\/TCC-AndressaMirianMirandaSerafim.pdf\">Andressa Mirian Miranda Serafim<\/a><\/td><td>INFLU\u00caNCIA DE VALORES PESSOAIS NO PERFIL FINANCEIRO INDIVIDUAL<\/td><td>Andr\u00e9 Luiz Mendes<br>Athayde<\/td><\/tr><tr><td><a href=\"..\/tccs\/2023\/TCC-DeniseVelosoBrito.pdf\" data-type=\"URL\" data-id=\"..\/tccs\/2023\/TCC-DeniseVelosoBrito.pdf\">Denise Veloso Brito<\/a><\/td><td>Avalia\u00e7\u00e3o da qualidade do servi\u00e7o de transporte p\u00fablico urbano: percep\u00e7\u00e3o de graduandos da Universidade Federal<br>de Minas Gerais \u2013 Campus Montes Claros<\/td><td>Giovanni Campos Fonseca<\/td><\/tr><tr><td><a href=\"..\/tccs\/2023\/TCC-GabrielaOliveiraSilva.pdf\" data-type=\"URL\" data-id=\"..\/tccs\/2023\/TCC-GabrielaOliveiraSilva.pdf\">Gabriela Oliveira Silva<\/a><\/td><td>PERFORMANCE DO VALUATION DA SUZANO S.A: Um estudo de caso da reorganiza\u00e7\u00e3o societ\u00e1ria<\/td><td>Handerson Leonidas<br>Sales<\/td><\/tr><\/tbody><\/table><\/figure>\n\n\n\n<p><strong>Curso: Agronomia<\/strong><\/p>\n\n\n\n<figure class=\"wp-block-table\"><table><tbody><tr><td><strong>Discente<\/strong><\/td><td><strong>T\u00edtulo<\/strong><\/td><td><strong>Orientador<\/strong><\/td><\/tr><tr><td><a href=\"..\/tccs\/2023\/TCC-DouglasMarquesResende.pdf\">Douglas Marques Resende<\/a><\/td><td>Impactos Ambientais Causados por Usinas Fotovoltaicas na Regi\u00e3o Norte de Minas Gerais<\/td><td>Maria Auxiliadora Pereira Figueiredo<\/td><\/tr><tr><td><a href=\"..\/tccs\/2023\/TCC-IzabelaSouzaBrito.pdf\" data-type=\"URL\" data-id=\"..\/tccs\/2023\/TCC-IzabelaSouzaBrito.pdf\">Izabela Souza Brito<\/a><\/td><td>CRESCIMENTO DE PL\u00c2NTULAS DE COQUINHO-AZEDO<br>ADUBADAS COM EXTRATO DE ALGAS<\/td><td>Paulo S\u00e9rgio Nascimento<br>Lopes<\/td><\/tr><tr><td><a href=\"..\/tccs\/2023\/TCC-NaiaraCostaLimaGoncalves.pdf\" data-type=\"URL\" data-id=\"..\/tccs\/2023\/TCC-NaiaraCostaLimaGoncalves.pdf\">Naiara Costa Lima Goncalves<\/a><\/td><td>PRODU\u00c7\u00c3O DE MUDAS DE ALFACE COM COMPOSTOS DE RES\u00cdDUOS ALIMENTARES<\/td><td>C\u00e2ndido Alves da Costa<\/td><\/tr><tr><td><a href=\"..\/tccs\/2023\/TCC-ViktorQueirozdeOliveira.pdf\">Viktor Queiroz de Oliveira<\/a><\/td><td>SOFTWARE PARA GERENCIAMENTO DOS DADOS DE AN\u00c1LISES DE SOLO EM MINAS GERAIS<\/td><td>Luiz Arnaldo Fernandes<\/td><\/tr><tr><td><a href=\"..\/tccs\/2023\/TCC-ViniciusFelixMendes.pdf\" data-type=\"URL\" data-id=\"..\/tccs\/2023\/TCC-ViniciusFelixMendes.pdf\">Vinicius Felix Mendes<\/a><\/td><td>ADITIVOS NUTRICIONAIS ALTERNATIVOS AO USO DA RACTOPAMINA SOBRE AS CARACTER\u00cdSTICAS DE CARCA\u00c7A DE SU\u00cdNOS<\/td><td>Bruno Alexander Silva Nunes<\/td><\/tr><\/tbody><\/table><\/figure>\n\n\n\n<p><strong>Curso: <\/strong>Engenharia de Alimentos<\/p>\n\n\n\n<figure class=\"wp-block-table\"><table><tbody><tr><td><strong>Discente<\/strong><\/td><td><strong>T\u00edtulo<\/strong><\/td><td><strong>Orientador<\/strong><\/td><\/tr><tr><td><a href=\"..\/tccs\/2023\/TCC-JonatasFerreiraSantanadosSantos.pdf\" data-type=\"URL\" data-id=\"..\/tccs\/2023\/TCC-JonatasFerreiraSantanadosSantos.pdf\">Jonatas Ferreira Santana dos Santos<\/a><\/td><td>MICROENCAPSULA\u00c7\u00c3O: TECNOLOGIA E APLICA\u00c7\u00d5ES INDUSTRIAIS<\/td><td>Jana\u00edna Teles de Faria<\/td><\/tr><\/tbody><\/table><\/figure>\n\n\n\n<p><strong>Curso: <\/strong>Engenharia Florestal<\/p>\n\n\n\n<figure class=\"wp-block-table\"><table><tbody><tr><td><strong>Discente<\/strong><\/td><td><strong>T\u00edtulo<\/strong><\/td><td><strong>Orientador<\/strong><\/td><\/tr><tr><td><a href=\"..\/tccs\/2023\/TCC-KamilaGoncalvesSoares.pdf\" data-type=\"URL\" data-id=\"..\/tccs\/2023\/TCC-KamilaGoncalvesSoares.pdf\">Kamila Gon\u00e7alves Soares<\/a><\/td><td>\u00d3LEOS ESSENCIAIS E HOMEOPATIA AFETAM A GERMINA\u00c7\u00c3O E CRESCIMENTO INICIAL DE FAVA D\u2019ANTA?<\/td><td>Ernane Ronie Martins<\/td><\/tr><tr><td><a href=\"..\/tccs\/2023\/TCC-LorenaMoutinhoCostaOrnelasRios.pdf\" data-type=\"URL\" data-id=\"..\/tccs\/2023\/TCC-LorenaMoutinhoCostaOrnelasRios.pdf\">Lorena Moutinho Costa Ornelas Rios<\/a><\/td><td>ZONA DE AMORTECIMENTO DO PARQUE ESTADUAL DA LAPA GRANDE: EFETIVIDADE DA PROTE\u00c7\u00c3O DAS \u00c1REAS DE CERRADO STRICTO SENSU<\/td><td>Christian Dias Cabacinha<\/td><\/tr><\/tbody><\/table><\/figure>\n\n\n\n<p><\/p>\n\n\n\n<p><strong>Curso: <\/strong>Zootecnia<\/p>\n\n\n\n<figure class=\"wp-block-table\"><table><tbody><tr><td><strong>Discente<\/strong><\/td><td><strong>T\u00edtulo<\/strong><\/td><td><strong>Orientador<\/strong><\/td><\/tr><tr><td><a href=\"..\/tccs\/2023\/TCC-BrunaFreitasdeSouza.pdf\" data-type=\"URL\" data-id=\"..\/tccs\/2023\/TCC-BrunaFreitasdeSouza.pdf\">Bruna Freitas de Souza<\/a><\/td><td>Manejo alimentar e principais dist\u00farbios metab\u00f3licos de em bovinos confinados<\/td><td>L\u00edvia Vieira de Barros<\/td><\/tr><tr><td><a href=\"..\/tccs\/2023\/TCC-CarolineMariadeJesusRamos.pdf\" data-type=\"URL\" data-id=\"..\/tccs\/2023\/TCC-CarolineMariadeJesusRamos.pdf\">Caroline Maria de Jesus Ramos<\/a><\/td><td>MEDIDAS MORFOM\u00c9TRICAS DE BEZERROS LEITEIROS ALIMENTADOS COM FARINHA<br>DE BARU<\/td><td>Luciana Castro Gerassev<\/td><\/tr><tr><td><a href=\"..\/tccs\/2023\/TCC-IngridSouzaSilva.pdf\" data-type=\"URL\" data-id=\"..\/tccs\/2023\/TCC-IngridSouzaSilva.pdf\">Ingrid Souza Silva<\/a><\/td><td>VALOR NUTRITIVO DE GEN\u00d3TIPOS DE UROCHLOA sp. EM<br>DIFERENTES PER\u00cdODOS NO ANO<\/td><td>Thiago Gomes dos Santos Braz<\/td><\/tr><tr><td><a href=\"..\/tccs\/2023\/TCC-ThainaAlvesFroes.pdf\" data-type=\"URL\" data-id=\"..\/tccs\/2023\/TCC-ThainaAlvesFroes.pdf\">Thain\u00e1 Alves Froes<\/a><\/td><td>VIABILIDADE ECON\u00d4MICA DA INCLUS\u00c3O DA FARINHA DE<br>BARU NA DIETA DE BEZERROS LEITEIROS<\/td><td>Luciana Castro Geraseev<\/td><\/tr><\/tbody><\/table><\/figure>\n\n\n\n<p><\/p>\n\n\n\n<p><strong>Trabalhos de Conclus\u00e3o de Curso &#8211; 2023\/2<\/strong><\/p>\n\n\n\n<p><strong>Curso: Administra\u00e7\u00e3o<\/strong><\/p>\n\n\n\n<figure class=\"wp-block-table\"><table><tbody><tr><td><strong>Discente<\/strong><\/td><td><strong>T\u00edtulo<\/strong><\/td><td><strong>Orientador<\/strong><\/td><\/tr><tr><td><a href=\"..\/tccs\/2023\/TCC-AleffFonsecaReis.pdf\">Aleff Fonseca Reis<\/a><\/td><td>VIESES DO COMPORTAMENTO FINANCEIRO DOS ESTUDANTES DE ADMINISTRA\u00c7\u00c3O DA UNIVERSIDADE FEDERAL DE MINAS GERAIS- Campus Montes Claros<\/td><td>Handerson Le\u00f4nidas Sales<\/td><\/tr><tr><td><a href=\"..\/tccs\/2023\/TCC-BrenoHenriqueSouzaJorge.pdf\">Breno Henrique Souza Jorge<\/a><\/td><td>A ESTRUTURA DE OLIGOP\u00d3LIOS EDUCACIONAIS: AN\u00c1LISE DOCUMENTAL ACERCA DE AQUISI\u00c7\u00d5ES DO GRUPO AFYA NA CIDADE DE MONTES CLAROS<\/td><td>Helder dos Anjos Augusto<\/td><\/tr><tr><td><a href=\"..\/tccs\/2023\/TCC-DeraldoViniciusLopes.pdf\">Deraldo Vinicius Lopes<\/a><\/td><td>INCLUS\u00c3O DA PESSOA COM DEFICI\u00caNCIA (PcD) NO MERCADO DE TRABALHO EM MONTES CLAROS-MG: cen\u00e1rio e perspectivas<\/td><td>Andr\u00e9 Luiz Mendes Athayde<\/td><\/tr><tr><td><a href=\"..\/tccs\/2023\/TCC-EmanuelJunioAvelinoSouza.pdf\">Emanuel Junio Avelino Souza<\/a><\/td><td>AN\u00c1LISE DA PERCEP\u00c7\u00c3O DOS PARTICIPANTES SOBRE AS PR\u00c1TICAS DO PROCESSO DE AUDITORIA NO FUNDO DE SA\u00daDE DO EX\u00c9RCITO DO 55\u00ba BATALH\u00c3O DE INFANTARIA EM MONTES CLAROS- MG<\/td><td>Giovanni Campos Fonseca<\/td><\/tr><tr><td><a href=\"..\/tccs\/2023\/TCC-GabrielyDiasCosta.pdf\">Gabriely Dias Costa<\/a><\/td><td>AN\u00c1LISE ECON\u00d4MICO-FINANCEIRA DAS INSTITUI\u00c7\u00d5ES DE ENSINO SUPERIOR LISTADAS NA B3<\/td><td>Lucineia Lopes Bahia Ribeiro<\/td><\/tr><tr><td><a href=\"..\/tccs\/2023\/TCC-IsisParvatiQuirinodeCarvalho.pdf\">Isis Parvati Quirino de Carvalho<\/a><\/td><td>TRANSTORNO DO ESPECTRO AUTISTA (TEA) E O EMPREENDEDORISMO: uma op\u00e7\u00e3o de inser\u00e7\u00e3o no mercado de trabalho<\/td><td>Dalton Rocha Pereira<\/td><\/tr><tr><td><a href=\"..\/tccs\/2023\/TCC-IzaMaryFerreiradeJesus.pdf\">Iza Mary Ferreira de Jesus<\/a><\/td><td>IMPORT\u00c2NCIA DA EXTENS\u00c3O UNIVERSIT\u00c1RIA NA TRAJET\u00d3RIA ACAD\u00caMICA DOS ESTUDANTES DE GRADUA\u00c7\u00c3O NO INSTITUTO DE CI\u00caNCIAS AGR\u00c1RIAS DA UNIVERSIDADE FEDERAL DE MINAS GERAIS<\/td><td>Frederico Ant\u00f4nio Mineiro Lopes<\/td><\/tr><tr><td><a href=\"..\/tccs\/2023\/TCC-Jos\u00e9KenedyRosaSouza.pdf\">Jos\u00e9 Kenedy Rosa Souza<\/a><\/td><td>PROPOSTAS DE MELHORIAS NOS PROCESSOS MOVIMENTA\u00c7\u00c3O INTERNA DE MATERIAIS: Um estudo de caso na Cooperativa Riobranquense de Transportes<\/td><td>Fausto Makishi<\/td><\/tr><tr><td><a href=\"..\/tccs\/2023\/TCC-JuliaLaugthonDuranteDangelis.pdf\">Julia Laughton Durante Dangelis<\/a><\/td><td>TRABALHO DOCENTE E COVID-19: an\u00e1lise da literatura cient\u00edfica sobre repercuss\u00f5es da pandemia na sa\u00fade mental de professores do ensino superior<\/td><td>Giovanni Campos Fonseca<\/td><\/tr><tr><td><a href=\"..\/tccs\/2023\/TCC-LarissaKeziaQuaresmaSilva.pdf\">Larissa Kezia Quaresma Silva<\/a><\/td><td>An\u00e1lise do Conhecimento do C\u00f3digo de \u00c9tica Profissional da Administra\u00e7\u00e3o (CEPA) por parte dos Discentes do Curso de Administra\u00e7\u00e3o da Universidade Federal de Minas Gerais \u2013 Campus Montes Claros<\/td><td>Frederico Ant\u00f4nio Mineiro Lopes<\/td><\/tr><tr><td><a href=\"..\/tccs\/2023\/TCC-LorenaPatriciaLiberto.pdf\">Lorena Patricia Liberto<\/a><\/td><td>AN\u00c1LISE DOS IMPACTOS DA COVID-19 NA GEST\u00c3O DA ALA PEDI\u00c1TRICA DE UM HOSPITAL EM MONTES CLAROS-MG<\/td><td>Dalton Rocha Pereira<\/td><\/tr><tr><td><a href=\"..\/tccs\/2023\/TCC-LuisFelipeAlencarGuimaraes.pdf\">Luis Felipe Alencar Guimaraes<\/a><\/td><td>AN\u00c1LISE DAS COMPET\u00caNCIAS MAIS VALORIZADAS POR UMA EMPRESA DE GRANDE PORTE: Um estudo das filiais de uma multinacional farmac\u00eautica na Dinamarca e nos Estados Unidos<\/td><td>Andr\u00e9 Luiz Mendes Athayde<\/td><\/tr><tr><td><a href=\"..\/tccs\/2023\/TCC-MariaCec\u00edliaMedeirosBatista.pdf\">Maria Cecilia Medeiros Batista<\/a><\/td><td>O CANDIDATO QUE N\u00c3O SERVE: an\u00e1lise das perspectivas de recrutadores sobre feedback a candidatos n\u00e3o aprovados no processo seletivo<\/td><td>Cledinaldo Aparecido Dias<\/td><\/tr><tr><td><a href=\"..\/tccs\/2023\/TCC-OliveiraMarcioMarques.pdf\">Oliveira Marcio Marques<\/a><\/td><td>PRIM\u00d3RDIOS DO ENSINO DE ADMINISTRA\u00c7\u00c3O NO BRASIL P\u00d3S-SEGUNDA GUERRA MUNDIAL<\/td><td>H\u00e9lder dos Anjos Augusto<\/td><\/tr><tr><td><a href=\"..\/tccs\/2023\/TCC-SabrinaBetaniaFonseca.pdf\">Sabrina Betania Fonseca<\/a><\/td><td>DESEMPENHO DO SETOR COMERCIAL DE UMA IND\u00daSTRIA DO RAMO DE SANEAMENTO EM MONTES CLAROS \u2013 MG AP\u00d3S A IMPLANTA\u00c7\u00c3O DE UM SISTEMA DE GEST\u00c3O DA QUALIDADE<\/td><td>Giovanni Campos Fonseca<\/td><\/tr><tr><td><a href=\"..\/tccs\/2023\/TCC-SamirBernardinoCastro.pdf\">Samir Bernadino Castro<\/a><\/td><td>AN\u00c1LISE DO MONITORAMENTO DE TEMPERATURA NA DISTRIBUI\u00c7\u00c3O DE VACINAS POR UMA IND\u00daSTRIA FARMAC\u00caUTICA EM MINAS GERAIS<\/td><td>Andr\u00e9 Luiz Mendes Athayde<\/td><\/tr><tr><td><a href=\"..\/tccs\/2023\/TCC-VitorFonsecaOliveira.pdf\">Vitor Fonseca Oliveira<\/a><\/td><td>EMPREENDEDORISMO NO AMBIENTE ACAD\u00caMICO: uma an\u00e1lise da percep\u00e7\u00e3o de integrantes do n\u00facleo de empreendedorismo universit\u00e1rio da UFMG<\/td><td>Junio Cota Silva<br>Andr\u00e9 Luiz Mendes Athayde<\/td><\/tr><\/tbody><\/table><\/figure>\n\n\n\n<p><strong>Curso: Agronomia<\/strong><\/p>\n\n\n\n<figure class=\"wp-block-table\"><table><tbody><tr><td><strong>Discente<\/strong><\/td><td><strong>T\u00edtulo<\/strong><\/td><td><strong>Orientador<\/strong><\/td><\/tr><tr><td><a href=\"..\/tccs\/2023\/TCC-AnaEucleciaSilvaMiranda.pdf\">Ana Euclecia Silva Miranda<\/a><\/td><td>INFLU\u00caNCIA DA TEMPERATURA DE ARMAZENAMENTO NO TEOR DE COMPOSTOS BIOATIVOS EM ROSA MINIATURA<\/td><td>Elka Fabiana Aparecida Almeida<\/td><\/tr><tr><td><a href=\"..\/tccs\/2023\/TCC-EloraJuliaRochaSantos.pdf\">Elora Julia Rocha Santos<\/a><\/td><td>MANEJO DE Tithonia diversifolia POR HERBICIDAS APLICADOS EM PR\u00c9 E P\u00d3SEMERG\u00caNCIA<\/td><td>Leonardo David Tuffi Santos<\/td><\/tr><tr><td><a href=\"..\/tccs\/2023\/TCC-FabioHenriquePatezAndrade.pdf\">Fabio Henrique Patez Andrade<\/a><\/td><td>\u00c9POCAS DE REPICAGEM DE PL\u00c2NTULAS NA QUALIDADE DE MUDAS DE COQUINHO AZEDO<\/td><td>Paulo S\u00e9rgio Nascimento Lopes<\/td><\/tr><tr><td><a href=\"..\/tccs\/2023\/TCC-FellipeJacomoTeixeiraMartins.pdf\">Felipe Jacomo Teixeira Martins<\/a><\/td><td>VIABILIDADE AGRON\u00d4MICA DE CENOURA PRODUZIDA POR SEMEADURA INDIRETA<\/td><td>C\u00e2ndido Alves da Costa<\/td><\/tr><tr><td><a href=\"..\/tccs\/2023\/TCC-JaineMerieleRibeiroDomingues.pdf\">Jaine Mariele Ribeiro Domingues<\/a><\/td><td>CULTIVO SEQUEIRO DOS GRUPOS DE CULTIVARES DESI E KABULI DE GR\u00c3O-DE-BICO EM DUAS \u00c9POCAS DE PLANTIO NO MUNIC\u00cdPIO DE MONTES CLAROS\/MG<\/td><td>C\u00e2ndido Alves Costa<\/td><\/tr><tr><td><a href=\"..\/tccs\/2023\/TCC-J\u00e9ssicaAparecidadosReisNunes.pdf\">Jessica Aparecida dos Reis Nunes<\/a><\/td><td>DECOMPOSI\u00c7\u00c3O DE RES\u00cdDUOS VEGETAIS E MINERALIZA\u00c7\u00c3O DE NUTRIENTES EM \u00c1REA CULTIVADA COM CACAU<\/td><td>Rodnei Facco Pegoraro<br>Maria Nilfa Almeida Neta<\/td><\/tr><tr><td><a href=\"..\/tccs\/2023\/TCC-NayanyGomesRabelo.pdf\">Nayany Gomes Rabelo<\/a><\/td><td>M\u00c9TODO DE CORRE\u00c7\u00c3O DE DISTOR\u00c7\u00d5ES NA AN\u00c1LISE DE IMAGENS PARA MELHORIA DA FENOTIPAGEM EM FRUTOS DE TOMATES<\/td><td>Alcinei Mistico Azevedo<\/td><\/tr><tr><td><a href=\"..\/tccs\/2023\/TCC-RenataGon\u00e7alvesdeJesus.pdf\">Renata Gon\u00e7alves de Jesus<\/a><\/td><td>QUALIDADE P\u00d3S COLHEITA DE ROSA MINIATURA COMEST\u00cdVEL EM ARMAZENAMENTO REFRIGERADO<\/td><td>Elka Fabiana Aparecida Almeida<\/td><\/tr><tr><td><a href=\"..\/tccs\/2023\/TCC-ThaisSantosBarbosa.pdf\">Thais Santos Barbosa<\/a><\/td><td>M\u00c9TODOS ALTERNATIVOS PARA DETERMINA\u00c7\u00c3O DO GRAU DE UMIDADE EM SEMENTES DE FEIJ\u00c3O<\/td><td>Delacyr da Silva Brand\u00e3o Junior<\/td><\/tr><\/tbody><\/table><\/figure>\n\n\n\n<p><strong>Curso: Engenharia de Alimentos<\/strong><\/p>\n\n\n\n<figure class=\"wp-block-table\"><table><tbody><tr><td><strong>Discente<\/strong><\/td><td><strong>T\u00edtulo<\/strong><\/td><td><strong>Orientador<\/strong><\/td><\/tr><tr><td><a href=\"..\/tccs\/2023\/TCC-AnaFlaviaDiasCosta.pdf\">Ana Flavia Dias Costa<\/a><\/td><td>IMPLANTA\u00c7\u00c3O DA METODOLOGIA 5S NOS SETORES DE ESTOQUE E PRODU\u00c7\u00c3O DE UMA EMPRESA DE PANIFICA\u00c7\u00c3O<\/td><td>Caroline Liboreiro Paiva<\/td><\/tr><tr><td><a href=\"..\/tccs\/2023\/TCC-BarbaraClaraSoaresFonseca.pdf\">Barbara Clara Soares Fonseca<\/a><\/td><td>AN\u00c1LISE CR\u00cdTICA DA ROTULAGEM DE DOCES COMERCIALIZADOS NO MERCADO CENTRAL CHRISTO RAEFF NEDELKOFF, EM MONTES CLAROS, MINAS GERAIS<\/td><td>Caroline Liboreiro Paiva<\/td><\/tr><tr><td><a href=\"..\/tccs\/2023\/TCC-BeatrizMegumeRodriguesMatsuki.pdf\">Beatriz Megume Rodrigues Matsuki<\/a><\/td><td>APLICA\u00c7\u00c3O DE NANOTECNOLOGIA NA IND\u00daSTRIA DE ALIMENTOS: REVIS\u00c3O DE LITERATURA<\/td><td>Igor Viana Brandi<\/td><\/tr><tr><td><a href=\"..\/tccs\/2023\/TCC-CristielleFerreiraSoares.pdf\">Cristielle Ferreira Soares<\/a><\/td><td>HORTALI\u00c7AS MINIMAMENTE PROCESSADAS: AGREGANDO VALOR AOS PRODUTOS DA AGRICULTURA FAMILIAR DO NOROESTE MINEIRO<\/td><td>Caroline Liboreiro Paiva<\/td><\/tr><tr><td><a href=\"..\/tccs\/2023\/TCC-DahianeBatistadePaula.pdf\">Dahiane Batista de Paula<\/a><\/td><td>An\u00e1lise Sensorial de Cervejas Produzidas Com 2 Cepas de Leveduras Selvagens Termotolerantes Obtidas em Dornas de Cacha\u00e7a<\/td><td>Rodolpho C\u00e9sar dos Reis Tinini<\/td><\/tr><tr><td><a href=\"..\/tccs\/2023\/TCC-EmilySabrinaCastorMartins.pdf\">Emily Sabrina Castor Martins<\/a><\/td><td>AN\u00c1LISE PARA DIFERENTES N\u00cdVEIS DE CONTAMINA\u00c7\u00c3O EM CERVEJA COMERCIAL POR ETILENOGLICOL ATRAV\u00c9S DA ESPECTROSCOPIA NIR<\/td><td>Rodolpho C\u00e9sar dos Reis Tinini<\/td><\/tr><tr><td><a href=\"..\/tccs\/2023\/TCC-IsabelaCristineBragadeOliveira.pdf\">Isabela Cristine Braga de Oliveira<\/a><\/td><td>PROCESSOS DE EXTRA\u00c7\u00c3O DE PROTE\u00cdNAS DE INSETOS COMEST\u00cdVEIS<\/td><td>Bruna Mara Aparecida de Carvalho Mesquita<\/td><\/tr><tr><td><a href=\"..\/tccs\/2023\/TCC-LaraMirandaCaldas.pdf\">Lara Miranda Caldas<\/a><\/td><td>MASSAS MADRES PRODUZIDAS COM FARINHA BRANCA E FARINHA INTEGRAL PARA FABRICA\u00c7\u00c3O DE P\u00c3ES FERMENTADOS NATURALMENTE<\/td><td>Igor Viana Brandi<\/td><\/tr><tr><td><a href=\"..\/tccs\/2023\/TCC-RobertoAngeloFerreiraNascimento.pdf\">Roberto Angelo Ferreira Nascimento<\/a><\/td><td>AVALIA\u00c7\u00c3O SENSORIAL, CARACTERIZA\u00c7\u00c3O F\u00cdSICO \u2013 QU\u00cdMICA E TECNOL\u00d3GICA DOS P\u00c3ES DE FORMA COM ADI\u00c7\u00c3O DE FARINHA DE TORTA DE BURITI (Mauritia flexuosa L.)<\/td><td>Claudia Regina Vieira<\/td><\/tr><tr><td><a href=\"..\/tccs\/2023\/TCC-ShirleneGon\u00e7alvesSiqueira.pdf\">Shirlene Gon\u00e7alves Siqueira<\/a><\/td><td>CAJUZINHO-DO-CERRADO: CARACTERIZA\u00c7\u00c3O F\u00cdSICA, QU\u00cdMICA E NUTRICIONAL<\/td><td>Juliana Pinto de Lima<\/td><\/tr><tr><td><a href=\"..\/tccs\/2023\/TCC-VeronicaMartinsAlvesSouza.pdf\">Veronica Martins Alves Souza<\/a><\/td><td>AN\u00c1LISE SENSORIAL DE CERVEJAS PRODUZIDAS COM 2 CEPAS DE LEVEDURAS SELVAGENS<\/td><td>Rodolpho C\u00e9sar dos Reis Tinini<\/td><\/tr><\/tbody><\/table><\/figure>\n\n\n\n<p><strong>Curso: Engenharia Agr\u00edcola e Ambiental<\/strong><\/p>\n\n\n\n<figure class=\"wp-block-table\"><table><tbody><tr><td><strong>Discente<\/strong><\/td><td><strong>T\u00edtulo<\/strong><\/td><td><strong>Orientador<\/strong><\/td><\/tr><tr><td><a href=\"..\/tccs\/2023\/TCC-AnaVit\u00f3riaSantosdeSousa.pdf\">Ana Vit\u00f3ria Santos de Sousa<\/a><\/td><td>ESTADO DE CONSERVA\u00c7\u00c3O DAS NASCENTES DE TR\u00caS MUNIC\u00cdPIOS DA BACIA DO RIO VERDE GRANDE NO NORTE DE MINAS GERAIS<\/td><td>Edson de Oliveira Vieira<\/td><\/tr><tr><td><a href=\"..\/tccs\/2023\/TCC-CamillaSilvaPeres.pdf\">Camila Silva Peres<\/a><\/td><td>AVALIA\u00c7\u00c3O DA QUALIDADE DA \u00c1GUA RESIDU\u00c1RIA TRATADA PARA RE\u00daSO NA REGI\u00c3O NORTE DE MINAS GERAIS<\/td><td>Julia Ferreira da Silva<br>M\u00f4nica Maria Ladeia<\/td><\/tr><tr><td><a href=\"..\/tccs\/2023\/TCC-CarolinaFreitasSchettino.pdf\">Carolina Freitas Schettino<\/a><\/td><td>EDUCA\u00c7\u00c3O AMBIENTAL EM ESCOLA P\u00daBLICA: CONSCIENTIZA\u00c7\u00c3O NO TRATAMENTO DE RES\u00cdDUOS S\u00d3LIDOS<\/td><td>J\u00falia Ferreira da Silva<\/td><\/tr><tr><td><a href=\"..\/tccs\/2023\/TCC-ChristopherLimaFerreira.pdf\">Christopher Lima Ferreira<\/a><\/td><td>AN\u00c1LISE COMPARATIVA DE VEGETA\u00c7\u00c3O POR MEIO DE T\u00c9CNICAS DE GEOPROCESSAMENTO: mudan\u00e7as ambientais ap\u00f3s o rompimento da barragem em Brumadinho \u2013 MG<\/td><td>Rodolpho C\u00e9sar dos Reis Tinini<\/td><\/tr><tr><td><a href=\"..\/tccs\/2023\/TCC-JessicaLuanadaSilva.pdf\">Jessica Luana da Silva<\/a><\/td><td>COMUNICA\u00c7\u00c3O SOBRE O USO DE RES\u00cdDUOS ORG\u00c2NICOS EM HORTAS URBANAS<\/td><td>J\u00falia Ferreira da Silva<\/td><\/tr><tr><td><a href=\"..\/tccs\/2023\/TCC-JosilaineCristinadaCruz.pdf\">Josilaine Cristina da Cruz<\/a><\/td><td>CARACTERIZA\u00c7\u00c3O F\u00cdSICO-QU\u00cdMICA DO CHORUME PROVENIENTE DE COMPOSTAGEM DOM\u00c9STICA<\/td><td>J\u00falia Ferreira da Silva<\/td><\/tr><tr><td><a href=\"..\/tccs\/2023\/TCC-KellyCristianeSoaresLopes.pdf\">Kelly Cristiane Soares Lopes<\/a><\/td><td>AVALIA\u00c7\u00c3O DA UNIFORMIDADE DE APLICA\u00c7\u00c3O DE \u00c1GUA EM UM SISTEMA DE IRRIGA\u00c7\u00c3O POR ASPERS\u00c3O CONVENCIONAL<\/td><td>Fl\u00e1vio Gon\u00e7alves Oliveira<\/td><\/tr><\/tbody><\/table><\/figure>\n\n\n\n<p><strong>Curso: Engenharia Florestal<\/strong><\/p>\n\n\n\n<figure class=\"wp-block-table\"><table><tbody><tr><td><strong>Discente<\/strong><\/td><td><strong>T\u00edtulo<\/strong><\/td><td><strong>Orientador<\/strong><\/td><\/tr><tr><td><a href=\"..\/tccs\/2023\/TCC-AntoniaJayneFariasdaSilva.pdf\">Antonia Jayne Farias da Silva<\/a><\/td><td>Determina\u00e7\u00e3o da efici\u00eancia energ\u00e9tica em m\u00e1quinas de colheita florestal em sistema &#8220;full-tree&#8221;<\/td><td>Stanley Schettino<\/td><\/tr><tr><td><a href=\"..\/tccs\/2023\/TCC-JuliaCamposRodrigues.pdf\">Julia Campos Rodrigues<\/a><\/td><td>Vari\u00e1veis meteorol\u00f3gicas e comportamento agron\u00f4mico do coquinho-azedo (Butia capitata (Mart.) Beccari)<\/td><td>Paulo S\u00e9rgio Nascimento Lopes<br>Patr\u00edcia Nery Silva Souza<\/td><\/tr><tr><td><a href=\"..\/tccs\/2023\/TCC-RafaelFernandesCosta.pdf\">Rafael Fernandes Costa<\/a><\/td><td>APARELHOS REPRODUTORES DE F\u00caMEAS E MACHOS DE Atopozelus opsimus ELKINS, 1954 (HETEROPTERA: REDUVIIDAE)<\/td><td>Pedro Guilherme Lemes Alves<\/td><\/tr><tr><td><a href=\"..\/tccs\/2023\/TCC-RobertoAntonioBarbosa.pdf\">Roberto Antonio Barbosa<\/a><\/td><td>Caracteriza\u00e7\u00e3o do perfil dos visitantes do Parque Estadual de Serra Nova em Rio Pardo &#8211; MG<\/td><td>Marilda Teixeira Mendes<\/td><\/tr><tr><td><a href=\"..\/tccs\/2023\/TCC-SimoneAparecidaGuedesdeSouza.pdf\">Simone Aparecida Guedes de Souza<\/a><\/td><td>RESIST\u00caNCIA NATURAL DA MADEIRA DE ESPECIES NATIVAS AO ATAQUE DO CUPIM Nasutitermes sp.<\/td><td>Edy Eime Pereira Barauna<\/td><\/tr><\/tbody><\/table><\/figure>\n\n\n\n<p><strong>Curso: Zootecnia<\/strong><\/p>\n\n\n\n<figure class=\"wp-block-table\"><table><tbody><tr><td><strong>Discente<\/strong><\/td><td><strong>T\u00edtulo<\/strong><\/td><td><strong>Orientador<\/strong><\/td><\/tr><tr><td><a href=\"..\/tccs\/2023\/TCC-AlessandroJosedaSilva.pdf\">Alessandro Jose da Silva<\/a><\/td><td>RESPOSTA PRODUTIVA E MORFOL\u00d3GICA DE CULTIVARES DE UROCHLOA SPP. AO D\u00c9FICIT H\u00cdDRICO<\/td><td>Thiago Gomes dos Santos Braz<\/td><\/tr><tr><td><a href=\"..\/tccs\/2023\/TCC-JordanaAlmeidaGuimaraes.pdf\">Jordana Almeida Guimaraes<\/a><\/td><td>FARELO DE PALMA NA NUTRI\u00c7\u00c3O DE RUMINANTES: REVIS\u00c3O DE LITERATURA<\/td><td>Luciana Castro Geraseev<\/td><\/tr><tr><td><a href=\"..\/tccs\/2023\/TCC-MarcelaSilvaMagalhaes.pdf\">Marcela Silva Magalhaes<\/a><\/td><td>GRUPOS GEN\u00c9TICOS E SISTEMAS PRODUTIVOS UTILIZADOS NA BOVINOCULTURA DE CORTE BRASILEIRA<\/td><td>L\u00edvia Vieira de Barros<\/td><\/tr><tr><td><a href=\"..\/tccs\/2023\/TCC-PedroPereiraSantosJunior.pdf\">Pedro Pereira Santos Junior<\/a><\/td><td>POTENCIAL FORRAGEIRO DE CULTIVARES DE TRIGO E TRITICALE NO NORTE DE MINAS GERAIS: REVIS\u00c3O<\/td><td>M\u00e1rio Henrique Fran\u00e7a Mourth\u00e9<\/td><\/tr><tr><td><a href=\"..\/tccs\/2023\/TCC-RaissaCarvalhoNascimento.pdf\">Raissa Carvalho Nascimento<\/a><\/td><td>CARACTER\u00cdSTICAS DO PEIXE BETTA (Betta splendens): REVIS\u00c3O BIBLIOGR\u00c1FICA<\/td><td>Cristina Maria Lima S\u00e1-Fortes<\/td><\/tr><\/tbody><\/table><\/figure>\n\n\n\n<p><\/p>\n","protected":false},"excerpt":{"rendered":"<p>Trabalhos de Conclus\u00e3o de Curso &#8211; 2023\/1 Curso: Administra\u00e7\u00e3o Discente T\u00edtulo Orientador Andressa Mirian Miranda Serafim INFLU\u00caNCIA DE VALORES PESSOAIS NO PERFIL FINANCEIRO INDIVIDUAL Andr\u00e9 Luiz MendesAthayde Denise Veloso Brito Avalia\u00e7\u00e3o da qualidade do servi\u00e7o de transporte p\u00fablico urbano: percep\u00e7\u00e3o de graduandos da Universidade Federalde Minas Gerais \u2013 Campus Montes Claros Giovanni Campos Fonseca Gabriela [&hellip;]<\/p>\n","protected":false},"author":3,"featured_media":0,"parent":0,"menu_order":0,"comment_status":"closed","ping_status":"closed","template":"","meta":[],"acf":[],"_links":{"self":[{"href":"https:\/\/www.ufmg.br\/montesclaros\/wp-json\/wp\/v2\/pages\/3654"}],"collection":[{"href":"https:\/\/www.ufmg.br\/montesclaros\/wp-json\/wp\/v2\/pages"}],"about":[{"href":"https:\/\/www.ufmg.br\/montesclaros\/wp-json\/wp\/v2\/types\/page"}],"author":[{"embeddable":true,"href":"https:\/\/www.ufmg.br\/montesclaros\/wp-json\/wp\/v2\/users\/3"}],"replies":[{"embeddable":true,"href":"https:\/\/www.ufmg.br\/montesclaros\/wp-json\/wp\/v2\/comments?post=3654"}],"version-history":[{"count":7,"href":"https:\/\/www.ufmg.br\/montesclaros\/wp-json\/wp\/v2\/pages\/3654\/revisions"}],"predecessor-version":[{"id":3674,"href":"https:\/\/www.ufmg.br\/montesclaros\/wp-json\/wp\/v2\/pages\/3654\/revisions\/3674"}],"wp:attachment":[{"href":"https:\/\/www.ufmg.br\/montesclaros\/wp-json\/wp\/v2\/media?parent=3654"}],"curies":[{"name":"wp","href":"https:\/\/api.w.org\/{rel}","templated":true}]}}