{"id":391,"date":"2024-03-22T14:02:55","date_gmt":"2024-03-22T17:02:55","guid":{"rendered":"http:\/\/sites-hml.dti.ufmg.br\/ica\/ica-novo\/?page_id=391"},"modified":"2024-07-12T15:24:51","modified_gmt":"2024-07-12T18:24:51","slug":"erha","status":"publish","type":"page","link":"https:\/\/www.ufmg.br\/montesclaros\/erha\/","title":{"rendered":"Especializa\u00e7\u00e3o em Recursos H\u00eddricos e Ambientais"},"content":{"rendered":"<div ><style>#sp-ea-354 .spcollapsing { height: 0; overflow: hidden; transition-property: height;transition-duration: 300ms;}#sp-ea-354.sp-easy-accordion>.sp-ea-single {border: 1px solid #e2e2e2; }#sp-ea-354.sp-easy-accordion>.sp-ea-single>.ea-header a {color: #444;}#sp-ea-354.sp-easy-accordion>.sp-ea-single>.sp-collapse>.ea-body {background: #fff; color: #444;}#sp-ea-354.sp-easy-accordion>.sp-ea-single {background: #eee;}#sp-ea-354.sp-easy-accordion>.sp-ea-single>.ea-header a .ea-expand-icon.fa { float: left; color: #444;font-size: 16px;}<\/style><div id=\"sp_easy_accordion-1711116970\"><div id=\"sp-ea-354\" class=\"sp-ea-one sp-easy-accordion\" data-ex-icon=\"fa-minus\" data-col-icon=\"fa-plus\"  data-ea-active=\"ea-click\"  data-ea-mode=\"vertical\" data-preloader=\"\" data-scroll-active-item=\"\" data-offset-to-scroll=\"0\"><div class=\"ea-card ea-expand sp-ea-single\"><h3 class=\"ea-header\"><a class=\"collapsed\" data-sptoggle=\"spcollapse\" data-sptarget=#collapse3540 href=\"javascript:void(0)\"  aria-expanded=\"true\"><i class=\"ea-expand-icon fa fa-minus\"><\/i> Apresenta\u00e7\u00e3o<\/a><\/h3><div class=\"sp-collapse spcollapse collapsed show\" id=\"collapse3540\" data-parent=#sp-ea-354><div class=\"ea-body\"><p>O Curso de Especializa\u00e7\u00e3o em Recursos H\u00eddricos e Ambientais tem como objetivo especializar profissionais de Agronomia, Engenharia Agr\u00edcola e Ambiental, Civil, Geografia, Engenharia Florestal, Engenharia Ambiental e \u00e1reas afins, fornecendo aos participantes as bases legais, institucionais, regulat\u00f3rias, organizacionais, operacionais e tecnol\u00f3gicas para o desenvolvimento e implementa\u00e7\u00e3o de gest\u00e3o sustent\u00e1vel dos recursos h\u00eddricos e ambientais, al\u00e9m de gerar compet\u00eancias nos recursos humanos locais para o monitoramento, planejamento e gerenciamento de recursos h\u00eddricos e ambientais da regi\u00e3o, visando a manuten\u00e7\u00e3o da disponibilidade h\u00eddrica permanente, de forma a compatibilizar o desenvolvimento econ\u00f4mico-social, o aperfei\u00e7oamento do processo produtivo sustentado, por meio de crit\u00e9rios e padr\u00f5es de qualidade ambiental e de normas relativas ao uso e manejo de recursos h\u00eddricos e ambientais.<\/p>\n<p>A partir de 2024 passa a ser desenvolvido na modalidade a dist\u00e2ncia, com pelo menos um encontro presencial a cada semestre letivo, com amparo no objetivo de aprofundar a qualifica\u00e7\u00e3o profissional em campo espec\u00edfico ou interdisciplinar do conhecimento, promovendo a forma\u00e7\u00e3o de especialistas em Recursos H\u00eddricos e Ambientais, por meio de atividades te\u00f3ricas e pr\u00e1ticas, que representem o aprofundamento de conhecimento, conduzindo obrigatoriamente \u00e0 apresenta\u00e7\u00e3o de Trabalho Final de Curso de Especializa\u00e7\u00e3o (TFCE).<\/p>\n<p><strong>Carga hor\u00e1ria<\/strong><br \/>\n405 horas, a serem integralizadas em quatro semestres, com pelo menos um encontro presencial a cada semestre letivo.<\/p>\n<p><strong>Coordenador<\/strong><br \/>\nProfessor Dalton Rocha Pereira<br \/>\ndalton@ufmg.br<br \/>\n(38) 2101-7727<\/p>\n<p><strong>Suporte acad\u00eamico e administrativo<\/strong><br \/>\nLuciano Vieira Lima<br \/>\n(38) 2101-7780<br \/>\nica-secrha@ica.ufmg.br<br \/>\nAtendimento: 8h30 11h e 14h \u00e0s 16h. de segunda a sexta-feira nos dias \u00fateis.<\/p>\n<\/div><\/div><\/div><div class=\"ea-card  sp-ea-single\"><h3 class=\"ea-header\"><a class=\"collapsed\" data-sptoggle=\"spcollapse\" data-sptarget=#collapse3541 href=\"javascript:void(0)\"  aria-expanded=\"false\"><i class=\"ea-expand-icon fa fa-plus\"><\/i> Grade Curricular<\/a><\/h3><div class=\"sp-collapse spcollapse \" id=\"collapse3541\" data-parent=#sp-ea-354><div class=\"ea-body\"><p><a href=\"https:\/\/www.ufmg.br\/montesclaros\/wp-content\/uploads\/2024\/03\/Grade-curricular_2024_1.pdf\">Grade Curricular \u2013 Vers\u00e3o 2024-1<\/a><\/p>\n<p><a href=\"https:\/\/www.ufmg.br\/montesclaros\/wp-content\/uploads\/2024\/03\/Grade-curricular_2022_1.pdf\">Grade Curricular \u2013 Vers\u00e3o 2022-1<\/a><\/p>\n<p><a href=\"https:\/\/www.ufmg.br\/montesclaros\/wp-content\/uploads\/2024\/03\/Grade-curricular_2020_1.pdf\">Grade Curricular \u2013 Vers\u00e3o 2020-1<\/a><\/p>\n<\/div><\/div><\/div><div class=\"ea-card  sp-ea-single\"><h3 class=\"ea-header\"><a class=\"collapsed\" data-sptoggle=\"spcollapse\" data-sptarget=#collapse3542 href=\"javascript:void(0)\"  aria-expanded=\"false\"><i class=\"ea-expand-icon fa fa-plus\"><\/i> Docentes<\/a><\/h3><div class=\"sp-collapse spcollapse \" id=\"collapse3542\" data-parent=#sp-ea-354><div class=\"ea-body\"><table border=\"1\" cellspacing=\"0\" cellpadding=\"5\">\n<tbody>\n<tr>\n<td><strong>Nome<\/strong><\/td>\n<td><strong>Titula\u00e7\u00e3o<\/strong><\/td>\n<\/tr>\n<tr>\n<td>Charles Martins Aguilar<\/td>\n<td>Doutorado em Qu\u00edmica<\/td>\n<\/tr>\n<tr>\n<td>Dalton Rocha Pereira<\/td>\n<td>Mestrado em Agroecologia<\/td>\n<\/tr>\n<tr>\n<td>Demerson Luiz de Almeida Barbosa<\/td>\n<td>Mestrado em Ci\u00eancia Florestal<\/td>\n<\/tr>\n<tr>\n<td>Edson de Oliveira Vieira<\/td>\n<td>Doutorado em Engenharia Agr\u00edcola<\/td>\n<\/tr>\n<tr>\n<td>Flavia Mazzer Rodrigues da Silva<\/td>\n<td>Doutorado em Agronomia<\/td>\n<\/tr>\n<tr>\n<td>Fl\u00e1vio Goncalves Oliveira<\/td>\n<td>Doutorado em Engenharia Agr\u00edcola<\/td>\n<\/tr>\n<tr>\n<td>Fl\u00e1vio Pimenta de Figueiredo<\/td>\n<td>Doutorado em Engenharia Agr\u00edcola<\/td>\n<\/tr>\n<tr>\n<td>Francinete Veloso Duarte<\/td>\n<td>Doutorado em Saneamento, Meio Ambiente e Recursos H\u00eddricos<\/td>\n<\/tr>\n<tr>\n<td>H\u00e9lder dos Anjos Augusto<\/td>\n<td>Doutorado em Demografia<\/td>\n<\/tr>\n<tr>\n<td>J\u00falia Ferreira da Silva<\/td>\n<td>Doutorado em Microbiologia Agr\u00edcola<\/td>\n<\/tr>\n<tr>\n<td>Leidivan Almeida Fraz\u00e3o<\/td>\n<td>Doutorado em Agronomia (Solos e Nutri\u00e7\u00e3o de Plantas)<\/td>\n<\/tr>\n<tr>\n<td>Let\u00edcia Renata de Carvalho<\/td>\n<td>Doutorado em Engenharia Florestal<\/td>\n<\/tr>\n<tr>\n<td>Luciano Vieira Lima<\/td>\n<td>Mestrado em Sociedade, Ambiente e Territ\u00f3rio<\/td>\n<\/tr>\n<tr>\n<td>Maria Auxiliadora Pereira Figueiredo<\/td>\n<td>Doutorado em Engenharia Florestal<\/td>\n<\/tr>\n<tr>\n<td>Sidney Pereira<\/td>\n<td>Doutorado em Agronomia<\/td>\n<\/tr>\n<tr>\n<td>Stanley Schettino<\/td>\n<td>Doutorado em Ci\u00eancia Florestal<\/td>\n<\/tr>\n<tr>\n<td>Vanessa Marzano Ara\u00fajo<\/td>\n<td>Doutorado em Economia<\/td>\n<\/tr>\n<\/tbody>\n<\/table>\n<\/div><\/div><\/div><div class=\"ea-card  sp-ea-single\"><h3 class=\"ea-header\"><a class=\"collapsed\" data-sptoggle=\"spcollapse\" data-sptarget=#collapse3543 href=\"javascript:void(0)\"  aria-expanded=\"false\"><i class=\"ea-expand-icon fa fa-plus\"><\/i> Normas e Formul\u00e1rios<\/a><\/h3><div class=\"sp-collapse spcollapse \" id=\"collapse3543\" data-parent=#sp-ea-354><div class=\"ea-body\"><p><strong>Normas, regimentos ou regulamentos<\/strong><\/p>\n<p><a href=\"https:\/\/www.ufmg.br\/montesclaros\/wp-content\/uploads\/2019\/12\/Normas-Gerais-de-Pos-Graduacao-da-UFMG-RESOLUCAO-COMPLEMENTAR-02-2017.pdf\" target=\"_blank\" rel=\"noopener\">Normas Gerais de P\u00f3s-Gradua\u00e7\u00e3o da UFMG-Resolu\u00e7\u00e3o complementar 02-2017<\/a><\/p>\n<p><a href=\"https:\/\/www.ufmg.br\/montesclaros\/wp-content\/uploads\/2019\/12\/Regimento-Geral-UFMG1.pdf\" target=\"_blank\" rel=\"noopener\">Regimento Geral da UFMG\u00a0<\/a><\/p>\n<p><a href=\"https:\/\/www.ufmg.br\/montesclaros\/wp-content\/uploads\/2024\/03\/Regulamento_2024_3831-Versao-Final-2-PRPG.pdf\">Regulamento do curso<\/a><\/p>\n<p><strong>Trabalho Final de Especializa\u00e7\u00e3o (TFE)<\/strong><\/p>\n<p><a href=\"https:\/\/repositorio.ufmg.br\/custom\/instructions.jsp\" target=\"_blank\" rel=\"noopener\">Instru\u00e7\u00f5es para dep\u00f3sito de trabalhos acad\u00eamicos \u2013 Reposit\u00f3rio Institucional da UFMG.<\/a><\/p>\n<\/div><\/div><\/div><div class=\"ea-card  sp-ea-single\"><h3 class=\"ea-header\"><a class=\"collapsed\" data-sptoggle=\"spcollapse\" data-sptarget=#collapse3544 href=\"javascript:void(0)\"  aria-expanded=\"false\"><i class=\"ea-expand-icon fa fa-plus\"><\/i> Editais<\/a><\/h3><div class=\"sp-collapse spcollapse \" id=\"collapse3544\" data-parent=#sp-ea-354><div class=\"ea-body\"><p><strong>Processo Seletivo \u2013 Turma com ingresso em 2025\/2<\/strong><\/p>\n<p><strong>Inscri\u00e7\u00f5es de de 21 julho a 18 de agosto de 2025, de acordo com crit\u00e9rios do <a href=\"https:\/\/www.ufmg.br\/montesclaros\/wp-content\/uploads\/2025\/07\/1.-Edital-02-2025-ERHA-T-2025-2-Versao-Final.pdf\">Edital 02\/2025,<\/a> <a href=\"https:\/\/www.ufmg.br\/montesclaros\/wp-content\/uploads\/2025\/08\/Retificacao-Edital-02-2025-ERHA-ICA.pdf\">retificado em 05\/08\/2025<\/a>.<\/strong><\/p>\n<p><a href=\"https:\/\/www.ufmg.br\/montesclaros\/wp-content\/uploads\/2025\/08\/Resultado-de-Selecao-Edital-02-2025.pdf\">26\/08\/2025: Resultado de Sele\u00e7\u00e3o-Edital 02-2025<\/a><\/p>\n<p><a href=\"https:\/\/www.ufmg.br\/montesclaros\/wp-content\/uploads\/2025\/08\/Retificacao-Edital-02-2025-ERHA-ICA.pdf\">05\/08\/2025 &#8211; Retifica\u00e7\u00e3o: Edital 02-2025 ERHA-ICA<\/a><\/p>\n<p><a href=\"https:\/\/www.ufmg.br\/montesclaros\/wp-content\/uploads\/2025\/07\/1.-Edital-02-2025-ERHA-T-2025-2-Versao-Final.pdf\">Edital 02\/2025-ERHA &#8211; T 2025-2<\/a><\/p>\n<p><a href=\"https:\/\/www.ufmg.br\/montesclaros\/wp-content\/uploads\/2025\/07\/2.-Anexo-1-Modelo-carta-de-interesse.docx\">Anexo 1 &#8211; Modelo (carta de interesse)<\/a><\/p>\n<p><a href=\"https:\/\/www.ufmg.br\/montesclaros\/wp-content\/uploads\/2025\/07\/3.-Anexo-2-Modelo-curriculo.docx\">Anexo 2 &#8211; Modelo (curr\u00edculo)<\/a><\/p>\n<p><a href=\"https:\/\/www.cursoseeventos.ufmg.br\/CAE\/DetalharCae.aspx?CAE=12160\">Para inscri\u00e7\u00e3o, clique aqui<\/a>.\u00a0<em>Seguir o caminho na parte inferior da p\u00e1gina: Sele\u00e7\u00f5es &lt; Sele\u00e7\u00e3o: Especializa\u00e7\u00e3o em Recursos H\u00eddricos e Ambientais \u2013 2\u00ba\/2025 &lt; INSCREVER.<\/em><\/p>\n<p><strong>Importante<\/strong>: atender os termos do <a href=\"https:\/\/www.ufmg.br\/montesclaros\/wp-content\/uploads\/2025\/07\/1.-Edital-02-2025-ERHA-T-2025-2-Versao-Final.pdf\">Edital 02\/2025<\/a>\u00a0para inscri\u00e7\u00e3o e envio de documenta\u00e7\u00e3o para an\u00e1lise.<\/p>\n<p><strong>Contato<\/strong><\/p>\n<p>E-mail: <strong><span style=\"color: #0000ff;\">ica-secrha@ica.ufmg.br<\/span><\/strong><br \/>\n(38) 2101 7780<\/p>\n<\/div><\/div><\/div><div class=\"ea-card  sp-ea-single\"><h3 class=\"ea-header\"><a class=\"collapsed\" data-sptoggle=\"spcollapse\" data-sptarget=#collapse3545 href=\"javascript:void(0)\"  aria-expanded=\"false\"><i class=\"ea-expand-icon fa fa-plus\"><\/i> Trabalho Final<\/a><\/h3><div class=\"sp-collapse spcollapse \" id=\"collapse3545\" data-parent=#sp-ea-354><div class=\"ea-body\"><p><strong>Defesas de Trabalhos Finais de Curso de Especializa\u00e7\u00e3o (TFCEs)<\/strong><\/p>\n<p>R\u00fabia Santos Barbosa Mansur (21\/12\/2022, 09 horas)<\/p>\n<p>Tamires Clei Nunes (06\/12\/2022, 14 horas)<\/p>\n<p>Elisa Maria Lopes de Oliveira (29\/11\/2022, 14 horas)<\/p>\n<p>Matheus Monteiro (11\/11\/2022, 14 horas)<\/p>\n<\/div><\/div><\/div><\/div><\/div><\/div>","protected":false},"excerpt":{"rendered":"","protected":false},"author":3,"featured_media":0,"parent":0,"menu_order":0,"comment_status":"closed","ping_status":"closed","template":"","meta":[],"acf":[],"_links":{"self":[{"href":"https:\/\/www.ufmg.br\/montesclaros\/wp-json\/wp\/v2\/pages\/391"}],"collection":[{"href":"https:\/\/www.ufmg.br\/montesclaros\/wp-json\/wp\/v2\/pages"}],"about":[{"href":"https:\/\/www.ufmg.br\/montesclaros\/wp-json\/wp\/v2\/types\/page"}],"author":[{"embeddable":true,"href":"https:\/\/www.ufmg.br\/montesclaros\/wp-json\/wp\/v2\/users\/3"}],"replies":[{"embeddable":true,"href":"https:\/\/www.ufmg.br\/montesclaros\/wp-json\/wp\/v2\/comments?post=391"}],"version-history":[{"count":1,"href":"https:\/\/www.ufmg.br\/montesclaros\/wp-json\/wp\/v2\/pages\/391\/revisions"}],"predecessor-version":[{"id":393,"href":"https:\/\/www.ufmg.br\/montesclaros\/wp-json\/wp\/v2\/pages\/391\/revisions\/393"}],"wp:attachment":[{"href":"https:\/\/www.ufmg.br\/montesclaros\/wp-json\/wp\/v2\/media?parent=391"}],"curies":[{"name":"wp","href":"https:\/\/api.w.org\/{rel}","templated":true}]}}