{"id":3998,"date":"2025-08-15T07:09:10","date_gmt":"2025-08-15T10:09:10","guid":{"rendered":"https:\/\/www.ufmg.br\/montesclaros\/?page_id=3998"},"modified":"2025-08-15T07:09:10","modified_gmt":"2025-08-15T10:09:10","slug":"enade-2025","status":"publish","type":"page","link":"https:\/\/www.ufmg.br\/montesclaros\/enade-2025\/","title":{"rendered":"ENADE 2025"},"content":{"rendered":"<div ><style>#sp-ea-3994 .spcollapsing { height: 0; overflow: hidden; transition-property: height;transition-duration: 300ms;}#sp-ea-3994.sp-easy-accordion>.sp-ea-single {border: 1px solid #e2e2e2; }#sp-ea-3994.sp-easy-accordion>.sp-ea-single>.ea-header a {color: #444;}#sp-ea-3994.sp-easy-accordion>.sp-ea-single>.sp-collapse>.ea-body {background: #fff; color: #444;}#sp-ea-3994.sp-easy-accordion>.sp-ea-single {background: #eee;}#sp-ea-3994.sp-easy-accordion>.sp-ea-single>.ea-header a .ea-expand-icon.fa { float: left; color: #444;font-size: 16px;}<\/style><div id=\"sp_easy_accordion-1755252281\"><div id=\"sp-ea-3994\" class=\"sp-ea-one sp-easy-accordion\" data-ex-icon=\"fa-minus\" data-col-icon=\"fa-plus\"  data-ea-active=\"ea-click\"  data-ea-mode=\"vertical\" data-preloader=\"\" data-scroll-active-item=\"\" data-offset-to-scroll=\"0\"><div class=\"ea-card ea-expand sp-ea-single\"><h3 class=\"ea-header\"><a class=\"collapsed\" data-sptoggle=\"spcollapse\" data-sptarget=#collapse39940 href=\"javascript:void(0)\"  aria-expanded=\"true\"><i class=\"ea-expand-icon fa fa-minus\"><\/i> Apresenta\u00e7\u00e3o<\/a><\/h3><div class=\"sp-collapse spcollapse collapsed show\" id=\"collapse39940\" data-parent=#sp-ea-3994><div class=\"ea-body\"><p style=\"text-align: justify;\"><strong><span style=\"color: black; font-weight: normal;\">O Instituto Nacional de Estudos e Pesquisas Educacionais An\u00edsio Teixeira (Inep) publicou no Di\u00e1rio Oficial da Uni\u00e3o (DOU) desta segunda-feira, 9 de junho, o edital do Exame Nacional de Desempenho dos Estudantes (Enade) 2025. A prova ser\u00e1 aplicada no dia 23 de novembro, em todo o territ\u00f3rio nacional, com participa\u00e7\u00e3o obrigat\u00f3ria para estudantes concluintes de cursos selecionados de bacharelado e superiores de tecnologia.<\/span><\/strong><\/p>\n<p style=\"text-align: justify;\"><strong><span style=\"color: black; font-weight: normal;\">Al\u00e9m de realizar a prova, o concluinte inscrito deve responder tamb\u00e9m ao Question\u00e1rio do Estudante, que tem como objetivo levantar informa\u00e7\u00f5es que possibilitem a caracteriza\u00e7\u00e3o do perfil dos estudantes e o contexto dos seus processos formativos, relevantes para a compreens\u00e3o dos seus resultados no exame e para subsidiar os processos de avalia\u00e7\u00e3o de cursos de gradua\u00e7\u00e3o. Tanto a presen\u00e7a na prova quanto o question\u00e1rio s\u00e3o itens obrigat\u00f3rios para a cola\u00e7\u00e3o de grau.<\/span><\/strong><\/p>\n<p style=\"text-align: justify;\"><strong><span style=\"color: black; font-weight: normal;\">Bacharelado e tecnologia \u2013 O Enade \u00e9 componente curricular obrigat\u00f3rio que avalia o desempenho dos concluintes em conte\u00fados program\u00e1ticos, habilidades e compet\u00eancias adquiridas ao longo da forma\u00e7\u00e3o.<\/span><\/strong><\/p>\n<p style=\"text-align: justify;\"><strong><span style=\"color: black; font-weight: normal;\">Na categoria bacharelado, ser\u00e3o avaliados os cursos de: administra\u00e7\u00e3o, ci\u00eancias cont\u00e1beis, ci\u00eancias econ\u00f4micas, design, direito, jornalismo, psicologia, publicidade e propaganda, e rela\u00e7\u00f5es internacionais.<\/span><\/strong><\/p>\n<p style=\"text-align: justify;\"><strong><span style=\"color: black; font-weight: normal;\">J\u00e1 para os cursos superiores de tecnologia, o exame abranger\u00e1 as \u00e1reas de design gr\u00e1fico, gest\u00e3o comercial, gest\u00e3o de recursos humanos, gest\u00e3o financeira, gest\u00e3o p\u00fablica, log\u00edstica, marketing e processos gerenciais.<\/span><\/strong><\/p>\n<p style=\"text-align: justify;\"><strong><span style=\"color: black; font-weight: normal;\">Enade \u2013 Realizado anualmente pelo Inep, o Enade \u00e9 um dos componentes do Sistema Nacional de Avalia\u00e7\u00e3o da Educa\u00e7\u00e3o Superior (Sinaes). O exame avalia o rendimento dos concluintes dos cursos de gradua\u00e7\u00e3o em rela\u00e7\u00e3o aos conte\u00fados program\u00e1ticos previstos nas diretrizes curriculares, o desenvolvimento de compet\u00eancias e habilidades necess\u00e1rias ao aprofundamento da forma\u00e7\u00e3o geral e profissional, bem como o n\u00edvel de atualiza\u00e7\u00e3o dos estudantes com rela\u00e7\u00e3o \u00e0 realidade brasileira e mundial. A inscri\u00e7\u00e3o \u00e9 obrigat\u00f3ria para todos os estudantes de cursos de licenciatura, bacharelado e superiores de tecnologia habilitados \u00e0 avalia\u00e7\u00e3o te\u00f3rica ou \u00e0 avalia\u00e7\u00e3o pr\u00e1tica, vinculados \u00e0s \u00e1reas avaliadas.<\/span><\/strong><\/p>\n<\/div><\/div><\/div><div class=\"ea-card  sp-ea-single\"><h3 class=\"ea-header\"><a class=\"collapsed\" data-sptoggle=\"spcollapse\" data-sptarget=#collapse39941 href=\"javascript:void(0)\"  aria-expanded=\"false\"><i class=\"ea-expand-icon fa fa-plus\"><\/i> Cronograma<\/a><\/h3><div class=\"sp-collapse spcollapse \" id=\"collapse39941\" data-parent=#sp-ea-3994><div class=\"ea-body\"><p><strong>Confira as principais datas do cronograma do Enade 2025:<\/strong><\/p>\n<p><strong>Cadastro e preenchimento do Question\u00e1rio do Estudante:<\/strong><strong> 14 de julho a 22 de novembro<\/strong><\/p>\n<p><strong>Solicita\u00e7\u00e3o de atendimento especializado e uso de nome social:<\/strong><strong> 14 a 25 de julho<\/strong><\/p>\n<p><strong>Divulga\u00e7\u00e3o dos locais de prova:<\/strong><strong> 3 a 23 de novembro<\/strong><\/p>\n<p><strong>Aplica\u00e7\u00e3o da prova:<\/strong><strong> 23 de novembro de 2025<\/strong><\/p>\n<p><strong>Divulga\u00e7\u00e3o do gabarito preliminar:<\/strong><strong> at\u00e9 5 de dezembro de 2025<\/strong><\/p>\n<p><strong>Solicita\u00e7\u00e3o de dispensa da prova por iniciativa do Estudante via sistema Enade:<\/strong> De 14 de janeiro a 06 de fevereiro a 2026.<\/p>\n<p><strong>Interposi\u00e7\u00e3o de Recurso via sistema Enade diante das solicita\u00e7\u00f5es de Dispensas por iniciativa do Estudante, indeferidas pelo INEP:<\/strong> De 17 de fevereiro a 03 de mar\u00e7o de 2025.<\/p>\n<p><strong>Resultado e situa\u00e7\u00e3o regular dos estudantes:<\/strong><strong> 13 de janeiro de 2026<\/strong><\/p>\n<p><strong>Divulga\u00e7\u00e3o dos resultados finais (Boletim, Conceito Enade, microdados):<\/strong><strong> a partir de 18 de setembro de 2026.<\/strong><\/p>\n<\/div><\/div><\/div><div class=\"ea-card  sp-ea-single\"><h3 class=\"ea-header\"><a class=\"collapsed\" data-sptoggle=\"spcollapse\" data-sptarget=#collapse39942 href=\"javascript:void(0)\"  aria-expanded=\"false\"><i class=\"ea-expand-icon fa fa-plus\"><\/i> Documentos<\/a><\/h3><div class=\"sp-collapse spcollapse \" id=\"collapse39942\" data-parent=#sp-ea-3994><div class=\"ea-body\"><p>Este <strong><a href=\"https:\/\/www.ufmg.br\/montesclaros\/wp-content\/uploads\/2025\/08\/EDITAL-No-57-DE-29-DE-MAIO-DE-2025-EDITAL-No-57-DE-29-DE-MAIO-DE-2025-DOU-Imprensa-Nacional.pdf\">EDITAL N\u00ba 57, DE 29 DE MAIO DE 2025<\/a><\/strong>\u00a0disp\u00f5e sobre as diretrizes, os procedimentos, os prazos e os demais aspectos relativos ao Enade edi\u00e7\u00e3o 2025, a serem cumpridos pelo Inep e pelas Institui\u00e7\u00f5es de Educa\u00e7\u00e3o Superior (IES), em complemento \u00e0 Portaria Normativa Inep n\u00ba 359 de 29 de maio de 2025.<\/p>\n<p><a href=\"https:\/\/www.ufmg.br\/montesclaros\/wp-content\/uploads\/2025\/08\/Portaria-359-29-MAI-2025-Enade.pdf\"><strong>PORTARIA N\u00ba 359, DE 29 DE MAIO DE 2025<\/strong><\/a>\u00a0Disp\u00f5e sobre diretrizes e regulamentos referentes ao Exame Nacional de Desempenho dos Estudantes &#8211; Enade.<\/p>\n<p><strong><a href=\"https:\/\/www.ufmg.br\/montesclaros\/wp-content\/uploads\/2025\/08\/Portaria-MEC-392-26-MAI-2025-Enade.pdf\">PORTARIA MEC N\u00ba 392, DE 26 DE MAIO DE 2025 <\/a><\/strong>Disp\u00f5e sobre o Exame Nacional de Desempenho dos Estudantes &#8211; Enade, edi\u00e7\u00e3o de 2025, para os cursos de licenciatura, bacharelado e superiores de tecnologia referentes ao ano I do ciclo avaliativo previsto pelo art. 40 da Portaria Normativa MEC n\u00ba 840, de 24 de agosto de 2018<\/p>\n<\/div><\/div><\/div><div class=\"ea-card  sp-ea-single\"><h3 class=\"ea-header\"><a class=\"collapsed\" data-sptoggle=\"spcollapse\" data-sptarget=#collapse39943 href=\"javascript:void(0)\"  aria-expanded=\"false\"><i class=\"ea-expand-icon fa fa-plus\"><\/i> Inscritos<\/a><\/h3><div class=\"sp-collapse spcollapse \" id=\"collapse39943\" data-parent=#sp-ea-3994><div class=\"ea-body\"><p>Caro (a) Estudante concluinte do curso de Administra\u00e7\u00e3o ICA\/UFMG<\/p>\n<p>Segue abaixo a rela\u00e7\u00e3o dos estudantes concluintes no Curso de Administra\u00e7\u00e3o inscritos no ENADE\/2025 que ir\u00e3o participar da prova no dia 23 de novembro de 2025.<\/p>\n<p>O exame \u00e9 obrigat\u00f3rio para os discentes que constam na lista (abaixo), j\u00e1 formalmente inscritos, e a sua realiza\u00e7\u00e3o \u00e9 condi\u00e7\u00e3o indispens\u00e1vel para a emiss\u00e3o do Hist\u00f3rico Escolar, Diploma e Cola\u00e7\u00e3o de Grau. Fazem parte da lista dos habilitados para o referido Exame os alunos concluintes regulares do curso de Administra\u00e7\u00e3o.<\/p>\n<p>Ressalta-se que, para realiza\u00e7\u00e3o do exame, \u00e9 obrigat\u00f3rio que o discente inscrito preencha o CADASTRO DO ESTUDANTE CONCLUINTE, no per\u00edodo de 14 a 25 de julho de 2025, pelo link http:\/\/enade.inep.gov.br. Ademais, \u00e9 mandat\u00f3rio que o discente preencha o QUESTION\u00c1RIO DO ESTUDANTE CONCLUINTE, no per\u00edodo de 14 de julho a 22 de novembro de 2025, pelo link http:\/\/enade.inep.gov.br.<\/p>\n<p>Importante a leitura dos seguintes documentos:<\/p>\n<p>Portaria n\u00ba 359, de 29 de maio de 2025: Disp\u00f5e sobre diretrizes e regulamentos referentes ao Exame Nacional de Desempenho dos Estudantes &#8211; Enade;<\/p>\n<p>Edital n\u00ba 57, de 29 de maio de 2025: Tornar p\u00fablicas as diretrizes, os procedimentos, os prazos e os demais aspectos relativos \u00e0 realiza\u00e7\u00e3o da edi\u00e7\u00e3o de 2025 do Exame Nacional de Desempenho dos Estudantes (Enade).<\/p>\n<p>Lista dos estudantes concluintes inscritos para o ENANDE 2025<\/p>\n<p><strong>Matr\u00edcula\u00a0\u00a0\u00a0\u00a0\u00a0\u00a0 Nome<\/strong><\/p>\n<p>2020084567\u00a0\u00a0\u00a0 ADRIELLY SOUZA LUIZ<\/p>\n<p>2021042418\u00a0\u00a0\u00a0 ALANA MARIA MARQUES<\/p>\n<p>2020084524\u00a0\u00a0\u00a0 ANDERSON DINIZ SANTOS<\/p>\n<p>2022094462\u00a0\u00a0\u00a0 ANDRE FELIPE MAGALHAES DE MOURA<\/p>\n<p>2021042264\u00a0\u00a0\u00a0 ANDRE RYAN FERREIRA ANDRADE<\/p>\n<p>2021066260\u00a0\u00a0\u00a0 AUGUSTO LAFETA DA FONSECA<\/p>\n<p>2021042523\u00a0\u00a0\u00a0 CAIO MENDES ANDRADE<\/p>\n<p>2020091547\u00a0\u00a0\u00a0 CAMILLA MIDIAN XAVIER COUTINHO<\/p>\n<p>2022094446\u00a0\u00a0\u00a0 DANIELA AZEVEDO BENFICA<\/p>\n<p>2019093841\u00a0\u00a0\u00a0 DEISIANE DIONISIO DO CARMO<\/p>\n<p>2021432755\u00a0\u00a0\u00a0 ELISANGELA PEREIRA MARTINS<\/p>\n<p>2018086434\u00a0\u00a0\u00a0 EMANUELLY D&#8217; ANGELIS MOURA<\/p>\n<p>2018064503\u00a0\u00a0\u00a0 FERNANDA ANTUNES SOARES<\/p>\n<p>2018086442\u00a0\u00a0\u00a0 FERNANDA SOUSA RAMOS<\/p>\n<p>2020420133\u00a0\u00a0\u00a0 FLAVIO DE ARAUJO OLIVEIRA<\/p>\n<p>2021042400\u00a0\u00a0\u00a0 IAN LUCA CALDEIRA FONSECA SILVA<\/p>\n<p>2020001335\u00a0\u00a0\u00a0 JADER ARAUJO SILVA<\/p>\n<p>2022067333\u00a0\u00a0\u00a0 JOAO MORAES CREMONESI<\/p>\n<p>2018044227\u00a0\u00a0\u00a0 JOAO PEDRO ARAGAO FAGUNDES RUAS<\/p>\n<p>2013066788\u00a0\u00a0\u00a0 LUANA VIEIRA DE OLIVEIRA<\/p>\n<p>2021083629\u00a0\u00a0\u00a0 LUIZ MIGUEL SILVA SANTOS<\/p>\n<p>2022067406\u00a0\u00a0\u00a0 LUNNA RODRIGUES PEREIRA<\/p>\n<p>2021042450\u00a0\u00a0\u00a0 MARCO ANTONIO OLIVEIRA DIAS<\/p>\n<p>2021078293\u00a0\u00a0\u00a0 MARIA VITORIA FERREIRA AMARAL<\/p>\n<p>2021042582\u00a0\u00a0\u00a0 MARIA VITORIA MARTINS MENDES<\/p>\n<p>2019097022\u00a0\u00a0\u00a0 MAYRA MELISE SANTOS MARTINS<\/p>\n<p>2021066287\u00a0\u00a0\u00a0 NATALIA MARIANA DA SILVA<\/p>\n<p>2021078374\u00a0\u00a0\u00a0 NATALIE MAIA RODRIGUES<\/p>\n<p>2019087639\u00a0\u00a0\u00a0 PAULO ROBERTO LOPES JUNIOR<\/p>\n<p>2021042612\u00a0\u00a0\u00a0 SAMUEL RIBEIRO SILVA<\/p>\n<p>2020091555\u00a0\u00a0\u00a0 SANDY LARA PEREIRA DOS SANTOS<\/p>\n<p>2019081312\u00a0\u00a0\u00a0 SARAH ESTHER LOPES MEDEIROS<\/p>\n<p>2019097030\u00a0\u00a0\u00a0 SAULO NOBRE DE OLIVEIRA<\/p>\n<p>2022423610\u00a0\u00a0\u00a0 THAIS MICHELE DE ASSIS NASCIMENTO<\/p>\n<p>2019057870\u00a0\u00a0\u00a0 THIAGO DOS SANTOS MANOEL<\/p>\n<p>2022067422\u00a0\u00a0\u00a0 VINICIUS FRANCISCO MOREIRA SILVA<\/p>\n<p>2021083653\u00a0\u00a0\u00a0 VITOR LUCAS SILVA CANTIDIO<\/p>\n<p>2021066309\u00a0\u00a0\u00a0 VITORIA REGIA OLIVEIRA SILVA<\/p>\n<p>Cronograma:<\/p>\n<ol start=\"2\">\n<li>De 14 a 25 de julho de 2025: Entre no site do https:\/\/enade.inep.gov.br\/enade\/#!\/index e preencha o Cadastro do Estudante Concluinte.<\/li>\n<li>De 14 de julho a 22 de novembro de 2025: Entre no site do https:\/\/enade.inep.gov.br\/enade\/#!\/index e preencha o Question\u00e1rio do Estudante Concluinte.<\/li>\n<li>De 14 a 25 de julho de 2025: Solicite, se necess\u00e1rio, o atendimento ESPECIALIZADO e\/ou Tratamento pelo Nome Social.<\/li>\n<li>De 03 a 23 de novembro de 2025: Divulga\u00e7\u00e3o dos locais de prova no Sistema Enade.<\/li>\n<li>De 14 de janeiro a 06 de fevereiro a 2026: Solicita\u00e7\u00e3o de dispensa da prova por iniciativa do Estudante via sistema Enade.<\/li>\n<li>De 17 de fevereiro a 03 de mar\u00e7o de 2025: Interposi\u00e7\u00e3o de Recurso via sistema Enade diante das solicita\u00e7\u00f5es de Dispensas por iniciativa do Estudante, indeferidas pelo INEP.<\/li>\n<\/ol>\n<p>Ficam dispensados da inscri\u00e7\u00e3o no Enade 2025:<\/p>\n<ol>\n<li>a) Estudantes PEC-G: N\u00c3O S\u00c3O inscritos no Enade (Art. 34, Portaria Interministerial MEC\/MRE n\u00ba 7, de 04 de junho de 2024);<\/li>\n<li>b) Estudantes concluintes que colarem grau at\u00e9 31 de agosto de 2025: n\u00e3o devem ser inscritos. (Item 3.1.1 do Edital);<\/li>\n<li>c) Estudantes em interc\u00e2mbio internacional: est\u00e3o dispensados da realiza\u00e7\u00e3o da prova, mas devem preencher o Question\u00e1rio do Estudante;<\/li>\n<li>d) Qualquer altera\u00e7\u00e3o no controle acad\u00eamico dos estudantes ap\u00f3s a sua inscri\u00e7\u00e3o e o encerramento do per\u00edodo de retifica\u00e7\u00e3o &#8211; seja por trancamento de matr\u00edcula, abandono de curso, aproveitamento de disciplinas ou revis\u00e3o de nota\/conceito \u2013 N\u00c3O o desabilita da participa\u00e7\u00e3o no Exame.<\/li>\n<\/ol>\n<p>Em caso de d\u00favidas ou esclarecimentos, permanecemos \u00e0 disposi\u00e7\u00e3o pelo e-mail do respectivo curso de gradua\u00e7\u00e3o &lt;colgradadm@ica.ufmg.br&gt;<\/p>\n<\/div><\/div><\/div><div class=\"ea-card  sp-ea-single\"><h3 class=\"ea-header\"><a class=\"collapsed\" data-sptoggle=\"spcollapse\" data-sptarget=#collapse39944 href=\"javascript:void(0)\"  aria-expanded=\"false\"><i class=\"ea-expand-icon fa fa-plus\"><\/i> Contato<\/a><\/h3><div class=\"sp-collapse spcollapse \" id=\"collapse39944\" data-parent=#sp-ea-3994><div class=\"ea-body\"><p style=\"text-align: justify;\"><span style=\"color: black;\">Em caso de d\u00favidas ou esclarecimentos, permanecemos \u00e0 disposi\u00e7\u00e3o pelo e-mail\u00a0do respectivo curso de gradua\u00e7\u00e3o em Administra\u00e7\u00e3o &lt;<a href=\"mailto:colgradadm@ica.ufmg.br\">colgradadm@ica.ufmg.br<\/a>&gt;<\/span><\/p>\n<\/div><\/div><\/div><\/div><\/div><\/div>","protected":false},"excerpt":{"rendered":"","protected":false},"author":3,"featured_media":0,"parent":0,"menu_order":0,"comment_status":"closed","ping_status":"closed","template":"","meta":[],"acf":[],"_links":{"self":[{"href":"https:\/\/www.ufmg.br\/montesclaros\/wp-json\/wp\/v2\/pages\/3998"}],"collection":[{"href":"https:\/\/www.ufmg.br\/montesclaros\/wp-json\/wp\/v2\/pages"}],"about":[{"href":"https:\/\/www.ufmg.br\/montesclaros\/wp-json\/wp\/v2\/types\/page"}],"author":[{"embeddable":true,"href":"https:\/\/www.ufmg.br\/montesclaros\/wp-json\/wp\/v2\/users\/3"}],"replies":[{"embeddable":true,"href":"https:\/\/www.ufmg.br\/montesclaros\/wp-json\/wp\/v2\/comments?post=3998"}],"version-history":[{"count":1,"href":"https:\/\/www.ufmg.br\/montesclaros\/wp-json\/wp\/v2\/pages\/3998\/revisions"}],"predecessor-version":[{"id":3999,"href":"https:\/\/www.ufmg.br\/montesclaros\/wp-json\/wp\/v2\/pages\/3998\/revisions\/3999"}],"wp:attachment":[{"href":"https:\/\/www.ufmg.br\/montesclaros\/wp-json\/wp\/v2\/media?parent=3998"}],"curies":[{"name":"wp","href":"https:\/\/api.w.org\/{rel}","templated":true}]}}