{"id":401,"date":"2024-03-22T14:11:26","date_gmt":"2024-03-22T17:11:26","guid":{"rendered":"http:\/\/sites-hml.dti.ufmg.br\/ica\/ica-novo\/?page_id=401"},"modified":"2024-03-22T14:11:26","modified_gmt":"2024-03-22T17:11:26","slug":"napg","status":"publish","type":"page","link":"https:\/\/www.ufmg.br\/montesclaros\/napg\/","title":{"rendered":"NAPG"},"content":{"rendered":"<div ><style>#sp-ea-399 .spcollapsing { height: 0; overflow: hidden; transition-property: height;transition-duration: 300ms;}#sp-ea-399.sp-easy-accordion>.sp-ea-single {border: 1px solid #e2e2e2; }#sp-ea-399.sp-easy-accordion>.sp-ea-single>.ea-header a {color: #444;}#sp-ea-399.sp-easy-accordion>.sp-ea-single>.sp-collapse>.ea-body {background: #fff; color: #444;}#sp-ea-399.sp-easy-accordion>.sp-ea-single {background: #eee;}#sp-ea-399.sp-easy-accordion>.sp-ea-single>.ea-header a .ea-expand-icon.fa { float: left; color: #444;font-size: 16px;}<\/style><div id=\"sp_easy_accordion-1711127412\"><div id=\"sp-ea-399\" class=\"sp-ea-one sp-easy-accordion\" data-ex-icon=\"fa-minus\" data-col-icon=\"fa-plus\"  data-ea-active=\"ea-click\"  data-ea-mode=\"vertical\" data-preloader=\"\" data-scroll-active-item=\"\" data-offset-to-scroll=\"0\"><div class=\"ea-card ea-expand sp-ea-single\"><h3 class=\"ea-header\"><a class=\"collapsed\" data-sptoggle=\"spcollapse\" data-sptarget=#collapse3990 href=\"javascript:void(0)\"  aria-expanded=\"true\"><i class=\"ea-expand-icon fa fa-minus\"><\/i> Apresenta\u00e7\u00e3o<\/a><\/h3><div class=\"sp-collapse spcollapse collapsed show\" id=\"collapse3990\" data-parent=#sp-ea-399><div class=\"ea-body\"><p><span style=\"font-family: Arial; font-size: medium;\">O N\u00facleo de Assessoramento \u00e0 P\u00f3s-Gradua\u00e7\u00e3o (NAPG) tem por finalidade planejar, organizar e realizar atividades que visem articular, integrar e desenvolver a P\u00f3s-Gradua\u00e7\u00e3o do Instituto de Ci\u00eancias Agr\u00e1rias da UFMG.<\/span><\/p>\n<table border=\"1\" cellspacing=\"0\" cellpadding=\"5\">\n<tbody>\n<tr valign=\"top\">\n<td width=\"182\"><span style=\"font-family: Arial; font-size: medium;\">\u00a0<\/span><\/td>\n<td width=\"281\">\n<div align=\"center\"><b><span style=\"font-family: Arial; font-size: medium;\">Servidor<\/span><\/b><\/div>\n<\/td>\n<td width=\"222\">\n<div align=\"center\"><b><span style=\"font-family: Arial; font-size: medium;\">E-mail<\/span><\/b><\/div>\n<\/td>\n<td width=\"137\">\n<div align=\"center\"><b><span style=\"font-family: Arial; font-size: medium;\">Telefone<\/span><\/b><\/div>\n<\/td>\n<\/tr>\n<tr valign=\"top\">\n<td width=\"182\"><b><span style=\"font-family: Arial; font-size: medium;\">Coordenador<\/span><\/b><\/td>\n<td width=\"281\">Professor Christian Dias Cabacinha<\/td>\n<td width=\"222\"><a href=\"mailto:cabacinha@ica.ufmg.br\" target=\"_blank\" rel=\"noopener\">cabacinha@ica.ufmg.br<\/a><\/td>\n<td width=\"137\"><span style=\"font-family: Arial; font-size: medium;\">(38) 2101-7938<\/span><\/td>\n<\/tr>\n<tr valign=\"top\">\n<td width=\"182\"><b><span style=\"font-family: Arial; font-size: medium;\">Subcoordenadora<\/span><\/b><\/td>\n<td width=\"281\">Professora Rubia Santos Fonseca<\/td>\n<td width=\"222\"><a href=\"mailto:rubiafonseca@ufmg.br\" target=\"_blank\" rel=\"noopener\">rubiafonseca@ufmg.br<\/a><\/td>\n<td width=\"137\"><span style=\"font-family: Arial; font-size: medium;\">(38) 2101-7921<\/span><\/td>\n<\/tr>\n<tr valign=\"top\">\n<td width=\"182\"><b><span style=\"font-family: Arial; font-size: medium;\">Secret\u00e1ria<\/span><\/b><\/td>\n<td width=\"281\"><span style=\"font-family: Arial; font-size: medium;\">Lisley Lourrany Nascimento Souza<\/span><\/td>\n<td width=\"222\"><span style=\"font-family: Arial; font-size: medium;\"><a href=\"mailto:napg@ica.ufmg.br\" target=\"_blank\" rel=\"noopener\">napg@ica.ufmg.br<\/a><\/span><\/td>\n<td width=\"137\"><span style=\"font-family: Arial; font-size: medium;\">(38) 2101-7715<\/span><\/td>\n<\/tr>\n<\/tbody>\n<\/table>\n<p><span style=\"font-family: Arial; font-size: medium;\">A Secretaria do NAPG est\u00e1 localizada no Anexo do CAAD, sala 11.<\/span><\/p>\n<p><span style=\"font-family: Arial; font-size: medium;\">Hor\u00e1rio de atendimento ao p\u00fablico: 14:00 \u00e0s 17:00<\/span><\/p>\n<\/div><\/div><\/div><div class=\"ea-card  sp-ea-single\"><h3 class=\"ea-header\"><a class=\"collapsed\" data-sptoggle=\"spcollapse\" data-sptarget=#collapse3991 href=\"javascript:void(0)\"  aria-expanded=\"false\"><i class=\"ea-expand-icon fa fa-plus\"><\/i> Editais<\/a><\/h3><div class=\"sp-collapse spcollapse \" id=\"collapse3991\" data-parent=#sp-ea-399><div class=\"ea-body\"><p>&nbsp;<\/p>\n<hr \/>\n<p><b>2023\/2\u00a0<\/b><\/p>\n<p><a href=\"https:\/\/www.ufmg.br\/montesclaros\/wp-content\/uploads\/2024\/02\/BANCO-DE-REVISORES-E-TRADUTORES-DA-POS-GRADUACAO-ICA-UFMG-2023-2025.pdf\">Resultado do Edital do Banco de Revisores e Tradutores da P\u00f3s-Gradua\u00e7\u00e3o &#8211; ICA\/UFMG<\/a><\/p>\n<p><a href=\"https:\/\/www.ufmg.br\/montesclaros\/wp-content\/uploads\/2023\/11\/Edital-Banco-de-Revisores-e-Tradutores-2023_Para-publicacao.pdf\" target=\"_blank\" rel=\"noopener\">Edital Banco de Revisores e Tradutores 2023<\/a><\/p>\n<p>&nbsp;<\/p>\n<\/div><\/div><\/div><div class=\"ea-card  sp-ea-single\"><h3 class=\"ea-header\"><a class=\"collapsed\" data-sptoggle=\"spcollapse\" data-sptarget=#collapse3992 href=\"javascript:void(0)\"  aria-expanded=\"false\"><i class=\"ea-expand-icon fa fa-plus\"><\/i> Regulmentos e resolu\u00e7\u00f5es<\/a><\/h3><div class=\"sp-collapse spcollapse \" id=\"collapse3992\" data-parent=#sp-ea-399><div class=\"ea-body\"><p><a href=\"https:\/\/www.ufmg.br\/montesclaros\/wp-content\/uploads\/2024\/03\/Resolucao_0532510_Resolucao_ICA_001_2019___Criacao__NAPG.pdf\">Resolu\u00e7\u00e3o ICA 001\/2019 &#8211; Cria\u00e7\u00e3o do NAPG<\/a><\/p>\n<\/div><\/div><\/div><div class=\"ea-card  sp-ea-single\"><h3 class=\"ea-header\"><a class=\"collapsed\" data-sptoggle=\"spcollapse\" data-sptarget=#collapse3993 href=\"javascript:void(0)\"  aria-expanded=\"false\"><i class=\"ea-expand-icon fa fa-plus\"><\/i> Eventos<\/a><\/h3><div class=\"sp-collapse spcollapse \" id=\"collapse3993\" data-parent=#sp-ea-399><div class=\"ea-body\"><p><a href=\"https:\/\/zenodo.org\/records\/13145436\" target=\"_blank\" rel=\"noopener\">II Workshop da P\u00f3s gradua\u00e7\u00e3o ICA\/UFMG<\/a><\/p>\n<\/div><\/div><\/div><\/div><\/div><\/div>","protected":false},"excerpt":{"rendered":"","protected":false},"author":3,"featured_media":0,"parent":0,"menu_order":0,"comment_status":"closed","ping_status":"closed","template":"","meta":[],"acf":[],"_links":{"self":[{"href":"https:\/\/www.ufmg.br\/montesclaros\/wp-json\/wp\/v2\/pages\/401"}],"collection":[{"href":"https:\/\/www.ufmg.br\/montesclaros\/wp-json\/wp\/v2\/pages"}],"about":[{"href":"https:\/\/www.ufmg.br\/montesclaros\/wp-json\/wp\/v2\/types\/page"}],"author":[{"embeddable":true,"href":"https:\/\/www.ufmg.br\/montesclaros\/wp-json\/wp\/v2\/users\/3"}],"replies":[{"embeddable":true,"href":"https:\/\/www.ufmg.br\/montesclaros\/wp-json\/wp\/v2\/comments?post=401"}],"version-history":[{"count":1,"href":"https:\/\/www.ufmg.br\/montesclaros\/wp-json\/wp\/v2\/pages\/401\/revisions"}],"predecessor-version":[{"id":402,"href":"https:\/\/www.ufmg.br\/montesclaros\/wp-json\/wp\/v2\/pages\/401\/revisions\/402"}],"wp:attachment":[{"href":"https:\/\/www.ufmg.br\/montesclaros\/wp-json\/wp\/v2\/media?parent=401"}],"curies":[{"name":"wp","href":"https:\/\/api.w.org\/{rel}","templated":true}]}}