{"id":4101,"date":"2025-09-03T08:53:48","date_gmt":"2025-09-03T11:53:48","guid":{"rendered":"https:\/\/www.ufmg.br\/montesclaros\/?page_id=4101"},"modified":"2025-11-10T09:07:36","modified_gmt":"2025-11-10T12:07:36","slug":"agendamento-de-uso-de-drones-do-ica","status":"publish","type":"page","link":"https:\/\/www.ufmg.br\/montesclaros\/agendamento-de-uso-de-drones-do-ica\/","title":{"rendered":"Agendamento de uso de Drones do ICA"},"content":{"rendered":"\n<p><a href=\"https:\/\/www.ufmg.br\/montesclaros\/wp-content\/uploads\/2025\/09\/Checklist_para_Preenchimento_de_Solicitacao_de_Autorizacao_de_Voo_no-_SARPAS_NG__1_.pdf\" data-type=\"attachment\" data-id=\"4099\" target=\"_blank\" rel=\"noreferrer noopener\">Checklist para Preenchimento de Solicita\u00e7\u00e3o de Autoriza\u00e7\u00e3o de Voo no SARPAS NG<\/a><\/p>\n\n\n\n<p><a href=\"https:\/\/www.ufmg.br\/montesclaros\/wp-content\/uploads\/2025\/09\/POP_-Drone-Mini2SE-.pdf\" data-type=\"attachment\" data-id=\"4100\" target=\"_blank\" rel=\"noreferrer noopener\">POP Drone Mini 2 SE<\/a><\/p>\n\n\n\n<p><a href=\"https:\/\/www.ufmg.br\/montesclaros\/wp-content\/uploads\/2025\/09\/POP_MAVIC-Multiespec-rtk.pdf\" data-type=\"attachment\" data-id=\"4097\">POP MAVIC 3 Multiespectral<\/a><\/p>\n\n\n\n<p>Ap\u00f3s o interessado ler os documentos acima, dever\u00e1 abrir um processo SEI com o tipo de processo: <\/p>\n\n\n\n<p><strong>Material: Empr\u00e9stimos e Devolu\u00e7\u00e3o de Material Permanente a Servidores do \u00d3rg\u00e3o<\/strong><\/p>\n\n\n\n<p>Em seguida, gerar um documento do tipo <strong>Solicita\u00e7\u00e3o <\/strong>e na etapa Texto Inicial dever\u00e1 usar o documento modelo de n\u00famero <strong>4507888<\/strong>, conforme imagem abaixo. <\/p>\n\n\n\n<figure class=\"wp-block-image size-large is-resized\"><img decoding=\"async\" src=\"https:\/\/www.ufmg.br\/montesclaros\/wp-content\/uploads\/2025\/11\/image-edited.png\" alt=\"\" class=\"wp-image-4417\" width=\"841\" srcset=\"https:\/\/www.ufmg.br\/montesclaros\/wp-content\/uploads\/2025\/11\/image-edited.png 965w, https:\/\/www.ufmg.br\/montesclaros\/wp-content\/uploads\/2025\/11\/image-edited-300x73.png 300w, https:\/\/www.ufmg.br\/montesclaros\/wp-content\/uploads\/2025\/11\/image-edited-768x187.png 768w\" sizes=\"(max-width: 965px) 100vw, 965px\" \/><\/figure>\n\n\n\n<p>Dever\u00e1 preencher e assinar conforme o POP e encaminhar para a unidade <strong>ICA-SIN<\/strong> para dar sequ\u00eancia ao processo.<\/p>\n","protected":false},"excerpt":{"rendered":"<p>Checklist para Preenchimento de Solicita\u00e7\u00e3o de Autoriza\u00e7\u00e3o de Voo no SARPAS NG POP Drone Mini 2 SE POP MAVIC 3 Multiespectral Ap\u00f3s o interessado ler os documentos acima, dever\u00e1 abrir um processo SEI com o tipo de processo: Material: Empr\u00e9stimos e Devolu\u00e7\u00e3o de Material Permanente a Servidores do \u00d3rg\u00e3o Em seguida, gerar um documento do [&hellip;]<\/p>\n","protected":false},"author":3,"featured_media":0,"parent":0,"menu_order":0,"comment_status":"closed","ping_status":"closed","template":"","meta":[],"acf":[],"_links":{"self":[{"href":"https:\/\/www.ufmg.br\/montesclaros\/wp-json\/wp\/v2\/pages\/4101"}],"collection":[{"href":"https:\/\/www.ufmg.br\/montesclaros\/wp-json\/wp\/v2\/pages"}],"about":[{"href":"https:\/\/www.ufmg.br\/montesclaros\/wp-json\/wp\/v2\/types\/page"}],"author":[{"embeddable":true,"href":"https:\/\/www.ufmg.br\/montesclaros\/wp-json\/wp\/v2\/users\/3"}],"replies":[{"embeddable":true,"href":"https:\/\/www.ufmg.br\/montesclaros\/wp-json\/wp\/v2\/comments?post=4101"}],"version-history":[{"count":6,"href":"https:\/\/www.ufmg.br\/montesclaros\/wp-json\/wp\/v2\/pages\/4101\/revisions"}],"predecessor-version":[{"id":4420,"href":"https:\/\/www.ufmg.br\/montesclaros\/wp-json\/wp\/v2\/pages\/4101\/revisions\/4420"}],"wp:attachment":[{"href":"https:\/\/www.ufmg.br\/montesclaros\/wp-json\/wp\/v2\/media?parent=4101"}],"curies":[{"name":"wp","href":"https:\/\/api.w.org\/{rel}","templated":true}]}}