{"id":414,"date":"2024-03-22T14:28:34","date_gmt":"2024-03-22T17:28:34","guid":{"rendered":"http:\/\/sites-hml.dti.ufmg.br\/ica\/ica-novo\/?page_id=414"},"modified":"2024-03-22T14:28:34","modified_gmt":"2024-03-22T17:28:34","slug":"pet","status":"publish","type":"page","link":"https:\/\/www.ufmg.br\/montesclaros\/pet\/","title":{"rendered":"PET"},"content":{"rendered":"<div ><style>#sp-ea-412 .spcollapsing { height: 0; overflow: hidden; transition-property: height;transition-duration: 300ms;}.eap_section_title_412 { color: #444 !important; margin-bottom:  30px !important; }#sp-ea-412.sp-easy-accordion>.sp-ea-single {border: 1px solid #e2e2e2; }#sp-ea-412.sp-easy-accordion>.sp-ea-single>.ea-header a {color: #444;}#sp-ea-412.sp-easy-accordion>.sp-ea-single>.sp-collapse>.ea-body {background: #fff; color: #444;}#sp-ea-412.sp-easy-accordion>.sp-ea-single {background: #eee;}#sp-ea-412.sp-easy-accordion>.sp-ea-single>.ea-header a .ea-expand-icon.fa { float: left; color: #444;font-size: 16px;}<\/style><h2 class=\"eap_section_title eap_section_title_412\"> PET Agronomia <\/h2><div id=\"sp_easy_accordion-1711128195\"><div id=\"sp-ea-412\" class=\"sp-ea-one sp-easy-accordion\" data-ex-icon=\"fa-minus\" data-col-icon=\"fa-plus\"  data-ea-active=\"ea-click\"  data-ea-mode=\"vertical\" data-preloader=\"\" data-scroll-active-item=\"\" data-offset-to-scroll=\"0\"><div class=\"ea-card ea-expand sp-ea-single\"><h3 class=\"ea-header\"><a class=\"collapsed\" data-sptoggle=\"spcollapse\" data-sptarget=#collapse4120 href=\"javascript:void(0)\"  aria-expanded=\"true\"><i class=\"ea-expand-icon fa fa-minus\"><\/i> Apresenta\u00e7\u00e3o<\/a><\/h3><div class=\"sp-collapse spcollapse collapsed show\" id=\"collapse4120\" data-parent=#sp-ea-412><div class=\"ea-body\"><p>O Grupo PET-Agronomia da UFMG, come\u00e7ou a se organizar informalmente em 2000, quando da implanta\u00e7\u00e3o do Horto Medicinal do NCA, uma vez que diversos alunos volunt\u00e1rios se agregaram em torno da atividade.<\/p>\n<p><strong>QUEM SOMOS<\/strong><\/p>\n<p>O PET-Agronomia da UFMG, come\u00e7ou a se organizar informalmente em 2000, quando da implanta\u00e7\u00e3o do Horto Medicinal do NCA, uma vez que diversos alunos volunt\u00e1rios se agregaram em torno da atividade. Em 2002 foi oficializada sua cria\u00e7\u00e3o como parte do Programa de Educa\u00e7\u00e3o Tutorial da Sesu\/MEC sendo presente desde ent\u00e3o no Instituto de Ci\u00eancias Agr\u00e1rias da UFMG.<\/p>\n<p>O ingresso \u00e9 regulamentado por edital, atualmente, o grupo conta com 20 petianos dos cursos de Agronomia, Zootecnia, Engenharia Florestal e Engenharia de Alimentos do ICA-UFMG. Alunos bolsistas e volunt\u00e1rios que, sob a coordena\u00e7\u00e3o de um orientador e supervis\u00e3o do tutor PET integram as atividades realizadas.<\/p>\n<p><strong>OBJETIVOS DO PROGRAMA<\/strong><\/p>\n<p>O Grupo PET-Agronomia tem por objetivo geral, al\u00e9m da melhoria da forma\u00e7\u00e3o t\u00e9cnica e humana dos alunos diretamente envolvidos, atuar positivamente no curso de Agronomia da UFMG, ampliando as atividades e experi\u00eancias no ensino, pesquisa e extens\u00e3o. Propicia a realiza\u00e7\u00e3o de atividades extracurriculares para complementar a forma\u00e7\u00e3o acad\u00eamica, o desenvolvimento de habilidades, contribuir na forma\u00e7\u00e3o social e realiza\u00e7\u00e3o profissional do aluno.<\/p>\n<p><a href=\"https:\/\/www.ufmg.br\/montesclaros\/wp-content\/uploads\/2022\/06\/Ata-de-Resultado_Selecao-Tutor-PET.pdf\" target=\"_blank\" rel=\"noopener noreferrer\">Ata de Resultado da Sele\u00e7\u00e3o Tutor PET Agronomia<\/a><\/p>\n<p><a href=\"https:\/\/www.ufmg.br\/montesclaros\/wp-content\/uploads\/2022\/06\/Ata-de-Homologacao-das-Inscricoes-Selecao-Tutor-PET-Agronomia.pdf\" target=\"_blank\" rel=\"noopener noreferrer\">Ata de Homologa\u00e7\u00e3o das Inscri\u00e7\u00f5es \u2013 Sele\u00e7\u00e3o Tutor PET Agronomia<\/a><\/p>\n<\/div><\/div><\/div><div class=\"ea-card  sp-ea-single\"><h3 class=\"ea-header\"><a class=\"collapsed\" data-sptoggle=\"spcollapse\" data-sptarget=#collapse4121 href=\"javascript:void(0)\"  aria-expanded=\"false\"><i class=\"ea-expand-icon fa fa-plus\"><\/i> Ensino<\/a><\/h3><div class=\"sp-collapse spcollapse \" id=\"collapse4121\" data-parent=#sp-ea-412><div class=\"ea-body\"><p>As atividades de ensino s\u00e3o destinadas aos acad\u00eamicos e constituem no apoio \u00e0s disciplinas e demais atividades realizadas em \u00e2mbito interno na universidade e no curso de Agronomia da UFMG.<\/p>\n<p>Compreendem os grupos de tutoria e monitoria nas diversas disciplinas do ICA, minicursos, divulga\u00e7\u00e3o e realiza\u00e7\u00e3o de est\u00e1gios e eventos relacionados \u00e0s Ci\u00eancias Agr\u00e1rias.<\/p>\n<\/div><\/div><\/div><div class=\"ea-card  sp-ea-single\"><h3 class=\"ea-header\"><a class=\"collapsed\" data-sptoggle=\"spcollapse\" data-sptarget=#collapse4122 href=\"javascript:void(0)\"  aria-expanded=\"false\"><i class=\"ea-expand-icon fa fa-plus\"><\/i> Pesquisa<\/a><\/h3><div class=\"sp-collapse spcollapse \" id=\"collapse4122\" data-parent=#sp-ea-412><div class=\"ea-body\"><p>As atividades de pesquisa s\u00e3o acompanhadas por docentes orientadores e podem compreender diferentes \u00e1reas do conhecimento. S\u00e3o realizadas ao longo do percurso do aluno na forma de projetos experimentais e proporcionam a publica\u00e7\u00e3o de resumos, boletins t\u00e9cnicos e artigos cient\u00edficos. Tamb\u00e9m \u00e9 uma oportunidade para a participa\u00e7\u00e3o em eventos cient\u00edficos como o Congresso Brasileiro de Agronomia, Congresso Brasileiro de Olericultura e a Semana do Conhecimento da UFMG onde sempre estamos presentes.<\/p>\n<p>O PET-Agronomia destaca-se em pesquisas nas \u00e1reas de: Solos e nutri\u00e7\u00e3o de plantas, grandes culturas (trigo, milho, sorgo, triticale, mandioca, entre outras), Fitotecnia, Produ\u00e7\u00e3o e An\u00e1lise de sementes, Recursos gen\u00e9ticos de plantas medicinais e Forragicultura.<\/p>\n<\/div><\/div><\/div><div class=\"ea-card  sp-ea-single\"><h3 class=\"ea-header\"><a class=\"collapsed\" data-sptoggle=\"spcollapse\" data-sptarget=#collapse4123 href=\"javascript:void(0)\"  aria-expanded=\"false\"><i class=\"ea-expand-icon fa fa-plus\"><\/i> Extens\u00e3o<\/a><\/h3><div class=\"sp-collapse spcollapse \" id=\"collapse4123\" data-parent=#sp-ea-412><div class=\"ea-body\"><p>A Extens\u00e3o Universit\u00e1ria \u00e9 a a\u00e7\u00e3o da universidade junto \u00e0 comunidade que possibilita o compartilhamento, com o p\u00fablico externo, do conhecimento adquirido por meio do ensino e da pesquisa desenvolvidos na institui\u00e7\u00e3o. \u00c9 voltada \u00e0s necessidades da comunidade onde a universidade se insere, interagindo e transformando a realidade social.<\/p>\n<p>Atividades: Implanta\u00e7\u00e3o de hortas e hortos medicinais em escolas e espa\u00e7os p\u00fablicos, minicursos abertos a comunidade, eventos (Dia de campo, Workshops, entre outros).<\/p>\n<\/div><\/div><\/div><div class=\"ea-card  sp-ea-single\"><h3 class=\"ea-header\"><a class=\"collapsed\" data-sptoggle=\"spcollapse\" data-sptarget=#collapse4124 href=\"javascript:void(0)\"  aria-expanded=\"false\"><i class=\"ea-expand-icon fa fa-plus\"><\/i> Contato<\/a><\/h3><div class=\"sp-collapse spcollapse \" id=\"collapse4124\" data-parent=#sp-ea-412><div class=\"ea-body\"><p><strong>CONTATO<\/strong><\/p>\n<p>Atendimento na sala do PET-Agronomia, localizada no Bloco A do Instituto de Ci\u00eancias Agr\u00e1rias da UFMG. Telefone: (38) 2101-7718<\/p>\n<p>P\u00e1gina no Facebook:\u00a0<a href=\"https:\/\/www.facebook.com\/petagroufmg\/\">https:\/\/www.facebook.com\/petagroufmg\/<\/a><\/p>\n<\/div><\/div><\/div><\/div><\/div><\/div>\n\n<div ><style>#sp-ea-413 .spcollapsing { height: 0; overflow: hidden; transition-property: height;transition-duration: 300ms;}.eap_section_title_413 { color: #444 !important; margin-bottom:  30px !important; }#sp-ea-413.sp-easy-accordion>.sp-ea-single {border: 1px solid #e2e2e2; }#sp-ea-413.sp-easy-accordion>.sp-ea-single>.ea-header a {color: #444;}#sp-ea-413.sp-easy-accordion>.sp-ea-single>.sp-collapse>.ea-body {background: #fff; color: #444;}#sp-ea-413.sp-easy-accordion>.sp-ea-single {background: #eee;}#sp-ea-413.sp-easy-accordion>.sp-ea-single>.ea-header a .ea-expand-icon.fa { float: left; color: #444;font-size: 16px;}<\/style><h2 class=\"eap_section_title eap_section_title_413\"> PET Engenharia Florestal <\/h2><div id=\"sp_easy_accordion-1711128315\"><div id=\"sp-ea-413\" class=\"sp-ea-one sp-easy-accordion\" data-ex-icon=\"fa-minus\" data-col-icon=\"fa-plus\"  data-ea-active=\"ea-click\"  data-ea-mode=\"vertical\" data-preloader=\"\" data-scroll-active-item=\"\" data-offset-to-scroll=\"0\"><div class=\"ea-card ea-expand sp-ea-single\"><h3 class=\"ea-header\"><a class=\"collapsed\" data-sptoggle=\"spcollapse\" data-sptarget=#collapse4130 href=\"javascript:void(0)\"  aria-expanded=\"true\"><i class=\"ea-expand-icon fa fa-minus\"><\/i> Apresenta\u00e7\u00e3o<\/a><\/h3><div class=\"sp-collapse spcollapse collapsed show\" id=\"collapse4130\" data-parent=#sp-ea-413><div class=\"ea-body\"><p><strong>Quem somos<\/strong><\/p>\n<p>O Grupo PET (Programa de Educa\u00e7\u00e3o Tutorial) \u2013 Engenharia Florestal foi criado em dezembro de 2012, com ingresso dos primeiros alunos em janeiro de 2013, tendo como Tutor o Prof. Dr. Christian Dias Cabacinha. Atualmente conta com dozePETianos.<\/p>\n<p>Para ingressar ao grupo \u00e9 necess\u00e1rio atender aos pr\u00e9-requisitos estabelecidos nos editais de sele\u00e7\u00e3o, lan\u00e7ados todo semestre letivo, via redes sociais e e-mail institucional, com oportunidades para bolsistas.<\/p>\n<p><strong>Objetivos do programa<\/strong><\/p>\n<p>Este programa foi criado para apoiar as atividades acad\u00eamicas que integram Ensino, Pesquisa e Extens\u00e3o. Os PETianos, sob a orienta\u00e7\u00e3o de seu tutor, de professores colaboradores e atua\u00e7\u00e3o coletiva, realizam atividades extracurriculares que complementam a forma\u00e7\u00e3o t\u00e9cnica-acad\u00eamica, atendendo as pr\u00f3prias necessidades do curso de Engenharia Florestal, contribuindo para a integra\u00e7\u00e3o no mercado de trabalho, bem como uma forma\u00e7\u00e3o humana, influindo assim, positivamente, no desenvolvimento dos alunos diretamente envolvidos com o grupo.<\/p>\n<p>S\u00e3o desenvolvidas atividades ligadas \u00e0 intera\u00e7\u00e3o do homem ao meio ambiente, visando o desenvolvimento de aprendizado em coletividade, planejando e executando programas em \u00e1reas variadas, promovendo uma intera\u00e7\u00e3o entre os bolsistas e os corpos docente e discente da gradua\u00e7\u00e3o, mantendo ent\u00e3o uma ampla interdisciplinaridade de atividades.<\/p>\n<\/div><\/div><\/div><div class=\"ea-card  sp-ea-single\"><h3 class=\"ea-header\"><a class=\"collapsed\" data-sptoggle=\"spcollapse\" data-sptarget=#collapse4131 href=\"javascript:void(0)\"  aria-expanded=\"false\"><i class=\"ea-expand-icon fa fa-plus\"><\/i> Ensino<\/a><\/h3><div class=\"sp-collapse spcollapse \" id=\"collapse4131\" data-parent=#sp-ea-413><div class=\"ea-body\"><div class=\"container\">\n<div class=\"sixteen columns\">\n<div class=\"page\">\n<div id=\"tabs\" class=\"ui-tabs ui-widget ui-widget-content ui-corner-all\">\n<div id=\"tabs-2\" class=\"ui-tabs-panel ui-widget-content ui-corner-bottom\" role=\"tabpanel\" aria-labelledby=\"ui-id-2\" aria-expanded=\"true\" aria-hidden=\"false\">\n<div class=\"texto_page\">\n<p>As atividades de ensino se d\u00e3o atrav\u00e9s da atua\u00e7\u00e3o dos PETianos em monitorias e tutorias, aux\u00edlio nas aulas pr\u00e1ticas, organiza\u00e7\u00e3o de palestras e eventos cient\u00edficos, elabora\u00e7\u00e3o de materiais did\u00e1ticos, minicursos e treinamentos. S\u00e3o, ainda, desenvolvidas algumas atividades vinculadas ao projeto de extens\u00e3o \u201cCurupiras do Sert\u00e3o\u201d, que busca trabalhar a conscientiza\u00e7\u00e3o ambiental e a forma\u00e7\u00e3o de indiv\u00edduos atuantes na preserva\u00e7\u00e3o da natureza por meio da Educa\u00e7\u00e3o Ambiental para crian\u00e7as e da confec\u00e7\u00e3o de bolsas a partir de\u00a0<em>banners\u00a0<\/em>reciclados.<\/p>\n<\/div>\n<\/div>\n<\/div>\n<\/div>\n<\/div>\n<\/div>\n<div class=\"container footer\">\n<div class=\"sixteen columns\">\n<div class=\"footerContato\"><\/div>\n<\/div>\n<\/div>\n<\/div><\/div><\/div><div class=\"ea-card  sp-ea-single\"><h3 class=\"ea-header\"><a class=\"collapsed\" data-sptoggle=\"spcollapse\" data-sptarget=#collapse4132 href=\"javascript:void(0)\"  aria-expanded=\"false\"><i class=\"ea-expand-icon fa fa-plus\"><\/i> Pesquisa<\/a><\/h3><div class=\"sp-collapse spcollapse \" id=\"collapse4132\" data-parent=#sp-ea-413><div class=\"ea-body\"><div class=\"container\">\n<div class=\"sixteen columns\">\n<div class=\"page\">\n<div id=\"tabs\" class=\"ui-tabs ui-widget ui-widget-content ui-corner-all\">\n<div id=\"tabs-3\" class=\"ui-tabs-panel ui-widget-content ui-corner-bottom\" role=\"tabpanel\" aria-labelledby=\"ui-id-3\" aria-expanded=\"true\" aria-hidden=\"false\">\n<div class=\"texto_page\">\n<p>Os PETianos contam com a colabora\u00e7\u00e3o de professores colaboradoresna execu\u00e7\u00e3o de seus projetos de pesquisa, que visam o desenvolvimento de habilidades inerentes \u00e0 carreira florestal. S\u00e3o desenvolvidos v\u00e1rios trabalhos nas mais diversas \u00e1reas das ci\u00eancias agr\u00e1rias como bot\u00e2nica, solos, entomologia, ecologia, fitopatologia, geotecnologia, biotecnologia, manejo florestal, tecnologia da madeira e silvicultura.<\/p>\n<\/div>\n<\/div>\n<\/div>\n<\/div>\n<\/div>\n<\/div>\n<div class=\"container footer\">\n<div class=\"sixteen columns\">\n<div class=\"footerContato\"><\/div>\n<\/div>\n<\/div>\n<\/div><\/div><\/div><div class=\"ea-card  sp-ea-single\"><h3 class=\"ea-header\"><a class=\"collapsed\" data-sptoggle=\"spcollapse\" data-sptarget=#collapse4133 href=\"javascript:void(0)\"  aria-expanded=\"false\"><i class=\"ea-expand-icon fa fa-plus\"><\/i> Extens\u00e3o<\/a><\/h3><div class=\"sp-collapse spcollapse \" id=\"collapse4133\" data-parent=#sp-ea-413><div class=\"ea-body\"><div class=\"container\">\n<div class=\"sixteen columns\">\n<div class=\"page\">\n<div id=\"tabs\" class=\"ui-tabs ui-widget ui-widget-content ui-corner-all\">\n<div id=\"tabs-4\" class=\"ui-tabs-panel ui-widget-content ui-corner-bottom\" role=\"tabpanel\" aria-labelledby=\"ui-id-4\" aria-expanded=\"true\" aria-hidden=\"false\">\n<div class=\"texto_page\">\n<p>A extens\u00e3o se caracteriza pelo envolvimento da Universidade com a sociedade, de modo a tornar acess\u00edvel todo conhecimento produzido na institui\u00e7\u00e3o de ensino atrav\u00e9s das pesquisas. Atualmente, \u00e9 desenvolvido o projeto \u201cNeutraliza\u201d cujo objetivo \u00e9 quantificar e neutralizar o carbono emitido durante eventos promovidos pela comunidade acad\u00eamica ou eventos externos, a partir de uma parceria com o projeto.<\/p>\n<\/div>\n<\/div>\n<\/div>\n<\/div>\n<\/div>\n<\/div>\n<div class=\"container footer\">\n<div class=\"sixteen columns\">\n<div class=\"footerContato\"><\/div>\n<\/div>\n<\/div>\n<\/div><\/div><\/div><div class=\"ea-card  sp-ea-single\"><h3 class=\"ea-header\"><a class=\"collapsed\" data-sptoggle=\"spcollapse\" data-sptarget=#collapse4134 href=\"javascript:void(0)\"  aria-expanded=\"false\"><i class=\"ea-expand-icon fa fa-plus\"><\/i> Contato<\/a><\/h3><div class=\"sp-collapse spcollapse \" id=\"collapse4134\" data-parent=#sp-ea-413><div class=\"ea-body\"><p>Estamos na Avenida Universit\u00e1ria, n\u00b0 1000, bairro Universit\u00e1rio, sala 12 do Bloco B. Telefone para contato: (38) 2101-7771<\/p>\n<p>Acompanhe as nossas redes sociais e saiba tudo sobre eventos, editais de sele\u00e7\u00e3o e outras informa\u00e7\u00f5es relevantes para o mundo florestal.<\/p>\n<table width=\"566\">\n<tbody>\n<tr>\n<td colspan=\"2\" width=\"566\"><strong>PETianos<\/strong><\/td>\n<\/tr>\n<tr>\n<td width=\"293\">Ariane Da Silva Nogueira<\/td>\n<td width=\"274\"><a href=\"mailto:ariane.silva.nogueira@hotmail.com\">ariane.silva.nogueira@hotmail.com<\/a><\/td>\n<\/tr>\n<tr>\n<td width=\"293\">Emannuelly Aparecida Amaral Dos Santos<\/td>\n<td width=\"274\"><u>emannuelly123@gmail.com<\/u><\/td>\n<\/tr>\n<tr>\n<td width=\"293\">KeyteLaianne Almeida Santos<\/td>\n<td width=\"274\"><a href=\"mailto:laianne-keyte@hotmail.com\">laianne-keyte@hotmail.com<\/a><\/td>\n<\/tr>\n<tr>\n<td width=\"293\">Lorena Moutinho Costa Ornelas Rios<\/td>\n<td width=\"274\"><a href=\"mailto:lorena_ornellas@hotmail.com\">lorena_ornellas@hotmail.com<\/a><\/td>\n<\/tr>\n<tr>\n<td width=\"293\">Lucas Verciane Oliveira Almeida<\/td>\n<td width=\"274\"><a href=\"mailto:lucasverciane1@hotmail.com\">lucasverciane1@hotmail.com<\/a><\/td>\n<\/tr>\n<tr>\n<td width=\"293\">Luiz Pedro Pereira Magalhaes<\/td>\n<td width=\"274\"><a href=\"mailto:luizpedro@yahoo.com\">luizpedro@yahoo.com<\/a><\/td>\n<\/tr>\n<tr>\n<td width=\"293\">Nayara Dos Santos De Souza<\/td>\n<td width=\"274\"><a href=\"mailto:souzass.nayara@gmail.com\">souzass.nayara@gmail.com<\/a><\/td>\n<\/tr>\n<tr>\n<td width=\"293\">Nayara Rodrigues Rocha<\/td>\n<td width=\"274\"><a href=\"mailto:rodrigues.nayara@yahoo.com\">rodrigues.nayara@yahoo.com<\/a><\/td>\n<\/tr>\n<tr>\n<td width=\"293\">Patrick Da Cruz Silva<\/td>\n<td width=\"274\"><a href=\"mailto:ps.cruzsilv2@gmail.com\">ps.cruzsilv2@gmail.com<\/a><\/td>\n<\/tr>\n<tr>\n<td width=\"293\">Paulo Victor Alves De Oliveira<\/td>\n<td width=\"274\"><a href=\"mailto:paulovictor3491@gmail.com\">paulovictor3491@gmail.com<\/a><\/td>\n<\/tr>\n<tr>\n<td width=\"293\">Tayna Ribeiro De Brito<\/td>\n<td width=\"274\"><a href=\"mailto:taynabrito901@gmail.com\">taynabrito901@gmail.com<\/a><\/td>\n<\/tr>\n<tr>\n<td colspan=\"2\" width=\"566\"><strong>Tutor<\/strong><\/td>\n<\/tr>\n<tr>\n<td width=\"293\">Christian Dias Cabacinha<\/td>\n<td width=\"274\"><u>christian.cabacinha@gmail.com<\/u><\/td>\n<\/tr>\n<\/tbody>\n<\/table>\n<p>&nbsp;<\/p>\n<p>Instagram: @petflorestal.ufmg<\/p>\n<p>Facebook:\u00a0<a href=\"https:\/\/www.facebook.com\/petflorestaufmg\/\">https:\/\/www.facebook.com\/petflorestaufmg\/<\/a><\/p>\n<\/div><\/div><\/div><\/div><\/div><\/div>","protected":false},"excerpt":{"rendered":"","protected":false},"author":3,"featured_media":0,"parent":0,"menu_order":0,"comment_status":"closed","ping_status":"closed","template":"","meta":[],"acf":[],"_links":{"self":[{"href":"https:\/\/www.ufmg.br\/montesclaros\/wp-json\/wp\/v2\/pages\/414"}],"collection":[{"href":"https:\/\/www.ufmg.br\/montesclaros\/wp-json\/wp\/v2\/pages"}],"about":[{"href":"https:\/\/www.ufmg.br\/montesclaros\/wp-json\/wp\/v2\/types\/page"}],"author":[{"embeddable":true,"href":"https:\/\/www.ufmg.br\/montesclaros\/wp-json\/wp\/v2\/users\/3"}],"replies":[{"embeddable":true,"href":"https:\/\/www.ufmg.br\/montesclaros\/wp-json\/wp\/v2\/comments?post=414"}],"version-history":[{"count":1,"href":"https:\/\/www.ufmg.br\/montesclaros\/wp-json\/wp\/v2\/pages\/414\/revisions"}],"predecessor-version":[{"id":415,"href":"https:\/\/www.ufmg.br\/montesclaros\/wp-json\/wp\/v2\/pages\/414\/revisions\/415"}],"wp:attachment":[{"href":"https:\/\/www.ufmg.br\/montesclaros\/wp-json\/wp\/v2\/media?parent=414"}],"curies":[{"name":"wp","href":"https:\/\/api.w.org\/{rel}","templated":true}]}}