{"id":422,"date":"2024-03-22T14:53:32","date_gmt":"2024-03-22T17:53:32","guid":{"rendered":"http:\/\/sites-hml.dti.ufmg.br\/ica\/ica-novo\/?page_id=422"},"modified":"2024-03-22T14:53:32","modified_gmt":"2024-03-22T17:53:32","slug":"tcc","status":"publish","type":"page","link":"https:\/\/www.ufmg.br\/montesclaros\/tcc\/","title":{"rendered":"TCC"},"content":{"rendered":"<div ><style>#sp-ea-421 .spcollapsing { height: 0; overflow: hidden; transition-property: height;transition-duration: 300ms;}#sp-ea-421.sp-easy-accordion>.sp-ea-single {border: 1px solid #e2e2e2; }#sp-ea-421.sp-easy-accordion>.sp-ea-single>.ea-header a {color: #444;}#sp-ea-421.sp-easy-accordion>.sp-ea-single>.sp-collapse>.ea-body {background: #fff; color: #444;}#sp-ea-421.sp-easy-accordion>.sp-ea-single {background: #eee;}#sp-ea-421.sp-easy-accordion>.sp-ea-single>.ea-header a .ea-expand-icon.fa { float: left; color: #444;font-size: 16px;}<\/style><div id=\"sp_easy_accordion-1711129942\"><div id=\"sp-ea-421\" class=\"sp-ea-one sp-easy-accordion\" data-ex-icon=\"fa-minus\" data-col-icon=\"fa-plus\"  data-ea-active=\"ea-click\"  data-ea-mode=\"vertical\" data-preloader=\"\" data-scroll-active-item=\"\" data-offset-to-scroll=\"0\"><div class=\"ea-card ea-expand sp-ea-single\"><h3 class=\"ea-header\"><a class=\"collapsed\" data-sptoggle=\"spcollapse\" data-sptarget=#collapse4210 href=\"javascript:void(0)\"  aria-expanded=\"true\"><i class=\"ea-expand-icon fa fa-minus\"><\/i> Apresenta\u00e7\u00e3o<\/a><\/h3><div class=\"sp-collapse spcollapse collapsed show\" id=\"collapse4210\" data-parent=#sp-ea-421><div class=\"ea-body\"><p>O Trabalho de Conclus\u00e3o de Curso (TCC) abrange monografia, artigo cient\u00edfico ou cap\u00edtulo de livro produzido e apresentado como pr\u00e9-requisito parcial \u00e0 obten\u00e7\u00e3o do t\u00edtulo de bacharel dos estudantes dos cursos de gradua\u00e7\u00e3o do ICA\/UFMG.<\/p>\n<p><b>Prazos e procedimentos de entrega da Vers\u00e3o Final do TCC II em 2025\/1<\/b><\/p>\n<table class=\"m_7279536075206173303m_6625603514403252260m_1398769966397574841MsoNormalTable\" border=\"1\">\n<tbody>\n<tr valign=\"top\">\n<td valign=\"middle\" bgcolor=\"#DFDFDF\" width=\"306\">\n<div align=\"center\"><b>Atividade<\/b><\/div>\n<\/td>\n<td valign=\"middle\" bgcolor=\"#DFDFDF\" width=\"238\">\n<div align=\"center\"><b>Data limite<\/b><\/div>\n<\/td>\n<td valign=\"middle\" bgcolor=\"#DFDFDF\" width=\"182\">\n<div align=\"center\"><b>Fundamenta\u00e7\u00e3o<\/b><\/div>\n<\/td>\n<\/tr>\n<tr valign=\"top\">\n<td valign=\"middle\" width=\"306\">Entrega da vers\u00e3o preliminar do trabalho \u00e0 banca examinadora<\/td>\n<td valign=\"middle\" width=\"238\">10 dias \u00fateis antecedentes \u00e0 defesa<\/td>\n<td rowspan=\"3\" valign=\"middle\" width=\"182\">Artigos 32, 33 e 36\u00a0e seu Par\u00e1grafo \u00danico \u2013 \u00a0\u00a0Resolu\u00e7\u00e3o da Congrega\u00e7\u00e3o do ICA n\u00ba 5, de 09 de agosto de 2023.<\/td>\n<\/tr>\n<tr valign=\"top\">\n<td valign=\"middle\" width=\"306\">Defesa da monografia, artigo cient\u00edfico ou cap\u00edtulo de livro<\/td>\n<td valign=\"middle\" width=\"238\"><b><span style=\"font-size: medium;\">03\/12\/2025 (quarta-feira)<\/span><\/b><\/td>\n<\/tr>\n<tr valign=\"top\">\n<td valign=\"middle\" width=\"306\">Postagem\/entrega da vers\u00e3o eletr\u00f4nica do trabalho final \u00a0e declara\u00e7\u00f5es (do orientador e do aluno \u2013 autoria) no Sistema Minha UFMG\/Moodle<\/td>\n<td valign=\"middle\" width=\"238\"><strong>At\u00e9 o dia 13\/12\/2025 (S\u00e1bado)<\/strong><\/td>\n<\/tr>\n<\/tbody>\n<\/table>\n<p><strong>IMPORTANTE!<\/strong><\/p>\n<p><strong>a) A entrega da Vers\u00e3o Final do TCC e Declara\u00e7\u00f5es deve ser realizada atrav\u00e9s do <\/strong><strong><u><a href=\"https:\/\/virtual.ufmg.br\/plataforma\/mod\/assign\/view.php?id=48641\">Moodle-ICA, clique aqui.<\/a><\/u><\/strong><\/p>\n<p><strong>b) O processo de defesa de monografia\/TCC deve seguir as orienta\u00e7\u00f5es do documento \u201cBase de Conhecimento\u201d gerado pela Prograd\/UFMG \u2013 ver anexo<\/strong><\/p>\n<p><strong>*Os procedimentos orientados neste documento t\u00eam como refer\u00eancia a Resolu\u00e7\u00e3o da Congrega\u00e7\u00e3o do ICA \u00a0n\u00ba 5, de 09 de agosto de 2023, bem como, o detalhamento do processo de defesa apresentado no documento \u201cBase de Conhecimento\u201d da Prograd\/UFMG \u2013 ver anexos.<\/strong><\/p>\n<p>Em caso de maiores d\u00favidas, realizar contato com professor de TCC, Colegiado do curso de vincula\u00e7\u00e3o ou Assessoria de Gest\u00e3o Acad\u00eamica.<\/p>\n<p><a href=\"https:\/\/www.ufmg.br\/montesclaros\/wp-content\/uploads\/2016\/01\/SEI_UFMG-2534379-Resolucao-05_2023_-Normalizacao-trabalhos-e-oferta-disicplina-TCC.pdf\" target=\"_blank\" rel=\"noopener noreferrer\">Resolu\u00e7\u00e3o ICA \u2013 05\/2023 \u2013 Regulamento TCC<\/a><\/p>\n<p><a href=\"https:\/\/www.ufmg.br\/montesclaros\/wp-content\/uploads\/2021\/02\/3.-Base-de-conhecimento-SEI-Defesa-TCC-Prograd.pdf\" target=\"_blank\" rel=\"noopener noreferrer\">Base de conhecimento SEI- Defesa TCC Prograd<\/a><\/p>\n<p><a href=\"https:\/\/www.ufmg.br\/montesclaros\/wp-content\/uploads\/2021\/02\/31-Modelo-Form.-marcacao-de-defesa-Prograd.docx\">Modelo-Form. Marca\u00e7\u00e3o de defesa-Prograd<\/a><\/p>\n<p><a href=\"https:\/\/repositorio.ufmg.br\/assets\/public_html\/diretrizes-para-normalizacao-de-trabalhos-academicos-da-UFMG.pdf\" target=\"_blank\" rel=\"noopener noreferrer\">Diretrizes para Trabalhos Acad\u00eamicos da UFMG<\/a><\/p>\n<\/div><\/div><\/div><div class=\"ea-card  sp-ea-single\"><h3 class=\"ea-header\"><a class=\"collapsed\" data-sptoggle=\"spcollapse\" data-sptarget=#collapse4211 href=\"javascript:void(0)\"  aria-expanded=\"false\"><i class=\"ea-expand-icon fa fa-plus\"><\/i> Normas e Procedimentos<\/a><\/h3><div class=\"sp-collapse spcollapse \" id=\"collapse4211\" data-parent=#sp-ea-421><div class=\"ea-body\"><p><strong>Resolu\u00e7\u00e3o<\/strong><\/p>\n<p><a href=\"https:\/\/www.ufmg.br\/montesclaros\/wp-content\/uploads\/2016\/01\/SEI_UFMG-2534379-Resolucao-05_2023_-Normalizacao-trabalhos-e-oferta-disicplina-TCC.pdf\" target=\"_blank\" rel=\"noopener noreferrer\">Resolu\u00e7\u00e3o ICA \u2013 05\/2023 \u2013 Regulamenta Disciplina TCC<\/a><\/p>\n<p><strong>TCC<\/strong><\/p>\n<p><a href=\"https:\/\/repositorio.ufmg.br\/static\/politica\/diretrizes-para-normalizacao-de-trabalhos-academicos-da-UFMG.pdf\" target=\"_blank\" rel=\"noopener\">Diretrizes para Trabalhos Acad\u00eamicos da UFMG<\/a><\/p>\n<p><a href=\"https:\/\/www.ufmg.br\/montesclaros\/wp-content\/uploads\/2016\/02\/CAPATCC_A4.doc\" rel=\"\">Capa Monografia<\/a><\/p>\n<p><strong>Formul\u00e1rios\u00a0<\/strong><\/p>\n<p><a href=\"https:\/\/www.ufmg.br\/montesclaros\/wp-content\/uploads\/2018\/10\/Declaracao-do-Aluno.pdf\" target=\"_blank\" rel=\"noopener\">Declaracao TCC Aluno<\/a><\/p>\n<p><a href=\"https:\/\/www.ufmg.br\/montesclaros\/wp-content\/uploads\/2018\/10\/Declaracao-do-Orientador.pdf\" target=\"_blank\" rel=\"noopener\">Declaracao TCC Orientador<\/a><\/p>\n<\/div><\/div><\/div><div class=\"ea-card  sp-ea-single\"><h3 class=\"ea-header\"><a class=\"collapsed\" data-sptoggle=\"spcollapse\" data-sptarget=#collapse4212 href=\"javascript:void(0)\"  aria-expanded=\"false\"><i class=\"ea-expand-icon fa fa-plus\"><\/i> Trabalho<\/a><\/h3><div class=\"sp-collapse spcollapse \" id=\"collapse4212\" data-parent=#sp-ea-421><div class=\"ea-body\"><p><strong>Trabalhos de Conclus\u00e3o de Curso<\/strong><\/p>\n<p><a href=\"https:\/\/www.ufmg.br\/montesclaros\/trabalhos-de-conclusao-de-curso-2017\/\">Trabalhos de Conclus\u00e3o de Curso \u2013 2017<\/a><\/p>\n<p><a href=\"https:\/\/www.ufmg.br\/montesclaros\/trabalhos-de-conclusao-de-curso-2018\/\">Trabalhos de Conclus\u00e3o de Curso \u2013 2018<\/a><\/p>\n<p><a href=\"https:\/\/www.ufmg.br\/montesclaros\/trabalhos-de-conclusao-de-curso-2019\/\">Trabalhos de Conclus\u00e3o de Curso \u2013 2019<\/a><\/p>\n<p><a href=\"https:\/\/www.ufmg.br\/montesclaros\/trabalhos-de-conclusao-de-curso-2020\/\">Trabalhos de Conclus\u00e3o de Curso \u2013 2020<\/a><\/p>\n<p><a href=\"https:\/\/www.ufmg.br\/montesclaros\/trabalhos-de-conclusao-de-curso-2021\/\">Trabalhos de Conclus\u00e3o de Curso \u2013 2021<\/a><\/p>\n<p><a href=\"https:\/\/www.ufmg.br\/montesclaros\/trabalhos-de-conclusao-de-curso-2022\/\">Trabalhos de Conclus\u00e3o de Curso \u2013 2022<\/a><\/p>\n<p><a href=\"https:\/\/www.ufmg.br\/montesclaros\/trabalhos-de-conclusao-de-curso-2023\/\">Trabalhos de Conclus\u00e3o de Curso &#8211; 2023<\/a><\/p>\n<p><a href=\"https:\/\/www.ufmg.br\/montesclaros\/trabalhos-de-conclusao-de-curso-2024\/\">Trabalhos de Conclus\u00e3o de Curso \u2013 2024<\/a><\/p>\n<\/div><\/div><\/div><\/div><\/div><\/div>","protected":false},"excerpt":{"rendered":"","protected":false},"author":3,"featured_media":0,"parent":0,"menu_order":0,"comment_status":"closed","ping_status":"closed","template":"","meta":[],"acf":[],"_links":{"self":[{"href":"https:\/\/www.ufmg.br\/montesclaros\/wp-json\/wp\/v2\/pages\/422"}],"collection":[{"href":"https:\/\/www.ufmg.br\/montesclaros\/wp-json\/wp\/v2\/pages"}],"about":[{"href":"https:\/\/www.ufmg.br\/montesclaros\/wp-json\/wp\/v2\/types\/page"}],"author":[{"embeddable":true,"href":"https:\/\/www.ufmg.br\/montesclaros\/wp-json\/wp\/v2\/users\/3"}],"replies":[{"embeddable":true,"href":"https:\/\/www.ufmg.br\/montesclaros\/wp-json\/wp\/v2\/comments?post=422"}],"version-history":[{"count":1,"href":"https:\/\/www.ufmg.br\/montesclaros\/wp-json\/wp\/v2\/pages\/422\/revisions"}],"predecessor-version":[{"id":423,"href":"https:\/\/www.ufmg.br\/montesclaros\/wp-json\/wp\/v2\/pages\/422\/revisions\/423"}],"wp:attachment":[{"href":"https:\/\/www.ufmg.br\/montesclaros\/wp-json\/wp\/v2\/media?parent=422"}],"curies":[{"name":"wp","href":"https:\/\/api.w.org\/{rel}","templated":true}]}}