{"id":438,"date":"2024-03-25T07:21:45","date_gmt":"2024-03-25T10:21:45","guid":{"rendered":"http:\/\/sites-hml.dti.ufmg.br\/ica\/ica-novo\/?page_id=438"},"modified":"2024-03-25T07:21:45","modified_gmt":"2024-03-25T10:21:45","slug":"recepcao-da-diretoria","status":"publish","type":"page","link":"https:\/\/www.ufmg.br\/montesclaros\/recepcao-da-diretoria\/","title":{"rendered":"Recep\u00e7\u00e3o da Diretoria"},"content":{"rendered":"<div ><style>#sp-ea-437 .spcollapsing { height: 0; overflow: hidden; transition-property: height;transition-duration: 300ms;}#sp-ea-437.sp-easy-accordion>.sp-ea-single {border: 1px solid #e2e2e2; }#sp-ea-437.sp-easy-accordion>.sp-ea-single>.ea-header a {color: #444;}#sp-ea-437.sp-easy-accordion>.sp-ea-single>.sp-collapse>.ea-body {background: #fff; color: #444;}#sp-ea-437.sp-easy-accordion>.sp-ea-single {background: #eee;}#sp-ea-437.sp-easy-accordion>.sp-ea-single>.ea-header a .ea-expand-icon.fa { float: left; color: #444;font-size: 16px;}<\/style><div id=\"sp_easy_accordion-1711361861\"><div id=\"sp-ea-437\" class=\"sp-ea-one sp-easy-accordion\" data-ex-icon=\"fa-minus\" data-col-icon=\"fa-plus\"  data-ea-active=\"ea-click\"  data-ea-mode=\"vertical\" data-preloader=\"\" data-scroll-active-item=\"\" data-offset-to-scroll=\"0\"><div class=\"ea-card ea-expand sp-ea-single\"><h3 class=\"ea-header\"><a class=\"collapsed\" data-sptoggle=\"spcollapse\" data-sptarget=#collapse4370 href=\"javascript:void(0)\"  aria-expanded=\"true\"><i class=\"ea-expand-icon fa fa-minus\"><\/i> Apresenta\u00e7\u00e3o<\/a><\/h3><div class=\"sp-collapse spcollapse collapsed show\" id=\"collapse4370\" data-parent=#sp-ea-437><div class=\"ea-body\"><p>A Recep\u00e7\u00e3o presta apoio administrativo \u00e0 Diretoria, gerenciando informa\u00e7\u00f5es, organizando as agendas do Diretor e Vice-Diretor da Unidade, al\u00e9m de recepcionar o p\u00fablico interno e externo. \u00c9 respons\u00e1vel, tamb\u00e9m, pelo agendamento do Audit\u00f3rio do Bloco C e Sala de Reuni\u00f5es do Bloco A.<\/p>\n<p>Respons\u00e1vel:\u00a0\u00a0T\u00e2nia Rosare Tom\u00e9 Fonseca Salatiel \/ Telefone: (38) 2101-7711 \/ Email: recepediretoria@ica.ufmg.br<\/p>\n<p>Atendimento:\u00a08h \u00e0s 12h e\u00a013h \u00e0s 17h<\/p>\n<\/div><\/div><\/div><div class=\"ea-card  sp-ea-single\"><h3 class=\"ea-header\"><a class=\"collapsed\" data-sptoggle=\"spcollapse\" data-sptarget=#collapse4371 href=\"javascript:void(0)\"  aria-expanded=\"false\"><i class=\"ea-expand-icon fa fa-plus\"><\/i> Normas e Formul\u00e1rios<\/a><\/h3><div class=\"sp-collapse spcollapse \" id=\"collapse4371\" data-parent=#sp-ea-437><div class=\"ea-body\"><p><a href=\"https:\/\/www.ufmg.br\/montesclaros\/wp-content\/uploads\/2021\/02\/Oficio-Circular-03-2021-ICA-DIR-UFMG.pdf\" target=\"_blank\" rel=\"noopener\">Of\u00edcio Circular 03-2021-ICA-DIR-UFMG<\/a><\/p>\n<p><a href=\"https:\/\/www.ufmg.br\/montesclaros\/wp-content\/uploads\/2021\/02\/POP-06-Lan%C3%A7amento-de-Diaria-no-SCDP.pdf\" target=\"_blank\" rel=\"noopener\">Procedimento Operacional Padr\u00e3o (POP n\u00ba 06)<\/a><\/p>\n<p><a href=\"https:\/\/www.ufmg.br\/montesclaros\/wp-content\/uploads\/2022\/09\/POP-09-Solicitacao-de-Diarias-e-Passagens-e-Prestacao-de-Contas.pdf\" target=\"_blank\" rel=\"noopener\">Procedimento Operacional Padr\u00e3o (POP n\u00ba 09)<\/a><\/p>\n<\/div><\/div><\/div><\/div><\/div><\/div>","protected":false},"excerpt":{"rendered":"","protected":false},"author":3,"featured_media":0,"parent":0,"menu_order":0,"comment_status":"closed","ping_status":"closed","template":"","meta":[],"acf":[],"_links":{"self":[{"href":"https:\/\/www.ufmg.br\/montesclaros\/wp-json\/wp\/v2\/pages\/438"}],"collection":[{"href":"https:\/\/www.ufmg.br\/montesclaros\/wp-json\/wp\/v2\/pages"}],"about":[{"href":"https:\/\/www.ufmg.br\/montesclaros\/wp-json\/wp\/v2\/types\/page"}],"author":[{"embeddable":true,"href":"https:\/\/www.ufmg.br\/montesclaros\/wp-json\/wp\/v2\/users\/3"}],"replies":[{"embeddable":true,"href":"https:\/\/www.ufmg.br\/montesclaros\/wp-json\/wp\/v2\/comments?post=438"}],"version-history":[{"count":1,"href":"https:\/\/www.ufmg.br\/montesclaros\/wp-json\/wp\/v2\/pages\/438\/revisions"}],"predecessor-version":[{"id":439,"href":"https:\/\/www.ufmg.br\/montesclaros\/wp-json\/wp\/v2\/pages\/438\/revisions\/439"}],"wp:attachment":[{"href":"https:\/\/www.ufmg.br\/montesclaros\/wp-json\/wp\/v2\/media?parent=438"}],"curies":[{"name":"wp","href":"https:\/\/api.w.org\/{rel}","templated":true}]}}