{"id":4441,"date":"2025-11-13T13:25:25","date_gmt":"2025-11-13T16:25:25","guid":{"rendered":"https:\/\/www.ufmg.br\/montesclaros\/?page_id=4441"},"modified":"2025-11-13T13:25:25","modified_gmt":"2025-11-13T16:25:25","slug":"acoes-de-ensino","status":"publish","type":"page","link":"https:\/\/www.ufmg.br\/montesclaros\/acoes-de-ensino\/","title":{"rendered":"A\u00e7\u00f5es de Ensino"},"content":{"rendered":"<style>#sp-ea-306 .spcollapsing { height: 0; overflow: hidden; transition-property: height;transition-duration: 300ms;}#sp-ea-306.sp-easy-accordion>.sp-ea-single {border: 1px solid #e2e2e2; }#sp-ea-306.sp-easy-accordion>.sp-ea-single>.ea-header a {color: #444;}#sp-ea-306.sp-easy-accordion>.sp-ea-single>.sp-collapse>.ea-body {background: #fff; color: #444;}#sp-ea-306.sp-easy-accordion>.sp-ea-single {background: #eee;}#sp-ea-306.sp-easy-accordion>.sp-ea-single>.ea-header a .ea-expand-icon.fa { float: left; color: #444;font-size: 16px;}<\/style><div id=\"sp_easy_accordion-1711113994\"><div id=\"sp-ea-306\" class=\"sp-ea-one sp-easy-accordion\" data-ex-icon=\"fa-minus\" data-col-icon=\"fa-plus\"  data-ea-active=\"ea-click\"  data-ea-mode=\"vertical\" data-preloader=\"\" data-scroll-active-item=\"\" data-offset-to-scroll=\"0\"><div class=\"ea-card ea-expand sp-ea-single\"><h3 class=\"ea-header\"><a class=\"collapsed\" data-sptoggle=\"spcollapse\" data-sptarget=#collapse3060 href=\"javascript:void(0)\"  aria-expanded=\"true\"><i class=\"ea-expand-icon fa fa-minus\"><\/i> Normas e Formul\u00e1rios<\/a><\/h3><div class=\"sp-collapse spcollapse collapsed show\" id=\"collapse3060\" data-parent=#sp-ea-306><div class=\"ea-body\"><p><a href=\"https:\/\/www.ufmg.br\/montesclaros\/wp-content\/uploads\/2024\/03\/3.1-Resolucao-06_2024_Acoes-Ensino.pdf\">Diretrizes para a\u00e7\u00f5es de ensino-aprendizagem nos cursos de gradua\u00e7\u00e3o do Instituto de Ci\u00eancias Agr\u00e1rias<\/a><\/p>\n<\/div><\/div><\/div><div class=\"ea-card  sp-ea-single\"><h3 class=\"ea-header\"><a class=\"collapsed\" data-sptoggle=\"spcollapse\" data-sptarget=#collapse3061 href=\"javascript:void(0)\"  aria-expanded=\"false\"><i class=\"ea-expand-icon fa fa-plus\"><\/i> POPs<\/a><\/h3><div class=\"sp-collapse spcollapse \" id=\"collapse3061\" data-parent=#sp-ea-306><div class=\"ea-body\"><p><a href=\"https:\/\/drive.google.com\/drive\/folders\/1s4D98KaJBpOrLq__38vtsFKlw_lWKA82?usp=sharing\">POPs pertinentes \u00e0s a\u00e7\u00f5es de ensino-aprendizagem nos cursos de gradua\u00e7\u00e3o do ICA<\/a><\/p>\n<\/div><\/div><\/div><\/div><\/div>\n","protected":false},"excerpt":{"rendered":"","protected":false},"author":3,"featured_media":0,"parent":0,"menu_order":0,"comment_status":"closed","ping_status":"closed","template":"","meta":[],"acf":[],"_links":{"self":[{"href":"https:\/\/www.ufmg.br\/montesclaros\/wp-json\/wp\/v2\/pages\/4441"}],"collection":[{"href":"https:\/\/www.ufmg.br\/montesclaros\/wp-json\/wp\/v2\/pages"}],"about":[{"href":"https:\/\/www.ufmg.br\/montesclaros\/wp-json\/wp\/v2\/types\/page"}],"author":[{"embeddable":true,"href":"https:\/\/www.ufmg.br\/montesclaros\/wp-json\/wp\/v2\/users\/3"}],"replies":[{"embeddable":true,"href":"https:\/\/www.ufmg.br\/montesclaros\/wp-json\/wp\/v2\/comments?post=4441"}],"version-history":[{"count":1,"href":"https:\/\/www.ufmg.br\/montesclaros\/wp-json\/wp\/v2\/pages\/4441\/revisions"}],"predecessor-version":[{"id":4442,"href":"https:\/\/www.ufmg.br\/montesclaros\/wp-json\/wp\/v2\/pages\/4441\/revisions\/4442"}],"wp:attachment":[{"href":"https:\/\/www.ufmg.br\/montesclaros\/wp-json\/wp\/v2\/media?parent=4441"}],"curies":[{"name":"wp","href":"https:\/\/api.w.org\/{rel}","templated":true}]}}