{"id":446,"date":"2024-03-25T07:40:39","date_gmt":"2024-03-25T10:40:39","guid":{"rendered":"http:\/\/sites-hml.dti.ufmg.br\/ica\/ica-novo\/?page_id=446"},"modified":"2024-03-25T07:40:39","modified_gmt":"2024-03-25T10:40:39","slug":"secao-de-compras-e-licitacoes","status":"publish","type":"page","link":"https:\/\/www.ufmg.br\/montesclaros\/secao-de-compras-e-licitacoes\/","title":{"rendered":"Se\u00e7\u00e3o de Compras e Licita\u00e7\u00f5es"},"content":{"rendered":"<div ><style>#sp-ea-445 .spcollapsing { height: 0; overflow: hidden; transition-property: height;transition-duration: 300ms;}#sp-ea-445.sp-easy-accordion>.sp-ea-single {border: 1px solid #e2e2e2; }#sp-ea-445.sp-easy-accordion>.sp-ea-single>.ea-header a {color: #444;}#sp-ea-445.sp-easy-accordion>.sp-ea-single>.sp-collapse>.ea-body {background: #fff; color: #444;}#sp-ea-445.sp-easy-accordion>.sp-ea-single {background: #eee;}#sp-ea-445.sp-easy-accordion>.sp-ea-single>.ea-header a .ea-expand-icon.fa { float: left; color: #444;font-size: 16px;}<\/style><div id=\"sp_easy_accordion-1711362584\"><div id=\"sp-ea-445\" class=\"sp-ea-one sp-easy-accordion\" data-ex-icon=\"fa-minus\" data-col-icon=\"fa-plus\"  data-ea-active=\"ea-click\"  data-ea-mode=\"vertical\" data-preloader=\"\" data-scroll-active-item=\"\" data-offset-to-scroll=\"0\"><div class=\"ea-card ea-expand sp-ea-single\"><h3 class=\"ea-header\"><a class=\"collapsed\" data-sptoggle=\"spcollapse\" data-sptarget=#collapse4450 href=\"javascript:void(0)\"  aria-expanded=\"true\"><i class=\"ea-expand-icon fa fa-minus\"><\/i> Apresenta\u00e7\u00e3o<\/a><\/h3><div class=\"sp-collapse spcollapse collapsed show\" id=\"collapse4450\" data-parent=#sp-ea-445><div class=\"ea-body\"><p><strong>Respons\u00e1vel:<\/strong>\u00a0Lincoln Ferreira Mendes \/ Telefone:\u00a0 (38) 2101-7729<\/p>\n<p><strong>Compradores<\/strong>:<br \/>\nCarolina Machado e Andrade \u2013 (38) 2101-7704<br \/>\nAndr\u00e9a Pereira Ramos Medeiros \u2013 (38) 2101-7735<br \/>\nRonoaldo Mendes de Jesus \u2013 (38) 2101-7900<\/p>\n<p><strong>Email<\/strong>: scompras@ica.ufmg.br<br \/>\n<strong>Atendimento<\/strong>: 7h30 \u00e0s 11h30 e 13h30 \u00e0s 17h<\/p>\n<p>Acesse o Portal de Compras e Licita\u00e7\u00f5es no endere\u00e7o\u00a0<a href=\"http:\/\/www.ufmg.br\/montesclaros\/portalcompras\" target=\"_blank\" rel=\"noopener noreferrer\" data-saferedirecturl=\"https:\/\/www.google.com\/url?q=http:\/\/www.ica.ufmg.br\/portalcompras&amp;source=gmail&amp;ust=1656505245378000&amp;usg=AOvVaw3rs7NOEQHKUcxXUIRn9DGB\">www.ufmg.br\/montesclaros\/portalcompras\/<\/a><\/p>\n<\/div><\/div><\/div><\/div><\/div><\/div>","protected":false},"excerpt":{"rendered":"","protected":false},"author":3,"featured_media":0,"parent":0,"menu_order":0,"comment_status":"closed","ping_status":"closed","template":"","meta":[],"acf":[],"_links":{"self":[{"href":"https:\/\/www.ufmg.br\/montesclaros\/wp-json\/wp\/v2\/pages\/446"}],"collection":[{"href":"https:\/\/www.ufmg.br\/montesclaros\/wp-json\/wp\/v2\/pages"}],"about":[{"href":"https:\/\/www.ufmg.br\/montesclaros\/wp-json\/wp\/v2\/types\/page"}],"author":[{"embeddable":true,"href":"https:\/\/www.ufmg.br\/montesclaros\/wp-json\/wp\/v2\/users\/3"}],"replies":[{"embeddable":true,"href":"https:\/\/www.ufmg.br\/montesclaros\/wp-json\/wp\/v2\/comments?post=446"}],"version-history":[{"count":1,"href":"https:\/\/www.ufmg.br\/montesclaros\/wp-json\/wp\/v2\/pages\/446\/revisions"}],"predecessor-version":[{"id":447,"href":"https:\/\/www.ufmg.br\/montesclaros\/wp-json\/wp\/v2\/pages\/446\/revisions\/447"}],"wp:attachment":[{"href":"https:\/\/www.ufmg.br\/montesclaros\/wp-json\/wp\/v2\/media?parent=446"}],"curies":[{"name":"wp","href":"https:\/\/api.w.org\/{rel}","templated":true}]}}