{"id":456,"date":"2024-03-25T07:48:45","date_gmt":"2024-03-25T10:48:45","guid":{"rendered":"http:\/\/sites-hml.dti.ufmg.br\/ica\/ica-novo\/?page_id=456"},"modified":"2024-03-25T07:48:45","modified_gmt":"2024-03-25T10:48:45","slug":"secao-de-orcamento-e-financas","status":"publish","type":"page","link":"https:\/\/www.ufmg.br\/montesclaros\/secao-de-orcamento-e-financas\/","title":{"rendered":"Se\u00e7\u00e3o de Or\u00e7amento e Finan\u00e7as"},"content":{"rendered":"<div ><style>#sp-ea-455 .spcollapsing { height: 0; overflow: hidden; transition-property: height;transition-duration: 300ms;}#sp-ea-455.sp-easy-accordion>.sp-ea-single {border: 1px solid #e2e2e2; }#sp-ea-455.sp-easy-accordion>.sp-ea-single>.ea-header a {color: #444;}#sp-ea-455.sp-easy-accordion>.sp-ea-single>.sp-collapse>.ea-body {background: #fff; color: #444;}#sp-ea-455.sp-easy-accordion>.sp-ea-single {background: #eee;}#sp-ea-455.sp-easy-accordion>.sp-ea-single>.ea-header a .ea-expand-icon.fa { float: left; color: #444;font-size: 16px;}<\/style><div id=\"sp_easy_accordion-1711363612\"><div id=\"sp-ea-455\" class=\"sp-ea-one sp-easy-accordion\" data-ex-icon=\"fa-minus\" data-col-icon=\"fa-plus\"  data-ea-active=\"ea-click\"  data-ea-mode=\"vertical\" data-preloader=\"\" data-scroll-active-item=\"\" data-offset-to-scroll=\"0\"><div class=\"ea-card ea-expand sp-ea-single\"><h3 class=\"ea-header\"><a class=\"collapsed\" data-sptoggle=\"spcollapse\" data-sptarget=#collapse4550 href=\"javascript:void(0)\"  aria-expanded=\"true\"><i class=\"ea-expand-icon fa fa-minus\"><\/i> Apresenta\u00e7\u00e3o<\/a><\/h3><div class=\"sp-collapse spcollapse collapsed show\" id=\"collapse4550\" data-parent=#sp-ea-455><div class=\"ea-body\"><p>A Se\u00e7\u00e3o\u00a0de Or\u00e7amento e Finan\u00e7as tem por finalidade a administra\u00e7\u00e3o financeira e or\u00e7ament\u00e1ria do Instituto de Ci\u00eancias Agr\u00e1rias (ICA).. Entre suas atribui\u00e7\u00f5es est\u00e3o o planejamento, gerenciamento, controle e, quando necess\u00e1rio, a execu\u00e7\u00e3o de atividades inerentes \u00e0 administra\u00e7\u00e3o de or\u00e7amento e finan\u00e7as.<\/p>\n<p>Respons\u00e1veis:<\/p>\n<p>Valdenir Alves de Souza<\/p>\n<p>J\u00falio C\u00e9sar de Almeida Fernandes<\/p>\n<p>Ana Paula da Cruz<\/p>\n<p>Telefone:\u00a0(38) 2101-7733<\/p>\n<p>Email:\u00a0financeiro@ica.ufmg.br<\/p>\n<p>Atendimento:\u00a08h \u00e0s 11h e 12h \u00e0s 17h<\/p>\n<\/div><\/div><\/div><div class=\"ea-card  sp-ea-single\"><h3 class=\"ea-header\"><a class=\"collapsed\" data-sptoggle=\"spcollapse\" data-sptarget=#collapse4551 href=\"javascript:void(0)\"  aria-expanded=\"false\"><i class=\"ea-expand-icon fa fa-plus\"><\/i> Normas e Formul\u00e1rios<\/a><\/h3><div class=\"sp-collapse spcollapse \" id=\"collapse4551\" data-parent=#sp-ea-455><div class=\"ea-body\"><p><a href=\"https:\/\/www.ufmg.br\/montesclaros\/wp-content\/uploads\/2019\/03\/PORTARIA-D.O.U-NOMEACAO-DIRETORIA-2018.pdf\" target=\"_blank\" rel=\"noopener\">Portaria \u2013 Nomea\u00e7\u00e3o Diretoria 2018<\/a><\/p>\n<p><a href=\"https:\/\/www.ufmg.br\/montesclaros\/wp-content\/uploads\/2019\/03\/Portaria-039-Designar-FG3-Chefe-Orcamento-e-Financas..pdf\" target=\"_blank\" rel=\"noopener\">Portaria 039 \u2013 Designar FG3- Chefe Or\u00e7amento e Finan\u00e7as.<\/a><\/p>\n<p><a href=\"https:\/\/www.ufmg.br\/montesclaros\/wp-content\/uploads\/2019\/03\/Portaria-056-Agente-Administrativo..pdf\" target=\"_blank\" rel=\"noopener\">Portaria 056 \u2013 Agente Administrativo<\/a><\/p>\n<p><a href=\"https:\/\/www.ufmg.br\/montesclaros\/wp-content\/uploads\/2019\/03\/Ordem-de-servico-003_2014.pdf\" target=\"_blank\" rel=\"noopener\">Ordem de servi\u00e7o 003_2014<\/a><\/p>\n<p><a href=\"https:\/\/www.ufmg.br\/montesclaros\/wp-content\/uploads\/2019\/03\/Of.Gab_.029-2019-BB.pdf\" target=\"_blank\" rel=\"noopener\">Of.Gab.029 2019- BB<\/a><\/p>\n<p><a href=\"https:\/\/www.ufmg.br\/montesclaros\/wp-content\/uploads\/2019\/03\/Formulario-de-passagens-e-diarias-Externo.doc\" rel=\"\">Formul\u00e1rio passagens e diarias \u2013 EXT.doc<\/a><\/p>\n<p><a href=\"https:\/\/www.ufmg.br\/montesclaros\/wp-content\/uploads\/2019\/03\/Formulario-de-passagens-e-diarias-Servidor-ICA.doc\" rel=\"\">Formul\u00e1rio passagens e diarias \u2013 serv ICA.doc<\/a><\/p>\n<\/div><\/div><\/div><div class=\"ea-card  sp-ea-single\"><h3 class=\"ea-header\"><a class=\"collapsed\" data-sptoggle=\"spcollapse\" data-sptarget=#collapse4552 href=\"javascript:void(0)\"  aria-expanded=\"false\"><i class=\"ea-expand-icon fa fa-plus\"><\/i> Pagamentos aos Fornecedores<\/a><\/h3><div class=\"sp-collapse spcollapse \" id=\"collapse4552\" data-parent=#sp-ea-455><div class=\"ea-body\"><p><a href=\"https:\/\/www.ufmg.br\/montesclaros\/wp-content\/uploads\/2024\/03\/SEI_5030939_Declaracao.pdf\">Fevereiro\/2026<\/a><\/p>\n<p><a href=\"https:\/\/www.ufmg.br\/montesclaros\/wp-content\/uploads\/2024\/03\/SEI_5030929_Declaracao.pdf\">Janeiro\/2026<\/a><\/p>\n<p><a href=\"https:\/\/www.ufmg.br\/montesclaros\/wp-content\/uploads\/2024\/03\/dezembro25.pdf\">Dezembro\/2025<\/a><a href=\"https:\/\/www.ufmg.br\/montesclaros\/wp-content\/uploads\/2024\/03\/novembro25.pdf\">\u00a0<\/a><\/p>\n<p><a href=\"https:\/\/www.ufmg.br\/montesclaros\/wp-content\/uploads\/2024\/03\/novembro25.pdf\">Novembro\/2025<\/a><\/p>\n<p><a href=\"https:\/\/www.ufmg.br\/montesclaros\/wp-content\/uploads\/2024\/03\/outubro25.pdf\">Outubro\/2025<\/a><\/p>\n<p><a href=\"https:\/\/www.ufmg.br\/montesclaros\/wp-content\/uploads\/2024\/03\/setembro25.pdf\">Setembro\/2025<\/a><\/p>\n<p><a href=\"https:\/\/www.ufmg.br\/montesclaros\/wp-content\/uploads\/2024\/03\/agosto25.pdf\">Agosto\/2025<\/a><\/p>\n<p><a href=\"https:\/\/www.ufmg.br\/montesclaros\/wp-content\/uploads\/2024\/03\/julho25.pdf\">Julho\/2025<\/a><\/p>\n<p><a href=\"https:\/\/www.ufmg.br\/montesclaros\/wp-content\/uploads\/2024\/03\/junho25.pdf\">Junho\/2025<\/a><\/p>\n<p><a href=\"https:\/\/www.ufmg.br\/montesclaros\/wp-content\/uploads\/2024\/03\/maio25.pdf\">Maio\/2025<\/a><\/p>\n<p><a href=\"https:\/\/www.ufmg.br\/montesclaros\/wp-content\/uploads\/2025\/06\/SEI_UFMG-4260210-Abril.pdf\" target=\"_blank\" rel=\"noopener\">Abril\/2025<\/a><\/p>\n<p><a href=\"https:\/\/www.ufmg.br\/montesclaros\/wp-content\/uploads\/2025\/06\/SEI_UFMG-4260209-Marco.pdf\" target=\"_blank\" rel=\"noopener\">Mar\u00e7o\/2025<\/a><\/p>\n<p><a href=\"https:\/\/www.ufmg.br\/montesclaros\/wp-content\/uploads\/2025\/06\/SEI_UFMG-4260208-Fevereiro.pdf\" target=\"_blank\" rel=\"noopener\">Fevereiro\/2025<\/a><\/p>\n<p><a href=\"https:\/\/www.ufmg.br\/montesclaros\/wp-content\/uploads\/2024\/03\/Janeiro25.pdf\">Janeiro\/2025<\/a><\/p>\n<hr \/>\n<p><a href=\"https:\/\/www.ufmg.br\/montesclaros\/wp-content\/uploads\/2024\/03\/Dezembro24.pdf\">Dezembro\/2024<\/a><\/p>\n<p><a href=\"https:\/\/www.ufmg.br\/montesclaros\/wp-content\/uploads\/2024\/03\/Novembro24.pdf\">Novembro\/2024<\/a><\/p>\n<p><a href=\"https:\/\/www.ufmg.br\/montesclaros\/wp-content\/uploads\/2024\/03\/Outubro24.pdf\">Outubro\/2024<\/a><\/p>\n<p><a href=\"https:\/\/www.ufmg.br\/montesclaros\/wp-content\/uploads\/2024\/03\/Setembro2024.pdf\">Setembro\/2024<\/a><\/p>\n<p><a href=\"https:\/\/www.ufmg.br\/montesclaros\/wp-content\/uploads\/2024\/09\/Agosto-2024.pdf\" target=\"_blank\" rel=\"noopener\">Agosto\/2024<\/a><\/p>\n<p><a href=\"https:\/\/www.ufmg.br\/montesclaros\/wp-content\/uploads\/2024\/09\/Julho-2024.pdf\" target=\"_blank\" rel=\"noopener\">Julho\/2024<\/a><\/p>\n<p><a href=\"https:\/\/www.ufmg.br\/montesclaros\/wp-content\/uploads\/2024\/03\/Junho-2024.pdf\">Junho\/2024<\/a><\/p>\n<p><a href=\"https:\/\/www.ufmg.br\/montesclaros\/wp-content\/uploads\/2024\/03\/Maio-2024.pdf\">Maio\/2024<\/a><\/p>\n<p><a href=\"https:\/\/www.ufmg.br\/montesclaros\/wp-content\/uploads\/2024\/03\/Abril-2024.pdf\">Abril\/2024<\/a><\/p>\n<p><a href=\"https:\/\/www.ufmg.br\/montesclaros\/wp-content\/uploads\/2024\/03\/Marco-2024.pdf\">Mar\u00e7o\/2024<\/a><\/p>\n<p><a href=\"https:\/\/www.ufmg.br\/montesclaros\/wp-content\/uploads\/2024\/03\/Fevereiro-2024.pdf\">Fevereiro\/2024<\/a><\/p>\n<p><a href=\"https:\/\/www.ufmg.br\/montesclaros\/wp-content\/uploads\/2024\/03\/Janeiro-2024.pdf\">Janeiro\/2024<\/a><\/p>\n<hr \/>\n<p>&nbsp;<\/p>\n<p><a href=\"https:\/\/www.ufmg.br\/montesclaros\/wp-content\/uploads\/2024\/01\/SEI_UFMG-2981495-Declaracao.pdf\">Dezembro\/2023<\/a><\/p>\n<p><a href=\"https:\/\/www.ufmg.br\/montesclaros\/wp-content\/uploads\/2016\/02\/SEI_UFMG-2981468-Declaracao.pdf\">Novembro\/2023<\/a><\/p>\n<p><a href=\"https:\/\/www.ufmg.br\/montesclaros\/wp-content\/uploads\/2016\/02\/Outubro2023.pdf\">Outubro\/2023<\/a><\/p>\n<p><a href=\"https:\/\/www.ufmg.br\/montesclaros\/wp-content\/uploads\/2016\/02\/Setembro2023.pdf\">Setembro\/2023<\/a><\/p>\n<p><a href=\"https:\/\/www.ufmg.br\/montesclaros\/wp-content\/uploads\/2016\/02\/Agosto2023.pdf\">Agosto\/2023<\/a><\/p>\n<p><a href=\"https:\/\/www.ufmg.br\/montesclaros\/wp-content\/uploads\/2016\/02\/Julho2023.pdf\">Julho\/2023<\/a><\/p>\n<p><a href=\"https:\/\/www.ufmg.br\/montesclaros\/wp-content\/uploads\/2016\/02\/Junho2023.pdf\">Junho\/2023<\/a><\/p>\n<p><a href=\"https:\/\/www.ufmg.br\/montesclaros\/wp-content\/uploads\/2016\/02\/Maio2023.pdf\">Maio\/2023<\/a><\/p>\n<p><a href=\"https:\/\/www.ufmg.br\/montesclaros\/wp-content\/uploads\/2016\/02\/pagamentos-abril-2023.pdf\">Abril\/2023<\/a><\/p>\n<p><a href=\"https:\/\/www.ufmg.br\/montesclaros\/wp-content\/uploads\/2016\/02\/pagamentos-marco-2023.pdf\">Marco\/2023<\/a><\/p>\n<p><a href=\"https:\/\/www.ufmg.br\/montesclaros\/wp-content\/uploads\/2016\/02\/pagamentos-fevereiro-2023.pdf\">Fevereiro\/2023<\/a><\/p>\n<p><a href=\"https:\/\/www.ufmg.br\/montesclaros\/wp-content\/uploads\/2016\/02\/pagamentos-janeiro2023.pdf\">Janeiro\/2023<\/a><\/p>\n<p>&nbsp;<\/p>\n<hr \/>\n<p><a href=\"https:\/\/www.ufmg.br\/montesclaros\/wp-content\/uploads\/2019\/10\/pagamentos2019-09.pdf\" target=\"_blank\" rel=\"noopener\">Setembro\/2019<\/a><\/p>\n<p><a href=\"https:\/\/www.ufmg.br\/montesclaros\/wp-content\/uploads\/2019\/10\/pagamentos2019-08.pdf\" target=\"_blank\" rel=\"noopener\">Agosto\/2019<\/a><\/p>\n<p><a href=\"https:\/\/www.ufmg.br\/montesclaros\/wp-content\/uploads\/2019\/10\/pagamentos2019-07.pdf\" target=\"_blank\" rel=\"noopener\">Julho\/2019<\/a><\/p>\n<p><a href=\"https:\/\/www.ufmg.br\/montesclaros\/wp-content\/uploads\/2019\/10\/pagamentos2019-06.pdf\" target=\"_blank\" rel=\"noopener\">Junho\/2019<\/a><\/p>\n<p><a href=\"https:\/\/www.ufmg.br\/montesclaros\/wp-content\/uploads\/2019\/10\/pagamentos2019-05.pdf\" target=\"_blank\" rel=\"noopener\">Maio\/2019<\/a><\/p>\n<p><a href=\"https:\/\/www.ufmg.br\/montesclaros\/wp-content\/uploads\/2019\/10\/pagamentos2019-04.pdf\" target=\"_blank\" rel=\"noopener\">Abril\/2019<\/a><\/p>\n<p><a href=\"https:\/\/www.ufmg.br\/montesclaros\/wp-content\/uploads\/2019\/10\/pagamentos2019-03.pdf\" target=\"_blank\" rel=\"noopener\">Mar\u00e7o\/2019<\/a><\/p>\n<p><a href=\"https:\/\/www.ufmg.br\/montesclaros\/wp-content\/uploads\/2019\/10\/pagamentos2019-02.pdf\" target=\"_blank\" rel=\"noopener\">Fevereiro\/2019<\/a><\/p>\n<p><a href=\"https:\/\/www.ufmg.br\/montesclaros\/wp-content\/uploads\/2019\/10\/pagamentos2019-01.pdf\" target=\"_blank\" rel=\"noopener\">Janeiro\/2019<\/a><\/p>\n<\/div><\/div><\/div><\/div><\/div><\/div>","protected":false},"excerpt":{"rendered":"","protected":false},"author":3,"featured_media":0,"parent":0,"menu_order":0,"comment_status":"closed","ping_status":"closed","template":"","meta":[],"acf":[],"_links":{"self":[{"href":"https:\/\/www.ufmg.br\/montesclaros\/wp-json\/wp\/v2\/pages\/456"}],"collection":[{"href":"https:\/\/www.ufmg.br\/montesclaros\/wp-json\/wp\/v2\/pages"}],"about":[{"href":"https:\/\/www.ufmg.br\/montesclaros\/wp-json\/wp\/v2\/types\/page"}],"author":[{"embeddable":true,"href":"https:\/\/www.ufmg.br\/montesclaros\/wp-json\/wp\/v2\/users\/3"}],"replies":[{"embeddable":true,"href":"https:\/\/www.ufmg.br\/montesclaros\/wp-json\/wp\/v2\/comments?post=456"}],"version-history":[{"count":1,"href":"https:\/\/www.ufmg.br\/montesclaros\/wp-json\/wp\/v2\/pages\/456\/revisions"}],"predecessor-version":[{"id":457,"href":"https:\/\/www.ufmg.br\/montesclaros\/wp-json\/wp\/v2\/pages\/456\/revisions\/457"}],"wp:attachment":[{"href":"https:\/\/www.ufmg.br\/montesclaros\/wp-json\/wp\/v2\/media?parent=456"}],"curies":[{"name":"wp","href":"https:\/\/api.w.org\/{rel}","templated":true}]}}