{"id":460,"date":"2024-03-25T07:53:26","date_gmt":"2024-03-25T10:53:26","guid":{"rendered":"http:\/\/sites-hml.dti.ufmg.br\/ica\/ica-novo\/?page_id=460"},"modified":"2024-03-25T07:53:26","modified_gmt":"2024-03-25T10:53:26","slug":"secao-de-patrimonio","status":"publish","type":"page","link":"https:\/\/www.ufmg.br\/montesclaros\/secao-de-patrimonio\/","title":{"rendered":"Se\u00e7\u00e3o de Patrim\u00f4nio"},"content":{"rendered":"<div ><style>#sp-ea-459 .spcollapsing { height: 0; overflow: hidden; transition-property: height;transition-duration: 300ms;}#sp-ea-459.sp-easy-accordion>.sp-ea-single {border: 1px solid #e2e2e2; }#sp-ea-459.sp-easy-accordion>.sp-ea-single>.ea-header a {color: #444;}#sp-ea-459.sp-easy-accordion>.sp-ea-single>.sp-collapse>.ea-body {background: #fff; color: #444;}#sp-ea-459.sp-easy-accordion>.sp-ea-single {background: #eee;}#sp-ea-459.sp-easy-accordion>.sp-ea-single>.ea-header a .ea-expand-icon.fa { float: left; color: #444;font-size: 16px;}<\/style><div id=\"sp_easy_accordion-1711363927\"><div id=\"sp-ea-459\" class=\"sp-ea-one sp-easy-accordion\" data-ex-icon=\"fa-minus\" data-col-icon=\"fa-plus\"  data-ea-active=\"ea-click\"  data-ea-mode=\"vertical\" data-preloader=\"\" data-scroll-active-item=\"\" data-offset-to-scroll=\"0\"><div class=\"ea-card ea-expand sp-ea-single\"><h3 class=\"ea-header\"><a class=\"collapsed\" data-sptoggle=\"spcollapse\" data-sptarget=#collapse4590 href=\"javascript:void(0)\"  aria-expanded=\"true\"><i class=\"ea-expand-icon fa fa-minus\"><\/i> Apresenta\u00e7\u00e3o<\/a><\/h3><div class=\"sp-collapse spcollapse collapsed show\" id=\"collapse4590\" data-parent=#sp-ea-459><div class=\"ea-body\"><p>O setor de Patrim\u00f4nio \u00e9 respons\u00e1vel pelo registro e guarda\u00a0 patrimonial de todos os bens m\u00f3veis permanentes da Unidade. Para movimenta\u00e7\u00e3o, doa\u00e7\u00e3o,\u00a0 registro e desfazimento de bens permanentes, os interessados devem preencher os formul\u00e1rios em anexo e entreg\u00e1-los ao respons\u00e1vel pelo setor.<\/p>\n<div>Principais atividades:<\/div>\n<ul>\n<li>\n<div>Registro patrimonial dos bens permanentes adquiridos pela Unidade;<\/div>\n<\/li>\n<li>\n<div>Remessa de bens permanentes para desfazimento;<\/div>\n<\/li>\n<li>\n<div>Registro patrimonial de transfer\u00eancia de bens permanentes entre locais de guarda;<\/div>\n<\/li>\n<li>\n<div>Controle de bens particulares que est\u00e3o alocados na Unidade;<\/div>\n<\/li>\n<li>\n<div>Registro de movimenta\u00e7\u00e3o patrimonial, como sa\u00eddas para conserto\/manuten\u00e7\u00e3o; empr\u00e9stimos ou transfer\u00eancia para outra unidade da UFMG;<\/div>\n<\/li>\n<li>\n<div>Fixa\u00e7\u00e3o de plaquetas nos bens patrimoniais;<\/div>\n<\/li>\n<li>\n<div>Emiss\u00e3o de relat\u00f3rios mensais dos bens patrimoniais da Unidade;<\/div>\n<\/li>\n<li>\n<div>Realiza\u00e7\u00e3o do Invent\u00e1rio Anual de Bens Patrimoniais.<\/div>\n<\/li>\n<\/ul>\n<p>Respons\u00e1vel:\u00a0Maria Dalva Paz Santos Leal \/\u00a0Telefone: (38) 2101-7955<\/p>\n<p>Email:\u00a0patrimonio@ica.ufmg.br<\/p>\n<p>Atendimento:\u00a07h30 \u00e0s 11h30 e 14h \u00e0s 17h<\/p>\n<\/div><\/div><\/div><div class=\"ea-card  sp-ea-single\"><h3 class=\"ea-header\"><a class=\"collapsed\" data-sptoggle=\"spcollapse\" data-sptarget=#collapse4591 href=\"javascript:void(0)\"  aria-expanded=\"false\"><i class=\"ea-expand-icon fa fa-plus\"><\/i> Normas e Formul\u00e1rios<\/a><\/h3><div class=\"sp-collapse spcollapse \" id=\"collapse4591\" data-parent=#sp-ea-459><div class=\"ea-body\"><p><a href=\"https:\/\/www.ufmg.br\/montesclaros\/wp-content\/uploads\/2016\/02\/FORMULARIO-DE-BEM-PARTICULAR.doc\" rel=\"\">Formul\u00e1rio de Bem Particular<\/a><\/p>\n<p><a href=\"https:\/\/www.ufmg.br\/montesclaros\/wp-content\/uploads\/2024\/03\/POP-PROCESSO-DE-DOACAO-PESSOA-FISICA.pdf\">POP Processo de Doa\u00e7\u00e3o &#8211; Pessoa F\u00edsica<\/a><\/p>\n<p><a href=\"https:\/\/www.ufmg.br\/montesclaros\/wp-content\/uploads\/2024\/03\/POP-TRANSFERENCIA-DE-BEM-PERMANENTE.pdf\">POP Transfer\u00eancia de Bem Permanente<\/a><\/p>\n<\/div><\/div><\/div><\/div><\/div><\/div>","protected":false},"excerpt":{"rendered":"","protected":false},"author":3,"featured_media":0,"parent":0,"menu_order":0,"comment_status":"closed","ping_status":"closed","template":"","meta":[],"acf":[],"_links":{"self":[{"href":"https:\/\/www.ufmg.br\/montesclaros\/wp-json\/wp\/v2\/pages\/460"}],"collection":[{"href":"https:\/\/www.ufmg.br\/montesclaros\/wp-json\/wp\/v2\/pages"}],"about":[{"href":"https:\/\/www.ufmg.br\/montesclaros\/wp-json\/wp\/v2\/types\/page"}],"author":[{"embeddable":true,"href":"https:\/\/www.ufmg.br\/montesclaros\/wp-json\/wp\/v2\/users\/3"}],"replies":[{"embeddable":true,"href":"https:\/\/www.ufmg.br\/montesclaros\/wp-json\/wp\/v2\/comments?post=460"}],"version-history":[{"count":1,"href":"https:\/\/www.ufmg.br\/montesclaros\/wp-json\/wp\/v2\/pages\/460\/revisions"}],"predecessor-version":[{"id":461,"href":"https:\/\/www.ufmg.br\/montesclaros\/wp-json\/wp\/v2\/pages\/460\/revisions\/461"}],"wp:attachment":[{"href":"https:\/\/www.ufmg.br\/montesclaros\/wp-json\/wp\/v2\/media?parent=460"}],"curies":[{"name":"wp","href":"https:\/\/api.w.org\/{rel}","templated":true}]}}