{"id":464,"date":"2024-03-25T07:55:38","date_gmt":"2024-03-25T10:55:38","guid":{"rendered":"http:\/\/sites-hml.dti.ufmg.br\/ica\/ica-novo\/?page_id=464"},"modified":"2024-03-25T07:55:38","modified_gmt":"2024-03-25T10:55:38","slug":"secao-de-pessoal","status":"publish","type":"page","link":"https:\/\/www.ufmg.br\/montesclaros\/secao-de-pessoal\/","title":{"rendered":"Se\u00e7\u00e3o de Pessoal"},"content":{"rendered":"<div ><style>#sp-ea-463 .spcollapsing { height: 0; overflow: hidden; transition-property: height;transition-duration: 300ms;}#sp-ea-463.sp-easy-accordion>.sp-ea-single {border: 1px solid #e2e2e2; }#sp-ea-463.sp-easy-accordion>.sp-ea-single>.ea-header a {color: #444;}#sp-ea-463.sp-easy-accordion>.sp-ea-single>.sp-collapse>.ea-body {background: #fff; color: #444;}#sp-ea-463.sp-easy-accordion>.sp-ea-single {background: #eee;}#sp-ea-463.sp-easy-accordion>.sp-ea-single>.ea-header a .ea-expand-icon.fa { float: left; color: #444;font-size: 16px;}<\/style><div id=\"sp_easy_accordion-1711364068\"><div id=\"sp-ea-463\" class=\"sp-ea-one sp-easy-accordion\" data-ex-icon=\"fa-minus\" data-col-icon=\"fa-plus\"  data-ea-active=\"ea-click\"  data-ea-mode=\"vertical\" data-preloader=\"\" data-scroll-active-item=\"\" data-offset-to-scroll=\"0\"><div class=\"ea-card ea-expand sp-ea-single\"><h3 class=\"ea-header\"><a class=\"collapsed\" data-sptoggle=\"spcollapse\" data-sptarget=#collapse4630 href=\"javascript:void(0)\"  aria-expanded=\"true\"><i class=\"ea-expand-icon fa fa-minus\"><\/i> Apresenta\u00e7\u00e3o<\/a><\/h3><div class=\"sp-collapse spcollapse collapsed show\" id=\"collapse4630\" data-parent=#sp-ea-463><div class=\"ea-body\"><p>\u00c9 respons\u00e1vel pelo encaminhamento de todos os processos da \u00e1rea de pessoal relacionados aos servidores (funcion\u00e1rios e professores) do Instituto de Ci\u00eancias Agr\u00e1rias. Al\u00e9m disso, a Se\u00e7\u00e3o tamb\u00e9m faz o recadastramento de aposentados e o lan\u00e7amento de per\u00edodos de f\u00e9rias.<\/p>\n<p>Respons\u00e1veis: Marina Cardoso Silva \/ Telefone: (38) 2101-7758<\/p>\n<p>Wanessa Almeida Mattos \/ Telefone: (38) 2101-7757<\/p>\n<p>E-mail:\u00a0spessoal@ica.ufmg.br<\/p>\n<p>Atendimento:\u00a09h \u00e0s 11h e 14h \u00e0s 16h<\/p>\n<\/div><\/div><\/div><div class=\"ea-card  sp-ea-single\"><h3 class=\"ea-header\"><a class=\"collapsed\" data-sptoggle=\"spcollapse\" data-sptarget=#collapse4631 href=\"javascript:void(0)\"  aria-expanded=\"false\"><i class=\"ea-expand-icon fa fa-plus\"><\/i> Editais<\/a><\/h3><div class=\"sp-collapse spcollapse \" id=\"collapse4631\" data-parent=#sp-ea-463><div class=\"ea-body\"><div dir=\"ltr\" data-setdir=\"false\"><strong>EDITAL N\u00ba 2197\/2024 &#8211; PROCESSO SELETIVO PARA CONCESS\u00c3O DE AFASTAMENTO PARA PARTICIPA\u00c7\u00c3O EM PROGRAMA DE P\u00d3S-GRADUA\u00c7\u00c3O STRICTO SENSU E PARA REALIZA\u00c7\u00c3O <\/strong><strong>DE A\u00c7\u00c3O DE DESENVOLVIMENTO EM SERVI\u00c7O<\/strong><\/div>\n<div dir=\"ltr\" data-setdir=\"false\"><\/div>\n<div dir=\"ltr\" data-setdir=\"false\"><a href=\"https:\/\/www.ufmg.br\/montesclaros\/wp-content\/uploads\/2024\/03\/Resultado-final-Retificacao-do-calculo-de-horas-para-2026.pdf\">Retifica\u00e7\u00e3o Resultado Final &#8211; C\u00e1lculo de horas 2026 &#8211; 12\/02\/2025<\/a><\/div>\n<div dir=\"ltr\" data-setdir=\"false\"><\/div>\n<div dir=\"ltr\" data-setdir=\"false\"><a href=\"https:\/\/www.ufmg.br\/montesclaros\/wp-content\/uploads\/2024\/03\/Retificacao-de-Resultado-Final-com-data-de-inicio-e-termino-dos-periodos-de-afastamento-e-ADS.pdf\">Retifica\u00e7\u00e3o de Resultado com datas de in\u00edcio e t\u00e9rmino &#8211; 30\/01\/2025<\/a><\/div>\n<div dir=\"ltr\" data-setdir=\"false\">\n<p><a href=\"https:\/\/www.ufmg.br\/montesclaros\/wp-content\/uploads\/2024\/03\/Resultado-Final-PLAD-28.11.2024.pdf\">Resultado final 28\/11\/2024<\/a><\/p>\n<p><a href=\"https:\/\/www.ufmg.br\/montesclaros\/wp-content\/uploads\/2024\/03\/Respostas-aos-recursos-interpostos-27.11.2024.pdf\">Respostas aos recursos interpostos 27\/11\/2024<\/a><\/p>\n<p><a href=\"https:\/\/www.ufmg.br\/montesclaros\/wp-content\/uploads\/2024\/03\/Cartilha-PLAD-2024-1_compressed-1.pdf\">Orienta\u00e7\u00f5es sobre c\u00e1lculo de horas 26\/11\/2024\u00a0<\/a><\/p>\n<div><a href=\"https:\/\/www.ufmg.br\/montesclaros\/wp-content\/uploads\/2024\/03\/slides-RESOLUCAO-COMPLEMENTAR-No-01_2023.pdf\">Orienta\u00e7\u00f5es PRORH sobre Resolu\u00e7\u00e3o Complementar n\u00ba01\/2023<\/a><\/div>\n<\/div>\n<div dir=\"ltr\" data-setdir=\"false\"><a href=\"https:\/\/www.ufmg.br\/montesclaros\/wp-content\/uploads\/2024\/03\/Resultado-preliminar-Notas-individuais-detalhadas-1.pdf\">Resultado Preliminar com Notas Detalhadas 19\/11\/2024<\/a><\/div>\n<div dir=\"ltr\" data-setdir=\"false\"><a href=\"https:\/\/www.ufmg.br\/montesclaros\/wp-content\/uploads\/2024\/03\/Retificacao-do-edital-PLAD-2024.pdf\">Retifica\u00e7\u00e3o de edital &#8211; altera\u00e7\u00e3o de cronograma 18\/11\/2024<\/a><\/div>\n<div dir=\"ltr\" data-setdir=\"false\"><a href=\"https:\/\/www.ufmg.br\/montesclaros\/wp-content\/uploads\/2024\/03\/Resultado-preliminar-plad-2024-1.pdf\">Resultado Preliminar 18\/11\/2024<\/a><\/div>\n<div dir=\"ltr\" data-setdir=\"false\"><a href=\"https:\/\/www.ufmg.br\/montesclaros\/wp-content\/uploads\/2024\/03\/SEI_3716642_Edital_2473-Resultado-das-inscricoes-deferidas-PLAD-2024-1.pdf\">Inscri\u00e7\u00f5es deferidas e indeferidas 08\/11\/2024<\/a><\/div>\n<div dir=\"ltr\" data-setdir=\"false\"><a href=\"https:\/\/www.ufmg.br\/montesclaros\/wp-content\/uploads\/2024\/03\/SEI_UFMG-3637904-Edital.pdf\">SEI_UFMG &#8211; 3637904 &#8211; Edital<\/a><\/div>\n<div dir=\"ltr\" data-setdir=\"false\"><a href=\"https:\/\/www.ufmg.br\/montesclaros\/wp-content\/uploads\/2024\/03\/Resolucao-Complementar-01_2023.pdf\">Resolu\u00e7\u00e3o Complementar 01_2023<\/a><\/div>\n<div dir=\"ltr\" data-setdir=\"false\"><a href=\"https:\/\/www.ufmg.br\/montesclaros\/wp-content\/uploads\/2024\/03\/anexo-1-2024.docx\">anexo 1 2024<\/a><\/div>\n<div dir=\"ltr\" data-setdir=\"false\"><\/div>\n<div dir=\"ltr\" data-setdir=\"false\"><\/div>\n<div dir=\"ltr\" data-setdir=\"false\"><strong><span class=\"ydpff83c12efontstyle0\">EDITAL N\u00ba 2773\/2023\/ICA-DIR-CH-UFMG \u2013\u00a0<\/span>PROCESSO SELETIVO PARA CONCESS\u00c3O DE AFASTAMENTO PARA\u00a0PARTICIPA\u00c7\u00c3O EM PROGRAMA DE P\u00d3S-GRADUA\u00c7\u00c3O STRICTO SENSU E PARA REALIZA\u00c7\u00c3O DE A\u00c7\u00c3O DE DESENVOLVIMENTO EM SERVI\u00c7O<\/strong><\/div>\n<div dir=\"ltr\" data-setdir=\"false\"><a href=\"https:\/\/www.ufmg.br\/montesclaros\/wp-content\/uploads\/2016\/02\/Edital-concessao-afastamento.pdf\">Edital Concess\u00e3o Afastamento<\/a><\/div>\n<div dir=\"ltr\" data-setdir=\"false\"><a href=\"https:\/\/www.ufmg.br\/montesclaros\/wp-content\/uploads\/2016\/02\/Resolucao-Complementar-01_2023.pdf\">Resolu\u00e7\u00e3o Complementar 01_2023<\/a><\/div>\n<div dir=\"ltr\" data-setdir=\"false\"><a href=\"https:\/\/www.ufmg.br\/montesclaros\/wp-content\/uploads\/2016\/02\/Anexo-I.docx\">Anexo I<\/a><\/div>\n<div dir=\"ltr\" data-setdir=\"false\"><a href=\"https:\/\/www.ufmg.br\/montesclaros\/wp-content\/uploads\/2016\/02\/Inscricoes-deferidas_indeferidas.pdf\">Inscri\u00e7\u00f5es Deferidas e Indeferidas<\/a><\/div>\n<div dir=\"ltr\" data-setdir=\"false\"><a href=\"https:\/\/www.ufmg.br\/montesclaros\/wp-content\/uploads\/2016\/02\/Resultado-preliminar-15-12.pdf\">Resultado preliminar 15\/12\/2023<\/a><\/div>\n<div dir=\"ltr\" data-setdir=\"false\"><a href=\"https:\/\/www.ufmg.br\/montesclaros\/wp-content\/uploads\/2016\/02\/RESULTADO-FINAL-4.pdf\">Resultado Final 19\/12\/2023<\/a><\/div>\n<\/div><\/div><\/div><\/div><\/div><\/div>","protected":false},"excerpt":{"rendered":"","protected":false},"author":3,"featured_media":0,"parent":0,"menu_order":0,"comment_status":"closed","ping_status":"closed","template":"","meta":[],"acf":[],"_links":{"self":[{"href":"https:\/\/www.ufmg.br\/montesclaros\/wp-json\/wp\/v2\/pages\/464"}],"collection":[{"href":"https:\/\/www.ufmg.br\/montesclaros\/wp-json\/wp\/v2\/pages"}],"about":[{"href":"https:\/\/www.ufmg.br\/montesclaros\/wp-json\/wp\/v2\/types\/page"}],"author":[{"embeddable":true,"href":"https:\/\/www.ufmg.br\/montesclaros\/wp-json\/wp\/v2\/users\/3"}],"replies":[{"embeddable":true,"href":"https:\/\/www.ufmg.br\/montesclaros\/wp-json\/wp\/v2\/comments?post=464"}],"version-history":[{"count":2,"href":"https:\/\/www.ufmg.br\/montesclaros\/wp-json\/wp\/v2\/pages\/464\/revisions"}],"predecessor-version":[{"id":2015,"href":"https:\/\/www.ufmg.br\/montesclaros\/wp-json\/wp\/v2\/pages\/464\/revisions\/2015"}],"wp:attachment":[{"href":"https:\/\/www.ufmg.br\/montesclaros\/wp-json\/wp\/v2\/media?parent=464"}],"curies":[{"name":"wp","href":"https:\/\/api.w.org\/{rel}","templated":true}]}}