{"id":472,"date":"2024-03-25T08:03:35","date_gmt":"2024-03-25T11:03:35","guid":{"rendered":"http:\/\/sites-hml.dti.ufmg.br\/ica\/ica-novo\/?page_id=472"},"modified":"2024-03-25T08:03:35","modified_gmt":"2024-03-25T11:03:35","slug":"secretaria-geral","status":"publish","type":"page","link":"https:\/\/www.ufmg.br\/montesclaros\/secretaria-geral\/","title":{"rendered":"Secretaria Geral"},"content":{"rendered":"<div ><style>#sp-ea-471 .spcollapsing { height: 0; overflow: hidden; transition-property: height;transition-duration: 300ms;}#sp-ea-471.sp-easy-accordion>.sp-ea-single {border: 1px solid #e2e2e2; }#sp-ea-471.sp-easy-accordion>.sp-ea-single>.ea-header a {color: #444;}#sp-ea-471.sp-easy-accordion>.sp-ea-single>.sp-collapse>.ea-body {background: #fff; color: #444;}#sp-ea-471.sp-easy-accordion>.sp-ea-single {background: #eee;}#sp-ea-471.sp-easy-accordion>.sp-ea-single>.ea-header a .ea-expand-icon.fa { float: left; color: #444;font-size: 16px;}<\/style><div id=\"sp_easy_accordion-1711364503\"><div id=\"sp-ea-471\" class=\"sp-ea-one sp-easy-accordion\" data-ex-icon=\"fa-minus\" data-col-icon=\"fa-plus\"  data-ea-active=\"ea-click\"  data-ea-mode=\"vertical\" data-preloader=\"\" data-scroll-active-item=\"\" data-offset-to-scroll=\"0\"><div class=\"ea-card ea-expand sp-ea-single\"><h3 class=\"ea-header\"><a class=\"collapsed\" data-sptoggle=\"spcollapse\" data-sptarget=#collapse4710 href=\"javascript:void(0)\"  aria-expanded=\"true\"><i class=\"ea-expand-icon fa fa-minus\"><\/i> Apresenta\u00e7\u00e3o<\/a><\/h3><div class=\"sp-collapse spcollapse collapsed show\" id=\"collapse4710\" data-parent=#sp-ea-471><div class=\"ea-body\"><p>A\u00a0Secretaria Geral do Instituto de Ci\u00eancias Agr\u00e1rias tem por principal objetivo assessorar a Diretoria em suas principais demandas administrativas e secretariar a Congrega\u00e7\u00e3o da Unidade. \u00c9 respons\u00e1vel, ainda, pelos encaminhamentos oficiais do Instituto; atendimento ao p\u00fablico interno e externo; organiza\u00e7\u00e3o e realiza\u00e7\u00e3o de concursos p\u00fablicos para professor do quadro efetivo e processo seletivo para contrata\u00e7\u00e3o de professor substituto.<\/p>\n<p>&nbsp;<\/p>\n<p><u>Equipe:<\/u><\/p>\n<p>Secret\u00e1ria-geral: Priscila Gomes de Freitas Veloso \u2013 Contato: (38) 2101-7730<\/p>\n<p>Luciano Vieira Lima \u2013 Contato: (38) 2101-7769<\/p>\n<p>Polliana Basilia Santana &#8211; Contato: (38) 2101-7767<\/p>\n<p>T\u00e2nia Rosane Tom\u00e9 Fonseca Salatiel (Recep\u00e7\u00e3o da Diretoria) &#8211; Contato: (38) 2101-7711<\/p>\n<p>E-mail:\u00a0<a href=\"mailto:secrgeral@ica.ufmg.br\">secrgeral@ica.ufmg.br<\/a><\/p>\n<p>Hor\u00e1rio de atendimento: 8h \u00e0s 12h e 13h \u00e0s 17h<\/p>\n<\/div><\/div><\/div><div class=\"ea-card  sp-ea-single\"><h3 class=\"ea-header\"><a class=\"collapsed\" data-sptoggle=\"spcollapse\" data-sptarget=#collapse4711 href=\"javascript:void(0)\"  aria-expanded=\"false\"><i class=\"ea-expand-icon fa fa-plus\"><\/i> Elei\u00e7\u00f5es Internas<\/a><\/h3><div class=\"sp-collapse spcollapse \" id=\"collapse4711\" data-parent=#sp-ea-471><div class=\"ea-body\"><p><a href=\"https:\/\/www.ufmg.br\/montesclaros\/wp-content\/uploads\/2024\/03\/Passo-a-passo-inscricao-SEI.pdf\">Instru\u00e7\u00f5es Inscri\u00e7\u00f5es via SEI\u00a0<\/a><\/p>\n<p><a href=\"https:\/\/www.ufmg.br\/montesclaros\/wp-content\/uploads\/2024\/03\/SEI_3999663_Portaria_1635.pdf\">Portaria n\u00ba 1635\/2025 &#8211; Comiss\u00e3o Eleitoral 2025<\/a><\/p>\n<style>#sp-ea-1170 .spcollapsing { height: 0; overflow: hidden; transition-property: height;transition-duration: 300ms;}#sp-ea-1170.sp-easy-accordion>.sp-ea-single {border: 1px solid #e2e2e2; }#sp-ea-1170.sp-easy-accordion>.sp-ea-single>.ea-header a {color: #444;}#sp-ea-1170.sp-easy-accordion>.sp-ea-single>.sp-collapse>.ea-body {background: #fff; color: #444;}#sp-ea-1170.sp-easy-accordion>.sp-ea-single {background: #eee;}#sp-ea-1170.sp-easy-accordion>.sp-ea-single>.ea-header a .ea-expand-icon.fa { float: left; color: #444;font-size: 16px;}<\/style><div id=\"sp_easy_accordion-1720092854\"><div id=\"sp-ea-1170\" class=\"sp-ea-one sp-easy-accordion\" data-ex-icon=\"fa-minus\" data-col-icon=\"fa-plus\"  data-ea-active=\"ea-click\"  data-ea-mode=\"vertical\" data-preloader=\"\" data-scroll-active-item=\"\" data-offset-to-scroll=\"0\"><div class=\"ea-card ea-expand sp-ea-single\"><h3 class=\"ea-header\"><a class=\"collapsed\" data-sptoggle=\"spcollapse\" data-sptarget=#collapse11700 href=\"javascript:void(0)\"  aria-expanded=\"true\"><i class=\"ea-expand-icon fa fa-minus\"><\/i> Editais 2025<\/a><\/h3><div class=\"sp-collapse spcollapse collapsed show\" id=\"collapse11700\" data-parent=#sp-ea-1170><div class=\"ea-body\"><div><a href=\"https:\/\/www.ufmg.br\/montesclaros\/wp-content\/uploads\/2024\/07\/SEI_4369943_Edital_1812.pdf\">Edital 1812\/2025 &#8211; Elei\u00e7\u00e3o da Coordena\u00e7\u00e3o do Curso de Zootecnia (Reabertura)<\/a><\/div>\n<div><\/div>\n<div><a href=\"https:\/\/www.ufmg.br\/montesclaros\/wp-content\/uploads\/2024\/07\/SEI_4346645_Edital_1741_Eng.-Florestal.pdf\">Edital n\u00ba 1741 &#8211; Elei\u00e7\u00e3o da Coordena\u00e7\u00e3o do Colegiado do Curso de Engenharia Florestal<\/a><\/div>\n<div><\/div>\n<div><a href=\"https:\/\/www.ufmg.br\/montesclaros\/wp-content\/uploads\/2024\/07\/SEI_4337537_Edital_1712_Ciencias-Florestais.pdf\">Edital n\u00ba 1712 &#8211; Elei\u00e7\u00e3o de Representante Docente do Colegiado do Curso de Mestrado em Ci\u00eancias Florestais<\/a><\/div>\n<p><a href=\"https:\/\/www.ufmg.br\/montesclaros\/wp-content\/uploads\/2024\/07\/SEI_4185277_Edital_1217_Repr.-docente-Producao-Vegetal.pdf\">EDITAL N\u00ba 1217\/2025\u00a0&#8211; Elei\u00e7\u00e3o de Representante Docente do Colegiado do PPGPV. docente Produ\u00e7\u00e3o Vegetal<\/a><\/p>\n<p><a href=\"https:\/\/www.ufmg.br\/montesclaros\/wp-content\/uploads\/2024\/07\/SEI_4184912_Edital_1214_coordenacao-SAT.pdf\">EDITAL N\u00ba 1214\/2025- Elei\u00e7\u00e3o da Coordena\u00e7\u00e3o Did\u00e1tica do Colegiado do Curso de Mestrado SAT<\/a><\/p>\n<p><a href=\"https:\/\/www.ufmg.br\/montesclaros\/wp-content\/uploads\/2024\/07\/SEI_4184830_Edital_1210_coordenacao-producao-animal.pdf\">EDITAL N\u00ba 1210\/2025- Elei\u00e7\u00e3o da Coordena\u00e7\u00e3o Did\u00e1tica do Colegiado do Curso de P\u00f3s-Gradua\u00e7\u00e3o em Produ\u00e7\u00e3o Animal<\/a><\/p>\n<p><a href=\"https:\/\/www.ufmg.br\/montesclaros\/wp-content\/uploads\/2024\/07\/Edital-858_2025-Edital-Coordenacao-Licenciaturas.pdf\">Edital n\u00ba 1048\/2025 &#8211; Elei\u00e7\u00e3o Coordena\u00e7\u00e3o Licenciaturas Ci\u00eancias da Natureza e Matem\u00e1tica<\/a><\/p>\n<p><a href=\"https:\/\/www.ufmg.br\/montesclaros\/wp-content\/uploads\/2024\/07\/SEI_UFMG-4121443-Edital-970-2025.pdf\">Edital 970\/2025 &#8211; Elei\u00e7\u00f5es do Colegiado do Mestrado de Ci\u00eancias Florestais<\/a><\/p>\n<p><a href=\"https:\/\/www.ufmg.br\/montesclaros\/wp-content\/uploads\/2024\/07\/SEI_4101318_Edital_885.pdf\">Edital 885\/2025 &#8211; Elei\u00e7\u00e3o de membro do N\u00facleo Docente Estruturante &#8211; NDE do Curso de Engenharia Florestal, para o preenchimento da vaga da Professora Talita Baldin.<\/a><\/p>\n<p><a href=\"https:\/\/www.ufmg.br\/montesclaros\/wp-content\/uploads\/2024\/07\/SEI_4101066_Edital_883.pdf\">Edital 883\/2025 &#8211; Elei\u00e7\u00e3o de Coordena\u00e7\u00e3o do N\u00facleo de Assessoramento \u00e0 P\u00f3s-Gradua\u00e7\u00e3o do ICA\/UFMG (Mandato 2025-2027)<\/a><\/p>\n<p><a href=\"https:\/\/www.ufmg.br\/montesclaros\/wp-content\/uploads\/2024\/07\/SEI_UFMG-3988646-Edital-469-2025.pdf\">Edital de Convoca\u00e7\u00e3o 469\/2025 &#8211; Elei\u00e7\u00f5es para Representante TAE na Comiss\u00e3o de Est\u00e1gio Probat\u00f3rio<\/a><\/p>\n<\/div><\/div><\/div><div class=\"ea-card  sp-ea-single\"><h3 class=\"ea-header\"><a class=\"collapsed\" data-sptoggle=\"spcollapse\" data-sptarget=#collapse11701 href=\"javascript:void(0)\"  aria-expanded=\"false\"><i class=\"ea-expand-icon fa fa-plus\"><\/i> Editais 2024<\/a><\/h3><div class=\"sp-collapse spcollapse \" id=\"collapse11701\" data-parent=#sp-ea-1170><div class=\"ea-body\"><div><a href=\"https:\/\/www.ufmg.br\/montesclaros\/wp-content\/uploads\/2024\/07\/SEI_3712622_Edital_2466.pdf\">08\/11\/2024 &#8211; Edital n\u00ba 2466\/2024 &#8211; Coordena\u00e7\u00e3o Engenharia Florestal<\/a><\/div>\n<div><\/div>\n<div><a href=\"https:\/\/www.ufmg.br\/montesclaros\/wp-content\/uploads\/2024\/07\/SEI_3599373_Edital_2060_Suplente-TAE-Congregacao.pdf\">02\/10\/2024 &#8211; Edital n\u00ba 2060\/2024 &#8211; Vaga Suplente TAE Congrega\u00e7\u00e3o<\/a><\/div>\n<div><\/div>\n<div><a href=\"https:\/\/www.ufmg.br\/montesclaros\/wp-content\/uploads\/2024\/07\/SEI_3397568_Edital_1468.pdf\">23\/07\/2024 &#8211; Edital n\u00ba 1468\/2024 &#8211; Elei\u00e7\u00e3o TAE Congrega\u00e7\u00e3o (vaga adicional)<\/a><\/div>\n<div>\n<div><\/div>\n<div><a href=\"https:\/\/www.ufmg.br\/montesclaros\/wp-content\/uploads\/2024\/07\/Edital-1408_2024_NDE-Agricola-e-Ambiental.pdf\">12\/07\/2024 &#8211; Edital n\u00ba 1408\/2024 &#8211; NDE Engenharia Agr\u00edcola e Ambiental<\/a><\/div>\n<div><\/div>\n<\/div>\n<div><a href=\"https:\/\/www.ufmg.br\/montesclaros\/wp-content\/uploads\/2024\/05\/09_05_2024_-Edital-no-915_2014_Coordenacao_CMAS.pdf\">09\/05\/2024- Edital n\u00ba 915\/2024- Coordena\u00e7\u00e3o CMAS<\/a><\/div>\n<div><\/div>\n<div><a href=\"https:\/\/www.ufmg.br\/montesclaros\/wp-content\/uploads\/2024\/04\/Edital-855_2024_Represnetacao-CEPE.pdf\">29\/04\/2024 &#8211; Edital n\u00ba 855\/2023- Representa\u00e7\u00e3o Docente CEPE<\/a><\/div>\n<div><\/div>\n<div><a href=\"https:\/\/www.ufmg.br\/montesclaros\/wp-content\/uploads\/2024\/04\/SEI_UFMG-3170383-Edital-710-CENEX.pdf\">10\/04\/2024 &#8211; Edital n\u00ba 710\/2024 &#8211; Representa\u00e7\u00e3o Docente CENEX (reabertura)<\/a><\/div>\n<div><\/div>\n<div><a href=\"https:\/\/www.ufmg.br\/montesclaros\/wp-content\/uploads\/2024\/04\/SEI_UFMG-3170377-Edital-709-SAT.pdf\">10\/04\/2024 &#8211; Edital n\u00ba 709\/2024 &#8211; Representa\u00e7\u00e3o Docente SAT (reabertura)<\/a><\/div>\n<p><a href=\"https:\/\/www.ufmg.br\/montesclaros\/wp-content\/uploads\/2024\/03\/SEI_UFMG-3084592-Edital-SAT.pdf\">07\/03\/2024 &#8211; Edital n\u00ba 456\/2024 &#8211; Representa\u00e7\u00e3o Docente SAT<\/a><\/p>\n<p><a href=\"https:\/\/www.ufmg.br\/montesclaros\/wp-content\/uploads\/2024\/03\/SEI_UFMG-3084289-Edital-CENEX.pdf\">07\/03\/2024 &#8211; Edital n\u00ba 455\/2024 &#8211; Representa\u00e7\u00e3o Docente CENEX<\/a><\/p>\n<p><a href=\"https:\/\/www.ufmg.br\/montesclaros\/wp-content\/uploads\/2024\/03\/Edital-454-2024.pdf\">07\/03\/2024 \u2013 Edital n\u00ba 454\/2024 \u2013 Coordena\u00e7\u00e3o Engenharia Agr\u00edcola e Ambiental<\/a><\/p>\n<p><a href=\"https:\/\/www.ufmg.br\/montesclaros\/wp-content\/uploads\/2024\/01\/SEI_UFMG-2974410-Edital-66_2024_TAE-Congregacao.pdf\">19\/01\/2024 &#8211; Edital n\u00ba 66\/2024 &#8211; Representante TAE Congrega\u00e7\u00e3o<\/a><\/p>\n<\/div><\/div><\/div><div class=\"ea-card  sp-ea-single\"><h3 class=\"ea-header\"><a class=\"collapsed\" data-sptoggle=\"spcollapse\" data-sptarget=#collapse11702 href=\"javascript:void(0)\"  aria-expanded=\"false\"><i class=\"ea-expand-icon fa fa-plus\"><\/i> Editais 2023<\/a><\/h3><div class=\"sp-collapse spcollapse \" id=\"collapse11702\" data-parent=#sp-ea-1170><div class=\"ea-body\"><p><a href=\"https:\/\/www.ufmg.br\/montesclaros\/wp-content\/uploads\/2016\/02\/Edital-2612-2023-Representante-Docente-Ciencias-Florestais.pdf\">09\/11\/2023- Edital 2612\/2023- Representante Docente Ci\u00eancias Florestais<\/a><\/p>\n<p><a href=\"https:\/\/www.ufmg.br\/montesclaros\/wp-content\/uploads\/2016\/02\/Edital-2386-2023-PLAD-TAE.pdf\">20\/10\/2023 &#8211; Edital 2386\/2023 &#8211; PLAD &#8211; TAES<\/a><\/p>\n<p><a href=\"https:\/\/www.ufmg.br\/montesclaros\/wp-content\/uploads\/2016\/02\/Edital-2428_2023_NDE-Alimentos.pdf\">20\/10\/2023 &#8211; Edital 2428\/2023 &#8211; Elei\u00e7\u00e3o de membros do N\u00facleo Docente Estruturante &#8211; NDE do Curso de Engenharia de Alimentos<\/a><\/p>\n<p><a href=\"https:\/\/www.ufmg.br\/montesclaros\/wp-content\/uploads\/2016\/02\/Edital-2427_2023_NDE-Administracao.pdf\">20\/10\/2023 &#8211; Edital 2427\/2023 &#8211; Elei\u00e7\u00e3o de membros do N\u00facleo Docente Estruturante &#8211; NDE do Curso de Administra\u00e7\u00e3o<\/a><\/p>\n<p><a href=\"https:\/\/www.ufmg.br\/montesclaros\/wp-content\/uploads\/2016\/02\/Edital-2426_2023_Representacao-Docente-PPGPV.pdf\">20\/10\/2023 &#8211; Edital 2426\/2023 &#8211; Elei\u00e7\u00e3o de Representante Docente do Colegiado do Programa de P\u00f3s-Gradua\u00e7\u00e3o em Produ\u00e7\u00e3o Vegetal- PPGPV<\/a><\/p>\n<p><a href=\"https:\/\/www.ufmg.br\/montesclaros\/wp-content\/uploads\/2023\/09\/Edital-227_2023-Representante-Docente-Conselho-Universitario.pdf\" target=\"_blank\" rel=\"noopener\">28\/09\/2023 &#8211; Edital 227\/2023 &#8211; Representante Docente no Conselho Universit\u00e1rio<\/a><\/p>\n<p><a href=\"https:\/\/www.ufmg.br\/montesclaros\/wp-content\/uploads\/2023\/09\/01_09_2023-Edital-n-2026-Comissao-PLAD-TAEs.pdf\" target=\"_blank\" rel=\"noopener\">01\/09\/2023 &#8211; Edital n 2026- Comiss\u00e3o PLAD &#8211; TAEs<\/a><\/p>\n<p><a href=\"https:\/\/www.ufmg.br\/montesclaros\/wp-content\/uploads\/2023\/09\/01_09_2023-Edital-n-2043-Representacao-Docente-Alimentos-e-Saude.pdf\" target=\"_blank\" rel=\"noopener\">01\/09\/2023 &#8211; Edital n 2043- Representa\u00e7\u00e3o Docente Alimentos e Sa\u00fade<\/a><\/p>\n<p><a href=\"https:\/\/www.ufmg.br\/montesclaros\/wp-content\/uploads\/2023\/09\/01_09_2023-Edital-n-2044-Representacao-Docente-PPGPV.pdf\" target=\"_blank\" rel=\"noopener\">01\/09\/2023 &#8211; Edital n 2044- Representa\u00e7\u00e3o Docente PPGPV<\/a><\/p>\n<p><a href=\"https:\/\/www.ufmg.br\/montesclaros\/wp-content\/uploads\/2023\/07\/Edital-1552_2023_Coordenacao-Engenharia-de-Alimentos.pdf\" target=\"_blank\" rel=\"noopener\">04\/07\/2023 &#8211; Edital 1552_2023_Coordena\u00e7\u00e3o Engenharia de Alimentos<\/a><\/p>\n<p><a href=\"https:\/\/www.ufmg.br\/montesclaros\/wp-content\/uploads\/2023\/07\/Edital-1557_2023_Coordenacao-Ciencias-Florestais.pdf\" target=\"_blank\" rel=\"noopener\">04\/07\/2023 &#8211; Edital 1557_2023_Coordena\u00e7\u00e3o Ci\u00eancias Florestais<\/a><\/p>\n<p><a href=\"https:\/\/www.ufmg.br\/montesclaros\/wp-content\/uploads\/2023\/07\/Edital-1559_2023_Coordenacao-Producao-Vegetal.pdf\" target=\"_blank\" rel=\"noopener\">04\/07\/2023 &#8211; Edital 1559_2023_Coordena\u00e7\u00e3o Produ\u00e7\u00e3o Vegetal<\/a><\/p>\n<p><a href=\"https:\/\/www.ufmg.br\/montesclaros\/wp-content\/uploads\/2016\/02\/SEI_UFMG-2368576-Edital.pdf\">07\/06\/2023 &#8211; Edital 1345\/2023- Representa\u00e7\u00e3o Docente Mestrado Ci\u00eancias Florestais<\/a><\/p>\n<p><a href=\"https:\/\/www.ufmg.br\/montesclaros\/wp-content\/uploads\/2023\/05\/Edital-1289_2023-Coordenacao-Zootecnia.pdf\" target=\"_blank\" rel=\"noopener\">31\/05\/2023 &#8211; Edital 1289_2023- Coordena\u00e7\u00e3o Zootecnia<\/a><\/p>\n<p><a href=\"https:\/\/www.ufmg.br\/montesclaros\/wp-content\/uploads\/2023\/05\/Edital-1137_2023-Representacao-Docente-Producao-Animal.pdf\" target=\"_blank\" rel=\"noopener\">31\/05\/2023 &#8211; Edital 1137_2023- Representa\u00e7\u00e3o Docente Produ\u00e7\u00e3o Animal<\/a><\/p>\n<p><a href=\"https:\/\/www.ufmg.br\/montesclaros\/wp-content\/uploads\/2023\/05\/Edital-1139_2023_Coordenacao-Colegiado-Administracao.pdf\"><span style=\"font-family: Calibri; font-size: medium;\">17\/05\/2023 &#8211; Edital n\u00ba 1139\/2023 &#8211; Coordena\u00e7\u00e3o Colegiado Administra\u00e7\u00e3o<\/span><\/a><\/p>\n<p><a href=\"https:\/\/www.ufmg.br\/montesclaros\/wp-content\/uploads\/2023\/05\/Edital-1146_2023_-Representacao-TAE-CENEX.pdf\"><span style=\"font-family: Calibri; font-size: medium;\">17\/05\/2023 &#8211; Edital n\u00ba 1146\/2023 &#8211; Representa\u00e7\u00e3o TAE CENEX<\/span><\/a><\/p>\n<p><a href=\"https:\/\/www.ufmg.br\/montesclaros\/wp-content\/uploads\/2023\/05\/Edital-1148_2023_Representacao-Docente-Congregacao.pdf\"><span style=\"font-family: Calibri; font-size: medium;\">17\/05\/2023 &#8211; Edital n\u00ba 1148\/2023 &#8211; Representa\u00e7\u00e3o Docente Congrega\u00e7\u00e3o<\/span><\/a><\/p>\n<p><a href=\"https:\/\/www.ufmg.br\/montesclaros\/wp-content\/uploads\/2023\/05\/Edital-1152_2023_Representacao-TAE-Congregacao.pdf\"><span style=\"font-family: Calibri; font-size: medium;\">17\/05\/2023 &#8211; Edital n\u00ba 1152\/2023- Representa\u00e7\u00e3o TAE Congrega\u00e7\u00e3o<\/span><\/a><\/p>\n<p><a href=\"https:\/\/www.ufmg.br\/montesclaros\/wp-content\/uploads\/2023\/05\/Edital-841_2023-Coordenacao-CENEX.pdf\" target=\"_blank\" rel=\"noopener\">Edital 841_2023- Coordena\u00e7\u00e3o CENEX<\/a><\/p>\n<p><a href=\"https:\/\/www.ufmg.br\/montesclaros\/wp-content\/uploads\/2023\/05\/Edital_1006_2023_-RETIFICACAO_Edital_991_2023_CPCA.pdf\" target=\"_blank\" rel=\"noopener\">Edital_1006_2023_ Retifica\u00e7\u00e3o Edital_991_2023_CPCA<\/a><\/p>\n<p><a href=\"https:\/\/www.ufmg.br\/montesclaros\/wp-content\/uploads\/2023\/05\/Edital-991_2023_Comissao-Gestora-CPCA-I.pdf\" target=\"_blank\" rel=\"noopener\">Edital 991_2023_Comiss\u00e3o Gestora CPCA I<\/a><\/p>\n<p><a href=\"https:\/\/www.ufmg.br\/montesclaros\/wp-content\/uploads\/2023\/05\/Edital-1000_2023-Representacao-Docente-Ciencias-Florestais.pdf\" target=\"_blank\" rel=\"noopener\">Edital 1000_2023- Representa\u00e7\u00e3o Docente Ci\u00eancias Florestais<\/a><\/p>\n<p><a href=\"https:\/\/www.ufmg.br\/montesclaros\/wp-content\/uploads\/2023\/04\/SEI_UFMG-2258914-Edital-921_2023_NDE-Administracao.pdf\" target=\"_blank\" rel=\"noopener\">SEI_UFMG &#8211; 2258914 &#8211; Edital 921_2023_NDE Administra\u00e7\u00e3o<\/a><\/p>\n<p><a href=\"https:\/\/www.ufmg.br\/montesclaros\/wp-content\/uploads\/2023\/04\/SEI_UFMG-2230189-Edital-839_2023_Representante-TAE-RH.pdf\" target=\"_blank\" rel=\"noopener\">SEI_UFMG &#8211; 2230189 &#8211; Edital 839_2023_Representante TAE RH<\/a><\/p>\n<p><a href=\"https:\/\/www.ufmg.br\/montesclaros\/wp-content\/uploads\/2023\/04\/SEI_UFMG-2230189-Edital-838_2023_Representante-Docente-RH.pdf\" target=\"_blank\" rel=\"noopener\">SEI_UFMG &#8211; 2230189 &#8211; Edital 838_2023_Representante Docente RH<\/a><\/p>\n<p><a href=\"https:\/\/www.ufmg.br\/montesclaros\/wp-content\/uploads\/2023\/04\/SEI_UFMG-2230189-Edital-835_2023_Coord.-ProduCAo-Animal.pdf\" target=\"_blank\" rel=\"noopener\">SEI_UFMG &#8211; 2230189 &#8211; Edital 835_2023_Coord. Produ\u00e7\u00e3o Animal<\/a><\/p>\n<p><a href=\"https:\/\/www.ufmg.br\/montesclaros\/wp-content\/uploads\/2023\/04\/SEI_UFMG-Edital-661_2023_-Representante-Docente-CENEX.pdf\" target=\"_blank\" rel=\"noopener\">SEI_UFMG &#8211; Edital 661_2023_ Representante Docente CENEX<\/a><\/p>\n<p><a href=\"https:\/\/www.ufmg.br\/montesclaros\/wp-content\/uploads\/2023\/04\/SEI_UFMG-Edital-668_2023-Representante-TAE-CENEX.pdf\" target=\"_blank\" rel=\"noopener\">SEI_UFMG &#8211; Edital 668_2023 &#8211; Representante TAE CENEX<\/a><\/p>\n<\/div><\/div><\/div><\/div><\/div>\n<\/div><\/div><\/div><div class=\"ea-card  sp-ea-single\"><h3 class=\"ea-header\"><a class=\"collapsed\" data-sptoggle=\"spcollapse\" data-sptarget=#collapse4712 href=\"javascript:void(0)\"  aria-expanded=\"false\"><i class=\"ea-expand-icon fa fa-plus\"><\/i> Procedimentos<\/a><\/h3><div class=\"sp-collapse spcollapse \" id=\"collapse4712\" data-parent=#sp-ea-471><div class=\"ea-body\"><p><a href=\"https:\/\/www.ufmg.br\/montesclaros\/wp-content\/uploads\/2016\/02\/1-POP-SGE-01.pdf\">POP SGE 01: Atribui\u00e7\u00f5es e atendimento\u00a0<\/a><\/p>\n<p><a href=\"https:\/\/www.ica.ufmg.br\/wp-content\/uploads\/2016\/02\/2-Descricao-processos-ou-rotinas.pdf\">Descri\u00e7\u00e3o de processos ou rotinas<\/a><\/p>\n<p><a href=\"https:\/\/www.ufmg.br\/montesclaros\/wp-content\/uploads\/2016\/02\/3-Fluxograma.pdf\">Fluxograma Atribui\u00e7\u00f5es e atendimento\u00a0<\/a><\/p>\n<p><a href=\"https:\/\/www.ufmg.br\/montesclaros\/iprdaa\/\">Instru\u00e7\u00f5es para processos de revis\u00e3o de decis\u00e3o acad\u00eamica ou administrava<\/a><\/p>\n<p><a href=\"https:\/\/www.ufmg.br\/montesclaros\/wp-content\/uploads\/2024\/09\/Of.-Circular-No-17-2024-GAB-REI-tramite-para-acordos-convenios-contratos-e-termos-aditivos.pdf\">OF\u00cdCIO CIRCULAR N\u00ba 17-2024-GAB-REI (tr\u00e2mite para acordos, conv\u00eanios, contratos e termos aditivos)<\/a><\/p>\n<\/div><\/div><\/div><\/div><\/div><\/div>","protected":false},"excerpt":{"rendered":"","protected":false},"author":3,"featured_media":0,"parent":0,"menu_order":0,"comment_status":"closed","ping_status":"closed","template":"","meta":[],"acf":[],"_links":{"self":[{"href":"https:\/\/www.ufmg.br\/montesclaros\/wp-json\/wp\/v2\/pages\/472"}],"collection":[{"href":"https:\/\/www.ufmg.br\/montesclaros\/wp-json\/wp\/v2\/pages"}],"about":[{"href":"https:\/\/www.ufmg.br\/montesclaros\/wp-json\/wp\/v2\/types\/page"}],"author":[{"embeddable":true,"href":"https:\/\/www.ufmg.br\/montesclaros\/wp-json\/wp\/v2\/users\/3"}],"replies":[{"embeddable":true,"href":"https:\/\/www.ufmg.br\/montesclaros\/wp-json\/wp\/v2\/comments?post=472"}],"version-history":[{"count":1,"href":"https:\/\/www.ufmg.br\/montesclaros\/wp-json\/wp\/v2\/pages\/472\/revisions"}],"predecessor-version":[{"id":473,"href":"https:\/\/www.ufmg.br\/montesclaros\/wp-json\/wp\/v2\/pages\/472\/revisions\/473"}],"wp:attachment":[{"href":"https:\/\/www.ufmg.br\/montesclaros\/wp-json\/wp\/v2\/media?parent=472"}],"curies":[{"name":"wp","href":"https:\/\/api.w.org\/{rel}","templated":true}]}}